{"id":24313,"date":"2021-10-11T14:38:16","date_gmt":"2021-10-11T20:38:16","guid":{"rendered":"https:\/\/denverzoo.org\/?page_id=24313"},"modified":"2021-10-14T16:52:15","modified_gmt":"2021-10-14T22:52:15","slug":"photopolicy","status":"publish","type":"page","link":"https:\/\/denverzoo.org\/es\/photopolicy\/","title":{"rendered":"Pol\u00edtica de imagen \/ fotograf\u00eda"},"content":{"rendered":"<h3>\n\t\tOtros recursos\n\t<\/h3>\n\t\n\n\n\n\n\n<h1>\n\t\tPol\u00edtica de imagen del consumidor y conciencia de los hu\u00e9spedes\n\t<\/h1>\n\t<p>Gracias por visitar el Zool\u00f3gico de Denver. Durante su visita, un empleado del Zool\u00f3gico de Denver o un profesional de servicios contratado lo puede filmar, grabar en video o fotografiar. Su admisi\u00f3n a nuestras instalaciones sirve como permiso para el uso de su imagen por parte del Zool\u00f3gico de Denver y sus constituyentes. Tome fotos y videos para su uso personal. El uso comercial de fotograf\u00edas, videos y pel\u00edculas que pueda haber tomado durante su visita est\u00e1 estrictamente prohibido sin el consentimiento por escrito del Zool\u00f3gico de Denver. <\/p>","protected":false},"excerpt":{"rendered":"","protected":false},"author":11,"featured_media":24046,"parent":0,"menu_order":0,"comment_status":"closed","ping_status":"open","template":"","meta":{"_acf_changed":false,"_relevanssi_hide_post":"","_relevanssi_hide_content":"","_relevanssi_pin_for_all":"","_relevanssi_pin_keywords":"","_relevanssi_unpin_keywords":"","_relevanssi_related_keywords":"","_relevanssi_related_include_ids":"","_relevanssi_related_exclude_ids":"","_relevanssi_related_no_append":"","_relevanssi_related_not_related":"","_relevanssi_related_posts":"","_relevanssi_noindex_reason":"","footnotes":""},"class_list":["post-24313","page","type-page","status-publish","has-post-thumbnail","hentry"],"acf":[],"_links":{"self":[{"href":"https:\/\/denverzoo.org\/es\/wp-json\/wp\/v2\/pages\/24313","targetHints":{"allow":["GET"]}}],"collection":[{"href":"https:\/\/denverzoo.org\/es\/wp-json\/wp\/v2\/pages"}],"about":[{"href":"https:\/\/denverzoo.org\/es\/wp-json\/wp\/v2\/types\/page"}],"author":[{"embeddable":true,"href":"https:\/\/denverzoo.org\/es\/wp-json\/wp\/v2\/users\/11"}],"replies":[{"embeddable":true,"href":"https:\/\/denverzoo.org\/es\/wp-json\/wp\/v2\/comments?post=24313"}],"version-history":[{"count":0,"href":"https:\/\/denverzoo.org\/es\/wp-json\/wp\/v2\/pages\/24313\/revisions"}],"wp:featuredmedia":[{"embeddable":true,"href":"https:\/\/denverzoo.org\/es\/wp-json\/wp\/v2\/media\/24046"}],"wp:attachment":[{"href":"https:\/\/denverzoo.org\/es\/wp-json\/wp\/v2\/media?parent=24313"}],"curies":[{"name":"gracias","href":"https:\/\/api.w.org\/{rel}","templated":true}]}}