{"id":24533,"date":"2021-12-07T09:17:54","date_gmt":"2021-12-07T16:17:54","guid":{"rendered":"https:\/\/denverzoo.org\/support\/support-other-ways-to-give\/"},"modified":"2022-11-18T10:05:11","modified_gmt":"2022-11-18T17:05:11","slug":"holiday-gift-guide","status":"publish","type":"page","link":"https:\/\/denverzoo.org\/es\/holiday-gift-guide\/","title":{"rendered":"El don de la maravilla"},"content":{"rendered":"<h1>\n\t\tEl don de la maravilla\n\t<\/h1>\n<h4>\n\t\tHaga realidad los deseos navide\u00f1os con regalos que apoyan al zool\u00f3gico de Denver\n\t<\/h4>\n\t<p>No hay nada como la maravilla de la vida silvestre para alegrar el \u00e1nimo. Compre nuestra Gu\u00eda de regalos navide\u00f1os de 2022 para calentar corazones <em>y <\/em>apoyar nuestra misi\u00f3n. Cada experiencia inolvidable que brinde y todos los obsequios y productos del Zool\u00f3gico de Denver que compre, nos ayudan a cuidar de los m\u00e1s de 3,000 animales salvajes que llaman hogar al Zool\u00f3gico de Denver y apoyan nuestros esfuerzos de conservaci\u00f3n de la vida silvestre en Colorado y en todo el mundo.<\/p>\n\t\t\t\t<img loading=\"lazy\" decoding=\"async\" src=\"https:\/\/denverzoo.org\/wp-content\/uploads\/2021\/12\/UpCloseHolidaygiftGuide.jpg\" alt=\"UpCloseHolidaygiftGuide\" itemprop=\"image\" height=\"380\" width=\"530\" title=\"UpCloseVacacionesregaloGu\u00eda\" onerror=\"this.style.display='none'\"  \/>\n<h2>MIRADAS DE CIERRE<\/h2>\t\t\n\t\t\t<p>\u00bfBuscas el mejor regalo para los amantes de los animales? \u00a1Br\u00edndeles un encuentro \u00edntimo con algunos de los residentes m\u00e1s amigables y fascinantes del Zool\u00f3gico de Denver! Elija entre ocho experiencias \u00fanicas, desde la emocionante variedad de Tropical Discovery hasta dulces perezosos, jirafas inolvidables y m\u00e1s.<\/p>\n\t\t\t<a href=\"https:\/\/denverzoo.org\/es\/up-close-looks\/\" target=\"_self\" role=\"button\" rel=\"noopener\">\n\t\t\t\t\t\t\tCOMPRA AHORA\n\t\t\t\t\t<\/a>\n\t\t\t\t<img loading=\"lazy\" decoding=\"async\" src=\"https:\/\/denverzoo.org\/wp-content\/uploads\/bb-plugin\/cache\/Reflection-landscape.jpg\" alt=\"Tatu Reflection\" itemprop=\"image\" height=\"1080\" width=\"1920\" title=\"Reflexi\u00f3n\" onerror=\"this.style.display='none'\"  \/>\n<h2>MEMBRES\u00cdAS DE REGALO<\/h2>\t\t\n\t\t\t<p>Como organizaci\u00f3n sin fines de lucro, dependemos de las membres\u00edas para ayudarnos a continuar brindando atenci\u00f3n de primer nivel a nuestra querida familia animal. Es por eso que nuestra Gu\u00eda de regalos navide\u00f1os de 2022 incluye la membres\u00eda del Zool\u00f3gico de Denver: el regalo que contin\u00faa dando durante todo un a\u00f1o... y tambi\u00e9n retribuye a nuestra organizaci\u00f3n hist\u00f3rica.<\/p>\n\t\t\t<a href=\"https:\/\/denverzoo.org\/es\/membership\/\" target=\"_self\" role=\"button\" rel=\"noopener\">\n\t\t\t\t\t\t\tCOMPRA AHORA\n\t\t\t\t\t<\/a>\n\t\t\t\t<img loading=\"lazy\" decoding=\"async\" src=\"https:\/\/denverzoo.org\/wp-content\/uploads\/bb-plugin\/cache\/eco-friendly-plush-denver-zoo-gift-shop-scaled-landscape.jpg\" alt=\"eco-friendly-plush-denver-zoo-gift-shop\" itemprop=\"image\" height=\"2560\" width=\"1920\" title=\"eco-friendly-felpa-denver-zoo-tienda-de-regalos\" onerror=\"this.style.display='none'\"  \/>\n<h2>MERCANC\u00cdA DEL ZOOL\u00d3GICO DE DENVER<\/h2>\t\t\n\t\t\t<p>Desde peluches hasta una l\u00ednea completamente nueva de ropa y accesorios con la marca del Zool\u00f3gico de Denver, Kibongi Online es una fuente infalible de regalos que retribuyen. Cada compra apoya a su zool\u00f3gico y algunos art\u00edculos ayudan a financiar programas de conservaci\u00f3n espec\u00edficos, como el Proyecto Colorado Pika y otros.<\/p>\n\t\t\t<a href=\"https:\/\/shop.denverzoo.org\/\" target=\"_self\" role=\"button\" rel=\"noopener\">\n\t\t\t\t\t\t\tCOMPRA AHORA\n\t\t\t\t\t<\/a>\n\t\t\t\t<img loading=\"lazy\" decoding=\"async\" src=\"https:\/\/denverzoo.org\/wp-content\/uploads\/2021\/12\/PartnersGiftGuide.jpg\" alt=\"PartnersGiftGuide\" itemprop=\"image\" height=\"380\" width=\"530\" title=\"SociosGiftGuide\" onerror=\"this.style.display='none'\"  \/>\n<h2>NUESTRAS COLABAS M\u00c1S FRESCAS<\/h2>\t\t\n\t\t\t<p>Regale productos locales para reducir la huella ambiental de la temporada y garantice dulces sorpresas para todos los de su lista. Compre estas colaboraciones hechas en Colorado con la conciencia tranquila, sabiendo que su compra beneficia la vida silvestre y los lugares salvajes, aqu\u00ed en Denver y en todo el mundo.<\/p>\n\t\t\t<a href=\"https:\/\/denverzoo.org\/es\/corporate-partners-products\/\" target=\"_self\" role=\"button\" rel=\"noopener\">\n\t\t\t\t\t\t\tCOMPRA AHORA\n\t\t\t\t\t<\/a>\n<h3>\n\t\tCada regalo retribuye\n\t<\/h3>\n<h4>\n\t\t\u00a1Nuestros 3.000 animales salvajes y maravillosos gracias!\n\t<\/h4>\n\t<p>Todos <strong>Regalos y merchandising del zool\u00f3gico de Denver<\/strong> en nuestro <strong>Gu\u00eda de regalos navide\u00f1os 2022<\/strong> \u00a1Ayuda a apoyar tu zool\u00f3gico! Desde cervezas hasta esqu\u00eds para la nieve y experiencias con animales de todo tipo, su compra hace posible que el Zool\u00f3gico de Denver contin\u00fae sirviendo a nuestra comunidad y salvando la vida silvestre. Estamos muy agradecidos por ti. Desde aqu\u00ed les deseamos las m\u00e1s felices fiestas y un A\u00f1o Nuevo absolutamente incre\u00edble.<\/p>\n\t\t\t\t<img loading=\"lazy\" decoding=\"async\" src=\"https:\/\/denverzoo.org\/wp-content\/uploads\/2022\/11\/herogiftofwonderfooter.png\" alt=\"herogiftofwonderfooter\" itemprop=\"image\" height=\"1000\" width=\"2000\" title=\"herogiftofwonderfooter\" onerror=\"this.style.display='none'\"  \/>","protected":false},"excerpt":{"rendered":"","protected":false},"author":82,"featured_media":0,"parent":0,"menu_order":0,"comment_status":"closed","ping_status":"closed","template":"","meta":{"_acf_changed":false,"_relevanssi_hide_post":"","_relevanssi_hide_content":"","_relevanssi_pin_for_all":"","_relevanssi_pin_keywords":"","_relevanssi_unpin_keywords":"","_relevanssi_related_keywords":"","_relevanssi_related_include_ids":"","_relevanssi_related_exclude_ids":"","_relevanssi_related_no_append":"","_relevanssi_related_not_related":"","_relevanssi_related_posts":"","_relevanssi_noindex_reason":"","footnotes":""},"class_list":["post-24533","page","type-page","status-publish","hentry"],"acf":[],"_links":{"self":[{"href":"https:\/\/denverzoo.org\/es\/wp-json\/wp\/v2\/pages\/24533","targetHints":{"allow":["GET"]}}],"collection":[{"href":"https:\/\/denverzoo.org\/es\/wp-json\/wp\/v2\/pages"}],"about":[{"href":"https:\/\/denverzoo.org\/es\/wp-json\/wp\/v2\/types\/page"}],"author":[{"embeddable":true,"href":"https:\/\/denverzoo.org\/es\/wp-json\/wp\/v2\/users\/82"}],"replies":[{"embeddable":true,"href":"https:\/\/denverzoo.org\/es\/wp-json\/wp\/v2\/comments?post=24533"}],"version-history":[{"count":0,"href":"https:\/\/denverzoo.org\/es\/wp-json\/wp\/v2\/pages\/24533\/revisions"}],"wp:attachment":[{"href":"https:\/\/denverzoo.org\/es\/wp-json\/wp\/v2\/media?parent=24533"}],"curies":[{"name":"gracias","href":"https:\/\/api.w.org\/{rel}","templated":true}]}}