{"id":25526,"date":"2022-02-09T10:47:26","date_gmt":"2022-02-09T17:47:26","guid":{"rendered":"https:\/\/denverzoo.org\/after-hours-events\/"},"modified":"2026-03-10T13:22:41","modified_gmt":"2026-03-10T19:22:41","slug":"zoo-lights-rentals","status":"publish","type":"page","link":"https:\/\/denverzoo.org\/es\/zoo-lights-rentals\/","title":{"rendered":"Alquiler de luces de zool\u00f3gico"},"content":{"rendered":"<div  class='lhl-section urbi-component urbi-component front_view lhl_comp_width_inherit lhl_spacing_t_09 lhl_spacing_b_09 lhl_spacing_l_00 lhl_spacing_r_00 section-background-t' ><div class=\"urbi-component-inner\">\n    <div class=\"is-layout-constrained\">\n\n<p class=\"has-text-align-center\">\u00bfBusca espacios para eventos en Denver que deleiten a invitados de todas las edades? Independientemente del motivo de su reuni\u00f3n (una fiesta corporativa navide\u00f1a, un evento de agradecimiento a un cliente o simplemente para celebrar), nos enorgullecemos de ser el espacio para eventos m\u00e1s original y vibrante de Denver. Nuestros especialistas en eventos trabajar\u00e1n estrechamente con usted para crear un evento que supere sus expectativas, cumpliendo con las normativas estatales y locales sobre reuniones grupales. La Alianza para la Conservaci\u00f3n del Zool\u00f3gico de Denver ofrece descuentos de 15% para organizaciones sin fines de lucro y agencias gubernamentales, as\u00ed como descuentos de 15% para miembros.<\/p>\n\n\n\n<p class=\"has-text-align-center\">Los paquetes de alquiler incluyen una asignaci\u00f3n espec\u00edfica de boletos de admisi\u00f3n, y los boletos adicionales se facturan despu\u00e9s del evento seg\u00fan la asistencia.<\/p>\n\n<\/div>\n\n<\/div>\n<\/div>\n\n\n\n\n<div  class='lhl-section urbi-component urbi-component front_view lhl_comp_width_inherit lhl_spacing_t_09 lhl_spacing_b_09 lhl_spacing_l_00 lhl_spacing_r_00 section-background-t urbi-component-bg--navy-blue' ><div class=\"urbi-component-inner\">\n    <div class=\"is-layout-constrained\">\n\n<h3 class=\"wp-block-heading has-text-align-center\"><strong>LUCES DEL ZOO EVENTOS FUERA DE HORARIO<\/strong><\/h3>\n\n\n\n<p class=\"has-text-align-center\">El resto del a\u00f1o, del lunes 23 de noviembre al domingo 3 de enero, ofrecemos alquileres para eventos nocturnos de Zoo Lights, que se realizan entre las 17:30 y las 21:00 h. Estos eventos nocturnos de temporada se llevan a cabo durante Zoo Lights, cuando tambi\u00e9n estamos abiertos al p\u00fablico. Adem\u00e1s del acceso privado para su grupo, se incluye acceso completo al zool\u00f3gico para que sus invitados disfruten de las incre\u00edbles exhibiciones de Zoo Lights y los edificios interiores de los h\u00e1bitats de los animales junto con otros visitantes durante toda la noche.<\/p>\n\n\n\n<p class=\"has-text-align-center has-white-color has-text-color has-link-color wp-elements-43fb929d0f0bc2eefe3a466a5c6553fb\">Env\u00ede un formulario de consulta utilizando el bot\u00f3n a continuaci\u00f3n para hablar con un coordinador de eventos que pueda dise\u00f1ar una experiencia personal y \u00fanica solo para su grupo.<\/p>\n\n\n    \r\n    \r\n    <div class='urbi_button_link center'><a class=\"urbi-link lhl_button lhl_button--small lhl_button_color_default lhl_button_width_default lhl_button--block\" href=\"\/es\/event-inquiry-form\/\" target=\"\" rel=\"noopener noreferrer\" >Enviar una consulta<\/a><\/div>\n<\/div>\n\n<\/div>\n<\/div>\n\n\r\n\r\n\r\n<div  class='urbi-two-card-block urbi-component urbi-component front_view lhl_comp_width_inherit lhl_spacing_t_09 lhl_spacing_b_09 lhl_spacing_l_00 lhl_spacing_r_00 section-background-t' ><div class=\"urbi-component-inner\">\r\n    <div class=\"uk-child-width-1-2@s uk-grid uk-grid-match\" uk-grid>\r\n\r\n        <div class=\"uk-width-1-2@m\">\n<div class=\"urbi-card urbi-card--shadow-3 urbi-card--with-tags urbi-card--has_cta\">\n    <div class=\"uk-card-media-top urbi-card--img\">\n\n                                    <img loading=\"lazy\" decoding=\"async\" width=\"610\" height=\"360\" src=\"https:\/\/denverzoo.org\/wp-content\/uploads\/2024\/07\/Herd-Brunch_Food_VOL_AJ_240615_009-610x360.jpg\" class=\"urbi-img urbi-featured-homme-img\" alt=\"\" srcset=\"https:\/\/denverzoo.org\/wp-content\/uploads\/2024\/07\/Herd-Brunch_Food_VOL_AJ_240615_009-610x360.jpg 610w, https:\/\/denverzoo.org\/wp-content\/uploads\/2024\/07\/Herd-Brunch_Food_VOL_AJ_240615_009-18x12.jpg 18w\" sizes=\"auto, (max-width: 610px) 100vw, 610px\" \/>                    \n        \n    <\/div>\n    <div class=\"urbi-card--txt uk-text-left\">\n\n                    <h3 class=\"urbi-card__title\">\n                ABASTECIMIENTO            <\/h3>\n        \n        \n                    <div class=\"urbi-card__description\">\n                Nuestros especialistas en eventos lo tratan como la atracci\u00f3n &quot;melena&quot; y atienden sus necesidades al ofrecer experiencias incre\u00edbles, men\u00fas distintivos y un ambiente hermoso, que hacen que cada evento sea extraordinario.            <\/div>\n        \n                    <div class=\"urbi-card__cta_container\">\n                <a class=\"urbi-link urbi-card__cta lhl_button lhl_button_type_solid lhl_button_color_default lhl_button_width_default\" href=\"https:\/\/denverzoo.org\/wp-content\/uploads\/2026\/03\/DFZ-ZooLightsCateringMenu-2025-R6.pdf\" target=\"_self\" rel=\"noopener noreferrer\" >Men\u00fa de catering<\/a>            <\/div>\n            <\/div>\n<\/div><\/div><div class=\"uk-width-1-2@m\">\n<div class=\"urbi-card urbi-card--shadow-3 urbi-card--with-tags urbi-card--has_cta\">\n    <div class=\"uk-card-media-top urbi-card--img\">\n\n                                    <img loading=\"lazy\" decoding=\"async\" width=\"610\" height=\"360\" src=\"https:\/\/denverzoo.org\/wp-content\/uploads\/2023\/06\/EventPhoto-610x360.png\" class=\"urbi-img urbi-featured-homme-img\" alt=\"\" srcset=\"https:\/\/denverzoo.org\/wp-content\/uploads\/2023\/06\/EventPhoto-610x360.png 610w, https:\/\/denverzoo.org\/wp-content\/uploads\/2023\/06\/EventPhoto-18x12.png 18w\" sizes=\"auto, (max-width: 610px) 100vw, 610px\" \/>                    \n        \n    <\/div>\n    <div class=\"urbi-card--txt uk-text-left\">\n\n                    <h3 class=\"urbi-card__title\">\n                DETALLES DEL EVENTO + POL\u00cdTICAS            <\/h3>\n        \n        \n                    <div class=\"urbi-card__description\">\n                Todo lo que necesita saber sobre c\u00f3mo organizar su evento en Denver Zoo Conservation Alliance.            <\/div>\n        \n                    <div class=\"urbi-card__cta_container\">\n                <a class=\"urbi-link urbi-card__cta lhl_button lhl_button_type_solid lhl_button_color_default lhl_button_width_default\" href=\"\/es\/event-policies-2\/\" target=\"_self\" rel=\"noopener noreferrer\" >Ver pol\u00edticas<\/a>            <\/div>\n            <\/div>\n<\/div><\/div>\r\n    <\/div>\r\n<\/div>\r\n<\/div>\n\n\n\n\n<div  class='lhl-section urbi-component urbi-component front_view lhl_comp_width_inherit lhl_spacing_t_06 lhl_spacing_b_09 lhl_spacing_l_00 lhl_spacing_r_00 section-background-t' ><div class=\"urbi-component-inner\">\n    <div class=\"is-layout-constrained\">\n\n<h3 class=\"wp-block-heading has-text-align-center\"><strong>Lugares para eventos de luces del zool\u00f3gico<\/strong><\/h3>\n\n\n\n<p class=\"has-text-align-center\">Los lugares para eventos despu\u00e9s del horario de apertura de Zoo Lights incluyen espacios interiores y exteriores e interiores y son perfectos para grupos de todos los tama\u00f1os. \u00a1Incluso puedes alquilar todo el zool\u00f3gico durante una noche de presentaci\u00f3n de Zoo Lights! Consulta a continuaci\u00f3n las fotos y la informaci\u00f3n adicional.<\/p>\n\n\n\n<p class=\"has-text-align-center\">Horario de alquiler: 17:30\u201321:00 h.<\/p>\n\n\n\n\n\n<div  class='lhl-section urbi-component urbi-component front_view lhl_spacing_t_00 lhl_spacing_b_07 lhl_spacing_l_00 lhl_spacing_r_00 section-background-t urbi-component-bg--white' ><div class=\"urbi-component-inner\">\n    <div class=\"is-layout-constrained\">\n\n\n\n<div  class='urbi\/tiles urbi-component urbi-component front_view lhl_spacing_t_00 lhl_spacing_b_00 lhl_spacing_l_00 lhl_spacing_r_00 section-background-t' >\n<div class=\"uk-child-width-1-3@s uk-grid-match\" uk-grid>\n    \n\n\n<div>\n\n        <div  class='urbi\/tile urbi-card urbi-card--tile urbi-card--shadow-3' >\n    <div class=\"urbi-tile-inner\">\n                <div class=\"tile-content padding-small\">\n\n<figure class=\"wp-block-image aligncenter size-large_card\"><img loading=\"lazy\" decoding=\"async\" width=\"610\" height=\"360\" src=\"https:\/\/denverzoo.org\/wp-content\/uploads\/2024\/09\/Animal-Hospital-ZL-1-610x360.jpg\" alt=\"\" class=\"wp-image-38848\" style=\"object-fit:cover\"\/><\/figure>\n\n\n\n<h4 class=\"wp-block-heading\"><strong>Hospital de animales (Centro educativo y de visitantes de la Fundaci\u00f3n Familia Schlessman)<\/strong><\/h4>\n\n\n\n<p class=\"has-paragraph-medium-font-size\">Celebre su pr\u00f3ximo evento \u00edntimo con nosotros en el Hospital Veterinario Helen y Arthur E. Johnson, en el Centro de Visitantes y Educaci\u00f3n de la Fundaci\u00f3n Familiar Schlessman. Este lugar es ideal para grupos peque\u00f1os que buscan una experiencia \u00fanica: cenar en nuestro hospital veterinario de primera clase y disfrutar de dos de nuestras salas de tratamiento para animales.<br><\/p>\n\n\n\n<ul class=\"wp-block-list\">\n<li class=\"has-paragraph-medium-font-size\">Capacidad sentada: 30<\/li>\n\n\n\n<li class=\"has-paragraph-medium-font-size\">Capacidad de pie: 45<\/li>\n\n\n\n<li class=\"has-paragraph-medium-font-size\">El lugar incluye 30 entradas fuera del horario de atenci\u00f3n.<\/li>\n<\/ul>\n\n<\/div>\n    <\/div>\n    <\/div><\/div>\n\n\n\n<div>\n\n        <div  class='urbi\/tile urbi-card urbi-card--tile urbi-card--shadow-3' >\n    <div class=\"urbi-tile-inner\">\n                <div class=\"tile-content padding-small\">\n\n<figure class=\"wp-block-image alignfull size-large_card\"><img loading=\"lazy\" decoding=\"async\" width=\"610\" height=\"360\" src=\"https:\/\/denverzoo.org\/wp-content\/uploads\/2025\/01\/Norgren-Hall-ZL-9-610x360.jpg\" alt=\"\" class=\"wp-image-39950\"\/><\/figure>\n\n\n\n<h4 class=\"wp-block-heading\"><strong>Compra del Centro de Educaci\u00f3n Gates<\/strong><br><br><\/h4>\n\n\n\n<p class=\"has-paragraph-medium-font-size\">El Centro Educativo Gates es perfecto para grupos grandes que desean un lugar interior con opciones para utilizar los estudios separados como salas de sesiones de trabajo. Ubicado en la parte delantera del zool\u00f3gico, cerca de la entrada principal, es de f\u00e1cil acceso para los visitantes. El lugar incluye el alquiler de Norgren Hall, Grasslands y Treetops Studios, todos ubicados en el primer piso.\u00a0<br><\/p>\n\n\n\n<ul class=\"wp-block-list\">\n<li class=\"has-paragraph-medium-font-size\">Capacidad sentada: 240<\/li>\n\n\n\n<li class=\"has-paragraph-medium-font-size\">Capacidad de pie: 350<\/li>\n\n\n\n<li class=\"has-paragraph-medium-font-size\">El lugar incluye 150 entradas fuera del horario habitual.<\/li>\n<\/ul>\n\n<\/div>\n    <\/div>\n    <\/div><\/div>\n\n\n\n<div>\n\n        <div  class='urbi\/tile urbi-card urbi-card--tile urbi-card--shadow-3' >\n    <div class=\"urbi-tile-inner\">\n                <div class=\"tile-content padding-small\">\n\n<figure class=\"wp-block-image alignfull size-large_card\"><img loading=\"lazy\" decoding=\"async\" width=\"610\" height=\"360\" src=\"https:\/\/denverzoo.org\/wp-content\/uploads\/2021\/12\/13-610x360.jpg\" alt=\"\" class=\"wp-image-24949\"\/><\/figure>\n\n\n\n<h4 class=\"wp-block-heading\"><strong>Sal\u00f3n Norgren<\/strong><br><br><\/h4>\n\n\n\n<p class=\"has-paragraph-medium-font-size\">El Sal\u00f3n Norgren es nuestro espacio interior m\u00e1s grande, con amplios ventanales que ofrecen una vista espectacular de las luces festivas en las afueras de Predator Ridge. Dos paredes de ventilaci\u00f3n dentro del sal\u00f3n de banquetes permiten crear espacios m\u00e1s peque\u00f1os, ideales para salas de reuniones. Este espacioso espacio para eventos es ideal para una celebraci\u00f3n navide\u00f1a corporativa \u00fanica, una fiesta privada, una ocasi\u00f3n especial o cualquier reuni\u00f3n en interiores.<\/p>\n\n\n\n<ul class=\"wp-block-list\">\n<li class=\"has-paragraph-medium-font-size\">Capacidad sentada: 160<\/li>\n\n\n\n<li class=\"has-paragraph-medium-font-size\">Capacidad de pie: 220<\/li>\n\n\n\n<li class=\"has-paragraph-medium-font-size\">El lugar incluye 100 boletos de admisi\u00f3n fuera del horario laboral.<\/li>\n<\/ul>\n\n<\/div>\n    <\/div>\n    <\/div><\/div>\n\n\n<\/div>\n<\/div>\n\n\n\n\n<div  class='urbi\/tiles urbi-component urbi-component front_view lhl_spacing_t_00 lhl_spacing_b_00 lhl_spacing_l_00 lhl_spacing_r_00 section-background-t' >\n<div class=\"uk-child-width-1-3@s uk-grid-match\" uk-grid>\n    \n\n\n<div>\n\n        <div  class='urbi\/tile urbi-card urbi-card--tile urbi-card--shadow-3' >\n    <div class=\"urbi-tile-inner\">\n                <div class=\"tile-content padding-small\">\n\n<figure class=\"wp-block-image aligncenter size-large_card is-resized\"><img loading=\"lazy\" decoding=\"async\" width=\"610\" height=\"360\" src=\"https:\/\/denverzoo.org\/wp-content\/uploads\/2025\/01\/Tree-Tops-4-610x360.jpg\" alt=\"\" class=\"wp-image-39949\" style=\"object-fit:cover;width:354px;height:189px\"\/><\/figure>\n\n\n\n<h4 class=\"wp-block-heading\"><strong>Estudios Grasslands\/Tree Tops <\/strong><\/h4>\n\n\n\n<p class=\"has-paragraph-medium-font-size\">Nuestros estudios (ubicados dentro del Centro Educativo Gates) son ideales para reuniones peque\u00f1as o pueden usarse como salas de descanso. Grasslands and Treetops Studios est\u00e1n disponibles individualmente utilizando una pared de aire removible o se pueden combinar para albergar una ocasi\u00f3n m\u00e1s grande. Entradas privadas est\u00e1n disponibles en cada habitaci\u00f3n.&nbsp;<\/p>\n\n\n\n<ul class=\"wp-block-list\">\n<li class=\"has-paragraph-medium-font-size\">Capacidad sentada: 40 (cada habitaci\u00f3n)<\/li>\n\n\n\n<li class=\"has-paragraph-medium-font-size\">Capacidad permanente: 65 (cada habitaci\u00f3n)<\/li>\n\n\n\n<li class=\"has-paragraph-medium-font-size\">El lugar incluye 25 boletos de admisi\u00f3n durante el horario de atenci\u00f3n al p\u00fablico y fuera del horario de atenci\u00f3n al p\u00fablico.<\/li>\n<\/ul>\n\n<\/div>\n    <\/div>\n    <\/div><\/div>\n\n\n\n<div>\n\n        <div  class='urbi\/tile urbi-card urbi-card--tile urbi-card--shadow-3' >\n    <div class=\"urbi-tile-inner\">\n                <div class=\"tile-content padding-small\">\n\n<figure class=\"wp-block-image alignfull size-slideshow_gallery\"><img loading=\"lazy\" decoding=\"async\" width=\"952\" height=\"510\" src=\"https:\/\/denverzoo.org\/wp-content\/uploads\/2025\/01\/ZG-Zoo-Lights-2024-1-952x510.jpg\" alt=\"\" class=\"wp-image-39947\"\/><\/figure>\n\n\n\n<h4 class=\"wp-block-heading\"><strong>Pabell\u00f3n + Plaza de los Jardines del Zool\u00f3gico<\/strong><\/h4>\n\n\n\n<p class=\"has-paragraph-medium-font-size\">Nuestro lugar para eventos m\u00e1s grande, Zoo Gardens Pavilion and Plaza, puede albergar invitados en cualquier \u00e9poca del a\u00f1o debajo del amplio pabell\u00f3n con calefacci\u00f3n y la plaza con patio al aire libre contigua. \u00a1Este lugar interior y exterior es perfecto para grupos grandes y ofrece opciones para c\u00f3cteles, cenas, entretenimiento, presentaciones o incluso una visita de nuestros Embajadores Animales!&nbsp;<\/p>\n\n\n\n<ul class=\"wp-block-list\">\n<li class=\"has-paragraph-medium-font-size\">Capacidad sentada: 250 bajo el pabell\u00f3n, o 375 en el pabell\u00f3n + plaza<\/li>\n\n\n\n<li class=\"has-paragraph-medium-font-size\">Capacidad de pie: 500 en pabell\u00f3n + plaza<\/li>\n\n\n\n<li class=\"has-paragraph-medium-font-size\">El lugar incluye 200 boletos de admisi\u00f3n durante el horario de atenci\u00f3n al p\u00fablico y fuera del horario de atenci\u00f3n al p\u00fablico.<\/li>\n<\/ul>\n\n<\/div>\n    <\/div>\n    <\/div><\/div>\n\n\n<\/div>\n<\/div>\n<\/div>\n\n<\/div>\n<\/div>\n\n\n<p><\/p>\n\n<\/div>\n\n<\/div>\n<\/div>\n\n\n\n\n<div  class='lhl-section urbi-component urbi-component front_view lhl_comp_width_inherit lhl_spacing_t_09 lhl_spacing_b_09 lhl_spacing_l_00 lhl_spacing_r_00 section-background-3' ><div class=\"urbi-component-inner\">\n    <div class=\"is-layout-constrained\">\n\n<h3 class=\"wp-block-heading has-text-align-center\"><strong>Adquisiciones de luces del zool\u00f3gico<\/strong><\/h3>\n\n\n\n<p class=\"has-text-align-center\">Horario de alquiler: 17:30 a 21:30 h.<br>Capacidad: Hasta 4.500<\/p>\n\n\n\n<p class=\"has-text-align-center\">Las entradas para la noche de vista previa de Zoo Lights se ofrecen exclusivamente fuera del horario de atenci\u00f3n del 6 al 22 de noviembre.<\/p>\n\n\n\n<p class=\"has-text-align-center\"> Dado que las entradas para la Noche de Preestreno de Zoo Lights se ofrecen antes de la apertura al p\u00fablico, estas entradas exclusivas de temporada permiten a su grupo disfrutar de un adelanto privado del incre\u00edble espect\u00e1culo de Zoo Lights. Las entradas para la Noche de Preestreno de Zoo Lights incluyen acceso privado y completo a todo nuestro campus de 80 acres, incluyendo los edificios interiores de h\u00e1bitat para animales para que sus invitados disfruten durante toda la noche. \u00a1Reserve su evento con mucha anticipaci\u00f3n, ya que estas fechas exclusivas se agotan r\u00e1pidamente!<\/p>\n\n<\/div>\n\n<\/div>\n<\/div>","protected":false},"excerpt":{"rendered":"","protected":false},"author":82,"featured_media":38897,"parent":0,"menu_order":0,"comment_status":"closed","ping_status":"closed","template":"","meta":{"_acf_changed":false,"_relevanssi_hide_post":"","_relevanssi_hide_content":"","_relevanssi_pin_for_all":"","_relevanssi_pin_keywords":"","_relevanssi_unpin_keywords":"","_relevanssi_related_keywords":"","_relevanssi_related_include_ids":"","_relevanssi_related_exclude_ids":"","_relevanssi_related_no_append":"","_relevanssi_related_not_related":"","_relevanssi_related_posts":"33112,121,116,123,538,27218","_relevanssi_noindex_reason":"","footnotes":""},"class_list":["post-25526","page","type-page","status-publish","has-post-thumbnail","hentry"],"acf":[],"_links":{"self":[{"href":"https:\/\/denverzoo.org\/es\/wp-json\/wp\/v2\/pages\/25526","targetHints":{"allow":["GET"]}}],"collection":[{"href":"https:\/\/denverzoo.org\/es\/wp-json\/wp\/v2\/pages"}],"about":[{"href":"https:\/\/denverzoo.org\/es\/wp-json\/wp\/v2\/types\/page"}],"author":[{"embeddable":true,"href":"https:\/\/denverzoo.org\/es\/wp-json\/wp\/v2\/users\/82"}],"replies":[{"embeddable":true,"href":"https:\/\/denverzoo.org\/es\/wp-json\/wp\/v2\/comments?post=25526"}],"version-history":[{"count":0,"href":"https:\/\/denverzoo.org\/es\/wp-json\/wp\/v2\/pages\/25526\/revisions"}],"wp:featuredmedia":[{"embeddable":true,"href":"https:\/\/denverzoo.org\/es\/wp-json\/wp\/v2\/media\/38897"}],"wp:attachment":[{"href":"https:\/\/denverzoo.org\/es\/wp-json\/wp\/v2\/media?parent=25526"}],"curies":[{"name":"gracias","href":"https:\/\/api.w.org\/{rel}","templated":true}]}}