{"id":25740,"date":"2022-03-04T08:42:27","date_gmt":"2022-03-04T15:42:27","guid":{"rendered":"https:\/\/denverzoo.org\/?page_id=25740"},"modified":"2022-03-08T15:38:34","modified_gmt":"2022-03-08T22:38:34","slug":"dzf_tc_ticketing","status":"publish","type":"page","link":"https:\/\/denverzoo.org\/es\/dzf_tc_ticketing\/","title":{"rendered":"Pagar | Condiciones de uso"},"content":{"rendered":"<h1>\n\t\tT\u00e9rminos de uso del sitio\n\t<\/h1>\n\t<p>Bienvenido a tickets.denverzoo.org (el \u201cSitio\u201d). El Sitio es operado por Denver Zoological Foundation, Inc. (DZF). Lea atentamente estos T\u00e9rminos de uso. Al utilizar el Sitio, usted reconoce y acepta que ha le\u00eddo y acepta regirse por estos T\u00e9rminos de uso (este &quot;Acuerdo&quot;). Este Acuerdo se celebra entre DZF y usted o, en el caso de que usted represente y utilice el Sitio en nombre de una empresa u otra entidad, esa empresa u otra entidad (&quot;Usted&quot;). Si no acepta estar sujeto a este Acuerdo, salga del Sitio ahora.<\/p>\n\t\t\t<a href=\"#\" id=\"fl-accordion--label-0\" tabindex=\"0\" aria-controls=\"fl-accordion--panel-0\">1. Uso del Sitio.<\/a>\n\t\t\t\t\t\t\t<a href=\"#\" id=\"fl-accordion--icon-0\" tabindex=\"0\" aria-controls=\"fl-accordion--panel-0\"><i>Expandir<\/i><\/a>\n\t\t<p>Hasta que solicite ser aprobado como usuario registrado (un \u201cUsuario registrado\u201d) del Sitio, su acceso al Sitio se limitar\u00e1 a las \u00e1reas p\u00fablicas del Sitio. Su aprobaci\u00f3n como Usuario Registrado queda a exclusivo criterio del DZF. Tras la aprobaci\u00f3n como Usuario registrado, se le pedir\u00e1 que cree una cuenta protegida con contrase\u00f1a para acceder al Sitio (una &quot;Cuenta&quot;). Usted acepta mantener la confidencialidad de la informaci\u00f3n de su cuenta y de su contrase\u00f1a. Usted acepta notificar a DZF inmediatamente sobre cualquier uso no autorizado real o sospechado de su Cuenta. Usted es el \u00fanico responsable de todas las actividades que ocurren a trav\u00e9s de su Cuenta, incluidas, entre otras, todas las tarifas y cargos incurridos a trav\u00e9s de su Cuenta. DZF no ser\u00e1 responsable de ninguna p\u00e9rdida que usted sufra debido al incumplimiento de estas obligaciones. Puede acceder y utilizar el Sitio a trav\u00e9s de su Cuenta \u00fanicamente para fines legales y \u00fanicamente de acuerdo con los t\u00e9rminos de este Acuerdo.<\/p>\n\t\t\t<a href=\"#\" id=\"fl-accordion--label-1\" tabindex=\"0\" aria-controls=\"fl-accordion--panel-1\">2. Registro.<\/a>\n\t\t\t\t\t\t\t<a href=\"#\" id=\"fl-accordion--icon-1\" tabindex=\"0\" aria-controls=\"fl-accordion--panel-1\"><i>Expandir<\/i><\/a>\n\t\t<p>En relaci\u00f3n con su solicitud para convertirse en Usuario registrado, se le pedir\u00e1 que env\u00ede cierta informaci\u00f3n sobre usted (&quot;Informaci\u00f3n de registro&quot;). Usted declara y garantiza que: (a) toda la Informaci\u00f3n de registro que ha proporcionado es verdadera, precisa, actual y completa; y (b) mantendr\u00e1 y actualizar\u00e1 prontamente la informaci\u00f3n de registro para mantenerla verdadera, precisa, actualizada y completa.<\/p>\n\t\t\t<a href=\"#\" id=\"fl-accordion--label-2\" tabindex=\"0\" aria-controls=\"fl-accordion--panel-2\">3. PLAZO Y TERMINACI\u00d3N.<\/a>\n\t\t\t\t\t\t\t<a href=\"#\" id=\"fl-accordion--icon-2\" tabindex=\"0\" aria-controls=\"fl-accordion--panel-2\"><i>Expandir<\/i><\/a>\n\t\t<p>Este Acuerdo entrar\u00e1 en vigencia en la fecha en que use el Sitio por primera vez y continuar\u00e1 hasta que se rescinda. Podemos rescindir este Acuerdo de inmediato, por cualquier motivo o sin motivo, con o sin previo aviso. Puede rescindir este Acuerdo mediante notificaci\u00f3n por escrito a DZF, dicha rescisi\u00f3n ser\u00e1 efectiva 10 d\u00edas despu\u00e9s del acuse de recibo de dicha notificaci\u00f3n por parte de DZF. Tambi\u00e9n podemos suspender su uso del Sitio o indicarle que deje de usar el Sitio con o sin previo aviso y con o sin causa. Tras la rescisi\u00f3n de este Acuerdo, cesar\u00e1n todos los derechos que se le otorgan en virtud de este Acuerdo; si es un Usuario registrado, su Cuenta se cerrar\u00e1 y deber\u00e1 interrumpir de inmediato todo uso del Sitio. Las Secciones 3, 4, 5, 7, 8 y 12 sobrevivir\u00e1n a la rescisi\u00f3n o vencimiento de este Acuerdo por cualquier motivo.<\/p>\n\t\t\t<a href=\"#\" id=\"fl-accordion--label-3\" tabindex=\"0\" aria-controls=\"fl-accordion--panel-3\">4. Contenido.<\/a>\n\t\t\t\t\t\t\t<a href=\"#\" id=\"fl-accordion--icon-3\" tabindex=\"0\" aria-controls=\"fl-accordion--panel-3\"><i>Expandir<\/i><\/a>\n\t\t<p>El Sitio y todo el contenido del Sitio, incluidos, entre otros, textos, archivos, im\u00e1genes, gr\u00e1ficos, ilustraciones, audio, video y fotograf\u00edas que se ofrecen a trav\u00e9s del Sitio (colectivamente, &quot;Contenido&quot;) est\u00e1n protegidos por derechos de propiedad intelectual. derechos de propiedad, incluidos, entre otros, derechos de autor, marcas comerciales, patentes y otros derechos de propiedad intelectual y de propiedad (\u201cDerechos de propiedad intelectual\u201d) propiedad de DZF y sus socios comerciales, afiliados y licenciantes (\u201cAfiliados\u201d). Este Acuerdo no le transfiere ning\u00fan derecho de propiedad sobre el Sitio o el Contenido. Puede utilizar el Contenido \u00fanicamente para su uso personal y no comercial, seg\u00fan lo expresamente permitido por este Acuerdo. Excepto lo expresamente establecido en este Acuerdo, DZF y sus Afiliados no le otorgan licencias o derechos, ya sea por implicaci\u00f3n, impedimento o de otro modo, en o para el Sitio o el Contenido, o cualquier derecho de propiedad intelectual en el mismo o relacionado con el mismo, y Usted no puede usar, reproducir, realizar, mostrar, crear trabajos derivados, republicar, cargar, descargar, publicar, transmitir o distribuir cualquier parte del Sitio o Contenido sin el permiso previo por escrito.<\/p>\n\t\t\t<a href=\"#\" id=\"fl-accordion--label-4\" tabindex=\"0\" aria-controls=\"fl-accordion--panel-4\">5. Marcas.<\/a>\n\t\t\t\t\t\t\t<a href=\"#\" id=\"fl-accordion--icon-4\" tabindex=\"0\" aria-controls=\"fl-accordion--panel-4\"><i>Expandir<\/i><\/a>\n\t\t<p>A menos que se indique lo contrario, todas las marcas comerciales, marcas de servicio, logotipos, pancartas y encabezados de p\u00e1gina que se muestran en este Sitio (colectivamente, las &quot;Marcas&quot;) son propiedad de DZF y sus Afiliados. Excepto lo expresamente establecido en este Acuerdo, usted no puede mostrar, vincular ni utilizar de otro modo las Marcas sin el permiso previo por escrito.<\/p>\n\t\t\t<a href=\"#\" id=\"fl-accordion--label-5\" tabindex=\"0\" aria-controls=\"fl-accordion--panel-5\">6. Conducta.<\/a>\n\t\t\t\t\t\t\t<a href=\"#\" id=\"fl-accordion--icon-5\" tabindex=\"0\" aria-controls=\"fl-accordion--panel-5\"><i>Expandir<\/i><\/a>\n\t\t<p>Usted no permitir\u00e1 y no permitir\u00e1 que ning\u00fan tercero use Su Cuenta para (1) usar el Sitio para recopilar direcciones de correo electr\u00f3nico u otra informaci\u00f3n de contacto de otros usuarios del Sitio por medios electr\u00f3nicos o de otro tipo con el fin de enviar informaci\u00f3n no solicitada. correos electr\u00f3nicos u otras comunicaciones no solicitadas; (2) usar el Sitio de manera ilegal o de cualquier otra manera que pueda da\u00f1ar, deshabilitar, sobrecargar o deteriorar el Sitio; (3) usar scripts automatizados para recopilar informaci\u00f3n o interactuar con el Sitio; (4) usar el Sitio para intimidar o acosar a otras personas o entidades; (5) realizar ingenier\u00eda inversa, descompilar, desensamblar o intentar derivar el c\u00f3digo fuente o el m\u00e9todo de operaci\u00f3n del Sitio; (6) eliminar, eludir o eludir cualquier medida de protecci\u00f3n electr\u00f3nica en el Sitio; (7) eliminar, alterar u ocultar cualquier aviso de derechos de autor u otros derechos de propiedad incluidos en el Sitio; o (8) cargar en el Sitio o proporcionar a la DZF cualquier c\u00f3digo o dispositivo capaz o destinado a interrumpir, da\u00f1ar o da\u00f1ar el Sitio o el funcionamiento del Sitio.<\/p>\n\t\t\t<a href=\"#\" id=\"fl-accordion--label-6\" tabindex=\"0\" aria-controls=\"fl-accordion--panel-6\">7. Declaraciones y Garant\u00edas.<\/a>\n\t\t\t\t\t\t\t<a href=\"#\" id=\"fl-accordion--icon-6\" tabindex=\"0\" aria-controls=\"fl-accordion--panel-6\"><i>Expandir<\/i><\/a>\n\t\t<p>Por la presente, declara, garantiza y acuerda en beneficio de DZF y sus Afiliados que: (1) tiene el derecho legal y la autoridad para celebrar este Acuerdo y, si acepta este Acuerdo en nombre de una empresa u otra entidad , para obligar a la empresa u otra entidad a los t\u00e9rminos de este Acuerdo; (2) Tiene el derecho legal y la autoridad para cumplir con sus obligaciones en virtud de este Acuerdo; (3) toda la informaci\u00f3n que proporciona a la DZF en relaci\u00f3n con este Acuerdo y su acceso al Sitio es correcta y actual.<\/p>\n\t\t\t<a href=\"#\" id=\"fl-accordion--label-7\" tabindex=\"0\" aria-controls=\"fl-accordion--panel-7\">8. Descargo de responsabilidad y limitaci\u00f3n de responsabilidad.<\/a>\n\t\t\t\t\t\t\t<a href=\"#\" id=\"fl-accordion--icon-7\" tabindex=\"0\" aria-controls=\"fl-accordion--panel-7\"><i>Expandir<\/i><\/a>\n\t\t<p><strong>8.1 Descargo de responsabilidad.<\/strong> EL SITIO ES PROPORCIONADO POR EL DZF \u201cTAL CUAL\u201d y \u201cSEG\u00daN DISPONIBILIDAD\u201d SIN GARANT\u00cdA DE NING\u00daN TIPO. USTED ACEPTA QUE SU ACCESO AL SITIO ES BAJO SU PROPIO RIESGO Y QUE USTED ES EL \u00daNICO RESPONSABLE DE CUALQUIER RESPONSABILIDAD O DA\u00d1O QUE SUFRIDA A TRAV\u00c9S DEL ACCESO AL SITIO. DZF RENUNCIA EXPRESAMENTE A TODAS LAS GARANT\u00cdAS, YA SEA EXPRESAS O IMPL\u00cdCITAS, CON RESPECTO A LA SEGURIDAD, CONFIABILIDAD Y RENDIMIENTO DEL SITIO, INCLUYENDO, SIN LIMITACI\u00d3N, TODAS LAS GARANT\u00cdAS DE T\u00cdTULO, NO INFRACCI\u00d3N, COMERCIABILIDAD E IDONEIDAD PARA UN PROP\u00d3SITO PARTICULAR. USTED RECONOCE QUE EL ESTADO ACTUAL DE LA TECNOLOG\u00cdA NO PERMITE UN ACCESO LIBRE DE ERRORES AL SITIO Y QUE DE VEZ EN CUANDO PUEDEN OCURRIR INTERRUPCIONES, FALLAS Y TIEMPOS DE INACTIVIDAD FUERA DE NUESTRO CONTROL. La \u00fanica obligaci\u00f3n del DZF y CUALQUIER remedio en caso de falla de EL SITIO quedar\u00e1 a discreci\u00f3n exclusiva del DZF.<\/p>\n<p><strong>8.2 Limitaci\u00f3n.<\/strong> EN NING\u00daN CASO DZF SER\u00c1 RESPONSABLE DE NING\u00daN DA\u00d1O DIRECTO, CONSECUENCIAL, ESPECIAL, INDIRECTO, EJEMPLAR O PUNITIVO, YA SEA POR CONTRATO, AGRAVIO O CUALQUIER OTRA TEOR\u00cdA JUR\u00cdDICA, EN RELACI\u00d3N CON SU ACCESO AL SITIO, AUNQUE NOS HAYAS SIDO INFORMADO DE LA POSIBILIDAD DE TALES DA\u00d1OS Y A PESAR DE CUALQUIER FALLA DEL PROP\u00d3SITO ESENCIAL DE CUALQUIER RECURSO LIMITADO. La responsabilidad total agregada del DZF por cualquier da\u00f1o que surja de este Acuerdo o est\u00e9 relacionado con \u00e9l no exceder\u00e1 $100.<\/p>\n\t\t\t<a href=\"#\" id=\"fl-accordion--label-8\" tabindex=\"0\" aria-controls=\"fl-accordion--panel-8\">9. Indemnizaci\u00f3n.<\/a>\n\t\t\t\t\t\t\t<a href=\"#\" id=\"fl-accordion--icon-8\" tabindex=\"0\" aria-controls=\"fl-accordion--panel-8\"><i>Expandir<\/i><\/a>\n\t\t<p>Usted indemnizar\u00e1, defender\u00e1 y eximir\u00e1 de responsabilidad a DZF y sus afiliados, empleados, agentes, contratistas, cesionarios, licenciatarios y sucesores en intereses (\u201cPartes indemnizadas\u201d), de todos y cada uno de los reclamos, p\u00e9rdidas, responsabilidades, da\u00f1os, tarifas, gastos y costos. (incluidos honorarios de abogados, costos judiciales, indemnizaciones por da\u00f1os y montos de acuerdos) que resulten de cualquier reclamo o alegaci\u00f3n contra cualquier Parte indemnizada que surja de su acceso al Sitio o de su incumplimiento de cualquier t\u00e9rmino de este Acuerdo. El DZF le notificar\u00e1 cualquier reclamo o alegaci\u00f3n, y el DZF tendr\u00e1 derecho a participar en la defensa de dicho reclamo a su cargo.<\/p>\n\t\t\t<a href=\"#\" id=\"fl-accordion--label-9\" tabindex=\"0\" aria-controls=\"fl-accordion--panel-9\">10. Pol\u00edtica de privacidad.<\/a>\n\t\t\t\t\t\t\t<a href=\"#\" id=\"fl-accordion--icon-9\" tabindex=\"0\" aria-controls=\"fl-accordion--panel-9\"><i>Expandir<\/i><\/a>\n\t\t<p>Nuestra pol\u00edtica de privacidad, una copia de la cual est\u00e1 disponible en <a href=\"https:\/\/tickets.denverzoo.org\/privacypolicy.pdf\">https:\/\/tickets.denverzoo.org\/privacypolicy.pdf<\/a> (la \u201cPol\u00edtica de Privacidad\u201d), se incorpora en este Acuerdo por referencia. Al aceptar este Acuerdo, Usted acepta expresamente el uso y divulgaci\u00f3n de su informaci\u00f3n de identificaci\u00f3n personal y otra informaci\u00f3n como se describe en la Pol\u00edtica de Privacidad.<\/p>\n\t\t\t<a href=\"#\" id=\"fl-accordion--label-10\" tabindex=\"0\" aria-controls=\"fl-accordion--panel-10\">11. Sitios vinculados.<\/a>\n\t\t\t\t\t\t\t<a href=\"#\" id=\"fl-accordion--icon-10\" tabindex=\"0\" aria-controls=\"fl-accordion--panel-10\"><i>Expandir<\/i><\/a>\n\t\t<p>El Sitio puede contener enlaces a sitios de terceros que no est\u00e1n bajo el control de la DZF. No somos responsables de ning\u00fan contenido en ning\u00fan sitio vinculado. Si accede a un sitio de terceros desde el Sitio, lo hace bajo su propio riesgo. Proporcionamos enlaces solo para su comodidad y la inclusi\u00f3n del enlace no implica que respaldemos o aceptemos ninguna responsabilidad por el contenido de esos sitios de terceros.<\/p>\n\t\t\t<a href=\"#\" id=\"fl-accordion--label-11\" tabindex=\"0\" aria-controls=\"fl-accordion--panel-11\">12. Avisos.<\/a>\n\t\t\t\t\t\t\t<a href=\"#\" id=\"fl-accordion--icon-11\" tabindex=\"0\" aria-controls=\"fl-accordion--panel-11\"><i>Expandir<\/i><\/a>\n\t\t<p>Salvo que se indique expresamente lo contrario, todos los avisos requeridos o permitidos en virtud de este Acuerdo se enviar\u00e1n a la DZF por correo postal a la direcci\u00f3n de la DZF que figura en el Sitio. Si la ley aplicable requiere que el DZF acepte avisos por correo electr\u00f3nico (pero no de otro modo), entonces puede enviar un aviso por correo electr\u00f3nico al DZF a zooinfo@denverzoo.org. Con respecto a nuestros avisos para usted, podemos proporcionarle un aviso de enmiendas al publicarlas en el Sitio y usted acepta verificar los cambios. Adem\u00e1s, o en su lugar, podemos enviar un aviso enviando un correo electr\u00f3nico a la direcci\u00f3n de correo electr\u00f3nico que proporcion\u00f3 durante el registro en el Sitio. La notificaci\u00f3n se considerar\u00e1 entregada 24 horas despu\u00e9s de que se publique o se env\u00ede un correo electr\u00f3nico, a menos que (en cuanto al correo electr\u00f3nico) se notifique a la parte que env\u00eda que la direcci\u00f3n de correo electr\u00f3nico no es v\u00e1lida.<\/p>\n\t\t\t<a href=\"#\" id=\"fl-accordion--label-12\" tabindex=\"0\" aria-controls=\"fl-accordion--panel-12\">13. Condiciones Generales.<\/a>\n\t\t\t\t\t\t\t<a href=\"#\" id=\"fl-accordion--icon-12\" tabindex=\"0\" aria-controls=\"fl-accordion--panel-12\"><i>Expandir<\/i><\/a>\n\t\t<p><strong>13.1 Terceros Beneficiarios<\/strong> Nuestros Afiliados son terceros beneficiarios previstos en virtud de este Acuerdo con derecho a hacer cumplir las disposiciones que se refieren directamente al Contenido al que tienen derechos.<\/p>\n<p><strong>13.2 No Cesi\u00f3n.<\/strong> No puede ceder ni transferir ninguno de sus derechos en virtud del presente y cualquier intento de hacerlo ser\u00e1 nulo y sin efecto.<\/p>\n<p><strong>13.3 Integraci\u00f3n. <\/strong>Este Acuerdo establece el entendimiento completo de las partes y reemplaza todos y cada uno de los acuerdos o entendimientos orales y escritos anteriores entre las partes con respecto al tema de este Acuerdo. Este Acuerdo no puede ser modificado excepto por acuerdo mutuo por escrito de ambas partes. La renuncia de cualquiera de las partes a un incumplimiento de cualquier disposici\u00f3n de este Acuerdo no operar\u00e1 ni se interpretar\u00e1 como una renuncia a cualquier otro incumplimiento posterior.<\/p>\n<p><strong>13.4 Divisibilidad.<\/strong> Si por alguna raz\u00f3n alguna disposici\u00f3n de este Acuerdo se considera inv\u00e1lida o inaplicable en su totalidad o en parte en cualquier jurisdicci\u00f3n, dicha disposici\u00f3n, en cuanto a dicha jurisdicci\u00f3n, ser\u00e1 ineficaz en la medida de dicha invalidez o inaplicabilidad, sin afectar de ninguna manera el validez o exigibilidad del mismo en cualquier otra jurisdicci\u00f3n o las disposiciones restantes del presente en cualquier jurisdicci\u00f3n.<\/p>\n<p><strong>13.5 Jurisdicci\u00f3n y Jurisdicci\u00f3n.<\/strong> Este Acuerdo se regir\u00e1 por las leyes del Estado de Colorado, excluyendo sus principios de conflicto de leyes. Las partes excluyen espec\u00edficamente de la aplicaci\u00f3n del Acuerdo la Convenci\u00f3n de las Naciones Unidas sobre Contratos de Compraventa Internacional de Mercader\u00edas y la Ley Uniforme de Transacciones de Informaci\u00f3n Inform\u00e1tica. Por el presente, las partes consienten irrevocablemente en someterse a jurisdicci\u00f3n y competencia en los tribunales estatales y federales con sede en Denver, Colorado. En cualquier disputa de este tipo, la parte que prevalezca tendr\u00e1 derecho a recuperar de la otra parte los honorarios y gastos razonables de sus abogados.<\/p>\n\t\n<h1>\n\t\tREGLAS GENERALES DEL ZOOL\u00d3GICO DE DENVER\n\t<\/h1>\n\t<p>Todos los visitantes que compren boletos para Denver Zoo reconocen que comprenden la naturaleza de la actividad y los peligros asociados con la actividad y que si creen que las condiciones no son seguras para ellos o para sus hijos, dejar\u00e1n de participar de inmediato. Entienden completamente que esta actividad implica riesgos de lesiones corporales que pueden ser causadas por mis propias acciones o inacciones, o las acciones de otros. Aceptan y asumen plenamente todos esos riesgos y toda la responsabilidad de las p\u00e9rdidas, incluidos todos los riesgos relacionados con la exposici\u00f3n al COVID-19.<\/p>\n<ul>\n<li>Nos reservamos el derecho de no permitir que se lleve ning\u00fan bolso, paquete u otro art\u00edculo al Denver Zoo, y de ocuparnos de cualquier objeto desatendido de la manera que consideremos apropiada.<\/li>\n<li>Muestra cortes\u00eda com\u00fan a los dem\u00e1s Invitados al no usar blasfemias o participar en comportamientos inseguros, ilegales, perturbadores u ofensivos.<\/li>\n<li>Obedece todos los letreros publicados. Denver Zoo requiere que todos los visitantes permanezcan en los caminos designados en todo momento. Est\u00e1 prohibido escalar o cruzar barreras o ingresar a \u00e1reas restringidas. Los infractores recibir\u00e1n una citaci\u00f3n penal y est\u00e1n sujetos a una pena m\u00e1xima posible de hasta 300 d\u00edas en la c\u00e1rcel y una multa $999 de conformidad con DRMC \u00a738-115.<\/li>\n<li>Est\u00e1 estrictamente prohibido alimentar, perseguir y burlarse de los animales. No golpees el vidrio ni le grites a los animales, incluidos los que deambulan libremente.<\/li>\n<li>Se debe usar vestimenta adecuada, incluidos zapatos y camisas, en todo momento. Nos reservamos el derecho de denegar la entrada o retirar del zool\u00f3gico a cualquier persona que lleve ropa que consideremos inapropiada o que pueda restar valor a la experiencia de otros Invitados.<\/li>\n<li>Supervisa a tus hijos en todo momento. Los invitados menores de 16 a\u00f1os deben estar acompa\u00f1ados por un invitado de 16 a\u00f1os o m\u00e1s en todo momento.<\/li>\n<li>El acceso a los juegos y atracciones depende de las reglas de seguridad para cada paseo y atracci\u00f3n (consulta las reglas publicadas en los paseos para obtener m\u00e1s detalles).<\/li>\n<\/ul>\n\t\t\t<a href=\"#\" id=\"fl-accordion--label-0\" tabindex=\"0\" aria-controls=\"fl-accordion--panel-0\">ART\u00cdCULOS PROHIBIDOS<\/a>\n\t\t\t\t\t\t\t<a href=\"#\" id=\"fl-accordion--icon-0\" tabindex=\"0\" aria-controls=\"fl-accordion--panel-0\"><i>Expandir<\/i><\/a>\n\t\t<ul>\n<li>Bebidas alcoh\u00f3licas, marihuana o cualquier sustancia ilegal.<\/li>\n<li>Dispositivos recreativos como drones, juguetes de control remoto, patinetas, scooters, patines en l\u00ednea, zapatos con ruedas incorporadas.<\/li>\n<li>Dispositivos de movilidad con ruedas con menos de 3 ruedas o dispositivos que no pueden mantener la estabilidad y el equilibrio cuando est\u00e1n detenidos, sin energ\u00eda o desocupados. No se permiten ruedas de entrenamiento o modificaciones similares. Los dispositivos deben ser alimentados manualmente o el\u00e9ctricamente y operados a un ritmo de caminata. Los dispositivos deben ser de un solo usuario y no exceder las 36 \u2033 (92 cm) de ancho y 52 \u2033 (132 cm) de largo.<\/li>\n<li>Excepto seg\u00fan lo permitan las leyes estatales o municipales, Denver Zoo proh\u00edbe a cualquier persona usar, poseer, portar, exhibir o distribuir cualquier arma real o simulada en o dentro del campus de Denver Zoo, incluidas, entre otras, armas de fuego, ciertos cuchillos (ver DRMC \u00a738-117 y 38-119), explosivos o dispositivos incendiarios, desintegradores de juguete, pistolas de agua, cuchillos de pl\u00e1stico o espadas. El campus de Denver Zoo incluye instalaciones y estructuras de estacionamiento de Denver Zoo.<\/li>\n<li>Recipientes de vidrio (excepto recipientes peque\u00f1os como frascos de comida para beb\u00e9s).<\/li>\n<li>Mascotas u otros animales, excepto animales de servicio aprobados. Los animales de servicio se definen como perros o caballos en miniatura que est\u00e1n entrenados individualmente para trabajar o realizar tareas para personas con discapacidades. Los animales de servicio deben permanecer con correa o arn\u00e9s y bajo el control del propietario en todo momento. Debido a preocupaciones por el bienestar de los animales, es posible que no se permitan animales de servicio en ciertas \u00e1reas del zool\u00f3gico.<\/li>\n<li>No se permiten globos ni pajitas de pl\u00e1stico en el Zool\u00f3gico por la seguridad de nuestros animales.<\/li>\n<li>Otros elementos que determinemos pueden ser perjudiciales o perjudiciales.<\/li>\n<\/ul>\n\t\t\t<a href=\"#\" id=\"fl-accordion--label-1\" tabindex=\"0\" aria-controls=\"fl-accordion--panel-1\">ACTIVIDADES PROHIBIDAS<\/a>\n\t\t\t\t\t\t\t<a href=\"#\" id=\"fl-accordion--icon-1\" tabindex=\"0\" aria-controls=\"fl-accordion--panel-1\"><i>Expandir<\/i><\/a>\n\t\t<ul>\n<li>La venta de bienes o servicios o la exhibici\u00f3n de bienes o servicios para la venta.<br>\nLa distribuci\u00f3n de materiales impresos o grabados de cualquier tipo.<\/li>\n<li>Eventos, demostraciones o discursos no autorizados, o el uso de cualquier bandera, pancarta o letrero con fines comerciales o para incitar a una multitud.<\/li>\n<li>Fotograf\u00eda, videograbaci\u00f3n o grabaci\u00f3n de cualquier tipo con fines comerciales.<\/li>\n<li>Participar en cualquier acto inseguro u otro acto que pueda impedir el funcionamiento del zool\u00f3gico o cualquier instalaci\u00f3n asociada.<\/li>\n<\/ul>\n\t\t\t<a href=\"#\" id=\"fl-accordion--label-2\" tabindex=\"0\" aria-controls=\"fl-accordion--panel-2\">DERECHOS DE LA FUNDACI\u00d3N ZOOLOGICA DE DENVER<\/a>\n\t\t\t\t\t\t\t<a href=\"#\" id=\"fl-accordion--icon-2\" tabindex=\"0\" aria-controls=\"fl-accordion--panel-2\"><i>Expandir<\/i><\/a>\n\t\t<ul>\n<li>La Denver Zoological Foundation puede fotografiar, filmar, grabar en video, grabar o reproducir la imagen y\/o la voz de cualquier persona que ingrese a Denver Zoo y usar la misma para cualquier prop\u00f3sito sin pagar a ninguna persona.<\/li>\n<li>La Denver Zoological Foundation se reserva el derecho de denegar la admisi\u00f3n, o de requerir que una persona ya admitida abandone el Zool\u00f3gico, sin reembolso, responsabilidad o compensaci\u00f3n si consideramos que las circunstancias as\u00ed lo requieren.<\/li>\n<\/ul>\n\t<h4>La Denver Zoological Foundation puede de vez en cuando, sin previo aviso y sin reembolso, responsabilidad o compensaci\u00f3n, cambiar el horario de funcionamiento de Denver Zoo o cualquier exhibici\u00f3n, cerrar el Zool\u00f3gico o cualquier parte de \u00e9l temporalmente, restringir el n\u00famero de personas que tienen acceso al Zoo, y\/o suspender o cancelar cualquier atracci\u00f3n o programa de entretenimiento si consideramos que las circunstancias as\u00ed lo requieren.<\/h4>","protected":false},"excerpt":{"rendered":"","protected":false},"author":11,"featured_media":0,"parent":0,"menu_order":0,"comment_status":"closed","ping_status":"closed","template":"","meta":{"_acf_changed":false,"_relevanssi_hide_post":"","_relevanssi_hide_content":"","_relevanssi_pin_for_all":"","_relevanssi_pin_keywords":"","_relevanssi_unpin_keywords":"","_relevanssi_related_keywords":"","_relevanssi_related_include_ids":"","_relevanssi_related_exclude_ids":"","_relevanssi_related_no_append":"","_relevanssi_related_not_related":"","_relevanssi_related_posts":"","_relevanssi_noindex_reason":"","footnotes":""},"class_list":["post-25740","page","type-page","status-publish","hentry"],"acf":[],"_links":{"self":[{"href":"https:\/\/denverzoo.org\/es\/wp-json\/wp\/v2\/pages\/25740","targetHints":{"allow":["GET"]}}],"collection":[{"href":"https:\/\/denverzoo.org\/es\/wp-json\/wp\/v2\/pages"}],"about":[{"href":"https:\/\/denverzoo.org\/es\/wp-json\/wp\/v2\/types\/page"}],"author":[{"embeddable":true,"href":"https:\/\/denverzoo.org\/es\/wp-json\/wp\/v2\/users\/11"}],"replies":[{"embeddable":true,"href":"https:\/\/denverzoo.org\/es\/wp-json\/wp\/v2\/comments?post=25740"}],"version-history":[{"count":0,"href":"https:\/\/denverzoo.org\/es\/wp-json\/wp\/v2\/pages\/25740\/revisions"}],"wp:attachment":[{"href":"https:\/\/denverzoo.org\/es\/wp-json\/wp\/v2\/media?parent=25740"}],"curies":[{"name":"gracias","href":"https:\/\/api.w.org\/{rel}","templated":true}]}}