{"id":25957,"date":"2022-03-22T11:48:23","date_gmt":"2022-03-22T17:48:23","guid":{"rendered":"https:\/\/denverzoo.org\/?page_id=25957"},"modified":"2023-08-09T10:58:54","modified_gmt":"2023-08-09T16:58:54","slug":"best-day-at-the-zoo","status":"publish","type":"page","link":"https:\/\/denverzoo.org\/es\/best-day-at-the-zoo\/","title":{"rendered":"El mejor d\u00eda en el zool\u00f3gico\u00a0"},"content":{"rendered":"<h1>\n\t\tEl mejor d\u00eda en el zool\u00f3gico de Denver\n\t<\/h1>\n\t<p>Justo cuando pensaba que su d\u00eda en el Zool\u00f3gico de Denver no pod\u00eda ser mejor, \u00a1es el Mejor D\u00eda en el Zool\u00f3gico! Queremos asegurarnos de que todos tengan la oportunidad de experimentar todas las maravillas de nuestro campus de 84 acres. Por eso, todos los d\u00edas, \u00a1repartiremos los mejores pases del d\u00eda al azar!&nbsp;<\/p>\n<h2>\n\t\tCada pase le da derecho al portador y a su tripulaci\u00f3n* a disfrutar cada uno de CINCO experiencias incre\u00edbles sin cargo adicional. <br> cargo, cortes\u00eda de nuestros generosos patrocinadores. \u00bfSer\u00e1s t\u00fa uno de los pocos afortunados?   \n\t<\/h2>\n<h3>\n\t\tTu Best Day Pass incluye acceso <br> a las siguientes experiencias:\n\t<\/h3>\n\t\t\t\t<img loading=\"lazy\" decoding=\"async\" src=\"https:\/\/denverzoo.org\/wp-content\/uploads\/2022\/03\/Stingray.jpg\" alt=\"Stingray\" itemprop=\"image\" height=\"870\" width=\"1280\" title=\"mantarraya\" onerror=\"this.style.display='none'\">\n\t\t\t\t<img decoding=\"async\" src=\"https:\/\/denverzoo.org\/wp-content\/plugins\/bb-plugin\/img\/pixel.png\" alt=\"\" itemprop=\"image\" onerror=\"this.style.display='none'\">\n\t<h3>Stingray Cove\u2122<\/h3>\n<p>Disfrute de una de las experiencias m\u00e1s populares del zool\u00f3gico: tocar y alimentar a las suaves mantarrayas, mientras peque\u00f1os tiburones se deslizan pac\u00edficamente. \u00a1Cada miembro de tu tripulaci\u00f3n** incluso recibir\u00e1 un trozo de comida para peces para ayudarte a hacer amigos con aletas!&nbsp;&nbsp;<\/p>\n\t<h3>Lorikeet Adventure<\/h3>\n<p>Cuando entres en este m\u00e1gico aviario al aire libre, inmediatamente estar\u00e1s rodeado de canciones. Loritos coloridos (un peque\u00f1o miembro de la familia de los loros) vuelan sobre tu cabeza e incluso pueden aterrizar en tu hombro para tomar un sorbo de n\u00e9ctar.<\/p>\n\t\t\t\t<img loading=\"lazy\" decoding=\"async\" src=\"https:\/\/denverzoo.org\/wp-content\/uploads\/2022\/03\/Lorikeet.jpg\" alt=\"Lorikeet\" itemprop=\"image\" height=\"870\" width=\"1280\" title=\"Lori Arcoiris\" onerror=\"this.style.display='none'\">\n\t\t\t\t<img loading=\"lazy\" decoding=\"async\" src=\"https:\/\/denverzoo.org\/wp-content\/uploads\/2022\/03\/train.jpg\" alt=\"train\" itemprop=\"image\" height=\"870\" width=\"1280\" title=\"tren\" onerror=\"this.style.display='none'\">\n\t<h3>Ferrocarril del zool\u00f3gico de Denver<\/h3>\n<p>Como seguramente le dir\u00e1 cualquier ni\u00f1o (y muchos adultos), ning\u00fan viaje al zool\u00f3gico est\u00e1 completo sin un paseo en el Denver Zoo Railroad, presentado por Union Pacific Railroad. Esta experiencia favorita de los hu\u00e9spedes es accesible para sillas de ruedas.&nbsp;<\/p>\n\t<h3>Carrusel de Conservaci\u00f3n<\/h3>\n<p>\u00a1Prep\u00e1rate para dar una vuelta a lomos de tu animal salvaje favorito! Nuestro hermoso Carrusel de Conservaci\u00f3n, accesible en silla de ruedas, presenta representaciones talladas a mano de algunos de los residentes m\u00e1s queridos del Zool\u00f3gico de Denver, incluidos tigres, jirafas y m\u00e1s.&nbsp;<\/p>\n\t\t\t\t<img loading=\"lazy\" decoding=\"async\" src=\"https:\/\/denverzoo.org\/wp-content\/uploads\/2022\/03\/carousel.jpg\" alt=\"carousel\" itemprop=\"image\" height=\"870\" width=\"1280\" title=\"carrusel\" onerror=\"this.style.display='none'\">\n\t\t\t\t<img loading=\"lazy\" decoding=\"async\" src=\"https:\/\/denverzoo.org\/wp-content\/uploads\/2022\/03\/4D-Theater.jpg\" alt=\"4D Theater\" itemprop=\"image\" height=\"870\" width=\"1280\" title=\"4D Theater\" onerror=\"this.style.display='none'\">\n\t<h3>Experiencia 4-D<\/h3>\n<p>En nuestro incre\u00edble teatro interactivo, el movimiento incorporado y los efectos especiales en todo el teatro le permiten sentir la acci\u00f3n en la pantalla durante cada experiencia de 15 minutos. Se encuentran disponibles dispositivos de accesibilidad para hu\u00e9spedes con discapacidad auditiva y visual.&nbsp;<\/p>\n\t<p>*Se deben presentar los Best Day Passes para acceder a las atracciones. Los pases no son transferibles, no tienen valor en efectivo, deben usarse el d\u00eda en que se reciben y no pueden reemplazarse en caso de p\u00e9rdida o robo. &nbsp;<\/p>\n<p>**tripulaci\u00f3n eres t\u00fa + hasta 9 personas m\u00e1s<\/p>\n<h4>\n\t\t\u00a1Muchas gracias a nuestros amigos y patrocinadores por hacer esto posible!\n\t<\/h4>\n\t\t\t\t<img loading=\"lazy\" decoding=\"async\" src=\"https:\/\/denverzoo.org\/wp-content\/uploads\/2022\/03\/1200px-Union_pacific_railroad_logo.svg_-150x150.png\" alt=\"1200px-Union_pacific_railroad_logo.svg\" itemprop=\"image\" height=\"150\" width=\"150\" title=\"1200px-Union_pacific_railroad_logo.svg\" onerror=\"this.style.display='none'\">\n\t\t\t\t<img loading=\"lazy\" decoding=\"async\" src=\"https:\/\/denverzoo.org\/wp-content\/uploads\/2022\/06\/21-05-110-XEFoundationLogo-FINAL-OL-220x54.png\" alt=\"21-05-110 XEFoundationLogo-FINAL-OL\" itemprop=\"image\" height=\"54\" width=\"220\" title=\"21-05-110 XEFoundationLogo-FINAL-OL\" onerror=\"this.style.display='none'\">","protected":false},"excerpt":{"rendered":"","protected":false},"author":82,"featured_media":0,"parent":0,"menu_order":0,"comment_status":"closed","ping_status":"closed","template":"","meta":{"_acf_changed":false,"_relevanssi_hide_post":"","_relevanssi_hide_content":"","_relevanssi_pin_for_all":"","_relevanssi_pin_keywords":"","_relevanssi_unpin_keywords":"","_relevanssi_related_keywords":"","_relevanssi_related_include_ids":"","_relevanssi_related_exclude_ids":"","_relevanssi_related_no_append":"","_relevanssi_related_not_related":"","_relevanssi_related_posts":"","_relevanssi_noindex_reason":"","footnotes":""},"class_list":["post-25957","page","type-page","status-publish","hentry"],"acf":[],"_links":{"self":[{"href":"https:\/\/denverzoo.org\/es\/wp-json\/wp\/v2\/pages\/25957","targetHints":{"allow":["GET"]}}],"collection":[{"href":"https:\/\/denverzoo.org\/es\/wp-json\/wp\/v2\/pages"}],"about":[{"href":"https:\/\/denverzoo.org\/es\/wp-json\/wp\/v2\/types\/page"}],"author":[{"embeddable":true,"href":"https:\/\/denverzoo.org\/es\/wp-json\/wp\/v2\/users\/82"}],"replies":[{"embeddable":true,"href":"https:\/\/denverzoo.org\/es\/wp-json\/wp\/v2\/comments?post=25957"}],"version-history":[{"count":0,"href":"https:\/\/denverzoo.org\/es\/wp-json\/wp\/v2\/pages\/25957\/revisions"}],"wp:attachment":[{"href":"https:\/\/denverzoo.org\/es\/wp-json\/wp\/v2\/media?parent=25957"}],"curies":[{"name":"gracias","href":"https:\/\/api.w.org\/{rel}","templated":true}]}}