{"id":26344,"date":"2022-04-16T12:01:46","date_gmt":"2022-04-16T18:01:46","guid":{"rendered":"https:\/\/denverzoo.org\/?page_id=26344"},"modified":"2023-05-30T16:38:52","modified_gmt":"2023-05-30T22:38:52","slug":"fire-relief","status":"publish","type":"page","link":"https:\/\/denverzoo.org\/es\/fire-relief\/","title":{"rendered":"Fondo de recuperaci\u00f3n de incendios del zool\u00f3gico de Denver"},"content":{"rendered":"<h1>\n\t\tFondo de recuperaci\u00f3n de incendios del zool\u00f3gico de Denver\n\t<\/h1>\n\t<p>Lauren Cahill, especialista en cuidado de animales de TEP en el zool\u00f3gico de Denver, experiment\u00f3 un incendio traum\u00e1tico en su casa el pasado fin de semana. Ella y sus gatos est\u00e1n a salvo, pero perdi\u00f3 muchas de sus posesiones.<\/p>\n<p>El zool\u00f3gico de Denver ha establecido este fondo para ayudarla a recuperarse. Cualquier cantidad de donaci\u00f3n es muy apreciada.<\/p>\n<p>Gracias por su generosidad mientras apoyamos a Lauren durante este momento dif\u00edcil.<\/p>","protected":false},"excerpt":{"rendered":"","protected":false},"author":11,"featured_media":26345,"parent":0,"menu_order":0,"comment_status":"closed","ping_status":"closed","template":"","meta":{"_acf_changed":false,"_relevanssi_hide_post":"","_relevanssi_hide_content":"","_relevanssi_pin_for_all":"","_relevanssi_pin_keywords":"","_relevanssi_unpin_keywords":"","_relevanssi_related_keywords":"","_relevanssi_related_include_ids":"","_relevanssi_related_exclude_ids":"","_relevanssi_related_no_append":"","_relevanssi_related_not_related":"","_relevanssi_related_posts":"","_relevanssi_noindex_reason":"","footnotes":""},"class_list":["post-26344","page","type-page","status-publish","has-post-thumbnail","hentry"],"acf":[],"_links":{"self":[{"href":"https:\/\/denverzoo.org\/es\/wp-json\/wp\/v2\/pages\/26344","targetHints":{"allow":["GET"]}}],"collection":[{"href":"https:\/\/denverzoo.org\/es\/wp-json\/wp\/v2\/pages"}],"about":[{"href":"https:\/\/denverzoo.org\/es\/wp-json\/wp\/v2\/types\/page"}],"author":[{"embeddable":true,"href":"https:\/\/denverzoo.org\/es\/wp-json\/wp\/v2\/users\/11"}],"replies":[{"embeddable":true,"href":"https:\/\/denverzoo.org\/es\/wp-json\/wp\/v2\/comments?post=26344"}],"version-history":[{"count":0,"href":"https:\/\/denverzoo.org\/es\/wp-json\/wp\/v2\/pages\/26344\/revisions"}],"wp:featuredmedia":[{"embeddable":true,"href":"https:\/\/denverzoo.org\/es\/wp-json\/wp\/v2\/media\/26345"}],"wp:attachment":[{"href":"https:\/\/denverzoo.org\/es\/wp-json\/wp\/v2\/media?parent=26344"}],"curies":[{"name":"gracias","href":"https:\/\/api.w.org\/{rel}","templated":true}]}}