{"id":26479,"date":"2022-04-28T12:05:41","date_gmt":"2022-04-28T18:05:41","guid":{"rendered":"https:\/\/denverzoo.org\/?page_id=26479"},"modified":"2024-11-15T14:59:34","modified_gmt":"2024-11-15T21:59:34","slug":"boreal-toad-conservation-team","status":"publish","type":"page","link":"https:\/\/denverzoo.org\/es\/boreal-toad-conservation-team\/","title":{"rendered":"Equipo de conservaci\u00f3n del sapo boreal"},"content":{"rendered":"<div  class='lhl-section urbi-component urbi-component front_view lhl_comp_width_inherit lhl_spacing_t_09 lhl_spacing_b_09 lhl_spacing_l_00 lhl_spacing_r_00 section-background-t' ><div class=\"urbi-component-inner\">\n    <div class=\"is-layout-constrained\">\n\n<h4 class=\"wp-block-heading has-text-align-center\">\u00a1LOS SAPOS BOREALES DE COLORADO EST\u00c1N EN PROBLEMAS Y NECESITAMOS TU AYUDA PARA SALVARLOS!<\/h4>\n\n\n\n<p class=\"has-text-align-center\"><strong>A medida que el hongo quitridio mortal contin\u00faa propag\u00e1ndose de un humedal a otro, los sapos boreales necesitan nuestra ayuda si quieren sobrevivir. En colaboraci\u00f3n con Colorado Parks and Wildlife, el Zool\u00f3gico de Denver est\u00e1 tomando dos medidas de conservaci\u00f3n para recuperar a los sapos boreales del borde del abismo en Colorado:&nbsp;<\/strong><\/p>\n\n\n\n<p class=\"has-text-align-center\"><strong>Cr\u00eda + Liberaci\u00f3n.&nbsp;<\/strong>Para evitar que las poblaciones de sapos boreales desaparezcan por completo, estamos utilizando nuestra experiencia en el cuidado de animales para criar estos anfibios nativos en el Zool\u00f3gico de Denver y luego liberar a los renacuajos en la naturaleza. Esto tambi\u00e9n dar\u00e1 a las poblaciones silvestres una mayor oportunidad de desarrollar resistencia gen\u00e9tica al qu\u00edtrido.&nbsp;<\/p>\n\n\n\n<p class=\"has-text-align-center\"><strong>Ciencias Comunitarias.&nbsp;<\/strong>Para salvar al sapo boreal, necesitamos entender c\u00f3mo les va en Colorado,&nbsp;<strong>\u00a1y ah\u00ed es donde entras t\u00fa!<\/strong>&nbsp;En los meses de verano, los cient\u00edficos comunitarios voluntarios del Equipo de Conservaci\u00f3n del Sapo Boreal nos ayudan a buscar este anfibio dif\u00edcil de encontrar en los humedales monta\u00f1osos de Colorado. Los datos que nosotros y nuestros voluntarios recopilamos en este proyecto informan el manejo de los sapos boreales por parte de CPW, identifican sitios futuros para la reintroducci\u00f3n silvestre y descubren poblaciones desconocidas (y esperamos que incluso &#039;s\u00faper sapos&#039; que puedan tener resistencia natural al hongo qu\u00edtrido).&nbsp;<\/p>\n\n\n\n<h6 class=\"wp-block-heading has-text-align-center\">\u00a1Obtenga m\u00e1s informaci\u00f3n sobre la conservaci\u00f3n del sapo boreal y c\u00f3mo puede ser parte de ella haciendo clic en los cuadros a continuaci\u00f3n!<\/h6>\n\n\n\n<h6 class=\"wp-block-heading has-text-align-center\">Y si explorar los humedales de monta\u00f1a en busca de un peque\u00f1o sapo grumoso te parece divertido, \u00a1reg\u00edstrate a continuaci\u00f3n! \u00a1Nos encantar\u00eda tenerte en el Equipo Toad!<\/h6>\n\n\n    \r\n    \r\n    <div class='urbi_button_link center'><a class=\"urbi-link lhl_button lhl_button--small lhl_button_color_default lhl_button_width_default lhl_button--block\" href=\"https:\/\/survey123.arcgis.com\/share\/7089ca14e03744888d307599c61b06d5\" target=\"_blank\" rel=\"noopener noreferrer\" >\u00danete al equipo Sapo<\/a><\/div>\n<\/div>\n\n<\/div>\n<\/div>\n\n\n\n<div  class='lhl-accordion urbi-component urbi-component front_view lhl_comp_width_inherit lhl_spacing_t_09 lhl_spacing_b_09 lhl_spacing_l_00 lhl_spacing_r_00 section-background-t' ><div class=\"urbi-component-inner\">\n    <ul id=\"accordion-6948d\" class=\"uk-accordion lhl-accordion-items\" uk-accordion data-id=\"accordion-6948d\"><li id=\"accordion-6948d--why-is-the-species-struggling-no\" class=\"lhl-accordion-item lhl_mb_40\" data-id=\"accordion-6948d--why-is-the-species-struggling\"><a class=\"uk-accordion-title lhl-accordion-item-title\" href=\"#\">\u00bfPor qu\u00e9 la especie est\u00e1 en lucha?<\/a><div class=\"uk-accordion-content lhl-accordion-item-content\"><p><span data-contrast=\"auto\">Justo en casa en las escarpadas monta\u00f1as de Colorado, los sapos boreales alguna vez estuvieron muy extendidos en todo nuestro estado. Sin embargo, desde la d\u00e9cada de 1980, esta criatura inolvidable ha estado desapareciendo de su h\u00e1bitat hist\u00f3rico de gran altura. El principal culpable es el hongo quitridio, una enfermedad mortal que ha estado devastando las poblaciones de anfibios en todo el mundo durante d\u00e9cadas.\u00a0<\/span><span data-ccp-props=\"{&quot;201341983&quot;:0,&quot;335551550&quot;:1,&quot;335551620&quot;:1,&quot;335559739&quot;:160,&quot;335559740&quot;:259}\">\u00a0<\/span><\/p>\n<p><span data-contrast=\"auto\">Con las poblaciones de sapos boreales desapareciendo, Colorado incluy\u00f3 al sapo boreal como una especie en peligro de extinci\u00f3n en 1993. Si bien la especie se encuentra en todo el oeste de los Estados Unidos, los sapos del sur de las Monta\u00f1as Rocosas (Colorado, el norte de Nuevo M\u00e9xico y el sur de Wyoming) son m\u00e1s vulnerables al hongo qu\u00edtrido que cualquier otra poblaci\u00f3n.\u00a0<\/span><span data-ccp-props=\"{&quot;201341983&quot;:0,&quot;335551550&quot;:1,&quot;335551620&quot;:1,&quot;335559739&quot;:160,&quot;335559740&quot;:259}\">\u00a0<\/span><\/p>\n<p><span data-contrast=\"auto\">El Departamento de Parques y Vida Silvestre de Colorado ha liderado la tarea de recuperar al sapo boreal del borde del abismo. En 2019, el zool\u00f3gico de Denver se involucr\u00f3 en la cr\u00eda y liberaci\u00f3n de sapos boreales de Utah amenazados cerca del Parque Nacional Bryce Canyon. \u00a1Ahora, estamos trabajando para hacer lo mismo en nuestro propio patio trasero!\u00a0<\/span><span data-ccp-props=\"{&quot;201341983&quot;:0,&quot;335551550&quot;:1,&quot;335551620&quot;:1,&quot;335559739&quot;:160,&quot;335559740&quot;:259}\">\u00a0<\/span><\/p>\n<\/div><\/li><li id=\"accordion-6948d--what-can-you-do-to-help-no\" class=\"lhl-accordion-item lhl_mb_40\" data-id=\"accordion-6948d--what-can-you-do-to-help\"><a class=\"uk-accordion-title lhl-accordion-item-title\" href=\"#\">\u00bfQu\u00e9 puedes hacer para ayudar?<\/a><div class=\"uk-accordion-content lhl-accordion-item-content\"><p><span data-contrast=\"auto\">Como cient\u00edfico comunitario del Team Toad, visitar\u00e1s humedales de gran altitud en Colorado para buscar sapos boreales y otros anfibios. Si se encuentra un anfibio adulto o juvenil, se le tomar\u00e1 una muestra para detectar el hongo quitridio.<\/span><span data-ccp-props=\"{&quot;201341983&quot;:0,&quot;335551550&quot;:1,&quot;335551620&quot;:1,&quot;335559739&quot;:160,&quot;335559740&quot;:259}\">\u00a0<\/span><\/p>\n<p><span data-contrast=\"auto\">Esto nos ayudar\u00e1 a determinar la propagaci\u00f3n de esta enfermedad mortal y, con suerte, descubrir poblaciones de sapos que pueden ser resistentes o tolerantes a ella. Sin mencionar que los datos nos ayudan a identificar un h\u00e1bitat adecuado para la futura liberaci\u00f3n de renacuajos criados en cautiverio. En ese momento, nuestro proyecto se expandir\u00e1 no solo para estudiar el h\u00e1bitat hist\u00f3rico, sino tambi\u00e9n para monitorear el \u00e9xito de las reintroducciones de sapos.<\/span><span data-ccp-props=\"{&quot;201341983&quot;:0,&quot;335551550&quot;:1,&quot;335551620&quot;:1,&quot;335559739&quot;:160,&quot;335559740&quot;:259}\">\u00a0<\/span><\/p>\n<p>Todos los cient\u00edficos de la comunidad deben asistir primero a un d\u00eda de campo con el personal del Zool\u00f3gico de Denver, que es b\u00e1sicamente una caminata al h\u00e1bitat de los sapos donde les ense\u00f1aremos nuestros protocolos de desinfecci\u00f3n, recopilaci\u00f3n de datos y manejo de anfibios mientras recopilamos datos reales. \u00a1Despu\u00e9s de eso, podr\u00e1s asistir a m\u00e1s d\u00edas de campo o buscar sapos por tu cuenta!<\/p>\n<\/div><\/li><li id=\"accordion-6948d--who-should-join-team-toad-no\" class=\"lhl-accordion-item lhl_mb_40\" data-id=\"accordion-6948d--who-should-join-team-toad\"><a class=\"uk-accordion-title lhl-accordion-item-title\" href=\"#\">\u00bfQui\u00e9n deber\u00eda unirse al equipo Toad?<\/a><div class=\"uk-accordion-content lhl-accordion-item-content\"><p><span data-contrast=\"auto\">\u00a1No necesitas un t\u00edtulo en ciencias para ser un cient\u00edfico comunitario! Si te apasiona la vida silvestre, disfrutas explorando la naturaleza y est\u00e1s emocionado de aprender algo nuevo, estar\u00edamos encantados de tenerte. Sin embargo, antes de ser voluntario de forma independiente, le solicitamos que asista a un d\u00eda de campo del Equipo Toad con el personal del Zool\u00f3gico de Denver. Esto no solo le brinda la oportunidad de aprender c\u00f3mo recopilar datos precisos, sino que tambi\u00e9n lo ayuda a comprender lo que realmente implica un d\u00eda de encuestas de sapos.\u00a0<\/span><span data-ccp-props=\"{&quot;201341983&quot;:0,&quot;335551550&quot;:1,&quot;335551620&quot;:1,&quot;335559739&quot;:160,&quot;335559740&quot;:259}\">\u00a0<\/span><\/p>\n<p><span data-contrast=\"auto\">Adem\u00e1s, aunque definitivamente no es necesario ser un excursionista experto para participar, es \u00fatil haber tenido algo de experiencia esforz\u00e1ndose a gran altura antes de unirse a un d\u00eda de sapo. La mayor\u00eda de nuestros humedales objetivo requieren varias millas de caminata dentro y fuera de un sendero para llegar a ellos.<\/span><\/p>\n<p><span data-contrast=\"auto\">\u00a1Por supuesto, tambi\u00e9n puedes ser parte del Equipo Toad desde la comodidad de tu hogar! Comparta nuestro proyecto con amigos y familiares para aumentar la conciencia sobre el sapo boreal. Abogue por la acci\u00f3n clim\u00e1tica y reduzca su huella de carbono (ya que el cambio clim\u00e1tico es otra gran amenaza para el sapo boreal). Y, por supuesto, puede apoyar nuestro trabajo de conservaci\u00f3n con sapos boreales y animales de todo el mundo mediante una donaci\u00f3n al Zool\u00f3gico de Denver.<\/span><span data-ccp-props=\"{&quot;201341983&quot;:0,&quot;335551550&quot;:1,&quot;335551620&quot;:1,&quot;335559739&quot;:160,&quot;335559740&quot;:259}\">\u00a0<\/span><\/p>\n<\/div><\/li><li id=\"accordion-6948d--where-does-team-toad-work-no\" class=\"lhl-accordion-item lhl_mb_40\" data-id=\"accordion-6948d--where-does-team-toad-work\"><a class=\"uk-accordion-title lhl-accordion-item-title\" href=\"#\">\u00bfD\u00f3nde trabaja el equipo Toad?<\/a><div class=\"uk-accordion-content lhl-accordion-item-content\"><p><span data-contrast=\"auto\">Estamos enfocados en estudiar el h\u00e1bitat de reproducci\u00f3n del sapo boreal. Los sapos boreales se reproducen en varios tipos de humedales por encima de los 8,000 pies de altura, incluidos estanques de castores, prados h\u00famedos, arroyos lentos, lagos, embalses e incluso parches de agua que se secan al final del verano. Si bien las masas de huevos y los renacuajos solo se encuentran en el agua, es probable que los sapos boreales adultos y juveniles est\u00e9n en lugares h\u00famedos o secos cerca del agua durante la temporada de reproducci\u00f3n.\u00a0<\/span><span data-ccp-props=\"{&quot;201341983&quot;:0,&quot;335551550&quot;:1,&quot;335551620&quot;:1,&quot;335559739&quot;:160,&quot;335559740&quot;:259}\">\u00a0<\/span><\/p>\n<p><span data-contrast=\"auto\">A partir de la experiencia de los bi\u00f3logos de Parques y Vida Silvestre de Colorado, hay humedales objetivo espec\u00edficos en los que queremos centrar nuestra b\u00fasqueda. Estos sitios son lugares que parecen potencialmente un gran h\u00e1bitat para sapos o donde se han visto sapos boreales en el pasado. Nuestros humedales objetivo son lugares hermosos repartidos por las monta\u00f1as de Colorado. En 2023, hay concentraciones particulares de sitios en San Juan, el Valle de Arkansas y Northern Front Range.<\/span><\/p>\n<p><span data-contrast=\"auto\">Tambi\u00e9n le invitamos a buscar sapos boreales en cualquier humedal de acceso p\u00fablico que cumpla con la definici\u00f3n de h\u00e1bitat de reproducci\u00f3n de sapos boreales. Para obtener m\u00e1s informaci\u00f3n sobre las preferencias de h\u00e1bitat del sapo boreal, consulte\u00a0<\/span><a href=\"https:\/\/cpw.state.co.us\/Documents\/LandWater\/WetlandsProgram\/PrioritySpecies\/Factsheet-and-Habitat-Scorecard_BorealToad.pdf\"><span data-contrast=\"none\">Cuadro de mando del h\u00e1bitat del sapo boreal de CPW<\/span><\/a><span data-contrast=\"auto\">.<\/span><span data-ccp-props=\"{&quot;201341983&quot;:0,&quot;335551550&quot;:1,&quot;335551620&quot;:1,&quot;335559739&quot;:160,&quot;335559740&quot;:259}\">\u00a0<\/span><\/p>\n<\/div><\/li><li id=\"accordion-6948d--what-are-ideal-surveying-conditions-no\" class=\"lhl-accordion-item lhl_mb_40\" data-id=\"accordion-6948d--what-are-ideal-surveying-conditions\"><a class=\"uk-accordion-title lhl-accordion-item-title\" href=\"#\">\u00bfCu\u00e1les son las condiciones topogr\u00e1ficas ideales?<\/a><div class=\"uk-accordion-content lhl-accordion-item-content\"><p><span data-contrast=\"auto\">Los sapos boreales est\u00e1n bien adaptados a la vida entre 8,000 y 12,000 pies de altura, donde las condiciones son demasiado duras para que la mayor\u00eda de los anfibios sobrevivan. Durante gran parte del a\u00f1o, el h\u00e1bitat de los sapos est\u00e1 enterrado bajo la nieve, pero cuando la nieve se derrite, los sapos se re\u00fanen en estanques de reproducci\u00f3n.\u00a0<\/span><span data-ccp-props=\"{&quot;201341983&quot;:0,&quot;335551550&quot;:1,&quot;335551620&quot;:1,&quot;335559739&quot;:160,&quot;335559740&quot;:259}\">\u00a0<\/span><\/p>\n<p><span data-contrast=\"auto\">Por estas razones, es mejor encuestar<\/span>\u00a0<i><span data-contrast=\"auto\">poco despu\u00e9s de que el humedal se derrita<\/span><\/i>\u00a0<span data-contrast=\"auto\">(con mucho, el momento m\u00e1s f\u00e1cil para encontrar adultos y cuando se pueden encontrar masas de huevos en el agua) o<\/span>\u00a0<i><span data-contrast=\"auto\">~6 a 10 semanas despu\u00e9s de eso\u00a0<\/span><\/i><span data-contrast=\"auto\">(cuando los renacuajos de sapo se han vuelto m\u00e1s grandes y m\u00e1s f\u00e1ciles de ver). No existe una estrategia \u00fanica para saber cu\u00e1ndo inspeccionar un humedal en busca de sapos. En cambio, var\u00eda seg\u00fan las condiciones locales.<\/span><span data-ccp-props=\"{&quot;201341983&quot;:0,&quot;335551550&quot;:1,&quot;335551620&quot;:1,&quot;335559739&quot;:160,&quot;335559740&quot;:259}\">\u00a0<\/span><\/p>\n<p><span data-contrast=\"auto\">Los sitios que tienen una elevaci\u00f3n m\u00e1s baja y donde el cuerpo de agua de reproducci\u00f3n recibe m\u00e1s luz solar se derretir\u00e1n antes y tendr\u00e1n renacuajos que crecer\u00e1n m\u00e1s r\u00e1pido. Lo contrario es cierto para los sitios que son m\u00e1s elevados y m\u00e1s sombreados.<\/span><span data-ccp-props=\"{&quot;201341983&quot;:0,&quot;335551550&quot;:1,&quot;335551620&quot;:1,&quot;335559739&quot;:160,&quot;335559740&quot;:259}\">\u00a0<\/span><\/p>\n<\/div><\/li><li id=\"accordion-6948d--why-do-boreal-toads-matter-no\" class=\"lhl-accordion-item lhl_mb_40\" data-id=\"accordion-6948d--why-do-boreal-toads-matter\"><a class=\"uk-accordion-title lhl-accordion-item-title\" href=\"#\">\u00bfPor qu\u00e9 son importantes los sapos boreales?<\/a><div class=\"uk-accordion-content lhl-accordion-item-content\"><p><span class=\"TextRun SCXW215467418 BCX0\" lang=\"EN-US\" xml:lang=\"EN-US\" data-contrast=\"auto\"><span class=\"NormalTextRun SCXW215467418 BCX0\">Debido al hongo quitridio y otras amenazas, los sapos boreales enfrentan un futuro extremadamente incierto en Colorado. Sin intervenci\u00f3n humana, tienen muchas posibilidades de desaparecer. La conservaci\u00f3n de especies como el sapo boreal es fundamental para mantener ecosistemas saludables, particularmente en los alpinos, donde hay muy pocas especies de anfibios en primer lugar. Los anfibios como los sapos boreales ocupan una parte clave de las redes alimentarias y proporcionan prote\u00ednas esenciales a otras especies, como mapaches, zorros, aves o presas, y m\u00e1s.<\/span><\/span><\/p>\n<p><span class=\"TextRun SCXW215467418 BCX0\" lang=\"EN-US\" xml:lang=\"EN-US\" data-contrast=\"auto\"><span class=\"NormalTextRun SCXW215467418 BCX0\">Pero igual de importante, creemos en salvar la vida silvestre para las generaciones futuras, y no queremos imaginar un<\/span><span class=\"NormalTextRun SCXW215467418 BCX0\">\u00a0Colorado<\/span><span class=\"NormalTextRun SCXW215467418 BCX0\">\u00a0sin el sapo boreal.<\/span><\/span><span class=\"EOP SCXW215467418 BCX0\" data-ccp-props=\"{&quot;201341983&quot;:0,&quot;335551550&quot;:1,&quot;335551620&quot;:1,&quot;335559739&quot;:160,&quot;335559740&quot;:259}\">\u00a0<\/span><\/p>\n<\/div><\/li><li id=\"accordion-6948d--how-to-get-started-no\" class=\"lhl-accordion-item lhl_mb_40\" data-id=\"accordion-6948d--how-to-get-started\"><a class=\"uk-accordion-title lhl-accordion-item-title\" href=\"#\">\u00bfC\u00f3mo empezar?<\/a><div class=\"uk-accordion-content lhl-accordion-item-content\"><ol>\n<li data-leveltext=\"%1.\" data-font=\"Calibri\" data-listid=\"9\" data-aria-posinset=\"1\" data-aria-level=\"1\"><span data-contrast=\"auto\">Reg\u00edstrese como voluntario interesado ahora para estar listo para la temporada de voluntariado (de mayo a agosto).<\/span><span data-ccp-props=\"{&quot;201341983&quot;:0,&quot;335551550&quot;:1,&quot;335551620&quot;:1,&quot;335559737&quot;:0,&quot;335559739&quot;:160,&quot;335559740&quot;:259}\">\u00a0<\/span><\/li>\n<li data-leveltext=\"%1.\" data-font=\"Calibri\" data-listid=\"9\" data-aria-posinset=\"1\" data-aria-level=\"1\"><span data-contrast=\"auto\">Inf\u00f3rmese sobre los sapos boreales y los protocolos de recopilaci\u00f3n de datos del proyecto.<\/span><span data-ccp-props=\"{&quot;201341983&quot;:0,&quot;335551550&quot;:1,&quot;335551620&quot;:1,&quot;335559737&quot;:0,&quot;335559739&quot;:160,&quot;335559740&quot;:259}\">\u00a0<\/span><\/li>\n<li data-leveltext=\"%1.\" data-font=\"Calibri\" data-listid=\"9\" data-aria-posinset=\"1\" data-aria-level=\"1\"><span data-contrast=\"auto\">Reg\u00edstrese para un d\u00eda de campo de Team Toad (aprenda c\u00f3mo recopilar datos + desinfectar para quitridio).<\/span><span data-ccp-props=\"{&quot;201341983&quot;:0,&quot;335551550&quot;:1,&quot;335551620&quot;:1,&quot;335559737&quot;:0,&quot;335559739&quot;:160,&quot;335559740&quot;:259}\">\u00a0<\/span><\/li>\n<li data-leveltext=\"%1.\" data-font=\"Calibri\" data-listid=\"9\" data-aria-posinset=\"1\" data-aria-level=\"1\"><span data-contrast=\"auto\">\u00danase a nuestro personal para futuros Field Days, \u00a1o salga de forma independiente con un amigo!<\/span><span data-ccp-props=\"{&quot;201341983&quot;:0,&quot;335551550&quot;:1,&quot;335551620&quot;:1,&quot;335559685&quot;:720,&quot;335559737&quot;:0,&quot;335559739&quot;:160,&quot;335559740&quot;:259,&quot;335559991&quot;:360}\">\u00a0<\/span><\/li>\n<\/ol>\n<\/div><\/li><\/ul>\n<\/div>\n\n<\/div>\n\n\n\n\n<div  class='lhl-section urbi-component urbi-component front_view lhl_comp_width_inherit lhl_spacing_t_09 lhl_spacing_b_09 lhl_spacing_l_00 lhl_spacing_r_00 section-background-t urbi-component-bg--meadow-glow' ><div class=\"urbi-component-inner\">\n    <div class=\"is-layout-constrained\">\n\n<h3 class=\"wp-block-heading has-text-align-center\"><strong>EQUIPO DE CONSERVACI\u00d3N DEL SAPO BOREAL<\/strong><\/h3>\n\n\n\n<p class=\"has-text-align-center\"><strong>D\u00d3NDE: Humedales en las Monta\u00f1as Rocosas de Colorado<br>QU\u00c9: Senderismo, recopilaci\u00f3n de datos + hisopado&nbsp;<br>CU\u00c1NDO: de mayo a agosto<\/strong><\/p>\n\n\n\n<p class=\"has-text-align-center\">En peligro de extinci\u00f3n y en declive en Colorado, el sapo boreal es especialmente vulnerable al hongo quitridio mortal. Estamos buscando cient\u00edficos de la comunidad para que nos ayuden a monitorear el h\u00e1bitat de las tierras altas de la especie, incluida la b\u00fasqueda de sapos y muestras de quitridio. Esto nos ayudar\u00e1 a comprender la salud de las poblaciones silvestres actuales y determinar los lugares adecuados para la futura reintroducci\u00f3n de sapos criados en cautividad en el Zool\u00f3gico de Denver.<\/p>\n\n\n    \r\n    \r\n    <div class='urbi_button_link center'><a class=\"urbi-link lhl_button lhl_button--small lhl_button_color_default lhl_button_width_default lhl_button--block\" href=\"https:\/\/survey123.arcgis.com\/share\/7089ca14e03744888d307599c61b06d5\" target=\"\" rel=\"noopener noreferrer\" >\u00danete al equipo Sapo<\/a><\/div>\n<\/div>\n\n<\/div>\n<\/div>","protected":false},"excerpt":{"rendered":"","protected":false},"author":82,"featured_media":0,"parent":0,"menu_order":0,"comment_status":"closed","ping_status":"closed","template":"","meta":{"_acf_changed":false,"_relevanssi_hide_post":"","_relevanssi_hide_content":"","_relevanssi_pin_for_all":"","_relevanssi_pin_keywords":"","_relevanssi_unpin_keywords":"","_relevanssi_related_keywords":"","_relevanssi_related_include_ids":"","_relevanssi_related_exclude_ids":"","_relevanssi_related_no_append":"","_relevanssi_related_not_related":"","_relevanssi_related_posts":"","_relevanssi_noindex_reason":"","footnotes":""},"class_list":["post-26479","page","type-page","status-publish","hentry"],"acf":[],"_links":{"self":[{"href":"https:\/\/denverzoo.org\/es\/wp-json\/wp\/v2\/pages\/26479","targetHints":{"allow":["GET"]}}],"collection":[{"href":"https:\/\/denverzoo.org\/es\/wp-json\/wp\/v2\/pages"}],"about":[{"href":"https:\/\/denverzoo.org\/es\/wp-json\/wp\/v2\/types\/page"}],"author":[{"embeddable":true,"href":"https:\/\/denverzoo.org\/es\/wp-json\/wp\/v2\/users\/82"}],"replies":[{"embeddable":true,"href":"https:\/\/denverzoo.org\/es\/wp-json\/wp\/v2\/comments?post=26479"}],"version-history":[{"count":0,"href":"https:\/\/denverzoo.org\/es\/wp-json\/wp\/v2\/pages\/26479\/revisions"}],"wp:attachment":[{"href":"https:\/\/denverzoo.org\/es\/wp-json\/wp\/v2\/media?parent=26479"}],"curies":[{"name":"gracias","href":"https:\/\/api.w.org\/{rel}","templated":true}]}}