{"id":26540,"date":"2022-05-06T09:25:24","date_gmt":"2022-05-06T15:25:24","guid":{"rendered":"https:\/\/denverzoo.org\/?page_id=26540"},"modified":"2023-05-25T09:35:25","modified_gmt":"2023-05-25T15:35:25","slug":"temp-test-page","status":"publish","type":"page","link":"https:\/\/denverzoo.org\/es\/temp-test-page\/","title":{"rendered":"P\u00e1gina de temperatura\/prueba"},"content":{"rendered":"<h3>\n\t\tLorem ipsum\n\t<\/h3>\n\t<p>Lorem Ipsum<\/p>\n<h1>\n\t\tLorem Ipsum\n\t<\/h1>\n<h2>\n\t\tDolor Sit Amet\n\t<\/h2>\n\t<p>Lorem ipsum dolor sit amet, cum id erat solet. Id facer nonumes cum, ei ipsum recteque intellegat duo, cu pro eius euismod. Facer dissntias vel ut, qui ferri autem aliquando no.<\/p>\n\t\t\t<a href=\"#test\" target=\"_self\" role=\"button\" rel=\"noopener\">\n\t\t\t\t\t\t\tHaga clic aqu\u00ed\n\t\t\t\t\t<\/a>\n\t<iframe loading=\"lazy\" width=\"560\" height=\"315\" src=\"https:\/\/www.youtube.com\/embed\/-LkTF1cC670\" title=\"Reproductor de video de YouTube\" frameborder=\"0\" allow=\"accelerometer; autoplay; clipboard-write; encrypted-media; gyroscope; picture-in-picture\" allowfullscreen><\/iframe>\n\t<h3>Dolor Sit Amet<\/h3>\n<p>Lorem ipsum dolor sit amet, cum id erat solet. Id facer nonumes cum, ei ipsum recteque intellegat duo, cu pro eius euismod. Facer dissntias vel ut, qui ferri autem aliquando no.<\/p>\n<h4>Dolor Sit Amet<\/h4>\n<h5>Lorem ipsum dolor sit amet<\/h5>\n<p>Lorem ipsum dolor sit amet, cum id erat solet. Id facer nonumes cum, ei ipsum recteque intellegat duo, cu pro eius euismod. Facer dissntias vel ut, qui ferri autem aliquando no.<\/p>\n\t\t\t\t<!-- Inline Block Space Fix\n\t\t\t\t\t\t\t\t\t\t\t\t\t\t\t\t\t\t\t\t\t\t\t\t-->\n\t\t\t\t\t\t\t\t\t<!-- Inline Block Space Fix\n\t\t\t\t\t\t\t\t\t\t\t\t\t\t\t\t--><!-- Inline Block Space Fix\n\t\t\t\t\t\t\t\t\t\t\t\t\t\t\t\t\t\t\t--><h3>PRUEBAS<\/h3><!-- Inline Block Space Fix\n\t\t\t\t\t\t\t\t\t\t\t\t\t\t\t\t\t\t\t\t\t\t\t\t\t-->\n\t\t\t\t\t\t\t\t<p>PRUEBAS<\/p>\t\t\t\t\t\t\t<!-- Inline Block Space Fix\n\t\t\t\t\t\t\t\t\t\t\t--><!-- Inline Block Space Fix\n\t\t\t\t\t\t\t\t\t\t--><!-- Inline Block Space Fix\n\t\t\t\t-->\n\t\t\t\t<!-- Overlay for Style 1 -->\n\t\t\t<!-- END .front -->\n\t\t\t\t\t\t\t\t\t<h3>Deslice el cuadro hacia atr\u00e1s<\/h3>\n\t\t\t\t\t\t<ul><li>\u00bfEh?<\/li><\/ul>\t\t\t\t\t\n\t\t\t\t\t\t\t\t\t\t<a href=\"\" target=\"_self\" rel=\"noopener\">Lee mas<\/a>\t\t\t\t\n\t\t\t\t\t\t\t\t\t\t\t\t<img decoding=\"async\" src=\"https:\/\/denverzoo.org\/wp-content\/uploads\/2021\/08\/HeroBongo.jpg\" alt=\"\"\/>\n\t\t\t\t\t\t\t\t\t\t\t\t<img decoding=\"async\" src=\"https:\/\/denverzoo.org\/wp-content\/uploads\/2021\/08\/BongoUpClose_Hero.jpg\" alt=\"\"\/>\n\t\t\t\t<img decoding=\"async\" src=\"https:\/\/denverzoo.org\/wp-content\/uploads\/2021\/08\/BongoFeatures.jpg\" alt=\"Clover + Felix &lt;\/br&gt;Eastern Bongos\" itemprop=\"image\"\/>\n\t\t\t\t\t\t\t\t\t\t\t\t<h2>\u00a1Vamos a darle la vuelta!<\/h2>\n\t\t\t\t\t\t<p>Lorem Ipsum es simplemente un texto de relleno de las imprentas y archivos de texto. Lorem Ipsum ha sido el texto de relleno est\u00e1ndar de las industrias desde el a\u00f1o 1500.<\/p>\t\t\t\t\t\n\t\t\t<!-- END .front -->\n\t\t\t\t\t\t\t\t\t\t<h2>\u00a1Enfriar!<\/h2>\n\t\t\t\t\t\t<p>Lorem Ipsum es simplemente un texto ficticio de la industria de la impresi\u00f3n y la composici\u00f3n tipogr\u00e1fica. Lorem Ipsum ha sido el texto ficticio est\u00e1ndar de la industria desde el siglo XVI.<\/p>\t\t\t\t\t\n\t\t\t<!-- END .back -->\n\t\t <!-- ifb-flip-box -->\n\t <!-- flip-box -->\n\t\t\t\t<img decoding=\"async\" src=\"https:\/\/denverzoo.org\/wp-content\/uploads\/2021\/08\/BongoFeatures.jpg\" alt=\"Clover + Felix &lt;\/br&gt;Eastern Bongos\" itemprop=\"image\"\/>\n\t\t\t\t\t\t\t\t\t\t\t\t<h2>\u00a1Vamos a darle la vuelta!<\/h2>\n\t\t\t\t\t\t<p>Lorem Ipsum es simplemente un texto de relleno de las imprentas y archivos de texto. Lorem Ipsum ha sido el texto de relleno est\u00e1ndar de las industrias desde el a\u00f1o 1500.<\/p>\t\t\t\t\t\n\t\t\t<!-- END .front -->\n\t\t\t\t\t\t\t\t\t\t<h2>\u00a1Enfriar!<\/h2>\n\t\t\t\t\t\t<p>Lorem Ipsum es simplemente un texto ficticio de la industria de la impresi\u00f3n y la composici\u00f3n tipogr\u00e1fica. Lorem Ipsum ha sido el texto ficticio est\u00e1ndar de la industria desde el siglo XVI.<\/p>\t\t\t\t\t\n\t\t\t<!-- END .back -->\n\t\t <!-- ifb-flip-box -->\n\t <!-- flip-box -->\n<h3>\n\t\tLorem ipsum\n\t<\/h3>\n\t<p>Lorem Ipsum<\/p>\n<h1>\n\t\tLorem Ipsum\n\t<\/h1>\n<h2>\n\t\tDolor Sit Amet\n\t<\/h2>\n\t<p>Lorem ipsum dolor sit amet, cum id erat solet. Id facer nonumes cum, ei ipsum recteque intellegat duo, cu pro eius euismod. Facer dissntias vel ut, qui ferri autem aliquando no.<\/p>\n\t\t\t<a href=\"\" target=\"_self\" role=\"button\" rel=\"noopener\">\n\t\t\t\t\t\t\tPuedes colocar un bot\u00f3n en un contenedor que ya tenga esa etiqueta\n\t\t\t\t\t<\/a>\n\t\t\t<a href=\"\" target=\"_self\" role=\"button\" rel=\"noopener\">\n\t\t\t\t\t\t\tHaga clic aqu\u00ed\n\t\t\t\t\t<\/a>\n\t\t\t<a href=\"\" target=\"_self\" role=\"button\" rel=\"noopener\">\n\t\t\t\t\t\t\tO simplemente usa la plantilla y clona un bot\u00f3n\n\t\t\t\t\t<\/a>\n\t<h3>Dolor Sit Amet<\/h3>\n<p>Lorem ipsum dolor sit amet, cum id erat solet. Id facer nonumes cum, ei ipsum recteque intellegat duo, cu pro eius euismod. Facer dissntias vel ut, qui ferri autem aliquando no.<\/p>\n<h4>Dolor Sit Amet<\/h4>\n<h5>Lorem ipsum dolor sit amet<\/h5>\n<p>Lorem ipsum dolor sit amet, cum id erat solet. Id facer nonumes cum, ei ipsum recteque intellegat duo, cu pro eius euismod. Facer dissntias vel ut, qui ferri autem aliquando no.<\/p>","protected":false},"excerpt":{"rendered":"","protected":false},"author":11,"featured_media":0,"parent":0,"menu_order":0,"comment_status":"closed","ping_status":"closed","template":"","meta":{"_acf_changed":false,"_relevanssi_hide_post":"","_relevanssi_hide_content":"","_relevanssi_pin_for_all":"","_relevanssi_pin_keywords":"","_relevanssi_unpin_keywords":"","_relevanssi_related_keywords":"","_relevanssi_related_include_ids":"","_relevanssi_related_exclude_ids":"","_relevanssi_related_no_append":"","_relevanssi_related_not_related":"","_relevanssi_related_posts":"","_relevanssi_noindex_reason":"","footnotes":""},"class_list":["post-26540","page","type-page","status-publish","hentry"],"acf":[],"_links":{"self":[{"href":"https:\/\/denverzoo.org\/es\/wp-json\/wp\/v2\/pages\/26540","targetHints":{"allow":["GET"]}}],"collection":[{"href":"https:\/\/denverzoo.org\/es\/wp-json\/wp\/v2\/pages"}],"about":[{"href":"https:\/\/denverzoo.org\/es\/wp-json\/wp\/v2\/types\/page"}],"author":[{"embeddable":true,"href":"https:\/\/denverzoo.org\/es\/wp-json\/wp\/v2\/users\/11"}],"replies":[{"embeddable":true,"href":"https:\/\/denverzoo.org\/es\/wp-json\/wp\/v2\/comments?post=26540"}],"version-history":[{"count":0,"href":"https:\/\/denverzoo.org\/es\/wp-json\/wp\/v2\/pages\/26540\/revisions"}],"wp:attachment":[{"href":"https:\/\/denverzoo.org\/es\/wp-json\/wp\/v2\/media?parent=26540"}],"curies":[{"name":"gracias","href":"https:\/\/api.w.org\/{rel}","templated":true}]}}