{"id":26574,"date":"2025-05-15T15:47:07","date_gmt":"2025-05-15T21:47:07","guid":{"rendered":"https:\/\/denverzoo.org\/?page_id=26574"},"modified":"2026-04-13T14:59:04","modified_gmt":"2026-04-13T20:59:04","slug":"community-science","status":"publish","type":"page","link":"https:\/\/denverzoo.org\/es\/community-science\/","title":{"rendered":"Ciencia Comunitaria"},"content":{"rendered":"<div  class='lhl-section urbi-component urbi-component front_view lhl_comp_width_inherit lhl_spacing_t_09 lhl_spacing_b_09 lhl_spacing_l_00 lhl_spacing_r_00 section-background-t' ><div class=\"urbi-component-inner\">\n    <div class=\"is-layout-constrained\">\n\n<h2 class=\"wp-block-heading has-text-align-center\">\u00danase a la Alianza para la Conservaci\u00f3n del Zool\u00f3gico de Denver<br>Equipo cient\u00edfico comunitario<\/h2>\n\n\n\n<h4 class=\"wp-block-heading has-text-align-center\">\u00bfTe apasiona la vida salvaje y los espacios naturales? \u00a1Te necesitamos!<\/h4>\n\n\n\n<p class=\"has-text-align-center\">Como organizaci\u00f3n sin fines de lucro, a menudo recurrimos a la experiencia de cient\u00edficos comunitarios: voluntarios dedicados que nos permiten ampliar el alcance de nuestros esfuerzos de conservaci\u00f3n al ayudarnos con tareas esenciales sobre el terreno. Los proyectos, las ubicaciones y las especies afectadas var\u00edan, pero te garantizamos que marcar\u00e1s la diferencia trabajando por una buena causa en algunos de los lugares m\u00e1s impresionantes de Colorado.<\/p>\n\n<\/div>\n\n<\/div>\n<\/div>\n\n\n\n\n<div  class='lhl-section urbi-component urbi-component front_view lhl_spacing_t_10 lhl_spacing_b_09 lhl_spacing_l_00 lhl_spacing_r_00 section-background-t urbi-component-bg--white  bg-pattern-option4' ><div class=\"urbi-component-inner\">\n    <div class=\"is-layout-constrained\">\n\n<div class=\"wp-block-columns is-layout-flex wp-container-core-columns-is-layout-28f84493 wp-block-columns-is-layout-flex\">\n<div class=\"wp-block-column is-layout-flow wp-block-column-is-layout-flow\">\n\n\n<div  class='lhl-card urbi-component urbi-component front_view lhl_comp_width_inherit lhl_spacing_t_00 lhl_spacing_b_04 lhl_spacing_l_00 lhl_spacing_r_00 section-background-1  lhl_card  lhl_card_shadow_3 lhl_card_radius_0' ><div class=\"urbi-component-inner\">\n    <div class=\"acf-innerblocks-container\">\n\n<figure class=\"wp-block-image alignfull size-large\"><img loading=\"lazy\" decoding=\"async\" width=\"1024\" height=\"576\" src=\"https:\/\/denverzoo.org\/wp-content\/uploads\/2024\/06\/BorealToad-edited-1-1024x576.png\" alt=\"\" class=\"wp-image-37052\" srcset=\"https:\/\/denverzoo.org\/wp-content\/uploads\/2024\/06\/BorealToad-edited-1-1024x576.png 1024w, https:\/\/denverzoo.org\/wp-content\/uploads\/2024\/06\/BorealToad-edited-1-220x124.png 220w, https:\/\/denverzoo.org\/wp-content\/uploads\/2024\/06\/BorealToad-edited-1-768x432.png 768w, https:\/\/denverzoo.org\/wp-content\/uploads\/2024\/06\/BorealToad-edited-1-50x28.png 50w, https:\/\/denverzoo.org\/wp-content\/uploads\/2024\/06\/BorealToad-edited-1-1600x900.png 1600w, https:\/\/denverzoo.org\/wp-content\/uploads\/2024\/06\/BorealToad-edited-1-1536x864.png 1536w, https:\/\/denverzoo.org\/wp-content\/uploads\/2024\/06\/BorealToad-edited-1-18x10.png 18w, https:\/\/denverzoo.org\/wp-content\/uploads\/2024\/06\/BorealToad-edited-1.png 1778w\" sizes=\"auto, (max-width: 1024px) 100vw, 1024px\" \/><\/figure>\n\n\n\n\n\n<div  class='lhl-section urbi-component urbi-component front_view lhl_comp_width_inherit lhl_spacing_t_04 lhl_spacing_b_09 lhl_spacing_l_04 lhl_spacing_r_04 section-background-t' ><div class=\"urbi-component-inner\">\n    <div class=\"is-layout-constrained\">\n\n<h2 class=\"wp-block-heading has-text-align-center\"><strong>EQUIPO DE CONSERVACI\u00d3N DEL SAPO BOREAL<\/strong><\/h2>\n\n\n\n<p><strong>DONDE:<\/strong> Monta\u00f1as Rocosas de Colorado (humedales)<br><strong>QU\u00c9: <\/strong>Senderismo, recopilaci\u00f3n de datos + muestreo<br><strong>CUANDO:<\/strong> Mayo-agosto<\/p>\n\n\n\n<p>El sapo boreal, en peligro de extinci\u00f3n y en declive en Colorado, es especialmente vulnerable al hongo qu\u00edtrido, un hongo mortal. Buscamos cient\u00edficos comunitarios que nos ayuden a monitorear el h\u00e1bitat de la especie en las zonas altas, lo que incluye buscar sapos y tomarles muestras para detectar el hongo qu\u00edtrido. Esto nos ayudar\u00e1 a comprender la salud de las poblaciones silvestres actuales y determinar lugares adecuados para la futura reintroducci\u00f3n de sapos criados en cautiverio en la DZCA.<\/p>\n\n\n\n<p><\/p>\n\n\n\n<div class=\"wp-block-columns is-layout-flex wp-container-core-columns-is-layout-28f84493 wp-block-columns-is-layout-flex\">\n<div class=\"wp-block-column is-layout-flow wp-block-column-is-layout-flow\">    \r\n    \r\n    <div class='urbi_button_link right'><a class=\"urbi-link lhl_button lhl_button--small lhl_button_color_default lhl_button_width_default lhl_button--block\" href=\"https:\/\/survey123.arcgis.com\/share\/7089ca14e03744888d307599c61b06d5\" target=\"_blank\" rel=\"noopener noreferrer\" >\u00danete al equipo Sapo<\/a><\/div><\/div>\n\n\n\n<div class=\"wp-block-column is-layout-flow wp-block-column-is-layout-flow\">    \r\n    \r\n    <div class='urbi_button_link left'><a class=\"urbi-link lhl_button lhl_button--small lhl_button_color_default lhl_button_width_default lhl_button--block\" href=\"\/es\/boreal-toad-conservation-team\/\" target=\"\" rel=\"noopener noreferrer\" >Aprende m\u00e1s<\/a><\/div><\/div>\n<\/div>\n\n<\/div>\n\n<\/div>\n<\/div>\n<\/div>\n<\/div>\n<\/div><\/div>\n\n\n\n<div class=\"wp-block-column is-layout-flow wp-block-column-is-layout-flow\">\n\n\n<div  class='lhl-card urbi-component urbi-component front_view lhl_comp_width_inherit lhl_spacing_t_00 lhl_spacing_b_04 lhl_spacing_l_00 lhl_spacing_r_00 section-background-1  lhl_card  lhl_card_shadow_3 lhl_card_radius_0' ><div class=\"urbi-component-inner\">\n    <div class=\"acf-innerblocks-container\">\n\n<figure class=\"wp-block-image alignfull size-large\"><img loading=\"lazy\" decoding=\"async\" width=\"1024\" height=\"576\" src=\"https:\/\/denverzoo.org\/wp-content\/uploads\/2024\/06\/PikaBorealLanding-edited-1-1024x576.jpg\" alt=\"\" class=\"wp-image-37040\" srcset=\"https:\/\/denverzoo.org\/wp-content\/uploads\/2024\/06\/PikaBorealLanding-edited-1-1024x576.jpg 1024w, https:\/\/denverzoo.org\/wp-content\/uploads\/2024\/06\/PikaBorealLanding-edited-1-220x124.jpg 220w, https:\/\/denverzoo.org\/wp-content\/uploads\/2024\/06\/PikaBorealLanding-edited-1-768x432.jpg 768w, https:\/\/denverzoo.org\/wp-content\/uploads\/2024\/06\/PikaBorealLanding-edited-1-50x28.jpg 50w, https:\/\/denverzoo.org\/wp-content\/uploads\/2024\/06\/PikaBorealLanding-edited-1-18x10.jpg 18w, https:\/\/denverzoo.org\/wp-content\/uploads\/2024\/06\/PikaBorealLanding-edited-1.jpg 1280w\" sizes=\"auto, (max-width: 1024px) 100vw, 1024px\" \/><\/figure>\n\n\n\n\n\n<div  class='lhl-section urbi-component urbi-component front_view lhl_comp_width_inherit lhl_spacing_t_04 lhl_spacing_b_09 lhl_spacing_l_04 lhl_spacing_r_04 section-background-t' ><div class=\"urbi-component-inner\">\n    <div class=\"is-layout-constrained\">\n\n<h2 class=\"wp-block-heading has-text-align-center\">COLORADO<br>PROYECTO PIKA<\/h2>\n\n\n\n<p class=\"has-text-align-center\"><strong>DONDE:<\/strong> Monta\u00f1as Rocosas de Colorado (Tundra alpina)<br><strong>QU\u00c9:<\/strong> Senderismo + Recopilaci\u00f3n de datos<br><strong>CUANDO:<\/strong> Finales de junio a septiembre<\/p>\n\n\n\n<p class=\"has-text-align-center\">En las zonas alpinas locales, el Proyecto Pika de Colorado aprovecha la experiencia de casi 400 cient\u00edficos comunitarios para recopilar datos sobre este adorable pariente del conejo. Como especie indicadora, la pika americana puede ayudarnos a comprender el efecto del cambio clim\u00e1tico en el ecosistema alpino de Colorado. Voluntarios buscan y registran la actividad de las pikas en lugares impresionantes como el Parque Nacional de las Monta\u00f1as Rocosas y el Bosque Nacional del R\u00edo Blanco.<\/p>\n\n\n    \r\n    \r\n    <div class='urbi_button_link'><a class=\"urbi-link lhl_button lhl_button--small lhl_button_color_default lhl_button_width_default lhl_button--block\" href=\"https:\/\/pikapartners.org\/involved\/\" target=\"_blank\" rel=\"noopener noreferrer\" >\u00danete al equipo Pika<\/a><\/div>\n<\/div>\n\n<\/div>\n<\/div>\n<\/div>\n<\/div>\n<\/div><\/div>\n<\/div>\n\n<\/div>\n\n<\/div>\n<\/div>\n\n\n\n\n<div  class='lhl-section urbi-component urbi-component front_view lhl_comp_width_narrow lhl_spacing_t_10 lhl_spacing_b_10 lhl_spacing_l_10 lhl_spacing_r_10 section-background-4' ><div class=\"urbi-component-inner\">\n    <div class=\"is-layout-constrained\">\n\n<h2 class=\"wp-block-heading has-text-align-center has-white-color has-text-color has-link-color wp-elements-1e9d4e68613df4768bfb9c60bbd077b5\">OTRAS FORMAS DE IMPACTAR<\/h2>\n\n\n\n<p class=\"has-text-align-center has-white-color has-text-color has-link-color wp-elements-c8781e9afeccf9bbe6a3b4073e0ccc95\">\u00bfQuieres ayudar, pero no necesariamente hacer senderismo? \u00a1Siempre buscamos amantes de la naturaleza comprometidos para cubrir diversos puestos en nuestro campus de City Park! Haz clic en el bot\u00f3n de abajo para ver las oportunidades actuales. \u00a1Nos encantar\u00eda contar con tu presencia en el equipo!<\/p>\n\n\n    \r\n    \r\n    <div class='urbi_button_link center'><a class=\"urbi-link lhl_button lhl_button--small lhl_button_color_default lhl_button_width_default lhl_button--block\" href=\"\/es\/careers\/\" target=\"\" rel=\"noopener noreferrer\" >Trabaja con nosotros<\/a><\/div>\n<\/div>\n\n<\/div>\n<\/div>","protected":false},"excerpt":{"rendered":"","protected":false},"author":11,"featured_media":26472,"parent":0,"menu_order":0,"comment_status":"closed","ping_status":"closed","template":"","meta":{"_acf_changed":false,"_relevanssi_hide_post":"","_relevanssi_hide_content":"","_relevanssi_pin_for_all":"","_relevanssi_pin_keywords":"","_relevanssi_unpin_keywords":"","_relevanssi_related_keywords":"","_relevanssi_related_include_ids":"","_relevanssi_related_exclude_ids":"","_relevanssi_related_no_append":"","_relevanssi_related_not_related":"","_relevanssi_related_posts":"116,121,123,538,1202,1775","_relevanssi_noindex_reason":"","footnotes":""},"class_list":["post-26574","page","type-page","status-publish","has-post-thumbnail","hentry"],"acf":[],"_links":{"self":[{"href":"https:\/\/denverzoo.org\/es\/wp-json\/wp\/v2\/pages\/26574","targetHints":{"allow":["GET"]}}],"collection":[{"href":"https:\/\/denverzoo.org\/es\/wp-json\/wp\/v2\/pages"}],"about":[{"href":"https:\/\/denverzoo.org\/es\/wp-json\/wp\/v2\/types\/page"}],"author":[{"embeddable":true,"href":"https:\/\/denverzoo.org\/es\/wp-json\/wp\/v2\/users\/11"}],"replies":[{"embeddable":true,"href":"https:\/\/denverzoo.org\/es\/wp-json\/wp\/v2\/comments?post=26574"}],"version-history":[{"count":1,"href":"https:\/\/denverzoo.org\/es\/wp-json\/wp\/v2\/pages\/26574\/revisions"}],"predecessor-version":[{"id":45206,"href":"https:\/\/denverzoo.org\/es\/wp-json\/wp\/v2\/pages\/26574\/revisions\/45206"}],"wp:featuredmedia":[{"embeddable":true,"href":"https:\/\/denverzoo.org\/es\/wp-json\/wp\/v2\/media\/26472"}],"wp:attachment":[{"href":"https:\/\/denverzoo.org\/es\/wp-json\/wp\/v2\/media?parent=26574"}],"curies":[{"name":"gracias","href":"https:\/\/api.w.org\/{rel}","templated":true}]}}