{"id":26942,"date":"2022-06-01T14:17:32","date_gmt":"2022-06-01T20:17:32","guid":{"rendered":"https:\/\/denverzoo.org\/?page_id=26942"},"modified":"2023-05-16T09:43:02","modified_gmt":"2023-05-16T15:43:02","slug":"annual-report-previous","status":"publish","type":"page","link":"https:\/\/denverzoo.org\/es\/annual-report-previous\/","title":{"rendered":"Informe Anual | Anterior"},"content":{"rendered":"<h3>\n\t\tDescargar archivos PDF\n\t<\/h3>\n\t<p>\u00bfEst\u00e1 buscando el informe del a\u00f1o anterior? \u00a1Te tenemos cubierto!<\/p>\n\t\t\t<a href=\"https:\/\/denverzoo.org\/es\/annual-report-2021\/\" target=\"_blank\" role=\"button\" rel=\"noopener\">\n\t\t\t\t\t\t\tInforme Anual 2021\n\t\t\t\t\t<\/a>\n\t\t\t<a href=\"https:\/\/denverzoo.org\/wp-content\/uploads\/2023\/04\/MKT-314-AnnualReport_V2_BG_4-12-21.pdf\" target=\"_blank\" role=\"button\" rel=\"noopener\">\n\t\t\t\t\t\t\tInforme anual 2020\n\t\t\t\t\t<\/a>\n\t\t\t<a href=\"https:\/\/denverzoo.org\/wp-content\/uploads\/2023\/04\/Denver-Zoo-2019-Annual-Report.pdf\" target=\"_blank\" role=\"button\" rel=\"noopener\">\n\t\t\t\t\t\t\tInforme anual 2019\n\t\t\t\t\t<\/a>\n\t\t\t<a href=\"https:\/\/denverzoo.org\/wp-content\/uploads\/2019\/05\/DenverZoo_2018_AnnualReport_Web-1.pdf\" target=\"_blank\" role=\"button\" rel=\"noopener\">\n\t\t\t\t\t\t\tInforme Anual 2018\n\t\t\t\t\t<\/a>\n\t\t\t<a href=\"https:\/\/denverzoo.org\/wp-content\/uploads\/2018\/09\/GOV-019_2017_Annual_Report_8.5x11_FINAL_WEB.pdf\" target=\"_blank\" role=\"button\" rel=\"noopener\">\n\t\t\t\t\t\t\tInforme anual 2017\n\t\t\t\t\t<\/a>\n\t\t\t<a href=\"https:\/\/denverzoo.org\/wp-content\/uploads\/2023\/04\/2016AnnualReport.pdf\" target=\"_blank\" role=\"button\" rel=\"noopener\">\n\t\t\t\t\t\t\tInforme anual 2016\n\t\t\t\t\t<\/a>\n\t\t\t<a href=\"https:\/\/denverzoo.org\/wp-content\/uploads\/2023\/04\/DEV-030_2015AnnualReport.pdf\" target=\"_blank\" role=\"button\" rel=\"noopener\">\n\t\t\t\t\t\t\tInforme anual 2015\n\t\t\t\t\t<\/a>\n\t\t\t<a href=\"https:\/\/denverzoo.org\/wp-content\/uploads\/2023\/04\/051415_WEB_READY.pdf\" target=\"_blank\" role=\"button\" rel=\"noopener\">\n\t\t\t\t\t\t\tInforme anual 2014\n\t\t\t\t\t<\/a>\n<h1>\n\t\tInforme anual anterior\n\t<\/h1>\n\t<p>El informe anual de cada a\u00f1o refleja informaci\u00f3n importante sobre el funcionamiento del zool\u00f3gico, incluidas las personas, los animales, los donantes y detalles sobre la salud financiera de nuestra organizaci\u00f3n.<\/p>\n<h3>\u00bfEst\u00e1 buscando el informe anual m\u00e1s reciente?<\/h3>\n\t\t\t<a href=\"\/es\/annual-report\/\" target=\"_blank\" role=\"button\" rel=\"noopener\">\n\t\t\t\t\t\t\tVer el Informe Anual 2022\n\t\t\t\t\t<\/a>\n<h2>\n\t\tInforme Anual 2021\n\t<\/h2>\n\t\t\t\t<img loading=\"lazy\" decoding=\"async\" src=\"https:\/\/denverzoo.org\/wp-content\/uploads\/2023\/05\/2021-Annual-Report.png\" alt=\"2021 Annual Report\" itemprop=\"image\" height=\"538\" width=\"1015\" title=\"Informe Anual 2021\" onerror=\"this.style.display='none'\"  \/>\n\t\t\t<a href=\"https:\/\/denverzoo.org\/es\/annual-report-2021\/\" target=\"_blank\" role=\"button\" rel=\"noopener\">\n\t\t\t\t\t\t\tInforme Anual 2021\n\t\t\t\t\t<\/a>\n<h2>\n\t\tInforme anual 2020\n\t<\/h2>\n\t<iframe loading=\"lazy\" width=\"560\" height=\"315\" src=\"https:\/\/www.youtube.com\/embed\/kwYyc4ES-1w\" title=\"Reproductor de video de YouTube\" frameborder=\"0\" allow=\"accelerometer; autoplay; clipboard-write; encrypted-media; gyroscope; picture-in-picture\" allowfullscreen><\/iframe>\n\t<iframe loading=\"lazy\" src=\"https:\/\/player.flipsnack.com?hash=QkFFRUJGQjlFOEMraDl5eGU0NjhhNg==\" width=\"100%\" height=\"480\" seamless=\"seamless\" scrolling=\"no\" frameborder=\"0\" allowfullscreen allow=\"autoplay\"><\/iframe>\n\t\t\t<a href=\"https:\/\/denverzoo.org\/wp-content\/uploads\/2023\/04\/MKT-314-AnnualReport_V2_BG_4-12-21.pdf\" target=\"_blank\" role=\"button\" rel=\"noopener\">\n\t\t\t\t\t\t\tDescargar Informe Anual 2020\n\t\t\t\t\t<\/a>\n<h2>\n\t\tInforme anual 2019\n\t<\/h2>\n\t<iframe loading=\"lazy\" width=\"560\" height=\"315\" src=\"https:\/\/www.youtube.com\/embed\/iGc_q2jbSN0\" title=\"Reproductor de video de YouTube\" frameborder=\"0\" allow=\"accelerometer; autoplay; clipboard-write; encrypted-media; gyroscope; picture-in-picture; web-share\" allowfullscreen><\/iframe>\n\t<iframe loading=\"lazy\" src=\"https:\/\/cdn.flipsnack.com\/widget\/v2\/widget.html?hash=u98wisi1ci\" width=\"100%\" height=\"480\" seamless=\"seamless\" scrolling=\"no\" frameborder=\"0\" allowfullscreen allow=\"autoplay; clipboard-read; clipboard-write\"><\/iframe>\n\t\t\t<a href=\"https:\/\/denverzoo.org\/wp-content\/uploads\/2023\/04\/Denver-Zoo-2019-Annual-Report.pdf\" target=\"_blank\" role=\"button\" rel=\"noopener\">\n\t\t\t\t\t\t\tDescargar Informe Anual 2019\n\t\t\t\t\t<\/a>\n<h2>\n\t\tInforme Anual 2018\n\t<\/h2>\n\t<iframe loading=\"lazy\" src=\"https:\/\/cdn.flipsnack.com\/widget\/v2\/widget.html?hash=fdtietk7e\" width=\"100%\" height=\"480\" seamless=\"seamless\" scrolling=\"no\" frameborder=\"0\" allowfullscreen allow=\"autoplay; clipboard-read; clipboard-write\"><\/iframe>\n\t\t\t<a href=\"https:\/\/denverzoo.org\/wp-content\/uploads\/2019\/05\/DenverZoo_2018_AnnualReport_Web-1.pdf\" target=\"_blank\" role=\"button\" rel=\"noopener\">\n\t\t\t\t\t\t\tDescargar Informe Anual 2018\n\t\t\t\t\t<\/a>\n<h2>\n\t\tInforme anual 2017\n\t<\/h2>\n\t<iframe loading=\"lazy\" src=\"https:\/\/cdn.flipsnack.com\/widget\/v2\/widget.html?hash=fhiwkgwsk\" width=\"100%\" height=\"480\" seamless=\"seamless\" scrolling=\"no\" frameborder=\"0\" allowfullscreen allow=\"autoplay; clipboard-read; clipboard-write\"><\/iframe>\n\t\t\t<a href=\"https:\/\/denverzoo.org\/wp-content\/uploads\/2018\/09\/GOV-019_2017_Annual_Report_8.5x11_FINAL_WEB.pdf\" target=\"_blank\" role=\"button\" rel=\"noopener\">\n\t\t\t\t\t\t\tDescargar Informe Anual 2017\n\t\t\t\t\t<\/a>\n<h2>\n\t\tInforme anual 2016\n\t<\/h2>\n\t<iframe loading=\"lazy\" src=\"https:\/\/cdn.flipsnack.com\/widget\/v2\/widget.html?hash=fzkszqsmz\" width=\"100%\" height=\"480\" seamless=\"seamless\" scrolling=\"no\" frameborder=\"0\" allowfullscreen allow=\"autoplay; clipboard-read; clipboard-write\"><\/iframe>\n\t\t\t<a href=\"https:\/\/denverzoo.org\/wp-content\/uploads\/2023\/04\/2016AnnualReport.pdf\" target=\"_blank\" role=\"button\" rel=\"noopener\">\n\t\t\t\t\t\t\tDescargar Informe Anual 2016\n\t\t\t\t\t<\/a>\n<h2>\n\t\tInforme anual 2015\n\t<\/h2>\n\t<iframe loading=\"lazy\" src=\"https:\/\/cdn.flipsnack.com\/widget\/v2\/widget.html?hash=fhjqt2q5t\" width=\"100%\" height=\"480\" seamless=\"seamless\" scrolling=\"no\" frameborder=\"0\" allowfullscreen allow=\"autoplay; clipboard-read; clipboard-write\"><\/iframe>\n\t\t\t<a href=\"https:\/\/denverzoo.org\/wp-content\/uploads\/2023\/04\/DEV-030_2015AnnualReport.pdf\" target=\"_blank\" role=\"button\" rel=\"noopener\">\n\t\t\t\t\t\t\tDescargar Informe Anual 2015\n\t\t\t\t\t<\/a>\n<h2>\n\t\tInforme anual 2014\n\t<\/h2>\n\t<iframe loading=\"lazy\" src=\"https:\/\/cdn.flipsnack.com\/widget\/v2\/widget.html?hash=fujqt2q5t\" width=\"100%\" height=\"480\" seamless=\"seamless\" scrolling=\"no\" frameborder=\"0\" allowfullscreen allow=\"autoplay; clipboard-read; clipboard-write\"><\/iframe>\n\t\t\t<a href=\"https:\/\/denverzoo.org\/wp-content\/uploads\/2023\/04\/051415_WEB_READY.pdf\" target=\"_blank\" role=\"button\" rel=\"noopener\">\n\t\t\t\t\t\t\tDescargar Informe Anual 2014\n\t\t\t\t\t<\/a>\n\t[dz_slideshow]","protected":false},"excerpt":{"rendered":"","protected":false},"author":11,"featured_media":6365,"parent":0,"menu_order":0,"comment_status":"closed","ping_status":"closed","template":"","meta":{"_acf_changed":false,"_relevanssi_hide_post":"","_relevanssi_hide_content":"","_relevanssi_pin_for_all":"","_relevanssi_pin_keywords":"","_relevanssi_unpin_keywords":"","_relevanssi_related_keywords":"","_relevanssi_related_include_ids":"","_relevanssi_related_exclude_ids":"","_relevanssi_related_no_append":"","_relevanssi_related_not_related":"","_relevanssi_related_posts":"27291,116,121,123,538,1202","_relevanssi_noindex_reason":"","footnotes":""},"class_list":["post-26942","page","type-page","status-publish","has-post-thumbnail","hentry"],"acf":[],"_links":{"self":[{"href":"https:\/\/denverzoo.org\/es\/wp-json\/wp\/v2\/pages\/26942","targetHints":{"allow":["GET"]}}],"collection":[{"href":"https:\/\/denverzoo.org\/es\/wp-json\/wp\/v2\/pages"}],"about":[{"href":"https:\/\/denverzoo.org\/es\/wp-json\/wp\/v2\/types\/page"}],"author":[{"embeddable":true,"href":"https:\/\/denverzoo.org\/es\/wp-json\/wp\/v2\/users\/11"}],"replies":[{"embeddable":true,"href":"https:\/\/denverzoo.org\/es\/wp-json\/wp\/v2\/comments?post=26942"}],"version-history":[{"count":0,"href":"https:\/\/denverzoo.org\/es\/wp-json\/wp\/v2\/pages\/26942\/revisions"}],"wp:featuredmedia":[{"embeddable":true,"href":"https:\/\/denverzoo.org\/es\/wp-json\/wp\/v2\/media\/6365"}],"wp:attachment":[{"href":"https:\/\/denverzoo.org\/es\/wp-json\/wp\/v2\/media?parent=26942"}],"curies":[{"name":"gracias","href":"https:\/\/api.w.org\/{rel}","templated":true}]}}