{"id":26992,"date":"2022-06-02T13:41:49","date_gmt":"2022-06-02T19:41:49","guid":{"rendered":"https:\/\/denverzoo.org\/?page_id=26992"},"modified":"2022-06-08T10:57:23","modified_gmt":"2022-06-08T16:57:23","slug":"herd-joint-member-events","status":"publish","type":"page","link":"https:\/\/denverzoo.org\/es\/herd-joint-member-events\/","title":{"rendered":"Boletos de membres\u00eda conjunta de manada"},"content":{"rendered":"<h1>\n\t\tProyecci\u00f3n exclusiva \u201cEscape from Extinction\u201d (Membres\u00eda conjunta)\n\t<\/h1>\n\t<p>Usted y un invitado est\u00e1n invitados a unirse al grupo de j\u00f3venes profesionales del Zool\u00f3gico de Denver, The Herd, para disfrutar de una significativa noche de cine bajo las estrellas. Como miembro activo de la manada, usted y un invitado est\u00e1n invitados a asistir a una fiesta previa en Harmony Hill, donde podr\u00e1n establecer contactos con su grupo de manada. Luego dir\u00edgete a Giraffe Meadows para ver una proyecci\u00f3n especial de \u201cEscape from Extinction\u201d para conocer c\u00f3mo organizaciones como el Zool\u00f3gico de Denver est\u00e1n ayudando a proteger especies en peligro de extinci\u00f3n en todo el mundo... y c\u00f3mo T\u00da puedes participar.\u00a0<\/p>\n<p><i>Bebidas complementarias provistas por Stem Sidras. Meriendas de pel\u00edculas proporcionadas por SSA.\u00a0<\/i>\u00a0<\/p>\n\t<h4><em>The Herd est\u00e1 orgullosamente patrocinado por<\/em><\/h4>","protected":false},"excerpt":{"rendered":"","protected":false},"author":82,"featured_media":0,"parent":0,"menu_order":0,"comment_status":"closed","ping_status":"closed","template":"","meta":{"_acf_changed":false,"_relevanssi_hide_post":"","_relevanssi_hide_content":"","_relevanssi_pin_for_all":"","_relevanssi_pin_keywords":"","_relevanssi_unpin_keywords":"","_relevanssi_related_keywords":"","_relevanssi_related_include_ids":"","_relevanssi_related_exclude_ids":"","_relevanssi_related_no_append":"","_relevanssi_related_not_related":"","_relevanssi_related_posts":"","_relevanssi_noindex_reason":"","footnotes":""},"class_list":["post-26992","page","type-page","status-publish","hentry"],"acf":[],"_links":{"self":[{"href":"https:\/\/denverzoo.org\/es\/wp-json\/wp\/v2\/pages\/26992","targetHints":{"allow":["GET"]}}],"collection":[{"href":"https:\/\/denverzoo.org\/es\/wp-json\/wp\/v2\/pages"}],"about":[{"href":"https:\/\/denverzoo.org\/es\/wp-json\/wp\/v2\/types\/page"}],"author":[{"embeddable":true,"href":"https:\/\/denverzoo.org\/es\/wp-json\/wp\/v2\/users\/82"}],"replies":[{"embeddable":true,"href":"https:\/\/denverzoo.org\/es\/wp-json\/wp\/v2\/comments?post=26992"}],"version-history":[{"count":0,"href":"https:\/\/denverzoo.org\/es\/wp-json\/wp\/v2\/pages\/26992\/revisions"}],"wp:attachment":[{"href":"https:\/\/denverzoo.org\/es\/wp-json\/wp\/v2\/media?parent=26992"}],"curies":[{"name":"gracias","href":"https:\/\/api.w.org\/{rel}","templated":true}]}}