{"id":27029,"date":"2022-06-06T10:03:19","date_gmt":"2022-06-06T16:03:19","guid":{"rendered":"https:\/\/denverzoo.org\/?page_id=27029"},"modified":"2022-06-08T10:57:21","modified_gmt":"2022-06-08T16:57:21","slug":"herd-member-events","status":"publish","type":"page","link":"https:\/\/denverzoo.org\/es\/herd-member-events\/","title":{"rendered":"Boletos de membres\u00eda individual de manada"},"content":{"rendered":"<h1>\n\t\tProyecci\u00f3n exclusiva de \u201cEscape from Extinction\u201d (Membres\u00eda individual)\n\t<\/h1>\n\t<p>\u00a1\u00danase al grupo de j\u00f3venes profesionales del Zool\u00f3gico de Denver, The Herd, para disfrutar de una noche de cine llena de significado bajo las estrellas! Como miembro activo de The Herd, est\u00e1 invitado a asistir a una fiesta previa en Harmony Hill, donde podr\u00e1 establecer contactos con su grupo de la manada. Luego, dir\u00edjase a Giraffe Meadows para ver una proyecci\u00f3n especial de \u201cEscape from Extinction\u201d y descubra c\u00f3mo organizaciones como el Zool\u00f3gico de Denver ayudan a proteger especies en peligro de extinci\u00f3n en todo el mundo... y c\u00f3mo USTED puede participar.\u00a0\u00a0<\/p>\n<p><i>Bebidas complementarias provistas por Stem Sidras. Meriendas de pel\u00edculas proporcionadas por SSA.\u00a0<\/i>\u00a0<\/p>\n<p>&nbsp;<\/p>\n\t<h4><em>The Herd est\u00e1 orgullosamente patrocinado por<\/em><\/h4>","protected":false},"excerpt":{"rendered":"","protected":false},"author":82,"featured_media":0,"parent":0,"menu_order":0,"comment_status":"closed","ping_status":"closed","template":"","meta":{"_acf_changed":false,"_relevanssi_hide_post":"","_relevanssi_hide_content":"","_relevanssi_pin_for_all":"","_relevanssi_pin_keywords":"","_relevanssi_unpin_keywords":"","_relevanssi_related_keywords":"","_relevanssi_related_include_ids":"","_relevanssi_related_exclude_ids":"","_relevanssi_related_no_append":"","_relevanssi_related_not_related":"","_relevanssi_related_posts":"","_relevanssi_noindex_reason":"","footnotes":""},"class_list":["post-27029","page","type-page","status-publish","hentry"],"acf":[],"_links":{"self":[{"href":"https:\/\/denverzoo.org\/es\/wp-json\/wp\/v2\/pages\/27029","targetHints":{"allow":["GET"]}}],"collection":[{"href":"https:\/\/denverzoo.org\/es\/wp-json\/wp\/v2\/pages"}],"about":[{"href":"https:\/\/denverzoo.org\/es\/wp-json\/wp\/v2\/types\/page"}],"author":[{"embeddable":true,"href":"https:\/\/denverzoo.org\/es\/wp-json\/wp\/v2\/users\/82"}],"replies":[{"embeddable":true,"href":"https:\/\/denverzoo.org\/es\/wp-json\/wp\/v2\/comments?post=27029"}],"version-history":[{"count":0,"href":"https:\/\/denverzoo.org\/es\/wp-json\/wp\/v2\/pages\/27029\/revisions"}],"wp:attachment":[{"href":"https:\/\/denverzoo.org\/es\/wp-json\/wp\/v2\/media?parent=27029"}],"curies":[{"name":"gracias","href":"https:\/\/api.w.org\/{rel}","templated":true}]}}