{"id":27484,"date":"2022-07-07T10:46:23","date_gmt":"2022-07-07T16:46:23","guid":{"rendered":"https:\/\/denverzoo.org\/?page_id=27484"},"modified":"2025-06-18T16:12:04","modified_gmt":"2025-06-18T22:12:04","slug":"hot-weather-tips","status":"publish","type":"page","link":"https:\/\/denverzoo.org\/es\/hot-weather-tips\/","title":{"rendered":"Clima caliente"},"content":{"rendered":"<div  class='lhl-text-and-image urbi-component urbi-component front_view lhl_spacing_t_09 lhl_spacing_b_00 lhl_spacing_l_00 lhl_spacing_r_00 section-background-t' >\r\n<div class=\"urbi-component-inner\">\r\n\r\n    <div class=\"text_and_image_comp_inner lhl_grid_default lhl_grid uk-grid-match\" uk-grid>\r\n\r\n                <div class=\"lhl_grid_col lhl-text-and-image__col-img lhl_width_1_2@m\">\r\n\r\n            \r\n                \r\n                                    <div class=\"default-image-container\">\r\n                                                    <img decoding=\"async\" width=\"400\" height=\"380\" src=\"https:\/\/denverzoo.org\/wp-content\/uploads\/2024\/07\/warning-icon2-400x380.jpg\" class=\"urbi-img img-class\" alt=\"\" loading=\"lazy\" srcset=\"https:\/\/denverzoo.org\/wp-content\/uploads\/2024\/07\/warning-icon2-400x380.jpg 400w, https:\/\/denverzoo.org\/wp-content\/uploads\/2024\/07\/warning-icon2-12x12.jpg 12w\" sizes=\"auto, (max-width: 400px) 100vw, 400px\" \/>                                            <\/div>\r\n                \r\n                \r\n            \r\n            \r\n                    <\/div>\r\n\r\n                <div class=\"lhl_grid_col lhl-text-and-image__col-text lhl_width_1_2@m\">\r\n            <div class=\"lhl-text-and-image__col-text-inner lhl_spacing_00\" style=\"\">\r\n                <div class=\"acf-innerblocks-container\">\n\n<h2 class=\"wp-block-heading\"><strong>1. Est\u00e9 preparado<\/strong><\/h2>\n\n\n\n<p>Si visita el Zool\u00f3gico en d\u00edas calurosos, le recomendamos traer los siguientes art\u00edculos para disfrutar al m\u00e1ximo de su visita. \u00bfOlvid\u00f3 algo? Todos los art\u00edculos a continuaci\u00f3n se pueden comprar en la Tienda DZCA, ubicada en la entrada principal del Zool\u00f3gico.<\/p>\n\n\n\n<ul class=\"wp-block-list\">\n<li>Botella de agua<\/li>\n\n\n\n<li>protector solar<\/li>\n\n\n\n<li>Sombrero de ala ancha<\/li>\n\n\n\n<li>Gafas de sol<\/li>\n\n\n\n<li>Ropa holgada de colores claros<\/li>\n\n\n\n<li>Chaqueta de lluvia ligera (para las tormentas ocasionales de la tarde)<\/li>\n\n\n\n<li><a href=\"https:\/\/denverzoo.org\/es\/app\/\">Descargue la aplicaci\u00f3n DZCA<\/a> para el d\u00eda de actualizaciones<\/li>\n<\/ul>\n\n<\/div>\r\n            <\/div>\r\n        <\/div>\r\n    <\/div>\r\n<\/div>\r\n<\/div>\n\n\n\n\n<div  class='lhl-section urbi-component urbi-component front_view lhl_comp_width_inherit lhl_spacing_t_09 lhl_spacing_b_09 lhl_spacing_l_00 lhl_spacing_r_00 section-background-t urbi-component-bg--navy-blue' ><div class=\"urbi-component-inner\">\n    <div class=\"is-layout-constrained\">\n\n<h2 class=\"wp-block-heading has-text-align-center\">2. Mantente hidratado<\/h2>\n\n\n\n\n\n<div  class='lhl-section urbi-component urbi-component front_view lhl_spacing_t_04 lhl_spacing_b_09 lhl_spacing_l_00 lhl_spacing_r_00 section-background-t urbi-component-bg--navy-blue' ><div class=\"urbi-component-inner\">\n    <div class=\"is-layout-constrained\">\n\n\n\n<div  class='urbi\/tiles urbi-component urbi-component front_view' >\n<div class=\"uk-child-width-1-2@s uk-grid-match\" uk-grid>\n    \n\n\n<div>\n\n        <div  class='urbi\/tile urbi-card urbi-card--tile urbi-card--shadow-3' >\n    <div class=\"urbi-tile-inner\">\n                <div class=\"tile-content padding-none\">\n\n\n\n<div  class='lhl-card urbi-component urbi-component front_view lhl_comp_width_inherit lhl_spacing_t_00 lhl_spacing_b_04 lhl_spacing_l_00 lhl_spacing_r_00 section-background-t  lhl_card  lhl_card_shadow_0 lhl_card_radius_0' ><div class=\"urbi-component-inner\">\n    <div class=\"acf-innerblocks-container\">\n\n<figure class=\"wp-block-image size-large\"><img loading=\"lazy\" decoding=\"async\" width=\"1280\" height=\"720\" src=\"https:\/\/denverzoo.org\/wp-content\/uploads\/2024\/07\/fountiN-2-edited.jpg\" alt=\"\" class=\"wp-image-37620\" srcset=\"https:\/\/denverzoo.org\/wp-content\/uploads\/2024\/07\/fountiN-2-edited.jpg 1280w, https:\/\/denverzoo.org\/wp-content\/uploads\/2024\/07\/fountiN-2-edited-220x124.jpg 220w, https:\/\/denverzoo.org\/wp-content\/uploads\/2024\/07\/fountiN-2-edited-1024x576.jpg 1024w, https:\/\/denverzoo.org\/wp-content\/uploads\/2024\/07\/fountiN-2-edited-768x432.jpg 768w, https:\/\/denverzoo.org\/wp-content\/uploads\/2024\/07\/fountiN-2-edited-50x28.jpg 50w, https:\/\/denverzoo.org\/wp-content\/uploads\/2024\/07\/fountiN-2-edited-18x10.jpg 18w\" sizes=\"auto, (max-width: 1280px) 100vw, 1280px\" \/><\/figure>\n\n\n\n<h4 class=\"wp-block-heading has-text-align-center has-black-color has-text-color has-link-color wp-elements-3396f439ac02f506ac43c834ae8547ed\"><strong>Fuentes de agua potable<\/strong><\/h4>\n\n\n\n<p class=\"has-text-align-center has-black-color has-text-color has-link-color wp-elements-405ca827bbc2b664d09fe4f8ee20e3ec\" style=\"margin-right:0;margin-left:0;padding-right:var(--wp--preset--spacing--50);padding-left:var(--wp--preset--spacing--50)\">Las fuentes de agua potable est\u00e1n convenientemente ubicadas en todo<br>El zool\u00f3gico en las siguientes ubicaciones:<\/p>\n\n\n\n<p class=\"has-text-align-center has-black-color has-text-color has-link-color wp-elements-da0acf5aee7acfc6b6d93d8d4227cb55\">Puerta principal: Ba\u00f1os<br>Gates Center: Ba\u00f1os<br>Monta\u00f1a de las ovejas<br>Primate Panorama: Ba\u00f1os<br>Down Under: Ba\u00f1os<br>Pasaje de Elefantes de Toyota: Sal\u00f3n del Pueblo<br>Kamala Caf\u00e9: Ba\u00f1os<br>Edificio Jirafa<br>El borde<br>Descubrimiento Tropical: Ba\u00f1os<\/p>\n\n\n\n<p class=\"has-text-align-center\" style=\"padding-right:var(--wp--preset--spacing--50);padding-left:var(--wp--preset--spacing--50)\"><em>*El bebedero incluye estaci\u00f3n de llenado de botellas de agua.<\/em><\/p>\n\n<\/div>\n<\/div>\n<\/div>\n<\/div>\n    <\/div>\n    <\/div><\/div>\n\n\n\n<div>\n\n        <div  class='urbi\/tile urbi-card urbi-card--tile urbi-card--shadow-3' >\n    <div class=\"urbi-tile-inner\">\n                <div class=\"tile-content padding-none\">\n\n\n\n<div  class='lhl-card urbi-component urbi-component front_view lhl_comp_width_inherit lhl_spacing_t_00 lhl_spacing_b_04 lhl_spacing_l_00 lhl_spacing_r_00 section-background-t  lhl_card  lhl_card_shadow_0 lhl_card_radius_0' ><div class=\"urbi-component-inner\">\n    <div class=\"acf-innerblocks-container\">\n\n<figure class=\"wp-block-image size-large\"><img loading=\"lazy\" decoding=\"async\" width=\"1280\" height=\"720\" src=\"https:\/\/denverzoo.org\/wp-content\/uploads\/2024\/07\/Kamala-edited.jpg\" alt=\"\" class=\"wp-image-37619\" srcset=\"https:\/\/denverzoo.org\/wp-content\/uploads\/2024\/07\/Kamala-edited.jpg 1280w, https:\/\/denverzoo.org\/wp-content\/uploads\/2024\/07\/Kamala-edited-220x124.jpg 220w, https:\/\/denverzoo.org\/wp-content\/uploads\/2024\/07\/Kamala-edited-1024x576.jpg 1024w, https:\/\/denverzoo.org\/wp-content\/uploads\/2024\/07\/Kamala-edited-768x432.jpg 768w, https:\/\/denverzoo.org\/wp-content\/uploads\/2024\/07\/Kamala-edited-50x28.jpg 50w, https:\/\/denverzoo.org\/wp-content\/uploads\/2024\/07\/Kamala-edited-18x10.jpg 18w\" sizes=\"auto, (max-width: 1280px) 100vw, 1280px\" \/><\/figure>\n\n\n\n<h4 class=\"wp-block-heading has-text-align-center has-black-color has-text-color has-link-color wp-elements-c920d20755aa680481bc89c0d0d91a1d\" style=\"padding-right:var(--wp--preset--spacing--50);padding-left:var(--wp--preset--spacing--50)\"><strong>Servicios de agua gratuitos en nuestros restaurantes<\/strong><\/h4>\n\n\n\n<p class=\"has-text-align-center has-black-color has-text-color has-link-color wp-elements-d5b4601747592f5fdc3bc7ff6332259e\">Todas nuestras instalaciones de restaurante permanentes ofrecen agua gratuita a los hu\u00e9spedes durante todo el a\u00f1o, incluidos:<\/p>\n\n\n\n<p class=\"has-text-align-center has-black-color has-text-color has-link-color wp-elements-4b9ccaf2d673be80a805dfeabf2c012b\">Restaurante Samburu Grille<br>Restaurante Caf\u00e9 Kamala<br>Restaurante Caf\u00e9 Costa<\/p>\n\n<\/div>\n<\/div>\n<\/div>\n<\/div>\n    <\/div>\n    <\/div><\/div>\n\n\n<\/div>\n<\/div>\n<\/div>\n\n<\/div>\n<\/div>\n<\/div>\n\n<\/div>\n<\/div>\n\n\n\n\n<div  class='lhl-section urbi-component urbi-component front_view lhl_comp_width_inherit lhl_spacing_t_09 lhl_spacing_b_09 lhl_spacing_l_00 lhl_spacing_r_00 section-background-t' ><div class=\"urbi-component-inner\">\n    <div class=\"is-layout-constrained\">\n\n\n\n<div  class='lhl-section urbi-component urbi-component front_view lhl_spacing_t_00 lhl_spacing_b_00 lhl_spacing_l_00 lhl_spacing_r_00 section-background-t  bg-pattern-' ><div class=\"urbi-component-inner\">\n    <div class=\"is-layout-constrained\">\n\r\n\r\n<div  class='lhl-text-and-image urbi-component urbi-component front_view lhl_spacing_t_00 lhl_spacing_b_00 lhl_spacing_l_00 lhl_spacing_r_00 section-background-t' >\r\n<div class=\"urbi-component-inner\">\r\n\r\n    <div class=\"text_and_image_comp_inner lhl_grid_default lhl_grid uk-grid-match\" uk-grid>\r\n\r\n                <div class=\"lhl_grid_col lhl-text-and-image__col-img lhl_width_1_2@m\">\r\n\r\n            \r\n                \r\n                                    <div class=\"default-image-container\">\r\n                                                    <img decoding=\"async\" width=\"600\" height=\"380\" src=\"https:\/\/denverzoo.org\/wp-content\/uploads\/2024\/07\/mister-600x380.png\" class=\"urbi-img img-class\" alt=\"\" loading=\"lazy\" \/>                                            <\/div>\r\n                \r\n                \r\n            \r\n            \r\n                    <\/div>\r\n\r\n                <div class=\"lhl_grid_col lhl-text-and-image__col-text lhl_width_1_2@m\">\r\n            <div class=\"lhl-text-and-image__col-text-inner lhl_spacing_03\" style=\"\">\r\n                <div class=\"acf-innerblocks-container\">\n\n<h2 class=\"wp-block-heading\">3. Enfriarse<\/h2>\n\n\n\n<h4 class=\"wp-block-heading\"><strong>Estaciones de nebulizaci\u00f3n<\/strong>:<\/h4>\n\n\n\n<p>Monta\u00f1a de las ovejas<br>El borde<br>Entrada al Panorama Primate<br>Panorama interior de los primates<br>Teatro 4D<\/p>\n\n\n\n<h4 class=\"wp-block-heading\"><strong>Almohadillas antisalpicaduras<\/strong>:<\/h4>\n\n\n\n<p>Monta\u00f1a de las ovejas (cerca de Black Rhinoceros)<br>C\u00f3ndores<br>Caf\u00e9 Kamala<\/p>\n\n\n\n<h4 class=\"wp-block-heading\"><strong>Ve adentro<\/strong>:<\/h4>\n\n\n\n<p>Durante los d\u00edas calurosos, algunos de los animales residentes del zool\u00f3gico pueden entrar para refrescarse y encontrar sombra adicional, \u00a1y usted debe hacer lo mismo! Visite nuestros espacios interiores para ver animales, sombra y aire acondicionado, incluidos Pahali ya Simba, Emerald Forest, Great Ape Building, Village Hall y Tropical Discovery.<\/p>\n\n<\/div>\r\n            <\/div>\r\n        <\/div>\r\n    <\/div>\r\n<\/div>\r\n<\/div>\n\n\r\n\r\n<div  class='lhl-text-and-image urbi-component urbi-component front_view lhl_spacing_t_00 lhl_spacing_b_00 lhl_spacing_l_00 lhl_spacing_r_00 section-background-t' >\r\n<div class=\"urbi-component-inner\">\r\n\r\n    <div class=\"text_and_image_comp_inner lhl_grid_reverse lhl_grid uk-grid-match\" uk-grid>\r\n\r\n                <div class=\"lhl_grid_col lhl-text-and-image__col-img lhl_width_1_2@m\">\r\n\r\n            \r\n                \r\n                                    <div class=\"default-image-container\">\r\n                                                    <img decoding=\"async\" width=\"600\" height=\"380\" src=\"https:\/\/denverzoo.org\/wp-content\/uploads\/2024\/07\/Ice-Cream-600x380.png\" class=\"urbi-img img-class\" alt=\"\" loading=\"lazy\" \/>                                            <\/div>\r\n                \r\n                \r\n            \r\n            \r\n                    <\/div>\r\n\r\n                <div class=\"lhl_grid_col lhl-text-and-image__col-text lhl_width_1_2@m\">\r\n            <div class=\"lhl-text-and-image__col-text-inner lhl_spacing_03\" style=\"\">\r\n                <div class=\"acf-innerblocks-container\">\n\n<p><\/p>\n\n\n\n<h4 class=\"wp-block-heading has-text-align-right\"><strong>Toma un regalo fresco<\/strong><\/h4>\n\n\n\n<p class=\"has-text-align-right\">Visita restaurantes y quioscos para disfrutar de tu helado o bebida helada favorita. Entre los favoritos de los clientes se encuentran Dippin&#039; Dots en Kamala Caf\u00e9 o Primate Panorama, Dole Whip en Caf\u00e9 Costa o el helado suave en Cup and Cone.<\/p>\n\n\n    \r\n    \r\n    <div class='urbi_button_link right'><a class=\"urbi-link lhl_button lhl_button--small lhl_button_color_default lhl_button_width_default lhl_button--block\" href=\"\/es\/things-to-do\/?_to_do_by_type=food-and-drink\" target=\"\" rel=\"noopener noreferrer\" >Ver todas las opciones de comida y bebida<\/a><\/div>\n<\/div>\r\n            <\/div>\r\n        <\/div>\r\n    <\/div>\r\n<\/div>\r\n<\/div>\n<\/div>\n\n<\/div>\n<\/div>\n<\/div>\n\n<\/div>\n<\/div>\n\n\n\n\n<div  class='lhl-section urbi-component urbi-component front_view lhl_comp_width_inherit lhl_spacing_t_09 lhl_spacing_b_09 lhl_spacing_l_00 lhl_spacing_r_00 section-background-t urbi-component-bg--midnight-harbor' ><div class=\"urbi-component-inner\">\n    <div class=\"is-layout-constrained\">\n\n<h2 class=\"wp-block-heading has-text-align-center\">4. Experiencia <strong>Stingray Cove\u2122<\/strong><\/h2>\n\n\n\n<p class=\"has-text-align-center\">\u00a1Cuando nosotros tenemos calor, ellos tienen calor! En d\u00edas con calor extremo, algunas actividades y avistamientos de animales pueden estar limitadas. Pase por esta experiencia interactiva con sombra al aire libre para sumergir sus manos y brazos en una piscina de 15,000 galones, tocando y alimentando a las suaves mantarrayas mientras se lanzan y se deslizan libremente alrededor de su h\u00e1bitat acu\u00e1tico.<\/p>\n\n<\/div>\n\n<\/div>\n<\/div>\n\n\n\n\n<div  class='lhl-section urbi-component urbi-component front_view lhl_comp_width_wide lhl_spacing_t_00 lhl_spacing_b_00 lhl_spacing_l_00 lhl_spacing_r_00 section-background-t  bg-pattern-' ><div class=\"urbi-component-inner\">\n    <div class=\"is-layout-constrained\">\n\n<figure class=\"wp-block-image size-full\"><img loading=\"lazy\" decoding=\"async\" width=\"2000\" height=\"600\" src=\"https:\/\/denverzoo.org\/wp-content\/uploads\/2024\/07\/stingrayfeature.png\" alt=\"\" class=\"wp-image-37651\" srcset=\"https:\/\/denverzoo.org\/wp-content\/uploads\/2024\/07\/stingrayfeature.png 2000w, https:\/\/denverzoo.org\/wp-content\/uploads\/2024\/07\/stingrayfeature-220x66.png 220w, https:\/\/denverzoo.org\/wp-content\/uploads\/2024\/07\/stingrayfeature-1024x307.png 1024w, https:\/\/denverzoo.org\/wp-content\/uploads\/2024\/07\/stingrayfeature-768x230.png 768w, https:\/\/denverzoo.org\/wp-content\/uploads\/2024\/07\/stingrayfeature-50x15.png 50w, https:\/\/denverzoo.org\/wp-content\/uploads\/2024\/07\/stingrayfeature-1600x480.png 1600w, https:\/\/denverzoo.org\/wp-content\/uploads\/2024\/07\/stingrayfeature-1536x461.png 1536w, https:\/\/denverzoo.org\/wp-content\/uploads\/2024\/07\/stingrayfeature-18x5.png 18w\" sizes=\"auto, (max-width: 2000px) 100vw, 2000px\" \/><\/figure>\n\n<\/div>\n\n<\/div>\n<\/div>","protected":false},"excerpt":{"rendered":"","protected":false},"author":82,"featured_media":0,"parent":0,"menu_order":0,"comment_status":"closed","ping_status":"closed","template":"","meta":{"_acf_changed":false,"_relevanssi_hide_post":"","_relevanssi_hide_content":"","_relevanssi_pin_for_all":"","_relevanssi_pin_keywords":"","_relevanssi_unpin_keywords":"","_relevanssi_related_keywords":"","_relevanssi_related_include_ids":"","_relevanssi_related_exclude_ids":"","_relevanssi_related_no_append":"","_relevanssi_related_not_related":"","_relevanssi_related_posts":"116,121,123,538,1202,1775","_relevanssi_noindex_reason":"","footnotes":""},"class_list":["post-27484","page","type-page","status-publish","hentry"],"acf":[],"_links":{"self":[{"href":"https:\/\/denverzoo.org\/es\/wp-json\/wp\/v2\/pages\/27484","targetHints":{"allow":["GET"]}}],"collection":[{"href":"https:\/\/denverzoo.org\/es\/wp-json\/wp\/v2\/pages"}],"about":[{"href":"https:\/\/denverzoo.org\/es\/wp-json\/wp\/v2\/types\/page"}],"author":[{"embeddable":true,"href":"https:\/\/denverzoo.org\/es\/wp-json\/wp\/v2\/users\/82"}],"replies":[{"embeddable":true,"href":"https:\/\/denverzoo.org\/es\/wp-json\/wp\/v2\/comments?post=27484"}],"version-history":[{"count":0,"href":"https:\/\/denverzoo.org\/es\/wp-json\/wp\/v2\/pages\/27484\/revisions"}],"wp:attachment":[{"href":"https:\/\/denverzoo.org\/es\/wp-json\/wp\/v2\/media?parent=27484"}],"curies":[{"name":"gracias","href":"https:\/\/api.w.org\/{rel}","templated":true}]}}