{"id":27606,"date":"2022-07-25T13:38:50","date_gmt":"2022-07-25T19:38:50","guid":{"rendered":"https:\/\/denverzoo.org\/?page_id=27606"},"modified":"2023-02-14T13:31:38","modified_gmt":"2023-02-14T20:31:38","slug":"mongolia","status":"publish","type":"page","link":"https:\/\/denverzoo.org\/es\/mongolia\/","title":{"rendered":"Mongolia"},"content":{"rendered":"<h2>\n\t\tMONGOLIA: estepas para el \u00e9xito sostenible\n\t<\/h2>\n<h1>\n\t\tReserva natural de Ikh Nart\n\t<\/h1>\n\t<h3>PUEDES AYUDAR<\/h3>\n\t<p>Sea parte de la diferencia que estamos haciendo en todo el mundo: \u00a1apoye los programas de conservaci\u00f3n del campo del zool\u00f3gico de Denver!<\/p>\n\t\t\t<a href=\"https:\/\/denverzoo.org\/es\/support\/field-conservation\/\" target=\"_blank\" role=\"button\" rel=\"noopener\">\n\t\t\t\t\t\t\tDONA AHORA\n\t\t\t\t\t<\/a>\n\t<p><strong>LA RESERVA NATURAL IKH NART DE MONGOLIA ES EL HOGAR DE UNA VARIEDAD<\/strong> de especies ic\u00f3nicas, muchas de ellas en peligro de extinci\u00f3n. Cuando el Zool\u00f3gico de Denver se involucr\u00f3 por primera vez en la conservaci\u00f3n de campo en esta \u00e1rea, hace m\u00e1s de 20 a\u00f1os, el gobierno local luchaba por administrar el \u00e1rea protegida.<\/p>\n<p>Utilizando el enfoque adaptativo que finalmente guiar\u00eda nuestros esfuerzos en los cinco continentes, el equipo de Conservaci\u00f3n de Campo del Zool\u00f3gico de Denver aport\u00f3 experiencia en conservaci\u00f3n de la vida silvestre, manejo de pastizales, investigaci\u00f3n cient\u00edfica y participaci\u00f3n comunitaria en Gobi Steppe. Dos d\u00e9cadas m\u00e1s tarde, el Zool\u00f3gico de Denver y nuestros socios locales trabajaron para transformar Ikh Nart en un \u00e1rea protegida modelo, una con principios y programas sostenibles que se pueden escalar en m\u00faltiples ecosistemas. Siga leyendo para obtener una descripci\u00f3n general r\u00e1pida de c\u00f3mo llegamos all\u00ed.<\/p>\n\t\t\t\t<img loading=\"lazy\" decoding=\"async\" src=\"https:\/\/denverzoo.org\/wp-content\/uploads\/2018\/12\/Conservation_Mongolia_SunsetInMongolia.jpg\" alt=\"Conservation Mongolia\" itemprop=\"image\" height=\"400\" width=\"1070\" title=\"Conservaci\u00f3n Mongolia\" onerror=\"this.style.display='none'\"  \/>\n\t<h2>NUESTROS RETOS:<\/h2>\n<h2>Poblaci\u00f3n + Presiones clim\u00e1ticas<\/h2>\n\t<strong>DURANTE SIGLOS, COMUNIDADES DE PASTORES DE MONGOLIA, VIDA SILVESTRE NATIVA<br \/>\n<\/strong>y el ganado domesticado han compartido con \u00e9xito los recursos en las vastas praderas de la estepa de Gobi. Sin embargo, en las \u00faltimas d\u00e9cadas, un aumento en el ganado dom\u00e9stico condujo al sobrepastoreo y aument\u00f3 el riesgo de enfermedades tanto para las especies silvestres como para las domesticadas. Combinadas con las crecientes sequ\u00edas que plagan este ecosistema, estas presiones llevaron a la disminuci\u00f3n de la poblaci\u00f3n de m\u00faltiples especies de vida silvestre local.\n\t\t\t\t<img loading=\"lazy\" decoding=\"async\" src=\"https:\/\/denverzoo.org\/wp-content\/uploads\/2018\/12\/Conservation_Mongolia_AdultFlyingIntoNest.jpg\" alt=\"Conservation Mongolia\" itemprop=\"image\" height=\"870\" width=\"1280\" title=\"Conservaci\u00f3n_Mongolia_AdultFlyingIntoNest\" onerror=\"this.style.display='none'\"  \/>\n\t<h2>NUESTRA SOLUCI\u00d3N:<\/h2>\n<h2>protecci\u00f3n multifac\u00e9tica<\/h2>\n\t<p><strong>ASEGURAR LA SUPERVIVENCIA DE LA VIDA SILVESTRE EN IKH NART REQUIERE <\/strong>una confluencia de diversas disciplinas de conservaci\u00f3n y colaboraci\u00f3n con m\u00faltiples socios, todo envuelto en un enfoque sostenible que empodera a las familias, estudiantes y organizaciones locales para que sean parte de la soluci\u00f3n. Los esfuerzos del Zool\u00f3gico de Denver se centraron en varias \u00e1reas cr\u00edticas: monitoreo y protecci\u00f3n de especies amenazadas, manejo de pastizales y compromiso\/fortalecimiento de la capacidad de la comunidad, cada una de las cuales depende de las dem\u00e1s para lograr el \u00e9xito a largo plazo.<\/p>\n<p>\u00a0<\/p>\n\t[VIDEO-POPUP]\n\t\t<h3>Buitres amenazados<\/h3>\n\t\t<p>Nuestro equipo hab\u00eda estado estudiando y protegiendo a los buitres negros en Mongolia desde 2006. Cuando las encuestas de ger a ger (hogar a hogar) revelaron conceptos err\u00f3neos da\u00f1inos sobre esta especie ic\u00f3nica, trabajamos con conservacionistas locales para crear un Programa Embajador Buitre. Los embajadores sirvieron de enlace entre las familias de pastores y los socios de Ikh Nart, y recopilaron datos vitales sobre la especie. Estos datos, junto con otras investigaciones realizadas por expertos en aves del Zool\u00f3gico de Denver, fueron fundamentales para el desarrollo de nuestra estrategia de conservaci\u00f3n de buitres.<\/p>\n\t\t\t<a href=\"\" target=\"_self\" role=\"button\" rel=\"noopener\">\n\t\t\t\t\t\t\tHaga clic aqu\u00ed\n\t\t\t\t\t<\/a>\n\t\t<h2>Ungulados en peligro de extinci\u00f3n<\/h2>\n\t\t<p>La ganader\u00eda a peque\u00f1a escala y la intensificaci\u00f3n de las condiciones de sequ\u00eda ponen a los ungulados end\u00e9micos, incluidas las ovejas salvajes nativas y las gacelas con bocio, en un riesgo mucho mayor de inanici\u00f3n y transmisi\u00f3n de enfermedades. Desde el a\u00f1o 2000, el Zool\u00f3gico de Denver trabaj\u00f3 con voluntarios de Earthwatch y jinetes n\u00f3madas locales en redadas anuales de estas dos especies para acorralar, colocar collares y recolectar muestras de sangre de manera segura. Todos estos datos ayudaron a dar forma a la estrategia general de conservaci\u00f3n del \u00e1rea.<\/p>\n\t\t\t<a href=\"\" target=\"_self\" role=\"button\" rel=\"noopener\">\n\t\t\t\t\t\t\tHaga clic aqu\u00ed\n\t\t\t\t\t<\/a>\n\t[VIDEO-POPUP] [VIDEO-POPUP]\n\t\t<h3>Gesti\u00f3n de pastizales<\/h3>\n\t\t<p>Sobre la base del conocimiento que reunimos durante las \u00faltimas dos d\u00e9cadas, el Zool\u00f3gico de Denver trabaj\u00f3 con partes interesadas locales, incluidas organizaciones asociadas, funcionarios gubernamentales locales y provinciales, representantes de la industria minera y tur\u00edstica, as\u00ed como cientos de miembros de la comunidad de pastores Ikh Nart, para elaborar el primer plan integral del \u00e1rea para la gesti\u00f3n de pastizales a largo plazo. Este modelo impulsado por las partes interesadas se elabor\u00f3 cuidadosamente para facilitar el \u00e9xito sostenible.<\/p>\n\t\t\t<a href=\"\" target=\"_self\" role=\"button\" rel=\"noopener\">\n\t\t\t\t\t\t\tHaga clic aqu\u00ed\n\t\t\t\t\t<\/a>\n\t\t<h2>Acci\u00f3n Comunitaria<\/h2>\n\t\t<p>El zool\u00f3gico de Denver trabaj\u00f3 para capacitar a los mongoles de todas las edades para que se convirtieran en campeones pr\u00e1cticos de la conservaci\u00f3n de la vida silvestre. M\u00e1s de 2500 profesores y estudiantes mongoles (K a posgrado) participaron en nuestros programas de educaci\u00f3n para la conservaci\u00f3n. Eso incluye a los m\u00e1s de 150 estudiantes de pregrado y posgrado que han contribuido a nuestro trabajo de campo, 40 de los cuales asistieron a sus estudios con becas del Zool\u00f3gico de Denver. De los m\u00e1s de 150 estudiantes de educaci\u00f3n superior, 75% se inspiraron para seguir carreras relacionadas con la conservaci\u00f3n.<\/p>\n\t\t\t<a href=\"\" target=\"_self\" role=\"button\" rel=\"noopener\">\n\t\t\t\t\t\t\tHaga clic aqu\u00ed\n\t\t\t\t\t<\/a>\n\t[VIDEO-POPUP]\n\t<h2>NUESTROS RESULTADOS:<\/h2>\n<h2>\u00c9xito escalable<\/h2>\n\t<p><b>CON LA GESTI\u00d3N DE PASTIZALES DE IKH NART IMPULSADA POR LAS PARTES INTERESADAS <\/b>Estrategia en desarrollo, el Zool\u00f3gico de Denver y nuestros socios estaban encantados de poner en acci\u00f3n dos d\u00e9cadas de estudio detallado y defensa en el terreno.<\/p>\n<p>Casi duplicar la superficie protegida en la Reserva Ikh Nart fue un gran logro para nuestro equipo. Pero quiz\u00e1s de igual importancia es el hecho de que nuestras estrategias de conservaci\u00f3n impulsadas por las partes interesadas est\u00e1n preparadas para servir como modelo para toda la red de \u00e1reas protegidas de Mongolia.<\/p>\n\t[VIDEO-POPUP]\n\t\t<h3>SOCIOS<\/h3>\n\t\t<p>El Zool\u00f3gico de Denver agradece a la red de organizaciones asociadas que contribuyeron al \u00e9xito de Ikh Nart, as\u00ed como a las personas que trabajaron en el frente interno para lograr un cambio significativo:<\/p>\n<strong>Instituto Earthwatch\u00a0<\/strong><br \/>\n<strong>Confianza para el entendimiento mutuo\u00a0<\/strong><br \/>\n<strong>Fondo de conservaci\u00f3n de Disney\u00a0<\/strong><br \/>\n<strong>Universidad Nacional de Mongolia\u00a0<\/strong><br \/>\n<strong>Universidad Estatal de Educaci\u00f3n de Mongolia <\/strong><br \/>\n<strong>Laboratorio Veterinario Central del Estado de Mongolia\u00a0<\/strong><br \/>\n<strong>Universidad de Vermont\u00a0<\/strong><br \/>\n<strong>Socios de Ciencias de la Conservaci\u00f3n\u00a0<\/strong><br \/>\n<strong>Gobiernos locales, provinciales y nacionales\u00a0<\/strong>\n\t\t\t<a href=\"\" target=\"_self\" role=\"button\" rel=\"noopener\">\n\t\t\t\t\t\t\tHaga clic aqu\u00ed\n\t\t\t\t\t<\/a>\n\t[dz_slideshow]","protected":false},"excerpt":{"rendered":"","protected":false},"author":82,"featured_media":11867,"parent":0,"menu_order":0,"comment_status":"closed","ping_status":"closed","template":"","meta":{"_acf_changed":false,"_relevanssi_hide_post":"","_relevanssi_hide_content":"","_relevanssi_pin_for_all":"","_relevanssi_pin_keywords":"","_relevanssi_unpin_keywords":"","_relevanssi_related_keywords":"","_relevanssi_related_include_ids":"","_relevanssi_related_exclude_ids":"","_relevanssi_related_no_append":"","_relevanssi_related_not_related":"","_relevanssi_related_posts":"","_relevanssi_noindex_reason":"","footnotes":""},"class_list":["post-27606","page","type-page","status-publish","has-post-thumbnail","hentry"],"acf":[],"_links":{"self":[{"href":"https:\/\/denverzoo.org\/es\/wp-json\/wp\/v2\/pages\/27606","targetHints":{"allow":["GET"]}}],"collection":[{"href":"https:\/\/denverzoo.org\/es\/wp-json\/wp\/v2\/pages"}],"about":[{"href":"https:\/\/denverzoo.org\/es\/wp-json\/wp\/v2\/types\/page"}],"author":[{"embeddable":true,"href":"https:\/\/denverzoo.org\/es\/wp-json\/wp\/v2\/users\/82"}],"replies":[{"embeddable":true,"href":"https:\/\/denverzoo.org\/es\/wp-json\/wp\/v2\/comments?post=27606"}],"version-history":[{"count":0,"href":"https:\/\/denverzoo.org\/es\/wp-json\/wp\/v2\/pages\/27606\/revisions"}],"wp:featuredmedia":[{"embeddable":true,"href":"https:\/\/denverzoo.org\/es\/wp-json\/wp\/v2\/media\/11867"}],"wp:attachment":[{"href":"https:\/\/denverzoo.org\/es\/wp-json\/wp\/v2\/media?parent=27606"}],"curies":[{"name":"gracias","href":"https:\/\/api.w.org\/{rel}","templated":true}]}}