{"id":28488,"date":"2022-10-06T14:30:17","date_gmt":"2022-10-06T20:30:17","guid":{"rendered":"https:\/\/denverzoo.org\/support\/support-animal-care\/"},"modified":"2023-05-22T11:19:59","modified_gmt":"2023-05-22T17:19:59","slug":"joinourflock","status":"publish","type":"page","link":"https:\/\/denverzoo.org\/es\/support\/joinourflock\/","title":{"rendered":"\u00danete a nuestro reba\u00f1o"},"content":{"rendered":"Nuestros flamencos est\u00e1n migrando a un nuevo hogar en 2023,<br>\n\u00a1y necesitamos TU ayuda para que esto suceda!\n\t\t\t\t<img loading=\"lazy\" decoding=\"async\" src=\"https:\/\/denverzoo.org\/wp-content\/uploads\/2023\/04\/HeroMidlevel.jpg\" alt=\"HeroMidlevel\" itemprop=\"image\" height=\"1000\" width=\"2000\" title=\"H\u00e9roeNivel medio\" onerror=\"this.style.display='none'\">\n\t[VIDEO-POPUP]\n\t<h3>Un gesto amoroso.<br>\nUn recordatorio duradero.<\/h3>\n<p>Reconoceremos a los donantes en el nuevo hogar de los flamencos con una hermosa instalaci\u00f3n de arte inspirada en la cultura y los paisajes de Am\u00e9rica del Sur. Esta es la primera oportunidad en m\u00e1s de una d\u00e9cada para que usted pueda crear un recordatorio duradero de su apoyo al Zool\u00f3gico de Denver. \u00a1D\u00e9 ahora para ayudar a que este importante proyecto despegue!&nbsp;<\/p>\n\t<p><em>*La obra de arte solo con fines conceptuales: la pieza terminada ser\u00e1 producida por un artista comisionado.&nbsp;<\/em><\/p>\n\t<h3>Dale una mano a nuestros flamencos + <br>\n\u00a1Consigue una nueva pluma en tu gorra! <\/h3>\n<p>Como organizaci\u00f3n de conservaci\u00f3n sin fines de lucro, confiamos en nuestra generosa comunidad de donantes para ayudarnos a proporcionar los h\u00e1bitats m\u00e1s encantadores y aut\u00e9nticos del mundo. Son las personas como T\u00da las que hacen realidad nuestros sue\u00f1os m\u00e1s salvajes. Por eso, nos gustar\u00eda hacer realidad sus sue\u00f1os, con la oportunidad de ser parte de su mundo.&nbsp;<\/p>\n\t[VIDEO-POPUP]\n<h3>\n\t\tDone ahora para reservar su hermoso legado\n\t<\/h3>\n\t\t\t\t<img loading=\"lazy\" decoding=\"async\" src=\"https:\/\/denverzoo.org\/wp-content\/uploads\/2022\/10\/paneldescript-1.jpg\" alt=\"paneldescript\" itemprop=\"image\" height=\"2000\" width=\"1755\" title=\"descripci\u00f3n del panel\" onerror=\"this.style.display='none'\">\n\t\t\t\t<img decoding=\"async\" src=\"https:\/\/denverzoo.org\/wp-content\/plugins\/bb-plugin\/img\/pixel.png\" alt=\"\" itemprop=\"image\" onerror=\"this.style.display='none'\">\n\t<p>Para asegurar su lugar en el futuro salvaje del zool\u00f3gico de Denver, complete el formulario de compromiso a continuaci\u00f3n.&nbsp;<\/p>\n\t<p>\u00bfTiene preguntas sobre su donaci\u00f3n o est\u00e1 interesado en hacer una promesa de varios a\u00f1os?<\/p>\n<p>Contacta con Erin Sem\u00f3n, <em>directora de campa\u00f1a<\/em>,&nbsp;<a href=\"https:\/\/app.mavenlink.com\/redirect?url=mailto%3Aesemon%40denverzoo.org\" target=\"_blank\" rel=\"noopener\">esemon@denverzoo.org<\/a>.<\/p>","protected":false},"excerpt":{"rendered":"","protected":false},"author":82,"featured_media":11542,"parent":22555,"menu_order":0,"comment_status":"closed","ping_status":"closed","template":"","meta":{"_acf_changed":false,"_relevanssi_hide_post":"","_relevanssi_hide_content":"","_relevanssi_pin_for_all":"","_relevanssi_pin_keywords":"","_relevanssi_unpin_keywords":"","_relevanssi_related_keywords":"","_relevanssi_related_include_ids":"","_relevanssi_related_exclude_ids":"","_relevanssi_related_no_append":"","_relevanssi_related_not_related":"","_relevanssi_related_posts":"","_relevanssi_noindex_reason":"","footnotes":""},"class_list":["post-28488","page","type-page","status-publish","has-post-thumbnail","hentry"],"acf":[],"_links":{"self":[{"href":"https:\/\/denverzoo.org\/es\/wp-json\/wp\/v2\/pages\/28488","targetHints":{"allow":["GET"]}}],"collection":[{"href":"https:\/\/denverzoo.org\/es\/wp-json\/wp\/v2\/pages"}],"about":[{"href":"https:\/\/denverzoo.org\/es\/wp-json\/wp\/v2\/types\/page"}],"author":[{"embeddable":true,"href":"https:\/\/denverzoo.org\/es\/wp-json\/wp\/v2\/users\/82"}],"replies":[{"embeddable":true,"href":"https:\/\/denverzoo.org\/es\/wp-json\/wp\/v2\/comments?post=28488"}],"version-history":[{"count":0,"href":"https:\/\/denverzoo.org\/es\/wp-json\/wp\/v2\/pages\/28488\/revisions"}],"up":[{"embeddable":true,"href":"https:\/\/denverzoo.org\/es\/wp-json\/wp\/v2\/pages\/22555"}],"wp:featuredmedia":[{"embeddable":true,"href":"https:\/\/denverzoo.org\/es\/wp-json\/wp\/v2\/media\/11542"}],"wp:attachment":[{"href":"https:\/\/denverzoo.org\/es\/wp-json\/wp\/v2\/media?parent=28488"}],"curies":[{"name":"gracias","href":"https:\/\/api.w.org\/{rel}","templated":true}]}}