{"id":286,"date":"2018-07-10T03:43:55","date_gmt":"2018-07-10T03:43:55","guid":{"rendered":"https:https:\/\/denverzooprod.drud.io\/?page_id=286"},"modified":"2018-07-10T03:52:59","modified_gmt":"2018-07-10T03:52:59","slug":"pricing-page","status":"publish","type":"page","link":"https:\/\/denverzoo.org\/es\/pricing-page\/","title":{"rendered":"P\u00e1gina de precios"},"content":{"rendered":"<p>\t\t\t\t<img loading=\"lazy\" decoding=\"async\" src=\"https:\/\/demos.wpbeaverbuilder.com\/wp-content\/uploads\/2015\/03\/envelope-icon.png\" alt=\"envelope-icon\" itemprop=\"image\" height=\"300\" width=\"300\" title=\"icono de sobre\"  \/><\/p>\n<h1>Convi\u00e9rtete en un ninja de conversi\u00f3n<\/h1>\n<h2>Inscr\u00edbete en nuestro <strong>Actualizaciones GRATIS<\/strong><\/h2>\n<ul>\n<li>Le enviaremos una actualizaci\u00f3n peri\u00f3dica.<\/li>\n<li>No te preocupes, no es ni un poco molesto.<\/li>\n<\/ul>","protected":false},"excerpt":{"rendered":"<p>Convi\u00e9rtase en un ninja de la conversi\u00f3n Inscr\u00edbase para recibir nuestras actualizaciones GRATUITAS Le enviaremos una actualizaci\u00f3n peri\u00f3dica. No te preocupes, no es ni un poco molesto.<\/p>","protected":false},"author":40,"featured_media":0,"parent":0,"menu_order":0,"comment_status":"closed","ping_status":"closed","template":"","meta":{"_acf_changed":false,"_relevanssi_hide_post":"","_relevanssi_hide_content":"","_relevanssi_pin_for_all":"","_relevanssi_pin_keywords":"","_relevanssi_unpin_keywords":"","_relevanssi_related_keywords":"","_relevanssi_related_include_ids":"","_relevanssi_related_exclude_ids":"","_relevanssi_related_no_append":"","_relevanssi_related_not_related":"","_relevanssi_related_posts":"","_relevanssi_noindex_reason":"","footnotes":""},"class_list":["post-286","page","type-page","status-publish","hentry"],"acf":[],"_links":{"self":[{"href":"https:\/\/denverzoo.org\/es\/wp-json\/wp\/v2\/pages\/286","targetHints":{"allow":["GET"]}}],"collection":[{"href":"https:\/\/denverzoo.org\/es\/wp-json\/wp\/v2\/pages"}],"about":[{"href":"https:\/\/denverzoo.org\/es\/wp-json\/wp\/v2\/types\/page"}],"author":[{"embeddable":true,"href":"https:\/\/denverzoo.org\/es\/wp-json\/wp\/v2\/users\/40"}],"replies":[{"embeddable":true,"href":"https:\/\/denverzoo.org\/es\/wp-json\/wp\/v2\/comments?post=286"}],"version-history":[{"count":0,"href":"https:\/\/denverzoo.org\/es\/wp-json\/wp\/v2\/pages\/286\/revisions"}],"wp:attachment":[{"href":"https:\/\/denverzoo.org\/es\/wp-json\/wp\/v2\/media?parent=286"}],"curies":[{"name":"gracias","href":"https:\/\/api.w.org\/{rel}","templated":true}]}}