{"id":31791,"date":"2023-02-13T09:42:41","date_gmt":"2023-02-13T16:42:41","guid":{"rendered":"https:\/\/denverzoo.org\/?page_id=31791"},"modified":"2023-03-31T16:03:21","modified_gmt":"2023-03-31T22:03:21","slug":"baby-sloth-naming-contest","status":"publish","type":"page","link":"https:\/\/denverzoo.org\/es\/baby-sloth-naming-contest\/","title":{"rendered":"Concurso de nombres de perezosos beb\u00e9s"},"content":{"rendered":"<h3>\n\t\tManeras de dar\n\t<\/h3>\n\t<p>Your Support for Denver Zoo crea conexiones entre las personas y el planeta y salva animales salvajes en lugares salvajes.<\/p>\n\t\t\t<a href=\"\/es\/ways-to-give\/\" target=\"_self\" role=\"button\" rel=\"noopener\">\n\t\t\t\t\t\t\tAprende m\u00e1s\n\t\t\t\t\t<\/a>\n<h1>\n\t\t\u00a1Gracias por su apoyo!\n\t<\/h1>\n\t<p>Se ha cerrado la votaci\u00f3n para el cachorro de perezoso de dos dedos de Linne. Gracias a todos los que donaron. El nombre oficial se anunciar\u00e1 pronto.<\/p>\n<h2>\n\t\t\u00bfNo tuviste la oportunidad de votar?\n\t<\/h2>\n\t<p>\u00a1No te preocupes! A\u00fan puedes ayudar al Zool\u00f3gico de Denver y a nuestra misi\u00f3n: <em>Inspirar a las comunidades a salvar la vida silvestre para las generaciones futuras.<\/em><\/p>\n\t\t\t<a href=\"\/es\/donate\/\" target=\"_self\" role=\"button\" rel=\"noopener\">\n\t\t\t\t\t\t\tDona ahora\n\t\t\t\t\t<\/a>\n\t[dz_image_gallery_slides] [VIDEO-POPUP]\n\t\t<h3>Paquete de alegr\u00eda<\/h3>\n\t\t<p><b><i>Agregue este paquete $30 cuando se una al Zool\u00f3gico de Denver y obtenga:\u00a0<\/i><\/b><\/p>\nA\u00d1O COMPLETO de beneficios de membres\u00eda<br \/>\nVOTO LIBRE para nombrar al beb\u00e9 perezoso<br \/>\nCertificado de adopci\u00f3n de perezosos PERSONALIZADO\n\t\t\t<a href=\"https:\/\/denverzoo.org\/es\/membership\/\" target=\"_self\" role=\"button\" rel=\"noopener\">\n\t\t\t\t\t\t\tM\u00c1S INFORMACI\u00d3N\n\t\t\t\t\t<\/a>","protected":false},"excerpt":{"rendered":"","protected":false},"author":82,"featured_media":0,"parent":0,"menu_order":0,"comment_status":"closed","ping_status":"closed","template":"","meta":{"_acf_changed":false,"_relevanssi_hide_post":"","_relevanssi_hide_content":"","_relevanssi_pin_for_all":"","_relevanssi_pin_keywords":"","_relevanssi_unpin_keywords":"","_relevanssi_related_keywords":"","_relevanssi_related_include_ids":"","_relevanssi_related_exclude_ids":"","_relevanssi_related_no_append":"","_relevanssi_related_not_related":"","_relevanssi_related_posts":"","_relevanssi_noindex_reason":"","footnotes":""},"class_list":["post-31791","page","type-page","status-publish","hentry"],"acf":[],"_links":{"self":[{"href":"https:\/\/denverzoo.org\/es\/wp-json\/wp\/v2\/pages\/31791","targetHints":{"allow":["GET"]}}],"collection":[{"href":"https:\/\/denverzoo.org\/es\/wp-json\/wp\/v2\/pages"}],"about":[{"href":"https:\/\/denverzoo.org\/es\/wp-json\/wp\/v2\/types\/page"}],"author":[{"embeddable":true,"href":"https:\/\/denverzoo.org\/es\/wp-json\/wp\/v2\/users\/82"}],"replies":[{"embeddable":true,"href":"https:\/\/denverzoo.org\/es\/wp-json\/wp\/v2\/comments?post=31791"}],"version-history":[{"count":0,"href":"https:\/\/denverzoo.org\/es\/wp-json\/wp\/v2\/pages\/31791\/revisions"}],"wp:attachment":[{"href":"https:\/\/denverzoo.org\/es\/wp-json\/wp\/v2\/media?parent=31791"}],"curies":[{"name":"gracias","href":"https:\/\/api.w.org\/{rel}","templated":true}]}}