{"id":32025,"date":"2023-02-22T18:21:37","date_gmt":"2023-02-23T01:21:37","guid":{"rendered":"https:\/\/denverzoo.org\/support\/support-renew-zoo-pride\/"},"modified":"2023-03-16T10:04:03","modified_gmt":"2023-03-16T16:04:03","slug":"upgrade-zoo-pride","status":"publish","type":"page","link":"https:\/\/denverzoo.org\/es\/support\/upgrade-zoo-pride\/","title":{"rendered":"Mejora el orgullo del zool\u00f3gico"},"content":{"rendered":"<h3>\n\t\tLISTO PARA ACTUALIZAR\n\t<\/h3>\n\t\t\t<a href=\"#upgradeform\" target=\"_self\" role=\"button\" rel=\"noopener\">\n\t\t\t\t\t\t\tACTUALIZAR AHORA\n\t\t\t\t\t<\/a>\n<h1>\n\t\tActualizar a una membres\u00eda de Zoo Pride\n\t<\/h1>\n<h4>\n\t\t\u00a1Convi\u00e9rtase en un Insider exclusivo en el Zool\u00f3gico de Denver!\n\t<\/h4>\n\t<p>\u00bfQuiere saber c\u00f3mo actualizar su membres\u00eda a Zoo Pride? \u00a1Simplemente complete el formulario a continuaci\u00f3n! Como organizaci\u00f3n sin fines de lucro, dependemos de la generosidad de nuestra comunidad de donantes, incluidos nuestros miembros de Zoo Pride, para ayudarnos a financiar el monumental costo de cuidar a 3000 animales salvajes y maravillosos.<\/p>\n\t\t\t<a href=\"#upgradeform\" target=\"_self\" role=\"button\" rel=\"noopener\">\n\t\t\t\t\t\t\tACTUALIZAR AHORA\n\t\t\t\t\t<\/a>\n<h3>\n\t\tAmpl\u00ede su impacto\n\t<\/h3>\n\t<p>Cuando actualiza su membres\u00eda de Zoo Pride, est\u00e1 haciendo m\u00e1s que garantizar que podamos seguir brindando atenci\u00f3n de primer nivel a los 3000 animales salvajes y maravillosos bajo nuestro cuidado: tambi\u00e9n est\u00e1 apoyando nuestros incansables esfuerzos de conservaci\u00f3n de campo en Colorado y en todo el mundo.<\/p>\n\t\t\t\t<img loading=\"lazy\" decoding=\"async\" src=\"https:\/\/denverzoo.org\/wp-content\/uploads\/2023\/02\/ezgif.com-video-to-gif-5.gif\" alt=\"ezgif.com-video-to-gif (5)\" itemprop=\"image\" height=\"282\" width=\"600\" title=\"ezgif.com-video-a-gif (5)\" onerror=\"this.style.display='none'\">\n\t\t\t\t<img loading=\"lazy\" decoding=\"async\" src=\"https:\/\/denverzoo.org\/wp-content\/uploads\/2022\/02\/PAttiHeadshot2-1.jpg\" alt=\"PAttiHeadshot2\" itemprop=\"image\" height=\"400\" width=\"400\" title=\"PAttiEn la cabeza2\" onerror=\"this.style.display='none'\">\n\t\t<h2>CHARLEMOS<\/h2>\n\t\t<p>Contactar con Patti Seitz | Gerente de donaciones individuales<\/p>\n<p>720-337-1583 o&nbsp;<a href=\"https:\/\/app.mavenlink.com\/redirect?url=mailto%3Apseitz%40denverzoo.org\" target=\"_blank\" rel=\"noopener\">pseitz@denverzoo.org<\/a><\/p>\n\t\t\t<a href=\"mailto:pseitz@denverzoo.org\" target=\"_self\" role=\"button\" rel=\"noopener\">\n\t\t\t\t\t\t\tCONTACTO PATTI\n\t\t\t\t\t<\/a>","protected":false},"excerpt":{"rendered":"","protected":false},"author":82,"featured_media":11799,"parent":22555,"menu_order":0,"comment_status":"closed","ping_status":"closed","template":"","meta":{"_acf_changed":false,"_relevanssi_hide_post":"","_relevanssi_hide_content":"","_relevanssi_pin_for_all":"","_relevanssi_pin_keywords":"","_relevanssi_unpin_keywords":"","_relevanssi_related_keywords":"","_relevanssi_related_include_ids":"","_relevanssi_related_exclude_ids":"","_relevanssi_related_no_append":"","_relevanssi_related_not_related":"","_relevanssi_related_posts":"","_relevanssi_noindex_reason":"","footnotes":""},"class_list":["post-32025","page","type-page","status-publish","has-post-thumbnail","hentry"],"acf":[],"_links":{"self":[{"href":"https:\/\/denverzoo.org\/es\/wp-json\/wp\/v2\/pages\/32025","targetHints":{"allow":["GET"]}}],"collection":[{"href":"https:\/\/denverzoo.org\/es\/wp-json\/wp\/v2\/pages"}],"about":[{"href":"https:\/\/denverzoo.org\/es\/wp-json\/wp\/v2\/types\/page"}],"author":[{"embeddable":true,"href":"https:\/\/denverzoo.org\/es\/wp-json\/wp\/v2\/users\/82"}],"replies":[{"embeddable":true,"href":"https:\/\/denverzoo.org\/es\/wp-json\/wp\/v2\/comments?post=32025"}],"version-history":[{"count":0,"href":"https:\/\/denverzoo.org\/es\/wp-json\/wp\/v2\/pages\/32025\/revisions"}],"up":[{"embeddable":true,"href":"https:\/\/denverzoo.org\/es\/wp-json\/wp\/v2\/pages\/22555"}],"wp:featuredmedia":[{"embeddable":true,"href":"https:\/\/denverzoo.org\/es\/wp-json\/wp\/v2\/media\/11799"}],"wp:attachment":[{"href":"https:\/\/denverzoo.org\/es\/wp-json\/wp\/v2\/media?parent=32025"}],"curies":[{"name":"gracias","href":"https:\/\/api.w.org\/{rel}","templated":true}]}}