{"id":32276,"date":"2023-03-10T10:06:21","date_gmt":"2023-03-10T17:06:21","guid":{"rendered":"https:\/\/denverzoo.org\/?page_id=32276"},"modified":"2023-06-12T16:42:06","modified_gmt":"2023-06-12T22:42:06","slug":"camp-conservation","status":"publish","type":"page","link":"https:\/\/denverzoo.org\/es\/teacher-professional-development_archive\/camp-conservation\/","title":{"rendered":"<strong>Desarrollo profesional docente: Conservaci\u00f3n de campamentos<\/strong>"},"content":{"rendered":"<p><b>FECHAS\/HORARIO<\/b><\/p>\n<strong>7-9 de junio de 2023 (WF)<\/strong><br \/>\n8:30 am-3:00 pm\u00a0\n<strong>11 al 13 de julio de 2023 (martes a jueves)<\/strong><br \/>\n8:30 am-3:00 pm\u00a0\n<p><b>COSTOS<\/b>\u00a0<\/p>\n<p>$175 por persona\u00a0<\/p>\n<p><b>UBICACI\u00d3N<\/b>\u00a0<\/p>\nDos d\u00edas en el Zool\u00f3gico de Denver <br \/>\n+ un d\u00eda en Daniels Park<br \/>\n<i>(el asistente proporciona transporte)<\/i>\u00a0\n<p><strong>CR\u00c9DITO\u00a0<\/strong><\/p>\n<p>\u00a11.0 cr\u00e9dito de nivel de posgrado a trav\u00e9s de la Escuela de Minas de Colorado incluido con la inscripci\u00f3n!<\/p>\n<b>CONT\u00c1CTANOS<\/b> para fechas personalizadas a nivel de escuela o distrito:<br \/>\n<a href=\"mailto:dzeducation@denverzoo.org\">dzeducation@denverzoo.org<\/a>\u00a0\n\t<p><b>PROGRAMACI\u00d3N: <\/b>Este programa de tres d\u00edas incluye experiencias con animales, acceso a expertos, un d\u00eda en el campo con cient\u00edficos conservacionistas del Zool\u00f3gico de Denver, recursos y conexiones con contenido para su sal\u00f3n de clases, desayuno y almuerzo diarios y oportunidades para intercambiar ideas y establecer contactos con otros educadores.\u00a0<\/p>\n\t\t\t<a href=\"https:\/\/denverzoo.org\/wp-content\/uploads\/2023\/05\/Camp-Conservation_Course-Information-1.pdf\" target=\"_blank\" role=\"button\" rel=\"noopener\">\n\t\t\t\t\t\t\tRESUMEN DEL CURSO\n\t\t\t\t\t<\/a>\n\t<p><b>Incluido en este Programa de Desarrollo Profesional Docente:<\/b><\/p>\n<ul type=\"disc\">\n<li>Aprendizaje pr\u00e1ctico inmersivo en el zool\u00f3gico y en un sitio de conservaci\u00f3n de campo del zool\u00f3gico local de Denver.<\/li>\n<li>Conexi\u00f3n con los conservacionistas del zool\u00f3gico de Denver, el personal de cuidado de animales y otros expertos, \u00a1sin mencionar algunos animales realmente geniales!<\/li>\n<li>Trabajo en red y lluvia de ideas con otros profesores.<\/li>\n<li>Mucho tiempo al aire libre bajo el hermoso sol de Colorado: \u00a1lleva protector solar!<\/li>\n<li>Cr\u00e9dito de nivel de posgrado a trav\u00e9s de la Escuela de Minas de Colorado.<\/li>\n<li>Comidas, obsequios del zool\u00f3gico y un recuerdo especial del zool\u00f3gico de Denver.<\/li>\n<li>Inf\u00f3rmese sobre las oportunidades de reembolso de millaje para maestros fuera del \u00e1rea metropolitana de Denver:\u00a0<a href=\"mailto:dzeducation@denverzoo.org\" target=\"_blank\" rel=\"noopener noreferrer\" data-auth=\"NotApplicable\" data-ogsc=\"\" data-linkindex=\"1\">dzeducation@denverzoo.org.<\/a><\/li>\n<\/ul>\n\t\t\t<a href=\"https:\/\/tickets.denverzoo.org\/DateSelection.aspx?item=4186\" target=\"_self\" role=\"button\" rel=\"noopener\">\n\t\t\t\t\t\t\tREG\u00cdSTRATE AHORA\n\t\t\t\t\t<\/a>\n\t<p>Para cancelar o transferir un programa, comun\u00edquese con\u00a0<a href=\"mailto:guestcare@denverzoo.org\" target=\"_blank\" rel=\"noopener noreferrer\" data-auth=\"NotApplicable\" data-ogsc=\"\" data-linkindex=\"0\">guestcare@denverzoo.org<\/a>\u00a0al menos dos semanas antes de la fecha programada del programa.<\/p>\n<ul type=\"disc\">\n<li><b>Tasas de transferencia:<\/b>\u00a0Se aplica una tarifa de transferencia de $25 a cualquier fecha o cambio de programa. No podemos garantizar la disponibilidad en futuros talleres.<\/li>\n<li><b>Gastos de cancelaci\u00f3n:\u00a0<\/b>Todas las ventas son finales, a menos que el zool\u00f3gico deba cancelar el programa. Se pueden solicitar excepciones en el caso de emergencias m\u00e9dicas familiares, enfermedades graves o por cuarentena requerida debido a COVID-19.<\/li>\n<\/ul>\n\t[dz_image_gallery_slides] [custom_buttons_show]","protected":false},"excerpt":{"rendered":"","protected":false},"author":82,"featured_media":0,"parent":32234,"menu_order":0,"comment_status":"closed","ping_status":"closed","template":"","meta":{"_acf_changed":false,"_relevanssi_hide_post":"","_relevanssi_hide_content":"","_relevanssi_pin_for_all":"","_relevanssi_pin_keywords":"","_relevanssi_unpin_keywords":"","_relevanssi_related_keywords":"","_relevanssi_related_include_ids":"","_relevanssi_related_exclude_ids":"","_relevanssi_related_no_append":"","_relevanssi_related_not_related":"","_relevanssi_related_posts":"","_relevanssi_noindex_reason":"","footnotes":""},"class_list":["post-32276","page","type-page","status-publish","hentry"],"acf":[],"_links":{"self":[{"href":"https:\/\/denverzoo.org\/es\/wp-json\/wp\/v2\/pages\/32276","targetHints":{"allow":["GET"]}}],"collection":[{"href":"https:\/\/denverzoo.org\/es\/wp-json\/wp\/v2\/pages"}],"about":[{"href":"https:\/\/denverzoo.org\/es\/wp-json\/wp\/v2\/types\/page"}],"author":[{"embeddable":true,"href":"https:\/\/denverzoo.org\/es\/wp-json\/wp\/v2\/users\/82"}],"replies":[{"embeddable":true,"href":"https:\/\/denverzoo.org\/es\/wp-json\/wp\/v2\/comments?post=32276"}],"version-history":[{"count":0,"href":"https:\/\/denverzoo.org\/es\/wp-json\/wp\/v2\/pages\/32276\/revisions"}],"up":[{"embeddable":true,"href":"https:\/\/denverzoo.org\/es\/wp-json\/wp\/v2\/pages\/32234"}],"wp:attachment":[{"href":"https:\/\/denverzoo.org\/es\/wp-json\/wp\/v2\/media?parent=32276"}],"curies":[{"name":"gracias","href":"https:\/\/api.w.org\/{rel}","templated":true}]}}