{"id":32281,"date":"2023-03-10T10:11:28","date_gmt":"2023-03-10T17:11:28","guid":{"rendered":"https:\/\/denverzoo.org\/?page_id=32281"},"modified":"2023-08-08T11:55:25","modified_gmt":"2023-08-08T17:55:25","slug":"phenomena-in-the-field","status":"publish","type":"page","link":"https:\/\/denverzoo.org\/es\/teacher-professional-development_archive\/phenomena-in-the-field\/","title":{"rendered":"<strong>Desarrollo Profesional Docente: Fen\u00f3menos en el Campo<\/strong>\u00a0"},"content":{"rendered":"<p><b>FECHAS\/HORARIO<\/b><\/p>\n<b>8:00 am-4:00 pm <\/b><br>\nmi\u00e9rcoles, 14 de junio<br>\nviernes, 16 de junio<br>\njueves, 20 de julio<br>\ns\u00e1bado, 26 de agosto<br>\ns\u00e1bado, 9 de septiembre&nbsp;\n<p><b>COSTOS<\/b><\/p>\n<p>$75 por persona&nbsp;<\/p>\n<p><b>UBICACI\u00d3N<\/b>&nbsp;<\/p>\nTaller de un d\u00eda en Daniels Park<br>\n<i>(el asistente proporciona transporte)<\/i>&nbsp;\n<p><strong>CR\u00c9DITO<\/strong><\/p>\n<p>\u00a10.5 cr\u00e9ditos de nivel de posgrado a trav\u00e9s de la Escuela de Minas de Colorado incluidos con la inscripci\u00f3n!<\/p>\n<b>CONT\u00c1CTANOS<\/b> para fechas personalizadas a nivel de escuela o distrito:&nbsp;<br>\n<a href=\"mailto:dzeducation@denverzoo.org\">dzeducation@denverzoo.org<\/a>&nbsp;\n\t<p><b>PROGRAMACI\u00d3N: <\/b>Este taller de Daniels Park incluye una experiencia de campo de un d\u00eda completo, acceso a expertos en conservaci\u00f3n del Zool\u00f3gico de Denver, conexiones con contenido para su sal\u00f3n de clases, almuerzo en caja y oportunidades para generar ideas y establecer contactos con otros educadores.&nbsp;<\/p>\n\t\t\t<a href=\"https:\/\/denverzoo.org\/wp-content\/uploads\/2023\/05\/Phenomena-In-the-Field_Course-Information.pdf\" target=\"_blank\" role=\"button\" rel=\"noopener\">\n\t\t\t\t\t\t\tRESUMEN DEL CURSO\n\t\t\t\t\t<\/a>\n\t<p><b>Incluido en este Programa de Desarrollo Profesional Docente:<\/b><\/p>\n<ul type=\"disc\">\n<li>Aprendizaje pr\u00e1ctico inmersivo en un sitio de conservaci\u00f3n de campo del zool\u00f3gico local de Denver.<\/li>\n<li>Conexi\u00f3n con los conservacionistas del zool\u00f3gico de Denver, el personal de cuidado de animales y otros expertos, \u00a1sin mencionar algunos animales realmente geniales!<\/li>\n<li>Trabajo en red y lluvia de ideas con otros profesores.<\/li>\n<li>Mucho tiempo al aire libre bajo el hermoso sol de Colorado: \u00a1lleva protector solar!<\/li>\n<li>Cr\u00e9dito de nivel de posgrado a trav\u00e9s de la Escuela de Minas de Colorado.<\/li>\n<li>Comidas, obsequios del zool\u00f3gico y un recuerdo especial del zool\u00f3gico de Denver.<\/li>\n<li>Inf\u00f3rmese sobre las oportunidades de reembolso de millaje para maestros fuera del \u00e1rea metropolitana de Denver:&nbsp;<a href=\"mailto:dzeducation@denverzoo.org\" target=\"_blank\" rel=\"noopener noreferrer\" data-auth=\"NotApplicable\" data-ogsc=\"\" data-linkindex=\"0\">dzeducation@denverzoo.org.<\/a><\/li>\n<\/ul>\n\t\t\t<a href=\"https:\/\/tickets.denverzoo.org\/selection.aspx?item=4201\" target=\"_self\" role=\"button\" rel=\"noopener\">\n\t\t\t\t\t\t\tREG\u00cdSTRATE AHORA\n\t\t\t\t\t<\/a>\n\t<p>Para cancelar o transferir un programa, comun\u00edquese con&nbsp;<a href=\"mailto:guestcare@denverzoo.org\" target=\"_blank\" rel=\"noopener noreferrer\" data-auth=\"NotApplicable\" data-ogsc=\"\" data-linkindex=\"0\">guestcare@denverzoo.org<\/a>&nbsp;al menos dos semanas antes de la fecha programada del programa.<\/p>\n<ul type=\"disc\">\n<li><b>Tasas de transferencia:<\/b>&nbsp;Se aplica una tarifa de transferencia de $25 a cualquier fecha o cambio de programa. No podemos garantizar la disponibilidad en futuros talleres.<\/li>\n<li><b>Gastos de cancelaci\u00f3n:&nbsp;<\/b>Todas las ventas son finales, a menos que el zool\u00f3gico deba cancelar el programa. Se pueden solicitar excepciones en el caso de emergencias m\u00e9dicas familiares, enfermedades graves o por cuarentena requerida debido a COVID-19.<\/li>\n<\/ul>\n\t[dz_image_gallery_slides] [custom_buttons_show]","protected":false},"excerpt":{"rendered":"","protected":false},"author":82,"featured_media":0,"parent":32234,"menu_order":0,"comment_status":"closed","ping_status":"closed","template":"","meta":{"_acf_changed":false,"_relevanssi_hide_post":"","_relevanssi_hide_content":"","_relevanssi_pin_for_all":"","_relevanssi_pin_keywords":"","_relevanssi_unpin_keywords":"","_relevanssi_related_keywords":"","_relevanssi_related_include_ids":"","_relevanssi_related_exclude_ids":"","_relevanssi_related_no_append":"","_relevanssi_related_not_related":"","_relevanssi_related_posts":"","_relevanssi_noindex_reason":"","footnotes":""},"class_list":["post-32281","page","type-page","status-publish","hentry"],"acf":[],"_links":{"self":[{"href":"https:\/\/denverzoo.org\/es\/wp-json\/wp\/v2\/pages\/32281","targetHints":{"allow":["GET"]}}],"collection":[{"href":"https:\/\/denverzoo.org\/es\/wp-json\/wp\/v2\/pages"}],"about":[{"href":"https:\/\/denverzoo.org\/es\/wp-json\/wp\/v2\/types\/page"}],"author":[{"embeddable":true,"href":"https:\/\/denverzoo.org\/es\/wp-json\/wp\/v2\/users\/82"}],"replies":[{"embeddable":true,"href":"https:\/\/denverzoo.org\/es\/wp-json\/wp\/v2\/comments?post=32281"}],"version-history":[{"count":0,"href":"https:\/\/denverzoo.org\/es\/wp-json\/wp\/v2\/pages\/32281\/revisions"}],"up":[{"embeddable":true,"href":"https:\/\/denverzoo.org\/es\/wp-json\/wp\/v2\/pages\/32234"}],"wp:attachment":[{"href":"https:\/\/denverzoo.org\/es\/wp-json\/wp\/v2\/media?parent=32281"}],"curies":[{"name":"gracias","href":"https:\/\/api.w.org\/{rel}","templated":true}]}}