{"id":33452,"date":"2023-05-24T13:53:57","date_gmt":"2023-05-24T19:53:57","guid":{"rendered":"https:\/\/denverzoo.org\/?page_id=33452"},"modified":"2023-08-30T10:16:58","modified_gmt":"2023-08-30T16:16:58","slug":"registry","status":"publish","type":"page","link":"https:\/\/denverzoo.org\/es\/support\/registry\/","title":{"rendered":"Registro de beb\u00e9 orangut\u00e1n"},"content":{"rendered":"<h1>\n\t\tVu\u00e9lvete mono por la generosidad\n\t<\/h1>\n<h2>\n\t\tDar a nuestro registro de beb\u00e9 orangut\u00e1n\n\t<\/h2>\n\t<p>\u00a1Nuestra nueva cr\u00eda de orangut\u00e1n ha LLEGADO! El Zool\u00f3gico de Denver depende del impacto de nuestra comunidad de donantes para ayudarnos a cuidar de todos nuestros animales.&nbsp;<em>especialmente<\/em>&nbsp;los m\u00e1s peque\u00f1os. Haga una donaci\u00f3n a nuestro Registro de beb\u00e9s orangutanes para ayudarnos a brindar atenci\u00f3n de primer nivel al adorable reci\u00e9n nacido y a sus cari\u00f1osos padres. \u00a1Gracias por marcar la diferencia para esta especie en peligro cr\u00edtico de extinci\u00f3n!<\/p>\n\t\t\t\t<img loading=\"lazy\" decoding=\"async\" src=\"https:\/\/denverzoo.org\/wp-content\/uploads\/2023\/08\/MicrosoftTeams-image-19-scaled-e1693347816993-550x550.jpg\" alt=\"MicrosoftTeams-image (19)\" itemprop=\"image\" height=\"550\" width=\"550\" title=\"Imagen de MicrosoftTeams (19)\" onerror=\"this.style.display='none'\">\n\t<h4><strong>Ex\u00e1menes de beb\u00e9s sanos <\/strong><\/h4>\n\t<h4><strong>$166\/MES<\/strong><\/h4>\n<p>Cada beb\u00e9 es precioso en el zool\u00f3gico de Denver, pero las especies en peligro cr\u00edtico de extinci\u00f3n como el orangut\u00e1n de Sumatra requieren atenci\u00f3n altamente especializada desde el primer d\u00eda. Su donaci\u00f3n asegurar\u00e1 que este amado bambino reciba ex\u00e1menes regulares de beb\u00e9 sano y vacunas cr\u00edticas de nuestro equipo veterinario.<\/p>\n\t\t\t<a href=\"\/es\/support\/well-baby\/\" target=\"_self\" role=\"button\" rel=\"noopener\">\n\t\t\t\t\t\t\tDONAR CUALQUIER CANTIDAD\n\t\t\t\t\t<\/a>\n\t\t\t\t<img loading=\"lazy\" decoding=\"async\" src=\"https:\/\/denverzoo.org\/wp-content\/uploads\/2023\/08\/Sumatran-Orangutan_VOL_REEDY_210111-2-e1693346387901-550x550.jpg\" alt=\"Sumatran Orangutan_VOL_REEDY_210111-2\" itemprop=\"image\" height=\"550\" width=\"550\" title=\"Orangut\u00e1n de Sumatra_VOL_REEDY_210111-2\" onerror=\"this.style.display='none'\">\n\t<h4><strong>Enriquecimiento de toda la familia<\/strong><\/h4>\n\t<h4><strong>$416\/MES<\/strong><\/h4>\n<p>\u00bfSab\u00edas que los humanos y los orangutanes comparten el 97% de nuestro ADN? Altamente inteligentes, requieren una gran cantidad de enriquecimiento para el bienestar mental y f\u00edsico. Su generosidad puede ayudar a garantizar que la familia siempre tenga cosas nuevas e interesantes para descubrir.<\/p>\n\t\t\t<a href=\"\/es\/support\/enrichment\/\" target=\"_self\" role=\"button\" rel=\"noopener\">\n\t\t\t\t\t\t\tDONAR CUALQUIER CANTIDAD\n\t\t\t\t\t<\/a>\n\t\t\t\t<img loading=\"lazy\" decoding=\"async\" src=\"https:\/\/denverzoo.org\/wp-content\/uploads\/2023\/08\/IMG_0888-1--e1693347716592-550x550.jpg\" alt=\"IMG_0888 1\" itemprop=\"image\" height=\"550\" width=\"550\" title=\"IMG_0888 1\" onerror=\"this.style.display='none'\">\n\t<h4><strong>Nutrici\u00f3n del beb\u00e9<\/strong><\/h4>\n\t<h4><strong>$217\/mes<\/strong><\/h4>\n<p>Todos los animales del Zool\u00f3gico de Denver reciben nutrici\u00f3n personalizada de la m\u00e1s alta calidad. Su donaci\u00f3n de cualquier monto nos ayudar\u00e1 a brindar un plan de nutrici\u00f3n personalizado para el beb\u00e9, que incluye una variedad de frutas frescas y suaves y otras delicias deliciosas para ayudarlo a crecer y prosperar.<\/p>\n\t\t\t<a href=\"\/es\/support\/nutrition\/\" target=\"_self\" role=\"button\" rel=\"noopener\">\n\t\t\t\t\t\t\tDONAR CUALQUIER CANTIDAD\n\t\t\t\t\t<\/a>\n\t\t\t\t<img loading=\"lazy\" decoding=\"async\" src=\"https:\/\/denverzoo.org\/wp-content\/uploads\/2023\/08\/Eirina_Orangutan-extended-1-scaled-e1693347760276-550x550.jpg\" alt=\"Eirina_Orangutan extended\" itemprop=\"image\" height=\"550\" width=\"550\" title=\"Eirina_Orangutan extendido\" onerror=\"this.style.display='none'\">\n\t<h4><strong>Golosinas para mam\u00e1 + pap\u00e1<\/strong><\/h4>\n\t<h4><strong>$215\/MES<\/strong><\/h4>\n<p>Cualquiera que haya sido padre primerizo sabe la importancia del autocuidado. Es por eso que queremos asegurarnos de que TANTO mam\u00e1 como pap\u00e1 reciban delicias nutritivas y deliciosas como anacardos y mango fresco. \u00a1Su amabilidad hace que la atenci\u00f3n siga fluyendo!<\/p>\n\t\t\t<a href=\"\/es\/support\/treats\/\" target=\"_self\" role=\"button\" rel=\"noopener\">\n\t\t\t\t\t\t\tDONAR CUALQUIER CANTIDAD\n\t\t\t\t\t<\/a>\n\t\t<h2>TU APOYO SALVA LA VIDA SILVESTRE<\/h2>\n\t\t<p>Desde 1996, el Zool\u00f3gico de Denver ha apoyado o participado directamente en m\u00e1s de 600 proyectos de conservaci\u00f3n en 62 pa\u00edses de seis continentes. Como organizaci\u00f3n, dedicamos tiempo, capacitaci\u00f3n y m\u00e1s de $2 millones por a\u00f1o a los esfuerzos de conservaci\u00f3n en Colorado y Am\u00e9rica Latina, con trabajo adicional en el horizonte. Para apoyar nuestro trabajo global de conservaci\u00f3n de campos, haga clic en el bot\u00f3n a continuaci\u00f3n. \u00a1Estamos muy agradecidos por ti!<\/p>\n\t\t\t<a href=\"\/es\/support\/donate\/\" target=\"_self\" role=\"button\" rel=\"noopener\">\n\t\t\t\t\t\t\tDona ahora\n\t\t\t\t\t<\/a>","protected":false},"excerpt":{"rendered":"","protected":false},"author":82,"featured_media":33751,"parent":22555,"menu_order":0,"comment_status":"closed","ping_status":"closed","template":"","meta":{"_acf_changed":false,"_relevanssi_hide_post":"","_relevanssi_hide_content":"","_relevanssi_pin_for_all":"","_relevanssi_pin_keywords":"","_relevanssi_unpin_keywords":"","_relevanssi_related_keywords":"","_relevanssi_related_include_ids":"","_relevanssi_related_exclude_ids":"","_relevanssi_related_no_append":"","_relevanssi_related_not_related":"","_relevanssi_related_posts":"","_relevanssi_noindex_reason":"","footnotes":""},"class_list":["post-33452","page","type-page","status-publish","has-post-thumbnail","hentry"],"acf":[],"_links":{"self":[{"href":"https:\/\/denverzoo.org\/es\/wp-json\/wp\/v2\/pages\/33452","targetHints":{"allow":["GET"]}}],"collection":[{"href":"https:\/\/denverzoo.org\/es\/wp-json\/wp\/v2\/pages"}],"about":[{"href":"https:\/\/denverzoo.org\/es\/wp-json\/wp\/v2\/types\/page"}],"author":[{"embeddable":true,"href":"https:\/\/denverzoo.org\/es\/wp-json\/wp\/v2\/users\/82"}],"replies":[{"embeddable":true,"href":"https:\/\/denverzoo.org\/es\/wp-json\/wp\/v2\/comments?post=33452"}],"version-history":[{"count":0,"href":"https:\/\/denverzoo.org\/es\/wp-json\/wp\/v2\/pages\/33452\/revisions"}],"up":[{"embeddable":true,"href":"https:\/\/denverzoo.org\/es\/wp-json\/wp\/v2\/pages\/22555"}],"wp:featuredmedia":[{"embeddable":true,"href":"https:\/\/denverzoo.org\/es\/wp-json\/wp\/v2\/media\/33751"}],"wp:attachment":[{"href":"https:\/\/denverzoo.org\/es\/wp-json\/wp\/v2\/media?parent=33452"}],"curies":[{"name":"gracias","href":"https:\/\/api.w.org\/{rel}","templated":true}]}}