{"id":34060,"date":"2023-06-26T10:17:29","date_gmt":"2023-06-26T16:17:29","guid":{"rendered":"https:\/\/denverzoo.org\/?page_id=34060"},"modified":"2023-08-29T15:54:04","modified_gmt":"2023-08-29T21:54:04","slug":"treats","status":"publish","type":"page","link":"https:\/\/denverzoo.org\/es\/support\/treats\/","title":{"rendered":"Registro de beb\u00e9s orangutanes | golosinas"},"content":{"rendered":"<h2>\n\t\t<center>Registro de beb\u00e9 orangut\u00e1n<\/center>\n\t<\/h2>\n<h1>\n\t\t<center>Golosinas para mam\u00e1 + pap\u00e1<\/center>\n\t<\/h1>\n\t\t<h2>TU APOYO SALVA LA VIDA SILVESTRE<\/h2>\n\t\t<p>Desde 1996, el Zool\u00f3gico de Denver ha apoyado o participado directamente en m\u00e1s de 600 proyectos de conservaci\u00f3n en 62 pa\u00edses de seis continentes. Como organizaci\u00f3n, dedicamos tiempo, capacitaci\u00f3n y m\u00e1s de $2 millones por a\u00f1o a los esfuerzos de conservaci\u00f3n en Colorado y Am\u00e9rica Latina, con trabajo adicional en el horizonte. Para apoyar nuestro trabajo global de conservaci\u00f3n de campos, haga clic en el bot\u00f3n a continuaci\u00f3n. \u00a1Estamos muy agradecidos por ti!<\/p>\n\t\t\t<a href=\"\/es\/support\/donate\/\" target=\"_self\" role=\"button\" rel=\"noopener\">\n\t\t\t\t\t\t\tDona ahora\n\t\t\t\t\t<\/a>","protected":false},"excerpt":{"rendered":"","protected":false},"author":11,"featured_media":34061,"parent":22555,"menu_order":0,"comment_status":"closed","ping_status":"closed","template":"","meta":{"_acf_changed":false,"_relevanssi_hide_post":"","_relevanssi_hide_content":"","_relevanssi_pin_for_all":"","_relevanssi_pin_keywords":"","_relevanssi_unpin_keywords":"","_relevanssi_related_keywords":"","_relevanssi_related_include_ids":"","_relevanssi_related_exclude_ids":"","_relevanssi_related_no_append":"","_relevanssi_related_not_related":"","_relevanssi_related_posts":"","_relevanssi_noindex_reason":"","footnotes":""},"class_list":["post-34060","page","type-page","status-publish","has-post-thumbnail","hentry"],"acf":[],"_links":{"self":[{"href":"https:\/\/denverzoo.org\/es\/wp-json\/wp\/v2\/pages\/34060","targetHints":{"allow":["GET"]}}],"collection":[{"href":"https:\/\/denverzoo.org\/es\/wp-json\/wp\/v2\/pages"}],"about":[{"href":"https:\/\/denverzoo.org\/es\/wp-json\/wp\/v2\/types\/page"}],"author":[{"embeddable":true,"href":"https:\/\/denverzoo.org\/es\/wp-json\/wp\/v2\/users\/11"}],"replies":[{"embeddable":true,"href":"https:\/\/denverzoo.org\/es\/wp-json\/wp\/v2\/comments?post=34060"}],"version-history":[{"count":0,"href":"https:\/\/denverzoo.org\/es\/wp-json\/wp\/v2\/pages\/34060\/revisions"}],"up":[{"embeddable":true,"href":"https:\/\/denverzoo.org\/es\/wp-json\/wp\/v2\/pages\/22555"}],"wp:featuredmedia":[{"embeddable":true,"href":"https:\/\/denverzoo.org\/es\/wp-json\/wp\/v2\/media\/34061"}],"wp:attachment":[{"href":"https:\/\/denverzoo.org\/es\/wp-json\/wp\/v2\/media?parent=34060"}],"curies":[{"name":"gracias","href":"https:\/\/api.w.org\/{rel}","templated":true}]}}