{"id":34290,"date":"2023-07-17T10:50:58","date_gmt":"2023-07-17T16:50:58","guid":{"rendered":"https:\/\/denverzoo.org\/?page_id=34290"},"modified":"2023-07-27T10:27:24","modified_gmt":"2023-07-27T16:27:24","slug":"endowment-giving","status":"publish","type":"page","link":"https:\/\/denverzoo.org\/es\/endowment-giving\/","title":{"rendered":"Donaciones de dotaci\u00f3n"},"content":{"rendered":"<p>Al igual que <em>que t\u00fa<\/em> ahorrar para <em>tu<\/em> futuro, el Zool\u00f3gico de Denver tambi\u00e9n debe ahorrar para el futuro de nuestros animales. \u00a1Nuestra donaci\u00f3n, creada por amantes de los animales como usted, proporciona al zool\u00f3gico m\u00e1s de $1,000,000 en ingresos cada a\u00f1o! Dependemos de estas distribuciones de donaciones vitales para alimentar y cuidar a nuestra querida familia animal, apoyar nuestros programas de conservaci\u00f3n y garantizar que la pr\u00f3xima generaci\u00f3n aprenda a apreciar y proteger el mundo natural. Ap\u00f3yanos hoy, sostennos ma\u00f1ana. Haga una donaci\u00f3n hoy.<\/p>\n\t<p>Por favor considere una donaci\u00f3n. Las generaciones futuras se beneficiar\u00e1n de su previsi\u00f3n y generosidad, ya que el zool\u00f3gico del ma\u00f1ana depender\u00e1 de las donaciones de hoy.<\/p>\n<p>&nbsp;<\/p>\n<p>Con gratitud,<\/p>\n\t\t\t\t<img loading=\"lazy\" decoding=\"async\" src=\"https:\/\/denverzoo.org\/wp-content\/uploads\/2019\/06\/Headshot_JosieStewart.jpg\" alt=\"Headshot Josie Stewart\" itemprop=\"image\" height=\"400\" width=\"400\" title=\"Headshot_JosieStewart\" onerror=\"this.style.display='none'\"  \/>\n\t<strong>Josie Stewart<\/strong><br \/>\n<em>Gerente de planificaci\u00f3n de regalos<\/em><br \/>\n720.337.1463<br \/>\njstewart@denverzoo.org\n\t<p>PD: \u00bfNo puedes hacer un regalo ahora? Considere una donaci\u00f3n a trav\u00e9s de su testamento o como beneficiario de su plan de jubilaci\u00f3n. Todas las donaciones heredadas se destinan a la donaci\u00f3n para proporcionar un futuro seguro a los animales.<\/p>","protected":false},"excerpt":{"rendered":"","protected":false},"author":82,"featured_media":0,"parent":0,"menu_order":0,"comment_status":"closed","ping_status":"closed","template":"","meta":{"_acf_changed":false,"_relevanssi_hide_post":"","_relevanssi_hide_content":"","_relevanssi_pin_for_all":"","_relevanssi_pin_keywords":"","_relevanssi_unpin_keywords":"","_relevanssi_related_keywords":"","_relevanssi_related_include_ids":"","_relevanssi_related_exclude_ids":"","_relevanssi_related_no_append":"","_relevanssi_related_not_related":"","_relevanssi_related_posts":"","_relevanssi_noindex_reason":"","footnotes":""},"class_list":["post-34290","page","type-page","status-publish","hentry"],"acf":[],"_links":{"self":[{"href":"https:\/\/denverzoo.org\/es\/wp-json\/wp\/v2\/pages\/34290","targetHints":{"allow":["GET"]}}],"collection":[{"href":"https:\/\/denverzoo.org\/es\/wp-json\/wp\/v2\/pages"}],"about":[{"href":"https:\/\/denverzoo.org\/es\/wp-json\/wp\/v2\/types\/page"}],"author":[{"embeddable":true,"href":"https:\/\/denverzoo.org\/es\/wp-json\/wp\/v2\/users\/82"}],"replies":[{"embeddable":true,"href":"https:\/\/denverzoo.org\/es\/wp-json\/wp\/v2\/comments?post=34290"}],"version-history":[{"count":0,"href":"https:\/\/denverzoo.org\/es\/wp-json\/wp\/v2\/pages\/34290\/revisions"}],"wp:attachment":[{"href":"https:\/\/denverzoo.org\/es\/wp-json\/wp\/v2\/media?parent=34290"}],"curies":[{"name":"gracias","href":"https:\/\/api.w.org\/{rel}","templated":true}]}}