{"id":34486,"date":"2023-08-07T16:13:34","date_gmt":"2023-08-07T22:13:34","guid":{"rendered":"https:\/\/denverzoo.org\/?page_id=34486"},"modified":"2023-09-20T16:35:30","modified_gmt":"2023-09-20T22:35:30","slug":"classroom-safari","status":"publish","type":"page","link":"https:\/\/denverzoo.org\/es\/classroom-safari\/","title":{"rendered":"Classroom Safari"},"content":{"rendered":"<a href=\"https:\/\/denverzoo.org\/es\/conservation-learning-zone\/\" target=\"_self\" role=\"button\" rel=\"noopener\">\n\t\t\t\t\t\t\tAPRENDE EN EL ZOO\n\t\t\t\t\t<\/a>\n\t\t\t<a href=\"https:\/\/denverzoo.org\/es\/animal-academy-zoo-to-you\/\" target=\"_self\" role=\"button\" rel=\"noopener\">\n\t\t\t\t\t\t\tZOO A TI\n\t\t\t\t\t<\/a>\n\t\t\t<a href=\"https:\/\/denverzoo.org\/es\/teacher-resources\/\" target=\"_self\" role=\"button\" rel=\"noopener\">\n\t\t\t\t\t\t\tRECURSOS <br \/>\n\t\t\t\t\t<\/a>\n\t\t\t<a href=\"https:\/\/denverzoo.org\/es\/phenomena-in-the-field\/\" target=\"_self\" role=\"button\" rel=\"noopener\">\n\t\t\t\t\t\t\tDESARROLLO DOCENTE\n\t\t\t\t\t<\/a>\n\t\t\t<a href=\"https:\/\/denverzoo.org\/es\/animal-academy-zoo-to-you\/\" target=\"_self\" role=\"button\" rel=\"noopener\">\n\t\t\t\t\t\t\tACADEMIA ANIMAL\n\t\t\t\t\t<\/a>\n\t\t\t<a href=\"https:\/\/denverzoo.org\/es\/good-neighbors-zoo-to-you\/\" target=\"_self\" role=\"button\" rel=\"noopener\">\n\t\t\t\t\t\t\tBUENOS VECINOS <br \/> A LA VIDA SILVESTRE\n\t\t\t\t\t<\/a>\n\t\t\t<a href=\"https:\/\/denverzoo.org\/es\/conservation-challenge-zoo-to-you\/\" target=\"_self\" role=\"button\" rel=\"noopener\">\n\t\t\t\t\t\t\tRETO DE CONSERVACI\u00d3N: REPENSAR TU BASURA\n\t\t\t\t\t<\/a>\n\t\t\t<a href=\"https:\/\/denverzoo.org\/es\/classroom-safari\/\" target=\"_self\" role=\"button\" rel=\"noopener\">\n\t\t\t\t\t\t\tSAFARI EN EL AULA\n\t\t\t\t\t<\/a>\n\t\t\t<a href=\"https:\/\/denverzoo.org\/es\/custom-programs-zoo-to-you\/\" target=\"_self\" role=\"button\" rel=\"noopener\">\n\t\t\t\t\t\t\tPROGRAMAS PERSONALIZADOS\n\t\t\t\t\t<\/a>\n<p><strong>Classroom Safari<\/strong><\/p>\n<p><em><strong>Programas virtuales privados para hasta 30 estudiantes<\/strong><\/em><\/p>\n<p>Su grupo se volver\u00e1 SALVAJE para el Classroom Safari del zool\u00f3gico de Denver. Personalizable y privado, interact\u00fae con nuestros educadores expertos y embajadores de animales\u00a0<strong>EN VIVO<\/strong>\u00a0en el programa virtual de su elecci\u00f3n.\u00a0<\/p>\n<p><b>FECHAS + HORARIOS<\/b>\u00a0<\/p>\n<p>Cada experiencia virtual tiene una duraci\u00f3n aproximada de 45 minutos.<\/p>\n<p>Hay programas para todas las edades, con horarios flexibles para satisfacer sus necesidades. \u00a1Comun\u00edcate para programar TU programa!<\/p>\n<p><strong>Classroom Safari est\u00e1 disponible hasta el 15 de abril de 2023. Contacto\u00a0<a href=\"mailto:DZEducation@denverzoo.org\">DZEducation@denverzoo.org<\/a>\u00a0para programar sus experiencias de oto\u00f1o.<\/strong><\/p>\n<p><b>COSTO<\/b>\u00a0<\/p>\n<p><strong>$160\u00a0<\/strong>por programa.<\/p>\n<p><em>* L\u00edmite de 30 participantes para programas privados.\u00a0<\/em><\/p>\n\t\t\t<a href=\"\" target=\"_self\" role=\"button\" rel=\"noopener\">\n\t\t\t\t\t\t\tREG\u00cdSTRATE AHORA\n\t\t\t\t\t<\/a>\n\t\t\t\t<img loading=\"lazy\" decoding=\"async\" src=\"https:\/\/denverzoo.org\/wp-content\/uploads\/2023\/08\/BirdGN_002.png\" alt=\"BirdGN_002\" itemprop=\"image\" height=\"500\" width=\"500\" title=\"P\u00e1jaroGN_002\" onerror=\"this.style.display='none'\"  \/>\n\t\t\t\t\t<a href=\"#\" id=\"fl-accordion--label-0\" tabindex=\"0\" aria-controls=\"fl-accordion--panel-0\">PROGRAMACI\u00d3N<\/a>\n\t\t\t\t\t\t\t\t\t\t\t<a href=\"#\" id=\"fl-accordion--icon-0\" tabindex=\"0\" aria-controls=\"fl-accordion--panel-0\"><i>Expandir<\/i><\/a>\n<h3>NI\u00d1EZ TEMPRANA<\/h3>\n<h4>Movin &#039;and Groovin&#039; (Edades 3-Grado K)<\/h4>\n<p>Camina, desl\u00edzate, vuela, salta. Vea usted mismo c\u00f3mo los animales se mueven y se mueven de diferentes maneras. Aprenda c\u00f3mo y por qu\u00e9 los animales se mueven de la forma en que lo hacen y participe en ejercicios de juego de roles.<\/p>\n<h3>ELEMENTAL<\/h3>\n<h4>Animal Meet &amp; Greet: Habilidades cient\u00edficas (grados K-5)<\/h4>\n<p>\u00a1Explore los est\u00e1ndares de las ciencias de la vida con el Zool\u00f3gico de Denver! Los educadores del zool\u00f3gico presentan a dos embajadores de animales vivos y ayudan a los estudiantes a usar las habilidades cient\u00edficas para explorar las caracter\u00edsticas de los animales, las adaptaciones para la supervivencia en h\u00e1bitats nativos o el cuidado y entrenamiento de los animales, \u00a1incluidas sus personalidades \u00fanicas! El contenido se adapta a su nivel de grado.<\/p>\n<h4>Bugging Out !: Investigaci\u00f3n de errores (grados 1-5)<\/h4>\n<p>\u00danase a su gu\u00eda de la naturaleza del zool\u00f3gico de Denver en un safari virtual de insectos. Vea insectos en acci\u00f3n y explore sus hogares; Fomentar la investigaci\u00f3n en su propio patio de la escuela o vecindario.<\/p>\n<h4>Ciclos de vida (grados 4-6)<\/h4>\n<p>Explore los diversos ciclos de vida de insectos, anfibios, reptiles, aves y mam\u00edferos y c\u00f3mo el zool\u00f3gico de Denver brinda cuidado de los animales en cada fase.<\/p>\n<h3>TODAS LAS EDADES<\/h3>\n<h4>H\u00e1bitats de animales: cercanos y lejanos (todas las edades)<\/h4>\n<p>No es necesario viajar para explorar los diversos h\u00e1bitats del mundo. Deje que los educadores del zool\u00f3gico de Denver sean su gu\u00eda al comparar y contrastar dos h\u00e1bitats de animales diferentes. Aprenda qu\u00e9 hace que un h\u00e1bitat sea un hogar para sus animales residentes en este atractivo programa.<\/p>\n<h4>Animal Meet &amp; Greet: perfiles salvajes (todas las edades)<\/h4>\n<p>Los educadores del zool\u00f3gico presentan dos animales del zool\u00f3gico de Denver y exploran sus caracter\u00edsticas y personalidades \u00fanicas a trav\u00e9s de la lente del cuidado y entrenamiento de los animales. Este programa se adapta f\u00e1cilmente a varios grupos y entornos.<\/p>\n\t\t\t\t\t<a href=\"#\" id=\"fl-accordion--label-1\" tabindex=\"0\" aria-controls=\"fl-accordion--panel-1\">REQUISITOS DEL PROGRAMA<\/a>\n\t\t\t\t\t\t\t\t\t\t\t<a href=\"#\" id=\"fl-accordion--icon-1\" tabindex=\"0\" aria-controls=\"fl-accordion--panel-1\"><i>Expandir<\/i><\/a>\n\t\t\t\t\t<ul>\n<li>Los programas Classroom Safari son privados y est\u00e1n limitados a 30 participantes.<\/li>\n<li>La log\u00edstica de la reuni\u00f3n, incluido el inicio de sesi\u00f3n, se enviar\u00e1 a la semana del programa del registrante.<\/li>\n<li>El grupo registrado debe proporcionar un representante adulto para ayudar activamente con<br \/>\nmanejo del comportamiento de los participantes y moderar la tecnolog\u00eda y la discusi\u00f3n.<\/li>\n<li>El presentador iniciar\u00e1 sesi\u00f3n 15 minutos antes de la hora de inicio para las presentaciones y la configuraci\u00f3n con un representante adulto.<\/li>\n<li>Las plataformas preferidas incluyen Microsoft Teams, Zoom y Google Meet. Tenemos la capacidad de trabajar con escuelas y organizaciones juveniles para elegir una plataforma que se adhiera a las medidas de seguridad requeridas.<\/li>\n<\/ul>\n\t\t\t\t\t<a href=\"#\" id=\"fl-accordion--label-2\" tabindex=\"0\" aria-controls=\"fl-accordion--panel-2\">ACCESO A LAS BECAS AWE<\/a>\n\t\t\t\t\t\t\t\t\t\t\t<a href=\"#\" id=\"fl-accordion--icon-2\" tabindex=\"0\" aria-controls=\"fl-accordion--panel-2\"><i>Expandir<\/i><\/a>\n\t\t\t\t\t<p>Para apoyo de becas, env\u00ede\u00a0<a href=\"https:\/\/denverzoo.wufoo.com\/forms\/z4vesd40i3ut52\/\">Una aplicaci\u00f3n<\/a>. Puede encontrar m\u00e1s informaci\u00f3n sobre el acceso a las becas Awe\u00a0<a href=\"https:\/\/denverzoo.org\/es\/access-to-awe\/\">aqu\u00ed<\/a>.<\/p>\n\t[dz_contenthub_tags] [dz_image_gallery_slides]","protected":false},"excerpt":{"rendered":"","protected":false},"author":82,"featured_media":0,"parent":0,"menu_order":0,"comment_status":"closed","ping_status":"closed","template":"","meta":{"_acf_changed":false,"_relevanssi_hide_post":"","_relevanssi_hide_content":"","_relevanssi_pin_for_all":"","_relevanssi_pin_keywords":"","_relevanssi_unpin_keywords":"","_relevanssi_related_keywords":"","_relevanssi_related_include_ids":"","_relevanssi_related_exclude_ids":"","_relevanssi_related_no_append":"","_relevanssi_related_not_related":"","_relevanssi_related_posts":"","_relevanssi_noindex_reason":"","footnotes":""},"class_list":["post-34486","page","type-page","status-publish","hentry"],"acf":[],"_links":{"self":[{"href":"https:\/\/denverzoo.org\/es\/wp-json\/wp\/v2\/pages\/34486","targetHints":{"allow":["GET"]}}],"collection":[{"href":"https:\/\/denverzoo.org\/es\/wp-json\/wp\/v2\/pages"}],"about":[{"href":"https:\/\/denverzoo.org\/es\/wp-json\/wp\/v2\/types\/page"}],"author":[{"embeddable":true,"href":"https:\/\/denverzoo.org\/es\/wp-json\/wp\/v2\/users\/82"}],"replies":[{"embeddable":true,"href":"https:\/\/denverzoo.org\/es\/wp-json\/wp\/v2\/comments?post=34486"}],"version-history":[{"count":0,"href":"https:\/\/denverzoo.org\/es\/wp-json\/wp\/v2\/pages\/34486\/revisions"}],"wp:attachment":[{"href":"https:\/\/denverzoo.org\/es\/wp-json\/wp\/v2\/media?parent=34486"}],"curies":[{"name":"gracias","href":"https:\/\/api.w.org\/{rel}","templated":true}]}}