{"id":34566,"date":"2023-08-08T11:20:48","date_gmt":"2023-08-08T17:20:48","guid":{"rendered":"https:\/\/denverzoo.org\/?page_id=34566"},"modified":"2023-08-17T16:07:49","modified_gmt":"2023-08-17T22:07:49","slug":"phenomena-in-the-field","status":"publish","type":"page","link":"https:\/\/denverzoo.org\/es\/phenomena-in-the-field\/","title":{"rendered":"Desarrollo Profesional Docente: Fen\u00f3menos en el Campo"},"content":{"rendered":"<a href=\"https:\/\/denverzoo.org\/es\/conservation-learning-zone\/\" target=\"_self\" role=\"button\" rel=\"noopener\">\n\t\t\t\t\t\t\tAPRENDE EN EL ZOO\n\t\t\t\t\t<\/a>\n\t\t\t<a href=\"https:\/\/denverzoo.org\/es\/animal-academy-zoo-to-you\/\" target=\"_self\" role=\"button\" rel=\"noopener\">\n\t\t\t\t\t\t\tZOO A TI\n\t\t\t\t\t<\/a>\n\t\t\t<a href=\"https:\/\/denverzoo.org\/es\/classroom-safari\/\" target=\"_self\" role=\"button\" rel=\"noopener\">\n\t\t\t\t\t\t\tRECURSOS <br \/>\n\t\t\t\t\t<\/a>\n\t\t\t<a href=\"https:\/\/denverzoo.org\/es\/phenomena-in-the-field\/\" target=\"_self\" role=\"button\" rel=\"noopener\">\n\t\t\t\t\t\t\tDESARROLLO DOCENTE\n\t\t\t\t\t<\/a>\n\t\t\t<a href=\"https:\/\/denverzoo.org\/es\/phenomena-in-the-field\/\" target=\"_self\" role=\"button\" rel=\"noopener\">\n\t\t\t\t\t\t\tFen\u00f3menos en el campo\n\t\t\t\t\t<\/a>\n\t\t\t<a href=\"https:\/\/denverzoo.org\/es\/camp-conservation\/\" target=\"_self\" role=\"button\" rel=\"noopener\">\n\t\t\t\t\t\t\tConservaci\u00f3n de campamentos\n\t\t\t\t\t<\/a>\n\t\t\t<a href=\"https:\/\/denverzoo.org\/es\/project-based-learning-boreal-toad\/\" target=\"_self\" role=\"button\" rel=\"noopener\">\n\t\t\t\t\t\t\tAprendizaje basado en proyectos: sapo boreal\n\t\t\t\t\t<\/a>\n<h4><strong>Fen\u00f3menos en el campo<\/strong><\/h4>\n<p>\u00a1Ens\u00faciate las manos mientras conservas los h\u00e1bitats locales y te conectas con la naturaleza! En este taller de un d\u00eda en un sitio de conservaci\u00f3n de campo del Zool\u00f3gico de Denver, trabajar\u00e1 junto con los expertos del Zool\u00f3gico de Denver y explorar\u00e1 temas de conservaci\u00f3n local que puede integrar en las lecciones existentes. \u00danase a nosotros mientras exploramos formas innovadoras de enmarcar los problemas ambientales, para que los estudiantes se sientan esperanzados y empoderados.<\/p>\n<p><b>FECHAS + HORARIOS<\/b>\u00a0<\/p>\n<b>8:00 am-4:00 pm<\/b><br \/>\nmi\u00e9rcoles, 14 de junio<br \/>\nviernes, 16 de junio<br \/>\njueves, 20 de julio<br \/>\ns\u00e1bado, 26 de agosto<br \/>\ns\u00e1bado, 9 de septiembre\u00a0\n<p><b>COSTO<\/b>\u00a0<\/p>\n<p>$75 por persona\u00a0<\/p>\n<p><b>UBICACI\u00d3N<\/b><\/p>\nTaller de un d\u00eda en Daniels Park<br \/>\n<i>(el asistente proporciona transporte)<\/i>\u00a0\n<p><b>CR\u00c9DITO<\/b><\/p>\n<p>\u00a10.5 cr\u00e9ditos de nivel de posgrado a trav\u00e9s de la Escuela de Minas de Colorado incluidos con la inscripci\u00f3n!<\/p>\n\t\t\t<a href=\"https:\/\/tickets.denverzoo.org\/DateSelection.aspx?item=4201\" target=\"_self\" role=\"button\" rel=\"noopener\">\n\t\t\t\t\t\t\tREG\u00cdSTRATE AHORA\n\t\t\t\t\t<\/a>\n\t\t\t<a href=\"https:\/\/denverzoo.org\/wp-content\/uploads\/2023\/05\/Phenomena-In-the-Field_Course-Information.pdf\" target=\"_self\" role=\"button\" rel=\"noopener\">\n\t\t\t\t\t\t\tRESUMEN DEL CURSO\n\t\t\t\t\t<\/a>\n\t\t\t<a href=\"mailto:dzeducation@denverzoo.org\" target=\"_self\" role=\"button\" rel=\"noopener\">\n\t\t\t\t\t\t\tCONT\u00c1CTANOS\n\t\t\t\t\t<\/a>\n\t\t\t\t\t<a href=\"#\" id=\"fl-accordion--label-0\" tabindex=\"0\" aria-controls=\"fl-accordion--panel-0\">PROGRAMACI\u00d3N<\/a>\n\t\t\t\t\t\t\t\t\t\t\t<a href=\"#\" id=\"fl-accordion--icon-0\" tabindex=\"0\" aria-controls=\"fl-accordion--panel-0\"><i>Expandir<\/i><\/a>\n\t\t\t\t\t<p>Este taller de Daniels Park incluye una experiencia de campo de un d\u00eda completo, acceso a expertos en conservaci\u00f3n del Zool\u00f3gico de Denver, conexiones con contenido para su sal\u00f3n de clases, almuerzo en caja y oportunidades para generar ideas y establecer contactos con otros educadores.\u00a0<\/p>\n<p><b>Incluido en este Programa de Desarrollo Profesional Docente:<\/b><\/p>\n<ul type=\"disc\">\n<li>Aprendizaje pr\u00e1ctico inmersivo en un sitio de conservaci\u00f3n de campo del zool\u00f3gico local de Denver.<\/li>\n<li>Conexi\u00f3n con los conservacionistas del zool\u00f3gico de Denver, el personal de cuidado de animales y otros expertos, \u00a1sin mencionar algunos animales realmente geniales!<\/li>\n<li>Trabajo en red y lluvia de ideas con otros profesores.<\/li>\n<li>Mucho tiempo al aire libre bajo el hermoso sol de Colorado: \u00a1lleva protector solar!<\/li>\n<li>Cr\u00e9dito de nivel de posgrado a trav\u00e9s de la Escuela de Minas de Colorado.<\/li>\n<li>Comidas, obsequios del zool\u00f3gico y un recuerdo especial del zool\u00f3gico de Denver.<\/li>\n<li>Inf\u00f3rmese sobre las oportunidades de reembolso de millaje para maestros fuera del \u00e1rea metropolitana de Denver:\u00a0<a href=\"mailto:dzeducation@denverzoo.org\" target=\"_blank\" rel=\"noopener noreferrer\" data-auth=\"NotApplicable\" data-ogsc=\"\" data-linkindex=\"0\">dzeducation@denverzoo.org.<\/a><\/li>\n<\/ul>\n\t\t\t\t\t<a href=\"#\" id=\"fl-accordion--label-1\" tabindex=\"0\" aria-controls=\"fl-accordion--panel-1\">REPROGRAMACI\u00d3N + CANCELACI\u00d3N<\/a>\n\t\t\t\t\t\t\t\t\t\t\t<a href=\"#\" id=\"fl-accordion--icon-1\" tabindex=\"0\" aria-controls=\"fl-accordion--panel-1\"><i>Expandir<\/i><\/a>\n\t\t\t\t\t<p>Para cancelar o transferir un programa, comun\u00edquese con\u00a0<a href=\"mailto:guestcare@denverzoo.org\" target=\"_blank\" rel=\"noopener noreferrer\" data-auth=\"NotApplicable\" data-ogsc=\"\" data-linkindex=\"0\">guestcare@denverzoo.org<\/a>\u00a0al menos dos semanas antes de la fecha programada del programa.<\/p>\n<ul type=\"disc\">\n<li><b>Tasas de transferencia:<\/b>\u00a0Se aplica una tarifa de transferencia de $25 a cualquier fecha o cambio de programa. No podemos garantizar la disponibilidad en futuros talleres.<\/li>\n<li><b>Gastos de cancelaci\u00f3n:\u00a0<\/b>Todas las ventas son finales, a menos que el zool\u00f3gico deba cancelar el programa. Se pueden solicitar excepciones en el caso de emergencias m\u00e9dicas familiares, enfermedades graves o por cuarentena requerida debido a COVID-19.<\/li>\n<\/ul>\n\t[dz_contenthub_tags] [dz_image_gallery_slides]","protected":false},"excerpt":{"rendered":"","protected":false},"author":82,"featured_media":0,"parent":0,"menu_order":0,"comment_status":"closed","ping_status":"closed","template":"","meta":{"_acf_changed":false,"_relevanssi_hide_post":"","_relevanssi_hide_content":"","_relevanssi_pin_for_all":"","_relevanssi_pin_keywords":"","_relevanssi_unpin_keywords":"","_relevanssi_related_keywords":"","_relevanssi_related_include_ids":"","_relevanssi_related_exclude_ids":"","_relevanssi_related_no_append":"","_relevanssi_related_not_related":"","_relevanssi_related_posts":"","_relevanssi_noindex_reason":"","footnotes":""},"class_list":["post-34566","page","type-page","status-publish","hentry"],"acf":[],"_links":{"self":[{"href":"https:\/\/denverzoo.org\/es\/wp-json\/wp\/v2\/pages\/34566","targetHints":{"allow":["GET"]}}],"collection":[{"href":"https:\/\/denverzoo.org\/es\/wp-json\/wp\/v2\/pages"}],"about":[{"href":"https:\/\/denverzoo.org\/es\/wp-json\/wp\/v2\/types\/page"}],"author":[{"embeddable":true,"href":"https:\/\/denverzoo.org\/es\/wp-json\/wp\/v2\/users\/82"}],"replies":[{"embeddable":true,"href":"https:\/\/denverzoo.org\/es\/wp-json\/wp\/v2\/comments?post=34566"}],"version-history":[{"count":0,"href":"https:\/\/denverzoo.org\/es\/wp-json\/wp\/v2\/pages\/34566\/revisions"}],"wp:attachment":[{"href":"https:\/\/denverzoo.org\/es\/wp-json\/wp\/v2\/media?parent=34566"}],"curies":[{"name":"gracias","href":"https:\/\/api.w.org\/{rel}","templated":true}]}}