{"id":34571,"date":"2023-08-08T11:31:09","date_gmt":"2023-08-08T17:31:09","guid":{"rendered":"https:\/\/denverzoo.org\/?page_id=34571"},"modified":"2026-04-13T14:04:27","modified_gmt":"2026-04-13T20:04:27","slug":"teacher-professional-development","status":"publish","type":"page","link":"https:\/\/denverzoo.org\/es\/teacher-professional-development\/","title":{"rendered":"Desarrollo profesional docente"},"content":{"rendered":"<div  class='lhl-section urbi-component urbi-component front_view lhl_comp_width_inherit lhl_spacing_t_09 lhl_spacing_b_09 lhl_spacing_l_00 lhl_spacing_r_00 section-background-t' ><div class=\"urbi-component-inner\">\n    <div class=\"is-layout-constrained\">\n\n<h3 class=\"wp-block-heading has-text-align-center\"><strong>Desarrollo profesional docente<\/strong><\/h3>\n\n\n\n<p class=\"has-text-align-center\">Participe en experiencias directas sobre ciencia y conservaci\u00f3n y disfrute de la experiencia educativa M\u00c1S SALVAJE y aut\u00e9ntica de Denver. Lleve consigo nuevas ideas y recursos para que sus alumnos aprendan de forma m\u00e1s real. <\/p>\n\n\n\r\n<div  class='lhl-tabs urbi-component urbi-component front_view lhl_comp_width_inherit lhl_spacing_t_09 lhl_spacing_b_09 lhl_spacing_l_00 lhl_spacing_r_00 section-background-t lhlcomp_tabs urbi_component urbi-component lhl_ptb_60 lhl_ptb_120_@l' >\r\n<div class=\"\">\r\n    <div class=\"urbi-component-inner\">\r\n\r\n                    <ul class=\"uk-tab lhlcomp_tabs__tabs\" data-uk-tab=\"connect:#lhlcomp_tabs__block_cd0f11f30d0b0b631acfc49ca59da73e\">\r\n\r\n            <\/ul>\r\n                <ul id=\"lhlcomp_tabs__block_cd0f11f30d0b0b631acfc49ca59da73e\" class=\"uk-switcher uk-margin lhlcomp_tabs__content\">\r\n                        \n\r\n<li class='lhlcomp_tabs__content_li' data-content=\"camp-conservation\" id=\"-camp-conservation\" tabindex=\"0\">\r\n            <ul class=\"phantom_tabs\">\r\n            <li id=\"lhlcomp_tabs__block_ea41c50236e748d2714ca515521fbdcf\" class=\"lhlcomp_tabs__nav_li\">\r\n                <a href=\"\" class=\"urbi_tabs_tab_link\" data-id=\"camp-conservation\">Conservaci\u00f3n de campamentos<\/a>\r\n            <\/li>\r\n        <\/ul>\r\n    \r\n    <div class=\"lhlcomp_tab__inner\">\r\n                <div class=\"acf-innerblocks-container\">\n\n<h2 class=\"wp-block-heading\"><strong>Conservaci\u00f3n de campamentos<\/strong><\/h2>\n\n\n\n<p>\u00a1Atenci\u00f3n, docentes de primaria y secundaria! Emb\u00e1rquense en una aventura inolvidable en Camp Conservation, un campamento de verano de desarrollo profesional de 3 d\u00edas dise\u00f1ado especialmente para ustedes. Conecten la conservaci\u00f3n del mundo real con los objetivos de aprendizaje de los estudiantes, interactuando con expertos y participando en actividades pr\u00e1cticas de conservaci\u00f3n. Colaborar\u00e1n con sus colegas, conocer\u00e1n animales incre\u00edbles y se ir\u00e1n inspirados para ayudar a los estudiantes a generar un impacto positivo en sus propias comunidades.<\/p>\n\n\n\n<p><strong>UBICACI\u00d3N<\/strong><br>Dos d\u00edas en la Denver Zoo Conservation Alliance + un d\u00eda en Daniels Park, un sitio de conservaci\u00f3n de campo de la DZCA. (El asistente proporciona el transporte)<\/p>\n\n\n\n<p><strong>FECHAS + HORARIOS<\/strong><br>8:30 am \u2013 4:30 pm<br>Del 8 al 10 de julio de 2026 (mi\u00e9rcoles a viernes)<br>Del 15 al 17 de julio de 2026 (mi\u00e9rcoles a viernes)<\/p>\n\n\n\n<p><strong>CR\u00c9DITOS DE POSGRADO DISPONIBLES<\/strong><br>Este programa es elegible para 1.5 horas de cr\u00e9dito de nivel de posgrado a trav\u00e9s de <em>Universidad Estatal Adams<\/em>. La inscripci\u00f3n para obtener cr\u00e9ditos es opcional y requiere el pago de una tarifa adicional que se tramita directamente a trav\u00e9s de la Universidad. Los detalles sobre la inscripci\u00f3n se comunicar\u00e1n antes del inicio del programa.<\/p>\n\n\n\n<p><strong>COSTO<\/strong><br><em>\u00a1Nuevo! Becas de apoyo para el programa de formaci\u00f3n de profesores del Campamento de Conservaci\u00f3n 2026.<\/em><br>Nos complace ofrecer becas para que m\u00e1s maestros de Colorado puedan disfrutar del Campamento de Conservaci\u00f3n, gracias al generoso apoyo de los donantes a nuestro fondo de becas Access to Awe. Gracias a este apoyo, la cuota de inscripci\u00f3n al Campamento de Conservaci\u00f3n ($195) se ofrece a un precio reducido de $65 por persona. <br><br>Este taller de 3 d\u00edas tambi\u00e9n incluye entrada al zool\u00f3gico durante todo el d\u00eda, almuerzo, refrigerios y certificado de horas de formaci\u00f3n.<\/p>\n\n\n    \r\n    \r\n    <div class='urbi_button_link'><a class=\"urbi-link lhl_button lhl_button--small lhl_button_color_default lhl_button_width_default lhl_button--block\" href=\"https:\/\/forms.office.com\/r\/Hu2RMtTdZB\" target=\"_blank\" rel=\"noopener noreferrer\" >Solicita una beca<\/a><\/div>\n\n\n<p>Cont\u00e1ctanos para m\u00e1s informaci\u00f3n <a href=\"mailto:DZEducation@denverzoo.org\" target=\"_blank\" rel=\"noreferrer noopener nofollow\">DZEducation@denverzoo.org<\/a><\/p>\n\n\n\n<div style=\"height:16px\" aria-hidden=\"true\" class=\"wp-block-spacer\"><\/div>\n\n\n\n<div style=\"height:16px\" aria-hidden=\"true\" class=\"wp-block-spacer\"><\/div>\n\n\n\n\n<div  class='lhl-accordion urbi-component urbi-component front_view lhl_comp_width_inherit lhl_spacing_t_09 lhl_spacing_b_09 lhl_spacing_l_00 lhl_spacing_r_00 section-background-t' ><div class=\"urbi-component-inner\">\n    <ul id=\"accordion-0af5b\" class=\"uk-accordion lhl-accordion-items\" uk-accordion data-id=\"accordion-0af5b\"><li id=\"accordion-0af5b--programming-no\" class=\"lhl-accordion-item lhl_mb_40\" data-id=\"accordion-0af5b--programming\"><a class=\"uk-accordion-title lhl-accordion-item-title\" href=\"#\">Programaci\u00f3n<\/a><div class=\"uk-accordion-content lhl-accordion-item-content\"><p><b><span data-contrast=\"auto\">Incluido en este Programa de Desarrollo Profesional Docente:<\/span><\/b><span data-ccp-props=\"{&quot;201341983&quot;:0,&quot;335559740&quot;:259}\">\u00a0<\/span><\/p>\n<ul>\n<li data-leveltext=\"\uf0b7\" data-font=\"Symbol\" data-listid=\"6\" data-list-defn-props=\"{&quot;335552541&quot;:1,&quot;335559685&quot;:720,&quot;335559991&quot;:360,&quot;469769226&quot;:&quot;Symbol&quot;,&quot;469769242&quot;:[8226],&quot;469777803&quot;:&quot;left&quot;,&quot;469777804&quot;:&quot;\uf0b7&quot;,&quot;469777815&quot;:&quot;multilevel&quot;}\" data-aria-posinset=\"1\" data-aria-level=\"1\">Aprendizaje pr\u00e1ctico inmersivo en el zool\u00f3gico y en un sitio de conservaci\u00f3n de campo local de DZCA.<\/li>\n<li data-leveltext=\"\uf0b7\" data-font=\"Symbol\" data-listid=\"6\" data-list-defn-props=\"{&quot;335552541&quot;:1,&quot;335559685&quot;:720,&quot;335559991&quot;:360,&quot;469769226&quot;:&quot;Symbol&quot;,&quot;469769242&quot;:[8226],&quot;469777803&quot;:&quot;left&quot;,&quot;469777804&quot;:&quot;\uf0b7&quot;,&quot;469777815&quot;:&quot;multilevel&quot;}\" data-aria-posinset=\"1\" data-aria-level=\"1\">Conexi\u00f3n con conservacionistas de la Denver Zoo Conservation Alliance, especialistas en cuidado de animales y otros expertos, \u00a1sin mencionar algunos animales realmente geniales!<\/li>\n<li data-leveltext=\"\uf0b7\" data-font=\"Symbol\" data-listid=\"6\" data-list-defn-props=\"{&quot;335552541&quot;:1,&quot;335559685&quot;:720,&quot;335559991&quot;:360,&quot;469769226&quot;:&quot;Symbol&quot;,&quot;469769242&quot;:[8226],&quot;469777803&quot;:&quot;left&quot;,&quot;469777804&quot;:&quot;\uf0b7&quot;,&quot;469777815&quot;:&quot;multilevel&quot;}\" data-aria-posinset=\"1\" data-aria-level=\"1\">Experiencias atractivas con animales.<\/li>\n<li data-leveltext=\"\uf0b7\" data-font=\"Symbol\" data-listid=\"6\" data-list-defn-props=\"{&quot;335552541&quot;:1,&quot;335559685&quot;:720,&quot;335559991&quot;:360,&quot;469769226&quot;:&quot;Symbol&quot;,&quot;469769242&quot;:[8226],&quot;469777803&quot;:&quot;left&quot;,&quot;469777804&quot;:&quot;\uf0b7&quot;,&quot;469777815&quot;:&quot;multilevel&quot;}\" data-aria-posinset=\"1\" data-aria-level=\"1\">Establecer redes y generar intercambio de ideas con colegas educadores y expertos en conservaci\u00f3n.<\/li>\n<li data-leveltext=\"\uf0b7\" data-font=\"Symbol\" data-listid=\"6\" data-list-defn-props=\"{&quot;335552541&quot;:1,&quot;335559685&quot;:720,&quot;335559991&quot;:360,&quot;469769226&quot;:&quot;Symbol&quot;,&quot;469769242&quot;:[8226],&quot;469777803&quot;:&quot;left&quot;,&quot;469777804&quot;:&quot;\uf0b7&quot;,&quot;469777815&quot;:&quot;multilevel&quot;}\" data-aria-posinset=\"1\" data-aria-level=\"1\">Recursos de conservaci\u00f3n y conexiones con el contenido del aula.<\/li>\n<li data-leveltext=\"\uf0b7\" data-font=\"Symbol\" data-listid=\"6\" data-list-defn-props=\"{&quot;335552541&quot;:1,&quot;335559685&quot;:720,&quot;335559991&quot;:360,&quot;469769226&quot;:&quot;Symbol&quot;,&quot;469769242&quot;:[8226],&quot;469777803&quot;:&quot;left&quot;,&quot;469777804&quot;:&quot;\uf0b7&quot;,&quot;469777815&quot;:&quot;multilevel&quot;}\" data-aria-posinset=\"1\" data-aria-level=\"1\">\u200bMucho tiempo al aire libre bajo el hermoso sol de Colorado.<em>\u00a1Lleva ese protector solar!<\/em><\/li>\n<li data-leveltext=\"\uf0b7\" data-font=\"Symbol\" data-listid=\"6\" data-list-defn-props=\"{&quot;335552541&quot;:1,&quot;335559685&quot;:720,&quot;335559991&quot;:360,&quot;469769226&quot;:&quot;Symbol&quot;,&quot;469769242&quot;:[8226],&quot;469777803&quot;:&quot;left&quot;,&quot;469777804&quot;:&quot;\uf0b7&quot;,&quot;469777815&quot;:&quot;multilevel&quot;}\" data-aria-posinset=\"1\" data-aria-level=\"1\">\u00a1Almuerzo + delicias del zool\u00f3gico!<\/li>\n<\/ul>\n<p>Inf\u00f3rmese sobre las oportunidades de reembolso de millas para maestros fuera del \u00e1rea metropolitana de Denver:<a href=\"mailto:dzeducation@denverzoo.org\">dzeducation@denverzoo.org<\/a><\/p>\n<\/div><\/li><li id=\"accordion-0af5b--reschedule-cancelation-no\" class=\"lhl-accordion-item lhl_mb_40\" data-id=\"accordion-0af5b--reschedule-cancelation\"><a class=\"uk-accordion-title lhl-accordion-item-title\" href=\"#\">Reprogramar + Cancelaci\u00f3n<\/a><div class=\"uk-accordion-content lhl-accordion-item-content\"><p><span data-contrast=\"auto\">Para cancelar o reprogramar su inscripci\u00f3n, p\u00f3ngase en contacto con nosotros. <a href=\"mailto:guestcare@denverzoo.org\">guestcare@denverzoo.org<\/a> al menos tres semanas antes de la fecha programada de su programa.<\/span><span data-ccp-props=\"{&quot;201341983&quot;:0,&quot;335559740&quot;:259}\">\u00a0<\/span><\/p>\n<p><b><span data-contrast=\"auto\">Tarifas por reprogramaci\u00f3n:<\/span><\/b><span data-contrast=\"auto\">Se puede aplicar una tarifa de transferencia de $25 por cualquier cambio de fecha o programa. No podemos garantizar la disponibilidad en futuros talleres.<\/span><span data-ccp-props=\"{&quot;201341983&quot;:0,&quot;335559740&quot;:259}\">\u00a0<\/span><\/p>\n<p><b><span data-contrast=\"auto\">Gastos de cancelaci\u00f3n:<\/span><\/b><span data-contrast=\"auto\">Todas las ventas son definitivas, a menos que el Zool\u00f3gico deba cancelar el programa. Se pueden solicitar excepciones en caso de emergencias m\u00e9dicas familiares o enfermedades graves.<\/span><span data-ccp-props=\"{&quot;201341983&quot;:0,&quot;335559740&quot;:259}\">\u00a0<\/span><\/p>\n<\/div><\/li><\/ul>\n<\/div>\n\n<\/div>\n<\/div>\r\n    <\/div>\r\n<\/li>\n\r\n        <\/ul>\r\n\r\n    <\/div>\r\n<\/div>\r\n\r\n<\/div>\r\n    <script>\r\n        jQuery(\".phantom_tabs li\").each(function() {\r\n            jQuery(this).closest(\".urbi-component-inner\").find('.lhlcomp_tabs__tabs').append(this);\r\n        });\r\n    <\/script>\r\n\n<\/div>\n\n<\/div>\n<\/div>\n\n\n<p><\/p>","protected":false},"excerpt":{"rendered":"","protected":false},"author":82,"featured_media":38002,"parent":0,"menu_order":0,"comment_status":"closed","ping_status":"closed","template":"","meta":{"_acf_changed":false,"_relevanssi_hide_post":"","_relevanssi_hide_content":"","_relevanssi_pin_for_all":"","_relevanssi_pin_keywords":"","_relevanssi_unpin_keywords":"","_relevanssi_related_keywords":"","_relevanssi_related_include_ids":"","_relevanssi_related_exclude_ids":"","_relevanssi_related_no_append":"","_relevanssi_related_not_related":"","_relevanssi_related_posts":"116,121,123,538,1202,1775","_relevanssi_noindex_reason":"","footnotes":""},"class_list":["post-34571","page","type-page","status-publish","has-post-thumbnail","hentry"],"acf":[],"_links":{"self":[{"href":"https:\/\/denverzoo.org\/es\/wp-json\/wp\/v2\/pages\/34571","targetHints":{"allow":["GET"]}}],"collection":[{"href":"https:\/\/denverzoo.org\/es\/wp-json\/wp\/v2\/pages"}],"about":[{"href":"https:\/\/denverzoo.org\/es\/wp-json\/wp\/v2\/types\/page"}],"author":[{"embeddable":true,"href":"https:\/\/denverzoo.org\/es\/wp-json\/wp\/v2\/users\/82"}],"replies":[{"embeddable":true,"href":"https:\/\/denverzoo.org\/es\/wp-json\/wp\/v2\/comments?post=34571"}],"version-history":[{"count":2,"href":"https:\/\/denverzoo.org\/es\/wp-json\/wp\/v2\/pages\/34571\/revisions"}],"predecessor-version":[{"id":45204,"href":"https:\/\/denverzoo.org\/es\/wp-json\/wp\/v2\/pages\/34571\/revisions\/45204"}],"wp:featuredmedia":[{"embeddable":true,"href":"https:\/\/denverzoo.org\/es\/wp-json\/wp\/v2\/media\/38002"}],"wp:attachment":[{"href":"https:\/\/denverzoo.org\/es\/wp-json\/wp\/v2\/media?parent=34571"}],"curies":[{"name":"gracias","href":"https:\/\/api.w.org\/{rel}","templated":true}]}}