{"id":34574,"date":"2023-08-08T11:36:51","date_gmt":"2023-08-08T17:36:51","guid":{"rendered":"https:\/\/denverzoo.org\/?page_id=34574"},"modified":"2023-08-17T15:28:54","modified_gmt":"2023-08-17T21:28:54","slug":"project-based-learning-boreal-toad","status":"publish","type":"page","link":"https:\/\/denverzoo.org\/es\/project-based-learning-boreal-toad\/","title":{"rendered":"Aprendizaje basado en proyectos: sapo boreal"},"content":{"rendered":"<a href=\"https:\/\/denverzoo.org\/es\/conservation-learning-zone-2\/\" target=\"_self\" role=\"button\" rel=\"noopener\">\n\t\t\t\t\t\t\tAPRENDE EN EL ZOO\n\t\t\t\t\t<\/a>\n\t\t\t<a href=\"https:\/\/denverzoo.org\/es\/good-neighbors-copy\/\" target=\"_self\" role=\"button\" rel=\"noopener\">\n\t\t\t\t\t\t\tZOO A TI\n\t\t\t\t\t<\/a>\n\t\t\t<a href=\"https:\/\/denverzoo.org\/es\/classroom-safari\/\" target=\"_self\" role=\"button\" rel=\"noopener\">\n\t\t\t\t\t\t\tAPRENDIZAJE VIRTUAL\n\t\t\t\t\t<\/a>\n\t\t\t<a href=\"\" target=\"_self\" role=\"button\" rel=\"noopener\">\n\t\t\t\t\t\t\tRECURSOS\n\t\t\t\t\t<\/a>\n\t\t\t<a href=\"https:\/\/denverzoo.org\/es\/phenomena-in-the-field\/\" target=\"_self\" role=\"button\" rel=\"noopener\">\n\t\t\t\t\t\t\tDESARROLLO PROFESIONAL DOCENTE\n\t\t\t\t\t<\/a>\n\t\t\t<a href=\"https:\/\/denverzoo.org\/es\/phenomena-in-the-field\/\" target=\"_self\" role=\"button\" rel=\"noopener\">\n\t\t\t\t\t\t\tFen\u00f3menos en el campo\n\t\t\t\t\t<\/a>\n\t\t\t<a href=\"https:\/\/denverzoo.org\/es\/camp-conservation\/\" target=\"_self\" role=\"button\" rel=\"noopener\">\n\t\t\t\t\t\t\tConservaci\u00f3n de campamentos\n\t\t\t\t\t<\/a>\n\t\t\t<a href=\"https:\/\/denverzoo.org\/es\/project-based-learning-boreal-toad\/\" target=\"_self\" role=\"button\" rel=\"noopener\">\n\t\t\t\t\t\t\tAprendizaje basado en proyectos: sapo boreal\n\t\t\t\t\t<\/a>\n<h4><strong>Aprendizaje basado en proyectos: sapo boreal<\/strong><\/h4>\n<p>Resuelva un problema del mundo real con el zool\u00f3gico de Denver en este taller de dos d\u00edas incre\u00edblemente incre\u00edble. Se sumergir\u00e1 en el aprendizaje basado en proyectos y aprender\u00e1 t\u00e9cnicas para explorar problemas aut\u00e9nticos de conservaci\u00f3n en su sal\u00f3n de clases. Nuestro proyecto de conservaci\u00f3n del sapo boreal ser\u00e1 un punto de partida para que dise\u00f1es tus propias unidades did\u00e1cticas. \u00a1Reg\u00edstrate hoy antes de que te desanimes!<\/p>\n<p><b>FECHAS + HORARIOS<\/b>&nbsp;<\/p>\n<b>8:30 am-4:30 pm<\/b><br>\n20-21 de junio (martes\/mi\u00e9rcoles)<br>\n17-18 de julio (lunes\/martes)&nbsp;<br>\n26-27 de julio (mi\u00e9rcoles\/jueves)\n<p><b>COSTO<\/b>&nbsp;<\/p>\n<p>$200 por persona&nbsp;<\/p>\n<p><b>UBICACI\u00d3N<\/b><\/p>\n<p>Dos d\u00edas en el Zool\u00f3gico de Denver&nbsp;<\/p>\n<p><b>CR\u00c9DITO<\/b><\/p>\n<p>\u00a11.0 cr\u00e9dito de nivel de posgrado a trav\u00e9s de la Escuela de Minas de Colorado incluido con la inscripci\u00f3n!<\/p>\n\t\t\t<a href=\"https:\/\/tickets.denverzoo.org\/DateSelection.aspx?item=4195\" target=\"_self\" role=\"button\" rel=\"noopener\">\n\t\t\t\t\t\t\tREG\u00cdSTRATE AHORA\n\t\t\t\t\t<\/a>\n\t\t\t<a href=\"https:\/\/denverzoo.org\/wp-content\/uploads\/2023\/05\/PBL-Boreal-Toad_Course-Information.pdf\" target=\"_self\" role=\"button\" rel=\"noopener\">\n\t\t\t\t\t\t\tRESUMEN DEL CURSO\n\t\t\t\t\t<\/a>\n\t\t\t\t<img loading=\"lazy\" decoding=\"async\" src=\"https:\/\/denverzoo.org\/wp-content\/uploads\/2023\/08\/BorealToadTPD.png\" alt=\"BorealToadTPD\" itemprop=\"image\" height=\"500\" width=\"500\" title=\"BorealToadTPD\" onerror=\"this.style.display='none'\">\n\t\t\t<a href=\"mailto:dzeducation@denverzoo.org\" target=\"_self\" role=\"button\" rel=\"noopener\">\n\t\t\t\t\t\t\tCONT\u00c1CTANOS\n\t\t\t\t\t<\/a>\n\t\t\t\t\t<a href=\"#\" id=\"fl-accordion--label-0\" tabindex=\"0\" aria-controls=\"fl-accordion--panel-0\">PROGRAMACI\u00d3N<\/a>\n\t\t\t\t\t\t\t\t\t\t\t<a href=\"#\" id=\"fl-accordion--icon-0\" tabindex=\"0\" aria-controls=\"fl-accordion--panel-0\"><i>Expandir<\/i><\/a>\n\t\t\t\t\t<p>Esta oportunidad tras bambalinas le brinda acceso a expertos en conservaci\u00f3n del Zool\u00f3gico de Denver, conexiones con contenido para su sal\u00f3n de clases, desayuno y almuerzo diarios y oportunidades para generar ideas y establecer contactos con otros educadores.&nbsp;<\/p>\n<p><b>Incluido en este Programa de Desarrollo Profesional Docente:<\/b><\/p>\n<ul>\n<li>\n<ul>\n<li>\n<ul type=\"disc\">\n<li>Aprendizaje pr\u00e1ctico inmersivo en el Zool\u00f3gico de Denver.<\/li>\n<li>Conexi\u00f3n con los conservacionistas del zool\u00f3gico de Denver, el personal de cuidado de animales y otros expertos, \u00a1sin mencionar algunos animales realmente geniales!<\/li>\n<li>Trabajo en red y lluvia de ideas con otros profesores.<\/li>\n<li>Mucho tiempo al aire libre bajo el hermoso sol de Colorado: \u00a1lleva protector solar!<\/li>\n<li>Cr\u00e9dito de nivel de posgrado a trav\u00e9s de la Escuela de Minas de Colorado.<\/li>\n<li>Comidas, obsequios del zool\u00f3gico y un recuerdo especial del zool\u00f3gico de Denver.<\/li>\n<li>Inf\u00f3rmese sobre las oportunidades de reembolso de millaje para maestros fuera del \u00e1rea metropolitana de Denver:&nbsp;<a href=\"mailto:dzeducation@denverzoo.org\" target=\"_blank\" rel=\"noopener noreferrer\" data-auth=\"NotApplicable\" data-ogsc=\"\" data-linkindex=\"2\">dzeducation@denverzoo.org.<\/a><\/li>\n<\/ul>\n<\/li>\n<\/ul>\n<\/li>\n<\/ul>\n\t\t\t\t\t<a href=\"#\" id=\"fl-accordion--label-1\" tabindex=\"0\" aria-controls=\"fl-accordion--panel-1\">REPROGRAMACI\u00d3N + CANCELACI\u00d3N<\/a>\n\t\t\t\t\t\t\t\t\t\t\t<a href=\"#\" id=\"fl-accordion--icon-1\" tabindex=\"0\" aria-controls=\"fl-accordion--panel-1\"><i>Expandir<\/i><\/a>\n\t\t\t\t\t<p>Para cancelar o transferir un programa, comun\u00edquese con&nbsp;<a href=\"mailto:guestcare@denverzoo.org\" target=\"_blank\" rel=\"noopener noreferrer\" data-auth=\"NotApplicable\" data-ogsc=\"\" data-linkindex=\"0\">guestcare@denverzoo.org<\/a>&nbsp;al menos dos semanas antes de la fecha programada del programa.<\/p>\n<ul type=\"disc\">\n<li><b>Tasas de transferencia:<\/b>&nbsp;Se aplica una tarifa de transferencia de $25 a cualquier fecha o cambio de programa. No podemos garantizar la disponibilidad en futuros talleres.<\/li>\n<li><b>Gastos de cancelaci\u00f3n:&nbsp;<\/b>Todas las ventas son finales, a menos que el zool\u00f3gico deba cancelar el programa. Se pueden solicitar excepciones en el caso de emergencias m\u00e9dicas familiares, enfermedades graves o por cuarentena requerida debido a COVID-19.<\/li>\n<\/ul>\n\t[dz_contenthub_tags] [dz_image_gallery_slides]","protected":false},"excerpt":{"rendered":"","protected":false},"author":82,"featured_media":0,"parent":0,"menu_order":0,"comment_status":"closed","ping_status":"closed","template":"","meta":{"_acf_changed":false,"_relevanssi_hide_post":"","_relevanssi_hide_content":"","_relevanssi_pin_for_all":"","_relevanssi_pin_keywords":"","_relevanssi_unpin_keywords":"","_relevanssi_related_keywords":"","_relevanssi_related_include_ids":"","_relevanssi_related_exclude_ids":"","_relevanssi_related_no_append":"","_relevanssi_related_not_related":"","_relevanssi_related_posts":"","_relevanssi_noindex_reason":"","footnotes":""},"class_list":["post-34574","page","type-page","status-publish","hentry"],"acf":[],"_links":{"self":[{"href":"https:\/\/denverzoo.org\/es\/wp-json\/wp\/v2\/pages\/34574","targetHints":{"allow":["GET"]}}],"collection":[{"href":"https:\/\/denverzoo.org\/es\/wp-json\/wp\/v2\/pages"}],"about":[{"href":"https:\/\/denverzoo.org\/es\/wp-json\/wp\/v2\/types\/page"}],"author":[{"embeddable":true,"href":"https:\/\/denverzoo.org\/es\/wp-json\/wp\/v2\/users\/82"}],"replies":[{"embeddable":true,"href":"https:\/\/denverzoo.org\/es\/wp-json\/wp\/v2\/comments?post=34574"}],"version-history":[{"count":0,"href":"https:\/\/denverzoo.org\/es\/wp-json\/wp\/v2\/pages\/34574\/revisions"}],"wp:attachment":[{"href":"https:\/\/denverzoo.org\/es\/wp-json\/wp\/v2\/media?parent=34574"}],"curies":[{"name":"gracias","href":"https:\/\/api.w.org\/{rel}","templated":true}]}}