{"id":34608,"date":"2023-08-11T09:33:04","date_gmt":"2023-08-11T15:33:04","guid":{"rendered":"https:\/\/denverzoo.org\/?page_id=34608"},"modified":"2023-08-11T09:36:45","modified_gmt":"2023-08-11T15:36:45","slug":"rsvpwild","status":"publish","type":"page","link":"https:\/\/denverzoo.org\/es\/rsvpwild\/","title":{"rendered":"Recepci\u00f3n de inicio de campa\u00f1a\u00a0"},"content":{"rendered":"<h2>\n\t\tDetalles\n\t<\/h2>\n\t<h3>viernes, 6 de octubre de 2023<\/h3>\n<h4>5:30 \u2013 7:30 pm<\/h4>\n\n\t<h3>\u00bfEst\u00e1s listo para aventurarte en el Great Wild Open?<\/h3>\n<p>\u00danase a nosotros para una noche especial de celebraci\u00f3n SALVAJE mientras el Zool\u00f3gico de Denver lanza el <em>En el Gran Abierto Salvaje<\/em> Campa\u00f1a.<\/p>\n<h4>Vestimenta de c\u00f3ctel<\/h4>\n\t[dz_image_gallery_slides] [dz_other_events]","protected":false},"excerpt":{"rendered":"","protected":false},"author":11,"featured_media":33583,"parent":0,"menu_order":0,"comment_status":"closed","ping_status":"closed","template":"","meta":{"_acf_changed":false,"_relevanssi_hide_post":"","_relevanssi_hide_content":"","_relevanssi_pin_for_all":"","_relevanssi_pin_keywords":"","_relevanssi_unpin_keywords":"","_relevanssi_related_keywords":"","_relevanssi_related_include_ids":"","_relevanssi_related_exclude_ids":"","_relevanssi_related_no_append":"","_relevanssi_related_not_related":"","_relevanssi_related_posts":"","_relevanssi_noindex_reason":"","footnotes":""},"class_list":["post-34608","page","type-page","status-publish","has-post-thumbnail","hentry"],"acf":[],"_links":{"self":[{"href":"https:\/\/denverzoo.org\/es\/wp-json\/wp\/v2\/pages\/34608","targetHints":{"allow":["GET"]}}],"collection":[{"href":"https:\/\/denverzoo.org\/es\/wp-json\/wp\/v2\/pages"}],"about":[{"href":"https:\/\/denverzoo.org\/es\/wp-json\/wp\/v2\/types\/page"}],"author":[{"embeddable":true,"href":"https:\/\/denverzoo.org\/es\/wp-json\/wp\/v2\/users\/11"}],"replies":[{"embeddable":true,"href":"https:\/\/denverzoo.org\/es\/wp-json\/wp\/v2\/comments?post=34608"}],"version-history":[{"count":0,"href":"https:\/\/denverzoo.org\/es\/wp-json\/wp\/v2\/pages\/34608\/revisions"}],"wp:featuredmedia":[{"embeddable":true,"href":"https:\/\/denverzoo.org\/es\/wp-json\/wp\/v2\/media\/33583"}],"wp:attachment":[{"href":"https:\/\/denverzoo.org\/es\/wp-json\/wp\/v2\/media?parent=34608"}],"curies":[{"name":"gracias","href":"https:\/\/api.w.org\/{rel}","templated":true}]}}