{"id":34690,"date":"2023-08-17T12:01:22","date_gmt":"2023-08-17T18:01:22","guid":{"rendered":"https:\/\/denverzoo.org\/?page_id=34690"},"modified":"2023-08-17T15:45:18","modified_gmt":"2023-08-17T21:45:18","slug":"custom-programs","status":"publish","type":"page","link":"https:\/\/denverzoo.org\/es\/custom-programs\/","title":{"rendered":"Programas personalizados"},"content":{"rendered":"<a href=\"https:\/\/denverzoo.org\/es\/conservation-learning-zone\/\" target=\"_self\" role=\"button\" rel=\"noopener\">\n\t\t\t\t\t\t\tAPRENDE EN EL ZOO\n\t\t\t\t\t<\/a>\n\t\t\t<a href=\"https:\/\/denverzoo.org\/es\/animal-academy-zoo-to-you\/\" target=\"_self\" role=\"button\" rel=\"noopener\">\n\t\t\t\t\t\t\tZOO A TI\n\t\t\t\t\t<\/a>\n\t\t\t<a href=\"https:\/\/denverzoo.org\/es\/classroom-safari\/\" target=\"_self\" role=\"button\" rel=\"noopener\">\n\t\t\t\t\t\t\tRECURSOS <br \/>\n\t\t\t\t\t<\/a>\n\t\t\t<a href=\"https:\/\/denverzoo.org\/es\/phenomena-in-the-field\/\" target=\"_self\" role=\"button\" rel=\"noopener\">\n\t\t\t\t\t\t\tDESARROLLO DOCENTE\n\t\t\t\t\t<\/a>\n\t\t\t<a href=\"https:\/\/denverzoo.org\/es\/conservation-learning-zone\/\" target=\"_self\" role=\"button\" rel=\"noopener\">\n\t\t\t\t\t\t\tZONA DE APRENDIZAJE DE CONSERVACI\u00d3N\n\t\t\t\t\t<\/a>\n\t\t\t<a href=\"https:\/\/denverzoo.org\/es\/secret-science-days\/\" target=\"_self\" role=\"button\" rel=\"noopener\">\n\t\t\t\t\t\t\tD\u00cdAS DE CIENCIAS SECRETAS\n\t\t\t\t\t<\/a>\n\t\t\t<a href=\"https:\/\/denverzoo.org\/es\/good-neighbors\/\" target=\"_self\" role=\"button\" rel=\"noopener\">\n\t\t\t\t\t\t\tBUENOS VECINOS <br \/> A LA VIDA SILVESTRE\n\t\t\t\t\t<\/a>\n\t\t\t<a href=\"https:\/\/denverzoo.org\/es\/conservation-challenge\/\" target=\"_self\" role=\"button\" rel=\"noopener\">\n\t\t\t\t\t\t\tRETO DE CONSERVACI\u00d3N: REPENSAR TU BASURA\n\t\t\t\t\t<\/a>\n\t\t\t<a href=\"https:\/\/denverzoo.org\/es\/custom-programs\/\" target=\"_self\" role=\"button\" rel=\"noopener\">\n\t\t\t\t\t\t\tPROGRAMAS PERSONALIZADOS\n\t\t\t\t\t<\/a>\n<h4><strong>Programas personalizados y experiencias de inmersi\u00f3n extendida<\/strong><\/h4>\n<p>&nbsp;<\/p>\n<p>El equipo de asociaciones entre escuelas y maestros del zool\u00f3gico est\u00e1 entusiasmado de saber qu\u00e9 experiencias podr\u00edan conectar mejor a sus estudiantes para generar un impacto positivo en la vida silvestre. Implementamos programas de pensamiento de dise\u00f1o y experiencias de inmersi\u00f3n personalizadas, en un alcance limitado cada a\u00f1o escolar. Llegar a <a href=\"mailto:dzeducation@denverzoo.org\">dzeducation@denverzoo.org<\/a> aprender m\u00e1s.<\/p>\n\t\t\t\t<img loading=\"lazy\" decoding=\"async\" src=\"https:\/\/denverzoo.org\/wp-content\/uploads\/2023\/08\/BirdGN_002.png\" alt=\"BirdGN_002\" itemprop=\"image\" height=\"500\" width=\"500\" title=\"P\u00e1jaroGN_002\" onerror=\"this.style.display='none'\"  \/>\n\t[dz_contenthub_tags] [dz_image_gallery_slides]","protected":false},"excerpt":{"rendered":"","protected":false},"author":81,"featured_media":0,"parent":0,"menu_order":0,"comment_status":"closed","ping_status":"closed","template":"","meta":{"_acf_changed":false,"_relevanssi_hide_post":"","_relevanssi_hide_content":"","_relevanssi_pin_for_all":"","_relevanssi_pin_keywords":"","_relevanssi_unpin_keywords":"","_relevanssi_related_keywords":"","_relevanssi_related_include_ids":"","_relevanssi_related_exclude_ids":"","_relevanssi_related_no_append":"","_relevanssi_related_not_related":"","_relevanssi_related_posts":"","_relevanssi_noindex_reason":"","footnotes":""},"class_list":["post-34690","page","type-page","status-publish","hentry"],"acf":[],"_links":{"self":[{"href":"https:\/\/denverzoo.org\/es\/wp-json\/wp\/v2\/pages\/34690","targetHints":{"allow":["GET"]}}],"collection":[{"href":"https:\/\/denverzoo.org\/es\/wp-json\/wp\/v2\/pages"}],"about":[{"href":"https:\/\/denverzoo.org\/es\/wp-json\/wp\/v2\/types\/page"}],"author":[{"embeddable":true,"href":"https:\/\/denverzoo.org\/es\/wp-json\/wp\/v2\/users\/81"}],"replies":[{"embeddable":true,"href":"https:\/\/denverzoo.org\/es\/wp-json\/wp\/v2\/comments?post=34690"}],"version-history":[{"count":0,"href":"https:\/\/denverzoo.org\/es\/wp-json\/wp\/v2\/pages\/34690\/revisions"}],"wp:attachment":[{"href":"https:\/\/denverzoo.org\/es\/wp-json\/wp\/v2\/media?parent=34690"}],"curies":[{"name":"gracias","href":"https:\/\/api.w.org\/{rel}","templated":true}]}}