{"id":35285,"date":"2023-09-20T14:43:05","date_gmt":"2023-09-20T20:43:05","guid":{"rendered":"https:\/\/denverzoo.org\/?page_id=35285"},"modified":"2025-09-05T19:11:38","modified_gmt":"2025-09-06T01:11:38","slug":"teacher-resources","status":"publish","type":"page","link":"https:\/\/denverzoo.org\/es\/teacher-resources\/","title":{"rendered":"Recursos para profesores"},"content":{"rendered":"<div  class='lhl-section urbi-component urbi-component front_view lhl_comp_width_inherit lhl_spacing_t_09 lhl_spacing_b_09 lhl_spacing_l_00 lhl_spacing_r_00 section-background-t' ><div class=\"urbi-component-inner\">\n    <div class=\"is-layout-constrained\">\n\n<h3 class=\"wp-block-heading has-text-align-center\"><strong>Educaci\u00f3n gratis<\/strong> <strong>Recursos<\/strong><\/h3>\n\n\n\n<p class=\"has-text-align-center\">Actividades cient\u00edficas y preguntas frecuentes sobre carreras para fan\u00e1ticos curiosos de las criaturas: aprenda con el Zool\u00f3gico de Denver desde cualquier lugar con recursos gratuitos a su alcance.<\/p>\n\n<\/div>\n\n<\/div>\n<\/div>\n\n\r\n<div  class='lhl-tabs urbi-component urbi-component front_view lhl_comp_width_inherit lhl_spacing_t_00 lhl_spacing_b_09 lhl_spacing_l_00 lhl_spacing_r_00 section-background-t lhlcomp_tabs urbi_component urbi-component lhl_ptb_60 lhl_ptb_120_@l' >\r\n<div class=\"\">\r\n    <div class=\"urbi-component-inner\">\r\n\r\n                    <ul class=\"uk-tab lhlcomp_tabs__tabs\" data-uk-tab=\"connect:#lhlcomp_tabs__block_02c359ac1540f1e6cfc788f8abd321be\">\r\n\r\n            <\/ul>\r\n                <ul id=\"lhlcomp_tabs__block_02c359ac1540f1e6cfc788f8abd321be\" class=\"uk-switcher uk-margin lhlcomp_tabs__content\">\r\n                        \n\r\n<li class='lhlcomp_tabs__content_li' data-content=\"teacher-resources\" id=\"-teacher-resources\" tabindex=\"0\">\r\n            <ul class=\"phantom_tabs\">\r\n            <li id=\"lhlcomp_tabs__block_def0e4128b9963c411f894d6591353b2\" class=\"lhlcomp_tabs__nav_li\">\r\n                <a href=\"\" class=\"urbi_tabs_tab_link\" data-id=\"teacher-resources\">Recursos para profesores<\/a>\r\n            <\/li>\r\n        <\/ul>\r\n    \r\n    <div class=\"lhlcomp_tab__inner\">\r\n                <div class=\"acf-innerblocks-container\">\n\n<h2 class=\"wp-block-heading\"><strong>Recursos para profesores<\/strong><\/h2>\n\n\n\r\n\r\n\r\n<div  class='lhl-three-card-block urbi-component urbi-component front_view lhl_comp_width_inherit lhl_spacing_t_09 lhl_spacing_b_09 lhl_spacing_l_00 lhl_spacing_r_00 section-background-t' ><div class=\"urbi-component-inner\">\r\n    <div class=\"uk-child-width-expand@s uk-grid-match\" uk-grid>\r\n\r\n                        <div class='three_by_one__item uk-width-1-1 uk-width-1-3@m'>\r\n                    <div class='three_by_one__item-inner'>\r\n\r\n                        \n<div class=\"urbi-card urbi-card--shadow-3 urbi-card--featured urbi-card--has_cta\">\n    <div class=\"uk-card-media-top urbi-card--img\">\n\n        <a class=\"urbi-link\" href=\"\/es\/virtual-classroom\/ethograms\/\" target=\"_self\" rel=\"noopener noreferrer\" aria-label=\"Aprende m\u00e1s\" >                            <img loading=\"lazy\" decoding=\"async\" width=\"398\" height=\"239\" src=\"https:\/\/denverzoo.org\/wp-content\/uploads\/2020\/04\/eagleowl-398x239.jpg\" class=\"urbi-img urbi-featured-homme-img\" alt=\"\" \/>                    <\/a>\n    <\/div>\n    <div class=\"urbi-card--txt\">\n        <div class=\"urbi-card__date-meta\">\n                    <\/div>\n        <h3 class=\"urbi-card__title\">\n            Etogramas de animales        <\/h3>\n        <div class=\"urbi-card__description\">\n            Descubra c\u00f3mo nuestro equipo de cuidado de animales utiliza etogramas para estudiar el comportamiento del beb\u00e9 Joona.        <\/div>\n                    <a class=\"urbi-link urbi-card__cta lhl_button lhl_button_type_solid lhl_button_color_default lhl_button_width_default\" href=\"\/es\/virtual-classroom\/ethograms\/\" target=\"_self\" rel=\"noopener noreferrer\" title=\"Aprende m\u00e1s\" aria-label=\"Aprende m\u00e1s\" >Aprende m\u00e1s<\/a>            <\/div>\n<\/div>                    <\/div>\r\n                <\/div>\r\n                        <div class='three_by_one__item uk-width-1-1 uk-width-1-3@m'>\r\n                    <div class='three_by_one__item-inner'>\r\n\r\n                        \n<div class=\"urbi-card urbi-card--shadow-3 urbi-card--featured urbi-card--has_cta\">\n    <div class=\"uk-card-media-top urbi-card--img\">\n\n        <a class=\"urbi-link\" href=\"https:\/\/denverzoo.org\/wp-content\/uploads\/2025\/09\/AASGFT-Teacher-Guide.pdf\" target=\"_self\" rel=\"noopener noreferrer\" aria-label=\"Aprende m\u00e1s\" >                            <img loading=\"lazy\" decoding=\"async\" width=\"398\" height=\"239\" src=\"https:\/\/denverzoo.org\/wp-content\/uploads\/2025\/08\/Elephant_Groucho_VOL_SPRINGER_180824-008-398x239.jpg\" class=\"urbi-img urbi-featured-homme-img\" alt=\"\" srcset=\"https:\/\/denverzoo.org\/wp-content\/uploads\/2025\/08\/Elephant_Groucho_VOL_SPRINGER_180824-008-398x239.jpg 398w, https:\/\/denverzoo.org\/wp-content\/uploads\/2025\/08\/Elephant_Groucho_VOL_SPRINGER_180824-008-18x12.jpg 18w\" sizes=\"auto, (max-width: 398px) 100vw, 398px\" \/>                    <\/a>\n    <\/div>\n    <div class=\"urbi-card--txt\">\n        <div class=\"urbi-card__date-meta\">\n                    <\/div>\n        <h3 class=\"urbi-card__title\">\n            Gu\u00eda de excursi\u00f3n autoguiada        <\/h3>\n        <div class=\"urbi-card__description\">\n            Gu\u00ede a los estudiantes de K-4 a trav\u00e9s de una exploraci\u00f3n atractiva y educativa.        <\/div>\n                    <a class=\"urbi-link urbi-card__cta lhl_button lhl_button_type_solid lhl_button_color_default lhl_button_width_default\" href=\"https:\/\/denverzoo.org\/wp-content\/uploads\/2025\/09\/AASGFT-Teacher-Guide.pdf\" target=\"_self\" rel=\"noopener noreferrer\" title=\"Aprende m\u00e1s\" aria-label=\"Aprende m\u00e1s\" >Aprende m\u00e1s<\/a>            <\/div>\n<\/div>                    <\/div>\r\n                <\/div>\r\n                        <div class='three_by_one__item uk-width-1-1 uk-width-1-3@m'>\r\n                    <div class='three_by_one__item-inner'>\r\n\r\n                        \n<div class=\"urbi-card urbi-card--shadow-3 urbi-card--featured urbi-card--has_cta\">\n    <div class=\"uk-card-media-top urbi-card--img\">\n\n        <a class=\"urbi-link\" href=\"https:\/\/www.youtube.com\/embed\/sMR1oHFM_O0\" target=\"_self\" rel=\"noopener noreferrer\" aria-label=\"Ver video\" >                            <img loading=\"lazy\" decoding=\"async\" width=\"398\" height=\"239\" src=\"https:\/\/denverzoo.org\/wp-content\/uploads\/2020\/08\/inline-lionfish-mobile-398x239.jpg\" class=\"urbi-img urbi-featured-homme-img\" alt=\"lionfish\" \/>                    <\/a>\n    <\/div>\n    <div class=\"urbi-card--txt\">\n        <div class=\"urbi-card__date-meta\">\n                    <\/div>\n        <h3 class=\"urbi-card__title\">\n            H\u00e1bitats acu\u00e1ticos        <\/h3>\n        <div class=\"urbi-card__description\">\n            \u00a1Explore incre\u00edbles mundos submarinos con el educador del Zool\u00f3gico de Denver, el Sr. Garc\u00eda!        <\/div>\n                    <a class=\"urbi-link urbi-card__cta lhl_button lhl_button_type_solid lhl_button_color_default lhl_button_width_default\" href=\"https:\/\/www.youtube.com\/embed\/sMR1oHFM_O0\" target=\"_self\" rel=\"noopener noreferrer\" title=\"Ver video\" aria-label=\"Ver video\" >Ver video<\/a>            <\/div>\n<\/div>                    <\/div>\r\n                <\/div>\r\n            <\/div>\r\n<\/div>\r\n<\/div>\n<\/div>\r\n    <\/div>\r\n<\/li>\n\n\r\n<li class='lhlcomp_tabs__content_li' data-content=\"student-resources\" id=\"-student-resources\" tabindex=\"0\">\r\n            <ul class=\"phantom_tabs\">\r\n            <li id=\"lhlcomp_tabs__block_57d965e0af5d0c3eaa05797bc98f90da\" class=\"lhlcomp_tabs__nav_li\">\r\n                <a href=\"\" class=\"urbi_tabs_tab_link\" data-id=\"student-resources\">Recursos para estudiantes<\/a>\r\n            <\/li>\r\n        <\/ul>\r\n    \r\n    <div class=\"lhlcomp_tab__inner\">\r\n                <div class=\"acf-innerblocks-container\">\n\n<h2 class=\"wp-block-heading\"><strong>Recursos para estudiantes<\/strong><\/h2>\n\n\n\r\n\r\n\r\n<div  class='lhl-three-card-block urbi-component urbi-component front_view lhl_comp_width_inherit lhl_spacing_t_09 lhl_spacing_b_09 lhl_spacing_l_00 lhl_spacing_r_00 section-background-t' ><div class=\"urbi-component-inner\">\r\n    <div class=\"uk-child-width-expand@s uk-grid-match\" uk-grid>\r\n\r\n                        <div class='three_by_one__item uk-width-1-1 uk-width-1-3@m'>\r\n                    <div class='three_by_one__item-inner'>\r\n\r\n                        \n<div class=\"urbi-card urbi-card--shadow-3 urbi-card--featured urbi-card--has_cta\">\n    <div class=\"uk-card-media-top urbi-card--img\">\n\n        <a class=\"urbi-link\" href=\"\/es\/animal-trainer-interview\/\" target=\"_self\" rel=\"noopener noreferrer\" aria-label=\"Aprende m\u00e1s\" >                            <img loading=\"lazy\" decoding=\"async\" width=\"398\" height=\"239\" src=\"https:\/\/denverzoo.org\/wp-content\/uploads\/2018\/11\/animal-trainer-interview-hero-398x239.jpg\" class=\"urbi-img urbi-featured-homme-img\" alt=\"Animal trainer with owl\" \/>                    <\/a>\n    <\/div>\n    <div class=\"urbi-card--txt\">\n        <div class=\"urbi-card__date-meta\">\n                    <\/div>\n        <h3 class=\"urbi-card__title\">\n            Entrevistas para entrenadores de animales        <\/h3>\n        <div class=\"urbi-card__description\">\n            \u00a1Explora m\u00e1s sobre c\u00f3mo ser un entrenador de animales! Haga clic a continuaci\u00f3n para aprender c\u00f3mo ser un especialista en aves, reptiles o depredadores.        <\/div>\n                    <a class=\"urbi-link urbi-card__cta lhl_button lhl_button_type_solid lhl_button_color_default lhl_button_width_default\" href=\"\/es\/animal-trainer-interview\/\" target=\"_self\" rel=\"noopener noreferrer\" title=\"Aprende m\u00e1s\" aria-label=\"Aprende m\u00e1s\" >Aprende m\u00e1s<\/a>            <\/div>\n<\/div>                    <\/div>\r\n                <\/div>\r\n                        <div class='three_by_one__item uk-width-1-1 uk-width-1-3@m'>\r\n                    <div class='three_by_one__item-inner'>\r\n\r\n                        \n<div class=\"urbi-card urbi-card--shadow-3 urbi-card--featured urbi-card--has_cta\">\n    <div class=\"uk-card-media-top urbi-card--img\">\n\n        <a class=\"urbi-link\" href=\"https:\/\/www.youtube.com\/watch?v=vLAkVkiMM0c\" target=\"_self\" rel=\"noopener noreferrer\" aria-label=\"Ver video\" >                            <img loading=\"lazy\" decoding=\"async\" width=\"398\" height=\"239\" src=\"https:\/\/denverzoo.org\/wp-content\/uploads\/2020\/02\/Enrichment-Hero-398x239.jpg\" class=\"urbi-img urbi-featured-homme-img\" alt=\"\" \/>                    <\/a>\n    <\/div>\n    <div class=\"urbi-card--txt\">\n        <div class=\"urbi-card__date-meta\">\n                    <\/div>\n        <h3 class=\"urbi-card__title\">\n            Enriquecimiento animal        <\/h3>\n        <div class=\"urbi-card__description\">\n            Vea c\u00f3mo el Zool\u00f3gico de Denver mantiene a sus animales estimulados mental y f\u00edsicamente y aprenda por qu\u00e9 eso es importante.        <\/div>\n                    <a class=\"urbi-link urbi-card__cta lhl_button lhl_button_type_solid lhl_button_color_default lhl_button_width_default\" href=\"https:\/\/www.youtube.com\/watch?v=vLAkVkiMM0c\" target=\"_self\" rel=\"noopener noreferrer\" title=\"Ver video\" aria-label=\"Ver video\" >Ver video<\/a>            <\/div>\n<\/div>                    <\/div>\r\n                <\/div>\r\n                        <div class='three_by_one__item uk-width-1-1 uk-width-1-3@m'>\r\n                    <div class='three_by_one__item-inner'>\r\n\r\n                        \n<div class=\"urbi-card urbi-card--shadow-3 urbi-card--featured urbi-card--has_cta\">\n    <div class=\"uk-card-media-top urbi-card--img\">\n\n        <a class=\"urbi-link\" href=\"https:\/\/www.youtube.com\/watch?v=8RdR1idAOoM\" target=\"_self\" rel=\"noopener noreferrer\" aria-label=\"Ver video\" >                            <img loading=\"lazy\" decoding=\"async\" width=\"398\" height=\"239\" src=\"https:\/\/denverzoo.org\/wp-content\/uploads\/2023\/08\/Eirina_Orangutan-extended-398x239.jpg\" class=\"urbi-img urbi-featured-homme-img\" alt=\"\" \/>                    <\/a>\n    <\/div>\n    <div class=\"urbi-card--txt\">\n        <div class=\"urbi-card__date-meta\">\n                    <\/div>\n        <h3 class=\"urbi-card__title\">\n            Ciencia en el cuidado de animales        <\/h3>\n        <div class=\"urbi-card__description\">\n            El Zool\u00f3gico de Denver se enorgullece de asociarse con National Jewish Health. Haga clic a continuaci\u00f3n para ver c\u00f3mo esto beneficia a nuestra orangut\u00e1n, Junie.        <\/div>\n                    <a class=\"urbi-link urbi-card__cta lhl_button lhl_button_type_solid lhl_button_color_default lhl_button_width_default\" href=\"https:\/\/www.youtube.com\/watch?v=8RdR1idAOoM\" target=\"_self\" rel=\"noopener noreferrer\" title=\"Ver video\" aria-label=\"Ver video\" >Ver video<\/a>            <\/div>\n<\/div>                    <\/div>\r\n                <\/div>\r\n            <\/div>\r\n<\/div>\r\n<\/div>\n<\/div>\r\n    <\/div>\r\n<\/li>\n\r\n        <\/ul>\r\n\r\n    <\/div>\r\n<\/div>\r\n\r\n<\/div>\r\n    <script>\r\n        jQuery(\".phantom_tabs li\").each(function() {\r\n            jQuery(this).closest(\".urbi-component-inner\").find('.lhlcomp_tabs__tabs').append(this);\r\n        });\r\n    <\/script>","protected":false},"excerpt":{"rendered":"","protected":false},"author":81,"featured_media":0,"parent":0,"menu_order":0,"comment_status":"closed","ping_status":"closed","template":"","meta":{"_acf_changed":false,"_relevanssi_hide_post":"","_relevanssi_hide_content":"","_relevanssi_pin_for_all":"","_relevanssi_pin_keywords":"","_relevanssi_unpin_keywords":"","_relevanssi_related_keywords":"","_relevanssi_related_include_ids":"","_relevanssi_related_exclude_ids":"","_relevanssi_related_no_append":"","_relevanssi_related_not_related":"","_relevanssi_related_posts":"116,121,123,538,1202,1775","_relevanssi_noindex_reason":"","footnotes":""},"class_list":["post-35285","page","type-page","status-publish","hentry"],"acf":[],"_links":{"self":[{"href":"https:\/\/denverzoo.org\/es\/wp-json\/wp\/v2\/pages\/35285","targetHints":{"allow":["GET"]}}],"collection":[{"href":"https:\/\/denverzoo.org\/es\/wp-json\/wp\/v2\/pages"}],"about":[{"href":"https:\/\/denverzoo.org\/es\/wp-json\/wp\/v2\/types\/page"}],"author":[{"embeddable":true,"href":"https:\/\/denverzoo.org\/es\/wp-json\/wp\/v2\/users\/81"}],"replies":[{"embeddable":true,"href":"https:\/\/denverzoo.org\/es\/wp-json\/wp\/v2\/comments?post=35285"}],"version-history":[{"count":0,"href":"https:\/\/denverzoo.org\/es\/wp-json\/wp\/v2\/pages\/35285\/revisions"}],"wp:attachment":[{"href":"https:\/\/denverzoo.org\/es\/wp-json\/wp\/v2\/media?parent=35285"}],"curies":[{"name":"gracias","href":"https:\/\/api.w.org\/{rel}","templated":true}]}}