{"id":35293,"date":"2023-09-20T15:09:41","date_gmt":"2023-09-20T21:09:41","guid":{"rendered":"https:\/\/denverzoo.org\/?page_id=35293"},"modified":"2023-09-20T15:45:40","modified_gmt":"2023-09-20T21:45:40","slug":"student-resources","status":"publish","type":"page","link":"https:\/\/denverzoo.org\/es\/student-resources\/","title":{"rendered":"Recursos para estudiantes"},"content":{"rendered":"<a href=\"https:\/\/denverzoo.org\/es\/conservation-learning-zone\/\" target=\"_self\" role=\"button\" rel=\"noopener\">\n\t\t\t\t\t\t\tAPRENDE EN EL ZOO\n\t\t\t\t\t<\/a>\n\t\t\t<a href=\"https:\/\/denverzoo.org\/es\/animal-academy-zoo-to-you\/\" target=\"_self\" role=\"button\" rel=\"noopener\">\n\t\t\t\t\t\t\tZOO A TI\n\t\t\t\t\t<\/a>\n\t\t\t<a href=\"https:\/\/denverzoo.org\/es\/teacher-resources\/\" target=\"_self\" role=\"button\" rel=\"noopener\">\n\t\t\t\t\t\t\tRECURSOS <br \/>\n\t\t\t\t\t<\/a>\n\t\t\t<a href=\"https:\/\/denverzoo.org\/es\/phenomena-in-the-field\/\" target=\"_self\" role=\"button\" rel=\"noopener\">\n\t\t\t\t\t\t\tDESARROLLO DOCENTE\n\t\t\t\t\t<\/a>\n\t\t\t<a href=\"https:\/\/denverzoo.org\/es\/teacher-resources\/\" target=\"_self\" role=\"button\" rel=\"noopener\">\n\t\t\t\t\t\t\tRECURSOS PARA MAESTROS\n\t\t\t\t\t<\/a>\n\t\t\t<a href=\"https:\/\/denverzoo.org\/es\/student-resources\/\" target=\"_self\" role=\"button\" rel=\"noopener\">\n\t\t\t\t\t\t\tRECURSOS PARA ESTUDIANTES\n\t\t\t\t\t<\/a>\n\t\t\t\t<a href=\"\/es\/careers-in-veterinary-medicine\/\" target=\"_blank\" rel=\"noopener\" itemprop=\"url\">\n\t\t\t\t<img loading=\"lazy\" decoding=\"async\" src=\"https:\/\/denverzoo.org\/wp-content\/uploads\/2018\/09\/career-info-vet_thumbnail.jpg\" alt=\"denver zoo vet doing procedure on snake\" itemprop=\"image\" height=\"400\" width=\"400\" title=\"informaci\u00f3n-carrera-vet_thumbnail\" onerror=\"this.style.display='none'\"  \/>\n\t\t\t\t<\/a>\n<h2><a href=\"\/es\/careers-in-veterinary-medicine\/\" target=\"_blank\" rel=\"noopener\">CARRERAS EN MEDICINA VETERINARIA<\/a><\/h2>\t\t\n\t\t\t<p>Preguntas frecuentes sobre carreras en medicina veterinaria.<\/p>\n\t\t\t<a href=\"\/es\/careers-in-veterinary-medicine\/\" target=\"_blank\" role=\"button\" rel=\"noopener\">\n\t\t\t\t\t\t\tM\u00c1S INFORMACI\u00d3N\n\t\t\t\t\t<\/a>\n\t\t\t\t<a href=\"\/es\/animal-trainer-interview\/\" target=\"_blank\" rel=\"noopener\" itemprop=\"url\">\n\t\t\t\t<img loading=\"lazy\" decoding=\"async\" src=\"https:\/\/denverzoo.org\/wp-content\/uploads\/2018\/11\/animal-trainer-interview-hero-350x350.jpg\" alt=\"Animal trainer with owl\" itemprop=\"image\" height=\"350\" width=\"350\" title=\"entrenador-de-animales-entrevista-heroe\" onerror=\"this.style.display='none'\"  \/>\n\t\t\t\t<\/a>\n<h2><a href=\"\/es\/animal-trainer-interview\/\" target=\"_blank\" rel=\"noopener\">ENTREVISTAS CON ENTRENADORES DE ANIMALES<\/a><\/h2>\t\t\n\t\t\t<p>Obtenga m\u00e1s informaci\u00f3n sobre c\u00f3mo ser un entrenador de animales. Haga clic a continuaci\u00f3n para obtener m\u00e1s informaci\u00f3n sobre c\u00f3mo ser un cuidador de un zool\u00f3gico de aves, reptiles y depredadores.<\/p>\n\t\t\t<a href=\"\/es\/animal-trainer-interview\/\" target=\"_blank\" role=\"button\" rel=\"noopener\">\n\t\t\t\t\t\t\tM\u00c1S INFORMACI\u00d3N\n\t\t\t\t\t<\/a>\n\t\t\t\t<a href=\"\/es\/careers-in-conservation-biology\/\" target=\"_blank\" rel=\"noopener\" itemprop=\"url\">\n\t\t\t\t<img loading=\"lazy\" decoding=\"async\" src=\"https:\/\/denverzoo.org\/wp-content\/uploads\/2018\/09\/conservation-biology-button.jpg\" alt=\"Biologist in scuba gear holding Lake Titicaca frog\" itemprop=\"image\" height=\"400\" width=\"400\" title=\"boton-biologia-conservacion\" onerror=\"this.style.display='none'\"  \/>\n\t\t\t\t<\/a>\n<h2><a href=\"\/es\/careers-in-conservation-biology\/\" target=\"_blank\" rel=\"noopener\">CARRERAS EN BIOLOG\u00cdA DE LA CONSERVACI\u00d3N<\/a><\/h2>\t\t\n\t\t\t<p>Preguntas frecuentes sobre carreras en biolog\u00eda de la conservaci\u00f3n.<\/p>\n\t\t\t<a href=\"\/es\/careers-in-conservation-biology\/\" target=\"_blank\" role=\"button\" rel=\"noopener\">\n\t\t\t\t\t\t\tM\u00c1S INFORMACI\u00d3N\n\t\t\t\t\t<\/a>\n\t\t\t\t<a href=\"https:\/\/www.youtube.com\/watch?v=vLAkVkiMM0c\" target=\"_blank\" rel=\"noopener\" itemprop=\"url\">\n\t\t\t\t<img loading=\"lazy\" decoding=\"async\" src=\"https:\/\/denverzoo.org\/wp-content\/uploads\/2018\/09\/enrichment-video-2-350x350.jpg\" alt=\"enrichment-video\" itemprop=\"image\" height=\"350\" width=\"350\" title=\"v\u00eddeo de enriquecimiento\" onerror=\"this.style.display='none'\"  \/>\n\t\t\t\t<\/a>\n<h2><a href=\"https:\/\/www.youtube.com\/watch?v=vLAkVkiMM0c\" target=\"_blank\" rel=\"noopener\">ENRIQUECIMIENTO ANIMAL<\/a><\/h2>\t\t\n\t\t\t<p>Vea c\u00f3mo el Zool\u00f3gico de Denver mantiene a sus animales mental y f\u00edsicamente estimulados y aprenda por qu\u00e9 es importante.<\/p>\n\t\t\t<a href=\"https:\/\/www.youtube.com\/watch?v=vLAkVkiMM0c\" target=\"_blank\" role=\"button\" rel=\"noopener\">\n\t\t\t\t\t\t\tVER VIDEO\n\t\t\t\t\t<\/a>\n\t\t\t\t<a href=\"\/es\/careers-in-zookeeping\/\" target=\"_blank\" rel=\"noopener\" itemprop=\"url\">\n\t\t\t\t<img loading=\"lazy\" decoding=\"async\" src=\"https:\/\/denverzoo.org\/wp-content\/uploads\/2018\/09\/keeper-button.jpg\" alt=\"Keeper checking up on pregnant sloth\" itemprop=\"image\" height=\"400\" width=\"400\" title=\"bot\u00f3n de portero\" onerror=\"this.style.display='none'\"  \/>\n\t\t\t\t<\/a>\n<h2><a href=\"\/es\/careers-in-zookeeping\/\" target=\"_blank\" rel=\"noopener\">CARRERAS EN ZOOKEPING<br \/><\/a><\/h2>\t\t\n\t\t\t<p> Preguntas frecuentes sobre carreras en cuidado de zool\u00f3gicos.<\/p>\n\t\t\t<a href=\"\/es\/careers-in-zookeeping\/\" target=\"_blank\" role=\"button\" rel=\"noopener\">\n\t\t\t\t\t\t\tM\u00c1S INFORMACI\u00d3N\n\t\t\t\t\t<\/a>\n\t\t\t\t<a href=\"https:\/\/www.youtube.com\/watch?v=8RdR1idAOoM\" target=\"_blank\" rel=\"noopener\" itemprop=\"url\">\n\t\t\t\t<img loading=\"lazy\" decoding=\"async\" src=\"https:\/\/denverzoo.org\/wp-content\/uploads\/2018\/09\/science-animal-care_video-image-350x350.jpg\" alt=\"orangutan at the denver zoo\" itemprop=\"image\" height=\"350\" width=\"350\" title=\"imagen de v\u00eddeo de cuidado animal de ciencia\" onerror=\"this.style.display='none'\"  \/>\n\t\t\t\t<\/a>\n<h2><a href=\"https:\/\/www.youtube.com\/watch?v=8RdR1idAOoM\" target=\"_blank\" rel=\"noopener\">CIENCIA EN EL CUIDADO ANIMAL<\/a><\/h2>\t\t\n\t\t\t<p>El Zool\u00f3gico de Denver se enorgullece de asociarse con National Jewish Health. Haga clic a continuaci\u00f3n para ver c\u00f3mo esto beneficia a nuestra orangut\u00e1n, Junie.<\/p>\n\t\t\t<a href=\"https:\/\/www.youtube.com\/watch?v=8RdR1idAOoM\" target=\"_blank\" role=\"button\" rel=\"noopener\">\n\t\t\t\t\t\t\tVER VIDEO\n\t\t\t\t\t<\/a>\n\t[dz_image_gallery_slides]","protected":false},"excerpt":{"rendered":"","protected":false},"author":81,"featured_media":0,"parent":0,"menu_order":0,"comment_status":"closed","ping_status":"closed","template":"","meta":{"_acf_changed":false,"_relevanssi_hide_post":"","_relevanssi_hide_content":"","_relevanssi_pin_for_all":"","_relevanssi_pin_keywords":"","_relevanssi_unpin_keywords":"","_relevanssi_related_keywords":"","_relevanssi_related_include_ids":"","_relevanssi_related_exclude_ids":"","_relevanssi_related_no_append":"","_relevanssi_related_not_related":"","_relevanssi_related_posts":"116,121,123,538,1202,1775","_relevanssi_noindex_reason":"","footnotes":""},"class_list":["post-35293","page","type-page","status-publish","hentry"],"acf":[],"_links":{"self":[{"href":"https:\/\/denverzoo.org\/es\/wp-json\/wp\/v2\/pages\/35293","targetHints":{"allow":["GET"]}}],"collection":[{"href":"https:\/\/denverzoo.org\/es\/wp-json\/wp\/v2\/pages"}],"about":[{"href":"https:\/\/denverzoo.org\/es\/wp-json\/wp\/v2\/types\/page"}],"author":[{"embeddable":true,"href":"https:\/\/denverzoo.org\/es\/wp-json\/wp\/v2\/users\/81"}],"replies":[{"embeddable":true,"href":"https:\/\/denverzoo.org\/es\/wp-json\/wp\/v2\/comments?post=35293"}],"version-history":[{"count":0,"href":"https:\/\/denverzoo.org\/es\/wp-json\/wp\/v2\/pages\/35293\/revisions"}],"wp:attachment":[{"href":"https:\/\/denverzoo.org\/es\/wp-json\/wp\/v2\/media?parent=35293"}],"curies":[{"name":"gracias","href":"https:\/\/api.w.org\/{rel}","templated":true}]}}