{"id":35379,"date":"2023-09-28T03:09:15","date_gmt":"2023-09-28T09:09:15","guid":{"rendered":"https:\/\/denverzoo.org\/?page_id=35379"},"modified":"2026-02-05T13:00:22","modified_gmt":"2026-02-05T20:00:22","slug":"greatwildopen","status":"publish","type":"page","link":"https:\/\/denverzoo.org\/es\/greatwildopen\/","title":{"rendered":"En el Gran Abierto Salvaje"},"content":{"rendered":"<div  class='lhl-section urbi-component urbi-component front_view lhl_comp_width_inherit lhl_spacing_t_09 lhl_spacing_b_03 lhl_spacing_l_00 lhl_spacing_r_00 section-background-t' ><div class=\"urbi-component-inner\">\n    <div class=\"is-layout-constrained\">\n\n<h2 class=\"wp-block-heading has-text-align-center\">Into the Great Wild Open: un \u00e9xito SALVAJE para la Alianza para la Conservaci\u00f3n del Zool\u00f3gico de Denver<\/h2>\n\n\n\n<p class=\"has-text-align-center\">Despu\u00e9s de siete a\u00f1os, Denver Zoo Conservation Alliance se complace en compartir que Into the Great Wild Open recaud\u00f3 <strong>$82,801,615<\/strong> En apoyo a nuestra misi\u00f3n de inspirar a las comunidades a preservar la vida silvestre para las generaciones futuras, agradecemos profundamente a nuestra comunidad de donantes, voluntarios y simpatizantes por su dedicaci\u00f3n a lo largo de la campa\u00f1a, desde su lanzamiento en 2019 hasta 2025.<\/p>\n\n<\/div>\n\n<\/div>\n<\/div>\n\n\n\n\n<div  class='lhl-section urbi-component urbi-component front_view lhl_comp_width_inherit lhl_spacing_t_07 lhl_spacing_b_02 lhl_spacing_l_00 lhl_spacing_r_00 section-background-t' ><div class=\"urbi-component-inner\">\n    <div class=\"is-layout-constrained\">\n\n<figure class=\"wp-block-image aligncenter size-large is-resized\"><img loading=\"lazy\" decoding=\"async\" width=\"1024\" height=\"374\" src=\"https:\/\/denverzoo.org\/wp-content\/uploads\/2026\/02\/26-PHL-376-IGWO-Campaign-Wrap_IGWO-Landing-Page-Updates_Green-Graphic_v1.0_ZL_2.2.26-02-1-1024x374.jpg\" alt=\"\" class=\"wp-image-44592\" style=\"width:783px;height:auto\" srcset=\"https:\/\/denverzoo.org\/wp-content\/uploads\/2026\/02\/26-PHL-376-IGWO-Campaign-Wrap_IGWO-Landing-Page-Updates_Green-Graphic_v1.0_ZL_2.2.26-02-1-1024x374.jpg 1024w, https:\/\/denverzoo.org\/wp-content\/uploads\/2026\/02\/26-PHL-376-IGWO-Campaign-Wrap_IGWO-Landing-Page-Updates_Green-Graphic_v1.0_ZL_2.2.26-02-1-220x80.jpg 220w, https:\/\/denverzoo.org\/wp-content\/uploads\/2026\/02\/26-PHL-376-IGWO-Campaign-Wrap_IGWO-Landing-Page-Updates_Green-Graphic_v1.0_ZL_2.2.26-02-1-768x281.jpg 768w, https:\/\/denverzoo.org\/wp-content\/uploads\/2026\/02\/26-PHL-376-IGWO-Campaign-Wrap_IGWO-Landing-Page-Updates_Green-Graphic_v1.0_ZL_2.2.26-02-1-50x18.jpg 50w, https:\/\/denverzoo.org\/wp-content\/uploads\/2026\/02\/26-PHL-376-IGWO-Campaign-Wrap_IGWO-Landing-Page-Updates_Green-Graphic_v1.0_ZL_2.2.26-02-1-1600x585.jpg 1600w, https:\/\/denverzoo.org\/wp-content\/uploads\/2026\/02\/26-PHL-376-IGWO-Campaign-Wrap_IGWO-Landing-Page-Updates_Green-Graphic_v1.0_ZL_2.2.26-02-1-1536x561.jpg 1536w, https:\/\/denverzoo.org\/wp-content\/uploads\/2026\/02\/26-PHL-376-IGWO-Campaign-Wrap_IGWO-Landing-Page-Updates_Green-Graphic_v1.0_ZL_2.2.26-02-1-2048x749.jpg 2048w, https:\/\/denverzoo.org\/wp-content\/uploads\/2026\/02\/26-PHL-376-IGWO-Campaign-Wrap_IGWO-Landing-Page-Updates_Green-Graphic_v1.0_ZL_2.2.26-02-1-18x7.jpg 18w\" sizes=\"auto, (max-width: 1024px) 100vw, 1024px\" \/><\/figure>\n\n<\/div>\n\n<\/div>\n<\/div>\n\n\n\n\n<div  class='lhl-section urbi-component urbi-component front_view lhl_comp_width_inherit lhl_spacing_t_09 lhl_spacing_b_09 lhl_spacing_l_00 lhl_spacing_r_00 section-background-t' ><div class=\"urbi-component-inner\">\n    <div class=\"is-layout-constrained\">\n\n<figure class=\"wp-block-embed is-type-video is-provider-youtube wp-block-embed-youtube wp-embed-aspect-16-9 wp-has-aspect-ratio\"><div class=\"wp-block-embed__wrapper\">\n<iframe loading=\"lazy\" title=\"Hacia lo salvaje: Lo que logramos juntos (subt\u00edtulos en espa\u00f1ol)\" width=\"640\" height=\"360\" src=\"https:\/\/www.youtube.com\/embed\/Cf4AqVAYxvU?feature=oembed\" frameborder=\"0\" allow=\"accelerometer; autoplay; clipboard-write; encrypted-media; gyroscope; picture-in-picture; web-share\" referrerpolicy=\"strict-origin-when-cross-origin\" allowfullscreen><\/iframe>\n<\/div><\/figure>\n\n<\/div>\n\n<\/div>\n<\/div>\n\n\n\n\n\n\n\n\n\n\n\n\n\n\n<div  class='lhl-section urbi-component urbi-component front_view lhl_comp_width_wide lhl_spacing_t_00 lhl_spacing_b_00 lhl_spacing_l_00 lhl_spacing_r_00 section-background-t  bg-pattern-' ><div class=\"urbi-component-inner\">\n    <div class=\"is-layout-constrained\">\n\n\n\n<\/div>\n\n<\/div>\n<\/div>\n\n\n<p><\/p>","protected":false},"excerpt":{"rendered":"","protected":false},"author":82,"featured_media":35381,"parent":0,"menu_order":0,"comment_status":"closed","ping_status":"closed","template":"","meta":{"_acf_changed":false,"_relevanssi_hide_post":"","_relevanssi_hide_content":"","_relevanssi_pin_for_all":"","_relevanssi_pin_keywords":"","_relevanssi_unpin_keywords":"","_relevanssi_related_keywords":"","_relevanssi_related_include_ids":"","_relevanssi_related_exclude_ids":"","_relevanssi_related_no_append":"","_relevanssi_related_not_related":"","_relevanssi_related_posts":"123,33078,116,121,27288,538","_relevanssi_noindex_reason":"","footnotes":""},"class_list":["post-35379","page","type-page","status-publish","has-post-thumbnail","hentry"],"acf":[],"_links":{"self":[{"href":"https:\/\/denverzoo.org\/es\/wp-json\/wp\/v2\/pages\/35379","targetHints":{"allow":["GET"]}}],"collection":[{"href":"https:\/\/denverzoo.org\/es\/wp-json\/wp\/v2\/pages"}],"about":[{"href":"https:\/\/denverzoo.org\/es\/wp-json\/wp\/v2\/types\/page"}],"author":[{"embeddable":true,"href":"https:\/\/denverzoo.org\/es\/wp-json\/wp\/v2\/users\/82"}],"replies":[{"embeddable":true,"href":"https:\/\/denverzoo.org\/es\/wp-json\/wp\/v2\/comments?post=35379"}],"version-history":[{"count":0,"href":"https:\/\/denverzoo.org\/es\/wp-json\/wp\/v2\/pages\/35379\/revisions"}],"wp:featuredmedia":[{"embeddable":true,"href":"https:\/\/denverzoo.org\/es\/wp-json\/wp\/v2\/media\/35381"}],"wp:attachment":[{"href":"https:\/\/denverzoo.org\/es\/wp-json\/wp\/v2\/media?parent=35379"}],"curies":[{"name":"gracias","href":"https:\/\/api.w.org\/{rel}","templated":true}]}}