{"id":36348,"date":"2024-05-19T21:46:51","date_gmt":"2024-05-20T03:46:51","guid":{"rendered":"https:\/\/denverzoo.org\/?page_id=36348"},"modified":"2024-07-03T10:31:08","modified_gmt":"2024-07-03T16:31:08","slug":"newsroom","status":"publish","type":"page","link":"https:\/\/denverzoo.org\/es\/newsroom\/","title":{"rendered":"Sala de redacci\u00f3n"},"content":{"rendered":"<div  class='lhl-section urbi-component urbi-component front_view lhl_spacing_t_09 lhl_spacing_b_09 lhl_spacing_l_00 lhl_spacing_r_00 section-background-3' ><div class=\"urbi-component-inner\">\n    <div class=\"is-layout-constrained\">\n\n<h2 class=\"wp-block-heading wp-embed-aspect-16-9 wp-has-aspect-ratio\">Noticias destacadas<\/h2>\n\n\n\n\n<div  class='urbi-featured-news-items urbi-component urbi-component front_view lhl_comp_width_inherit lhl_spacing_t_00 lhl_spacing_b_00 lhl_spacing_l_00 lhl_spacing_r_00 section-background-t' ><div class=\"urbi-component-inner\">\n    <div class=\"uk-grid-match\" uk-grid>\n                    <div class=\"urbi-featured-news__item uk-width-1-3@m\">\n                \n<div class=\"urbi-card urbi-card--shadow-3 urbi-card--featured urbi-card--has_cta\">\n    <div class=\"uk-card-media-top urbi-card--img\">\n\n                            <img loading=\"lazy\" decoding=\"async\" width=\"398\" height=\"239\" src=\"https:\/\/denverzoo.org\/wp-content\/uploads\/2026\/04\/20250824-Giraffe-Thorn-017-Johnson-398x239.jpg\" class=\"urbi-img urbi-featured-homme-img\" alt=\"\" srcset=\"https:\/\/denverzoo.org\/wp-content\/uploads\/2026\/04\/20250824-Giraffe-Thorn-017-Johnson-398x239.jpg 398w, https:\/\/denverzoo.org\/wp-content\/uploads\/2026\/04\/20250824-Giraffe-Thorn-017-Johnson-50x31.jpg 50w, https:\/\/denverzoo.org\/wp-content\/uploads\/2026\/04\/20250824-Giraffe-Thorn-017-Johnson-18x12.jpg 18w\" sizes=\"auto, (max-width: 398px) 100vw, 398px\" \/>                \n    <\/div>\n    <div class=\"urbi-card--txt\">\n        <div class=\"urbi-card__date-meta\">\n            10 de abril de 2026        <\/div>\n        <h3 class=\"urbi-card__title\">\n            Grandes movimientos para la manada        <\/h3>\n        <div class=\"urbi-card__description\">\n            La Alianza para la Conservaci\u00f3n del Zool\u00f3gico de Denver (DZCA) y el Zool\u00f3gico de Cheyenne Mountain (CMZoo) se complacen en compartir varios cambios en tres especies de jirafas reticuladas en peligro de extinci\u00f3n\u2026        <\/div>\n                    <a class=\"urbi-link urbi-card__cta lhl_button lhl_button_type_solid lhl_button_color_ctalink lhl_button_width_default\" href=\"https:\/\/denverzoo.org\/es\/zootales\/big-moves-for-the-herd\/\" target=\"_self\" rel=\"noopener noreferrer\" title=\"Lee mas\" aria-label=\"Lee mas\" >Lee mas<\/a>            <\/div>\n<\/div>            <\/div>\n                    <div class=\"urbi-featured-news__item uk-width-1-3@m\">\n                \n<div class=\"urbi-card urbi-card--shadow-3 urbi-card--featured urbi-card--has_cta\">\n    <div class=\"uk-card-media-top urbi-card--img\">\n\n                            <img loading=\"lazy\" decoding=\"async\" width=\"398\" height=\"239\" src=\"https:\/\/denverzoo.org\/wp-content\/uploads\/2026\/03\/6103556780393397743-398x239.jpg\" class=\"urbi-img urbi-featured-homme-img\" alt=\"\" \/>                \n    <\/div>\n    <div class=\"urbi-card--txt\">\n        <div class=\"urbi-card__date-meta\">\n            27 de marzo de 2026        <\/div>\n        <h3 class=\"urbi-card__title\">\n            DZCA ayuda a rescatar una serpiente venenosa encontrada en una maleta despu\u00e9s de\u2026        <\/h3>\n        <div class=\"urbi-card__description\">\n            Expertos de DZCA, CPW y Scales &#039;N Tails intervinieron para rescatar y reubicar a una serpiente venenosa descubierta inesperadamente tras un viaje a Costa Rica, asegurando\u2026        <\/div>\n                    <a class=\"urbi-link urbi-card__cta lhl_button lhl_button_type_solid lhl_button_color_ctalink lhl_button_width_default\" href=\"https:\/\/denverzoo.org\/es\/zootales\/dzca-helps-rescue-venomous-snake-found-in-suitcase-after-vacation\/\" target=\"_self\" rel=\"noopener noreferrer\" title=\"Lee mas\" aria-label=\"Lee mas\" >Lee mas<\/a>            <\/div>\n<\/div>            <\/div>\n                    <div class=\"urbi-featured-news__item uk-width-1-3@m\">\n                \n<div class=\"urbi-card urbi-card--shadow-3 urbi-card--featured urbi-card--has_cta\">\n    <div class=\"uk-card-media-top urbi-card--img\">\n\n                            <img loading=\"lazy\" decoding=\"async\" width=\"398\" height=\"239\" src=\"https:\/\/denverzoo.org\/wp-content\/uploads\/2026\/03\/Untitled-design-398x239.png\" class=\"urbi-img urbi-featured-homme-img\" alt=\"\" srcset=\"https:\/\/denverzoo.org\/wp-content\/uploads\/2026\/03\/Untitled-design-398x239.png 398w, https:\/\/denverzoo.org\/wp-content\/uploads\/2026\/03\/Untitled-design-18x10.png 18w\" sizes=\"auto, (max-width: 398px) 100vw, 398px\" \/>                \n    <\/div>\n    <div class=\"urbi-card--txt\">\n        <div class=\"urbi-card__date-meta\">\n            26 de marzo de 2026        <\/div>\n        <h3 class=\"urbi-card__title\">\n            Nuestra familia de orangutanes de Sumatra est\u00e1 creciendo.        <\/h3>\n        <div class=\"urbi-card__description\">\n            Hesty, una orangutana de Sumatra de 15 a\u00f1os en peligro cr\u00edtico de extinci\u00f3n nacida en el DZCA, \u00a1est\u00e1 embarazada de su primer hijo!        <\/div>\n                    <a class=\"urbi-link urbi-card__cta lhl_button lhl_button_type_solid lhl_button_color_ctalink lhl_button_width_default\" href=\"https:\/\/denverzoo.org\/es\/zootales\/our-sumatran-orangutan-family-is-growing\/\" target=\"_self\" rel=\"noopener noreferrer\" title=\"Lee mas\" aria-label=\"Lee mas\" >Lee mas<\/a>            <\/div>\n<\/div>            <\/div>\n            <\/div>\n<\/div>\n<\/div>\n<\/div>\n\n<\/div>\n<\/div>\n\n\n\n\n<div  class='lhl-section urbi-component urbi-component front_view lhl_comp_width_inherit lhl_spacing_t_09 lhl_spacing_b_09 lhl_spacing_l_00 lhl_spacing_r_00 section-background-t urbi-component-bg--white' ><div class=\"urbi-component-inner\">\n    <div class=\"is-layout-constrained\">\n\n<div  class='lhl-headline urbi-component urbi-component front_view lhl_comp_width_inherit lhl_spacing_t_00 lhl_spacing_b_00 lhl_spacing_l_00 lhl_spacing_r_00 section-background-t' >\n<div class=\"urbi-component-inner\">\n    <div class=\"uk-grid-match uk-grid\" uk-grid>\n\n        <div class=\"uk-width-expand@m\">\n            <div class=\"hl-title\">\n                <h2 class=\"\"> V\u00eddeos de DZTV<\/h2>                            <\/div>\n        <\/div>\n        <div class=\"uk-width-auto@m hl-link-container uk-grid-item-match\">\n            <a class=\"urbi-link urbi-card__cta lhl_button lhl_button_type_solid lhl_button_color_ctalink lhl_button_width_default\" href=\"https:\/\/denverzoo.org\/es\/experience\/a-daily-demo\/\" target=\"_self\" rel=\"noopener noreferrer\" >Ver m\u00e1s<\/a>        <\/div>\n    <\/div>\n<\/div>\n\n<\/div>\n\n\n<div class=\"wp-block-columns wp-embed-aspect-16-9 wp-has-aspect-ratio is-layout-flex wp-container-core-columns-is-layout-28f84493 wp-block-columns-is-layout-flex\">\n<div class=\"wp-block-column is-layout-flow wp-block-column-is-layout-flow\" style=\"flex-basis:66.33%\">\n<figure class=\"wp-block-embed is-type-video is-provider-youtube wp-block-embed-youtube wp-embed-aspect-16-9 wp-has-aspect-ratio\"><div class=\"wp-block-embed__wrapper\">\n<iframe loading=\"lazy\" title=\"Alianza para la Conservaci\u00f3n del Zool\u00f3gico de Denver: nuevo nombre. Misi\u00f3n eterna.\" width=\"640\" height=\"360\" src=\"https:\/\/www.youtube.com\/embed\/j2-s_KkWw3A?feature=oembed\" frameborder=\"0\" allow=\"accelerometer; autoplay; clipboard-write; encrypted-media; gyroscope; picture-in-picture; web-share\" referrerpolicy=\"strict-origin-when-cross-origin\" allowfullscreen><\/iframe>\n<\/div><\/figure>\n<\/div>\n\n\n\n<div class=\"wp-block-column is-layout-flow wp-block-column-is-layout-flow\">\n<figure class=\"wp-block-embed is-type-video is-provider-youtube wp-block-embed-youtube wp-embed-aspect-16-9 wp-has-aspect-ratio\"><div class=\"wp-block-embed__wrapper\">\n<iframe loading=\"lazy\" title=\"Ultrasonido de sapo boreal\" width=\"640\" height=\"360\" src=\"https:\/\/www.youtube.com\/embed\/80PCfUpX5Qg?feature=oembed\" frameborder=\"0\" allow=\"accelerometer; autoplay; clipboard-write; encrypted-media; gyroscope; picture-in-picture; web-share\" referrerpolicy=\"strict-origin-when-cross-origin\" allowfullscreen><\/iframe>\n<\/div><\/figure>\n\n\n\n<figure class=\"wp-block-embed is-type-video is-provider-youtube wp-block-embed-youtube wp-embed-aspect-16-9 wp-has-aspect-ratio\"><div class=\"wp-block-embed__wrapper\">\n<iframe loading=\"lazy\" title=\"Celebrando 125 a\u00f1os de amor en el Zool\u00f3gico de Denver\" width=\"640\" height=\"360\" src=\"https:\/\/www.youtube.com\/embed\/jAK3fh3gv14?feature=oembed\" frameborder=\"0\" allow=\"accelerometer; autoplay; clipboard-write; encrypted-media; gyroscope; picture-in-picture; web-share\" referrerpolicy=\"strict-origin-when-cross-origin\" allowfullscreen><\/iframe>\n<\/div><\/figure>\n<\/div>\n<\/div>\n\n<\/div>\n\n<\/div>\n<\/div>\n\n\n\n\n<div  class='lhl-section urbi-component urbi-component front_view lhl_comp_width_inherit lhl_spacing_t_09 lhl_spacing_b_09 lhl_spacing_l_00 lhl_spacing_r_00 section-background-t urbi-component-bg--light-gray' ><div class=\"urbi-component-inner\">\n    <div class=\"is-layout-constrained\">\n\n<h3 class=\"wp-block-heading\"><strong>Consultas de medios<\/strong><\/h3>\n\n\n\n<p>Explore nuestro centro de medios para contactos de prensa, los \u00faltimos comunicados de prensa, pol\u00edticas de medios y m\u00e1s.<\/p>\n\n\n    \r\n    \r\n    <div class='urbi_button_link'><a class=\"urbi-link lhl_button lhl_button--small lhl_button_color_default lhl_button_width_default lhl_button--block\" href=\"\/es\/media-room\/\" target=\"\" rel=\"noopener noreferrer\" >Medios y prensa<\/a><\/div>\n<\/div>\n\n<\/div>\n<\/div>\n\n\n\n\n<div  class='lhl-section urbi-component urbi-component front_view lhl_comp_width_inherit lhl_spacing_t_00 lhl_spacing_b_00 lhl_spacing_l_00 lhl_spacing_r_00 section-background-t home-social-section' ><div class=\"urbi-component-inner\">\n    <div class=\"is-layout-constrained\">\n\t\t<div id=\"sbi_mod_error\" >\n\t\t\t<span>Este mensaje de error solo es visible para los administradores de WordPress<\/span><br\/>\n\t\t\t<p><strong>Error: No hay cuenta conectada.<\/strong>\n\t\t\t<p>Por favor, ve a la p\u00e1gina de configuraci\u00f3n del feed de Instagram para conectar una cuenta.<\/p>\n\t\t<\/div>\n\t\t\n\n<\/div>\n\n<\/div>\n<\/div>","protected":false},"excerpt":{"rendered":"","protected":false},"author":98,"featured_media":2796,"parent":0,"menu_order":0,"comment_status":"closed","ping_status":"closed","template":"","meta":{"_acf_changed":true,"_relevanssi_hide_post":"","_relevanssi_hide_content":"","_relevanssi_pin_for_all":"","_relevanssi_pin_keywords":"","_relevanssi_unpin_keywords":"","_relevanssi_related_keywords":"","_relevanssi_related_include_ids":"","_relevanssi_related_exclude_ids":"","_relevanssi_related_no_append":"","_relevanssi_related_not_related":"","_relevanssi_related_posts":"116,121,123,538,1202,1775","_relevanssi_noindex_reason":"","footnotes":""},"class_list":["post-36348","page","type-page","status-publish","has-post-thumbnail","hentry"],"acf":[],"_links":{"self":[{"href":"https:\/\/denverzoo.org\/es\/wp-json\/wp\/v2\/pages\/36348","targetHints":{"allow":["GET"]}}],"collection":[{"href":"https:\/\/denverzoo.org\/es\/wp-json\/wp\/v2\/pages"}],"about":[{"href":"https:\/\/denverzoo.org\/es\/wp-json\/wp\/v2\/types\/page"}],"author":[{"embeddable":true,"href":"https:\/\/denverzoo.org\/es\/wp-json\/wp\/v2\/users\/98"}],"replies":[{"embeddable":true,"href":"https:\/\/denverzoo.org\/es\/wp-json\/wp\/v2\/comments?post=36348"}],"version-history":[{"count":0,"href":"https:\/\/denverzoo.org\/es\/wp-json\/wp\/v2\/pages\/36348\/revisions"}],"wp:featuredmedia":[{"embeddable":true,"href":"https:\/\/denverzoo.org\/es\/wp-json\/wp\/v2\/media\/2796"}],"wp:attachment":[{"href":"https:\/\/denverzoo.org\/es\/wp-json\/wp\/v2\/media?parent=36348"}],"curies":[{"name":"gracias","href":"https:\/\/api.w.org\/{rel}","templated":true}]}}