{"id":36383,"date":"2024-05-21T10:56:54","date_gmt":"2024-05-21T16:56:54","guid":{"rendered":"https:\/\/denverzoo.org\/?page_id=36383"},"modified":"2024-06-10T17:12:16","modified_gmt":"2024-06-10T23:12:16","slug":"school-field-trips-programs","status":"publish","type":"page","link":"https:\/\/denverzoo.org\/es\/school-field-trips-programs\/","title":{"rendered":"Programas y excursiones escolares"},"content":{"rendered":"<div  class='lhl-section urbi-component urbi-component front_view lhl_comp_width_inherit lhl_spacing_t_10 lhl_spacing_b_09 lhl_spacing_l_00 lhl_spacing_r_00 section-background-t urbi-component-bg--light-gray' ><div class=\"urbi-component-inner\">\n    <div class=\"is-layout-constrained\">\n\n<p class=\"has-text-align-center\" style=\"padding-top:var(--wp--preset--spacing--60);padding-right:var(--wp--preset--spacing--70);padding-bottom:var(--wp--preset--spacing--60);padding-left:var(--wp--preset--spacing--70)\">La mayor\u00eda de los programas de aprendizaje facilitado ser\u00e1n GRATUITOS para las escuelas en 2024, y esto ser\u00e1 posible gracias a generosas donaciones al Fondo de Becas Access to Awe del Zool\u00f3gico de Denver. Consulte a continuaci\u00f3n para obtener m\u00e1s informaci\u00f3n sobre las ofertas y recursos de nuestros programas.<\/p>\n\n\n\r\n\r\n\r\n<div  class='lhl-three-card-block urbi-component urbi-component front_view lhl_comp_width_inherit lhl_spacing_t_06 lhl_spacing_b_09 lhl_spacing_l_00 lhl_spacing_r_00 section-background-t' ><div class=\"urbi-component-inner\">\r\n    <div class=\"uk-child-width-expand@s uk-grid-match\" uk-grid>\r\n\r\n                        <div class='three_by_one__item uk-width-1-1 uk-width-1-3@m'>\r\n                    <div class='three_by_one__item-inner'>\r\n\r\n                        \n<div class=\"urbi-card urbi-card--shadow-3 urbi-card--featured urbi-card--has_cta\">\n    <div class=\"uk-card-media-top urbi-card--img\">\n\n                                    <img loading=\"lazy\" decoding=\"async\" width=\"398\" height=\"239\" src=\"https:\/\/denverzoo.org\/wp-content\/uploads\/2021\/09\/SecretScienceDays_13_MKT_GREULICH_19-398x239.jpg\" class=\"urbi-img urbi-featured-homme-img\" alt=\"\" \/>                    \n    <\/div>\n    <div class=\"urbi-card--txt\">\n        <div class=\"urbi-card__date-meta\">\n                    <\/div>\n        <h3 class=\"urbi-card__title\">\n            Aprende en el zool\u00f3gico        <\/h3>\n        <div class=\"urbi-card__description\">\n            Vea nuestras ofertas de experiencias realizadas en el Zool\u00f3gico de Denver y c\u00f3mo un programa gratuito puede mejorar su excursi\u00f3n al Zool\u00f3gico.        <\/div>\n            <\/div>\n<\/div>                    <\/div>\r\n                <\/div>\r\n                        <div class='three_by_one__item uk-width-1-1 uk-width-1-3@m'>\r\n                    <div class='three_by_one__item-inner'>\r\n\r\n                        \n<div class=\"urbi-card urbi-card--shadow-3 urbi-card--featured urbi-card--has_cta\">\n    <div class=\"uk-card-media-top urbi-card--img\">\n\n                                    <img loading=\"lazy\" decoding=\"async\" width=\"398\" height=\"239\" src=\"https:\/\/denverzoo.org\/wp-content\/uploads\/2023\/08\/AnimalAcademyToyou-398x239.png\" class=\"urbi-img urbi-featured-homme-img\" alt=\"\" \/>                    \n    <\/div>\n    <div class=\"urbi-card--txt\">\n        <div class=\"urbi-card__date-meta\">\n            Zoo to You        <\/div>\n        <h3 class=\"urbi-card__title\">\n                    <\/h3>\n        <div class=\"urbi-card__description\">\n            Nuestros programas \u201cZoo to You\u201d brindan experiencias SALVAJES de aprendizaje en la escuela facilitadas por Educadores del Zool\u00f3gico de Denver.        <\/div>\n            <\/div>\n<\/div>                    <\/div>\r\n                <\/div>\r\n                        <div class='three_by_one__item uk-width-1-1 uk-width-1-3@m'>\r\n                    <div class='three_by_one__item-inner'>\r\n\r\n                        \n<div class=\"urbi-card urbi-card--shadow-3 urbi-card--featured urbi-card--has_cta\">\n    <div class=\"uk-card-media-top urbi-card--img\">\n\n                                    <img loading=\"lazy\" decoding=\"async\" width=\"398\" height=\"239\" src=\"https:\/\/denverzoo.org\/wp-content\/uploads\/2023\/08\/AnimalAcademyToyou-398x239.png\" class=\"urbi-img urbi-featured-homme-img\" alt=\"\" \/>                    \n    <\/div>\n    <div class=\"urbi-card--txt\">\n        <div class=\"urbi-card__date-meta\">\n                    <\/div>\n        <h3 class=\"urbi-card__title\">\n            Recursos        <\/h3>\n        <div class=\"urbi-card__description\">\n            Actividades cient\u00edficas y preguntas frecuentes sobre carreras para fan\u00e1ticos curiosos de las criaturas: aprenda con el Zool\u00f3gico de Denver desde cualquier lugar con recursos gratuitos a su alcance.        <\/div>\n            <\/div>\n<\/div>                    <\/div>\r\n                <\/div>\r\n            <\/div>\r\n<\/div>\r\n<\/div>\n<\/div>\n\n<\/div>\n<\/div>","protected":false},"excerpt":{"rendered":"","protected":false},"author":98,"featured_media":2265,"parent":0,"menu_order":0,"comment_status":"closed","ping_status":"closed","template":"","meta":{"_acf_changed":true,"_relevanssi_hide_post":"","_relevanssi_hide_content":"","_relevanssi_pin_for_all":"","_relevanssi_pin_keywords":"","_relevanssi_unpin_keywords":"","_relevanssi_related_keywords":"","_relevanssi_related_include_ids":"","_relevanssi_related_exclude_ids":"","_relevanssi_related_no_append":"","_relevanssi_related_not_related":"","_relevanssi_related_posts":"","_relevanssi_noindex_reason":"","footnotes":""},"class_list":["post-36383","page","type-page","status-publish","has-post-thumbnail","hentry"],"acf":[],"_links":{"self":[{"href":"https:\/\/denverzoo.org\/es\/wp-json\/wp\/v2\/pages\/36383","targetHints":{"allow":["GET"]}}],"collection":[{"href":"https:\/\/denverzoo.org\/es\/wp-json\/wp\/v2\/pages"}],"about":[{"href":"https:\/\/denverzoo.org\/es\/wp-json\/wp\/v2\/types\/page"}],"author":[{"embeddable":true,"href":"https:\/\/denverzoo.org\/es\/wp-json\/wp\/v2\/users\/98"}],"replies":[{"embeddable":true,"href":"https:\/\/denverzoo.org\/es\/wp-json\/wp\/v2\/comments?post=36383"}],"version-history":[{"count":0,"href":"https:\/\/denverzoo.org\/es\/wp-json\/wp\/v2\/pages\/36383\/revisions"}],"wp:featuredmedia":[{"embeddable":true,"href":"https:\/\/denverzoo.org\/es\/wp-json\/wp\/v2\/media\/2265"}],"wp:attachment":[{"href":"https:\/\/denverzoo.org\/es\/wp-json\/wp\/v2\/media?parent=36383"}],"curies":[{"name":"gracias","href":"https:\/\/api.w.org\/{rel}","templated":true}]}}