{"id":3647,"date":"2018-09-12T21:41:30","date_gmt":"2018-09-12T21:41:30","guid":{"rendered":"https:\/\/denverzootemp.org\/childrens-activity-maps-2\/"},"modified":"2022-10-24T10:49:48","modified_gmt":"2022-10-24T16:49:48","slug":"student-career-resources","status":"publish","type":"page","link":"https:\/\/denverzoo.org\/es\/student-career-resources\/","title":{"rendered":"Recursos de carrera para estudiantes"},"content":{"rendered":"<a href=\"\/es\/careers-in-veterinary-medicine\/\" target=\"_self\" itemprop=\"url\" rel=\"noopener\">\n\t\t\t\t<img loading=\"lazy\" decoding=\"async\" src=\"https:\/\/denverzoo.org\/wp-content\/uploads\/2018\/09\/career-info-vet_thumbnail.jpg\" alt=\"denver zoo vet doing procedure on snake\" itemprop=\"image\" height=\"400\" width=\"400\" title=\"miniatura de informaci\u00f3n de carrera veterinaria\" onerror=\"this.style.display='none'\"  \/>\n\t\t\t\t<\/a>\n<h2><a href=\"\/es\/careers-in-veterinary-medicine\/\" target=\"_self\" rel=\"noopener\">Carreras en Medicina Veterinaria<\/a><\/h2>\t\t\n\t\t\t<p>Preguntas frecuentes sobre carreras en medicina veterinaria.<\/p>\n\t\t\t\t<a href=\"\/es\/careers-in-conservation-biology\/\" target=\"_self\" itemprop=\"url\" rel=\"noopener\">\n\t\t\t\t<img loading=\"lazy\" decoding=\"async\" src=\"https:\/\/denverzoo.org\/wp-content\/uploads\/2018\/09\/conservation-biology-button.jpg\" alt=\"Biologist in scuba gear holding Lake Titicaca frog\" itemprop=\"image\" height=\"400\" width=\"400\" title=\"boton-biologia-conservacion\" onerror=\"this.style.display='none'\"  \/>\n\t\t\t\t<\/a>\n<h2><a href=\"\/es\/careers-in-conservation-biology\/\" target=\"_self\" rel=\"noopener\">Carreras en biolog\u00eda de la conservaci\u00f3n<\/a><\/h2>\t\t\n\t\t\t<p>Preguntas frecuentes sobre carreras en biolog\u00eda de la conservaci\u00f3n.<\/p>\n\t\t\t\t<a href=\"\/es\/careers-in-zookeeping\/\" target=\"_self\" itemprop=\"url\" rel=\"noopener\">\n\t\t\t\t<img loading=\"lazy\" decoding=\"async\" src=\"https:\/\/denverzoo.org\/wp-content\/uploads\/2018\/09\/keeper-button.jpg\" alt=\"Keeper checking up on pregnant sloth\" itemprop=\"image\" height=\"400\" width=\"400\" title=\"bot\u00f3n de portero\" onerror=\"this.style.display='none'\"  \/>\n\t\t\t\t<\/a>\n<h2><a href=\"\/es\/careers-in-zookeeping\/\" target=\"_self\" rel=\"noopener\">Carreras en zool\u00f3gico<\/a><\/h2>\t\t\n\t\t\t\n\t\t<h2>Entrevista al entrenador de animales<\/h2>\n\t\t<p>Obtenga m\u00e1s informaci\u00f3n sobre c\u00f3mo ser un adiestrador de animales.<\/p>\n\t\t\t<a href=\"\/es\/animal-trainer-interview\/\" target=\"_self\" role=\"button\" rel=\"noopener\">\n\t\t\t\t\t\t\tAprende m\u00e1s\n\t\t\t\t\t<\/a>\n<h2>\n\t\tEntrevista al cuidador de aves\n\t<\/h2>\n\t\n\t\t\t<a href=\"\/es\/bird-keeper-interview\/\" target=\"_self\" role=\"button\" rel=\"noopener\">\n\t\t\t\t\t\t\tAprende m\u00e1s\n\t\t\t\t\t<\/a>\n<h2>\n\t\tEntrevista al guardi\u00e1n de reptiles\n\t<\/h2>\n\t\n\t\t\t<a href=\"\/es\/reptile-keeper-interview\/\" target=\"_self\" role=\"button\" rel=\"noopener\">\n\t\t\t\t\t\t\tAprende m\u00e1s\n\t\t\t\t\t<\/a>\n<h2>\n\t\tEntrevista al guardi\u00e1n de depredadores\n\t<\/h2>\n\t\n\t\t\t<a href=\"\/es\/predator-keeper-interview\/\" target=\"_self\" role=\"button\" rel=\"noopener\">\n\t\t\t\t\t\t\tAprende m\u00e1s\n\t\t\t\t\t<\/a>\n\t[VIDEO-POPUP]\n\t\t<h3>Enriquecimiento animal<\/h3>\n\t\t<p>Vea c\u00f3mo el Zool\u00f3gico de Denver mantiene a sus animales mental y f\u00edsicamente estimulados y aprenda por qu\u00e9 es importante.<\/p>\n\t\t\t<a href=\"https:\/\/www.youtube.com\/watch?v=vLAkVkiMM0c\" target=\"_blank\" role=\"button\" rel=\"noopener\">\n\t\t\t\t\t\t\tVer video\n\t\t\t\t\t<\/a>\n\t\t<h2>La ciencia en el cuidado de los animales<\/h2>\n\t\t<p>El zool\u00f3gico de Denver se enorgullece de asociarse con National Jewish Health. En este video, discutimos c\u00f3mo esto beneficia a nuestro orangut\u00e1n, Junie.<\/p>\n\t\t\t<a href=\"https:\/\/www.youtube.com\/watch?v=8RdR1idAOoM\" target=\"_blank\" role=\"button\" rel=\"noopener\">\n\t\t\t\t\t\t\tVer video\n\t\t\t\t\t<\/a>\n\t[VIDEO-POPUP] [VIDEO-POPUP]\n\t\t<h3>Entrevista con un experto en dise\u00f1o y cuidado de animales<\/h3>\n\t\t<p>Escuche a Brian Aucone, vicepresidente s\u00e9nior de cuidado de animales del Zool\u00f3gico de Denver.<\/p>\n\t\t\t<a href=\"https:\/\/www.youtube.com\/watch?v=QgU5KPP1_6c\" target=\"_blank\" role=\"button\" rel=\"noopener\">\n\t\t\t\t\t\t\tVer video\n\t\t\t\t\t<\/a>","protected":false},"excerpt":{"rendered":"","protected":false},"author":40,"featured_media":0,"parent":0,"menu_order":0,"comment_status":"closed","ping_status":"closed","template":"","meta":{"_acf_changed":false,"_relevanssi_hide_post":"","_relevanssi_hide_content":"","_relevanssi_pin_for_all":"","_relevanssi_pin_keywords":"","_relevanssi_unpin_keywords":"","_relevanssi_related_keywords":"","_relevanssi_related_include_ids":"","_relevanssi_related_exclude_ids":"","_relevanssi_related_no_append":"","_relevanssi_related_not_related":"","_relevanssi_related_posts":"","_relevanssi_noindex_reason":"","footnotes":""},"class_list":["post-3647","page","type-page","status-publish","hentry"],"acf":[],"_links":{"self":[{"href":"https:\/\/denverzoo.org\/es\/wp-json\/wp\/v2\/pages\/3647","targetHints":{"allow":["GET"]}}],"collection":[{"href":"https:\/\/denverzoo.org\/es\/wp-json\/wp\/v2\/pages"}],"about":[{"href":"https:\/\/denverzoo.org\/es\/wp-json\/wp\/v2\/types\/page"}],"author":[{"embeddable":true,"href":"https:\/\/denverzoo.org\/es\/wp-json\/wp\/v2\/users\/40"}],"replies":[{"embeddable":true,"href":"https:\/\/denverzoo.org\/es\/wp-json\/wp\/v2\/comments?post=3647"}],"version-history":[{"count":0,"href":"https:\/\/denverzoo.org\/es\/wp-json\/wp\/v2\/pages\/3647\/revisions"}],"wp:attachment":[{"href":"https:\/\/denverzoo.org\/es\/wp-json\/wp\/v2\/media?parent=3647"}],"curies":[{"name":"gracias","href":"https:\/\/api.w.org\/{rel}","templated":true}]}}