{"id":36525,"date":"2024-06-14T11:50:22","date_gmt":"2024-06-14T17:50:22","guid":{"rendered":"https:\/\/denverzoo.org\/?page_id=36525"},"modified":"2025-05-21T16:24:13","modified_gmt":"2025-05-21T22:24:13","slug":"schoolprograms","status":"publish","type":"page","link":"https:\/\/denverzoo.org\/es\/schoolprograms\/","title":{"rendered":"Excursiones escolares + programas"},"content":{"rendered":"<div  class='lhl-section urbi-component urbi-component front_view lhl_comp_width_inherit lhl_spacing_t_10 lhl_spacing_b_09 lhl_spacing_l_00 lhl_spacing_r_00 section-background-t urbi-component-bg--light-gray' ><div class=\"urbi-component-inner\">\n    <div class=\"is-layout-constrained\">\n\n\n\n<div  class='lhl-section urbi-component urbi-component front_view lhl_comp_width_inherit lhl_spacing_t_09 lhl_spacing_b_09 lhl_spacing_l_00 lhl_spacing_r_00 section-background-t' ><div class=\"urbi-component-inner\">\n    <div class=\"is-layout-constrained\">\n\n<p class=\"has-text-align-center\">La Alianza para la Conservaci\u00f3n del Zool\u00f3gico de Denver ofrece opciones de aprendizaje y participaci\u00f3n en el zool\u00f3gico o en el aula. Consulte a continuaci\u00f3n para obtener m\u00e1s informaci\u00f3n sobre nuestros programas y recursos. Algunos programas del a\u00f1o escolar pueden ser elegibles para becas, posibles gracias a las generosas donaciones a nuestro Fondo de Becas Access to Awe.<\/p>\n\n\n\n<p><\/p>\n\n<\/div>\n\n<\/div>\n<\/div>\n\n\r\n\r\n\r\n<div  class='lhl-three-card-block urbi-component urbi-component front_view lhl_comp_width_inherit lhl_spacing_t_06 lhl_spacing_b_09 lhl_spacing_l_00 lhl_spacing_r_00 section-background-t' ><div class=\"urbi-component-inner\">\r\n    <div class=\"uk-child-width-expand@s uk-grid-match\" uk-grid>\r\n\r\n                        <div class='three_by_one__item uk-width-1-1 uk-width-1-3@m'>\r\n                    <div class='three_by_one__item-inner'>\r\n\r\n                        \n<div class=\"urbi-card urbi-card--shadow-3 urbi-card--featured urbi-card--has_cta\">\n    <div class=\"uk-card-media-top urbi-card--img\">\n\n        <a class=\"urbi-link\" href=\"\/es\/conservation-challenge\/\" target=\"_self\" rel=\"noopener noreferrer\" aria-label=\"Aprende m\u00e1s\" >                            <img loading=\"lazy\" decoding=\"async\" width=\"398\" height=\"239\" src=\"https:\/\/denverzoo.org\/wp-content\/uploads\/2021\/09\/SecretScienceDays_13_MKT_GREULICH_19-398x239.jpg\" class=\"urbi-img urbi-featured-homme-img\" alt=\"\" \/>                    <\/a>\n    <\/div>\n    <div class=\"urbi-card--txt\">\n        <div class=\"urbi-card__date-meta\">\n                    <\/div>\n        <h3 class=\"urbi-card__title\">\n            Aprende en el zool\u00f3gico        <\/h3>\n        <div class=\"urbi-card__description\">\n            Vea nuestras ofertas de experiencias en el Zool\u00f3gico, \u00a1la mayor\u00eda de las cuales son GRATIS durante el a\u00f1o escolar tradicional!        <\/div>\n                    <a class=\"urbi-link urbi-card__cta lhl_button lhl_button_type_solid lhl_button_color_default lhl_button_width_default\" href=\"\/es\/conservation-challenge\/\" target=\"_self\" rel=\"noopener noreferrer\" title=\"Aprende m\u00e1s\" aria-label=\"Aprende m\u00e1s\" >Aprende m\u00e1s<\/a>            <\/div>\n<\/div>                    <\/div>\r\n                <\/div>\r\n                        <div class='three_by_one__item uk-width-1-1 uk-width-1-3@m'>\r\n                    <div class='three_by_one__item-inner'>\r\n\r\n                        \n<div class=\"urbi-card urbi-card--shadow-3 urbi-card--featured urbi-card--has_cta\">\n    <div class=\"uk-card-media-top urbi-card--img\">\n\n        <a class=\"urbi-link\" href=\"\/es\/zoo-to-you\/\" target=\"_self\" rel=\"noopener noreferrer\" aria-label=\"Aprende m\u00e1s\" >                            <img loading=\"lazy\" decoding=\"async\" width=\"398\" height=\"239\" src=\"https:\/\/denverzoo.org\/wp-content\/uploads\/2023\/08\/AnimalAcademyToyou-398x239.png\" class=\"urbi-img urbi-featured-homme-img\" alt=\"\" \/>                    <\/a>\n    <\/div>\n    <div class=\"urbi-card--txt\">\n        <div class=\"urbi-card__date-meta\">\n                    <\/div>\n        <h3 class=\"urbi-card__title\">\n            Zoo to You        <\/h3>\n        <div class=\"urbi-card__description\">\n            Se ofrecen experiencias de aprendizaje enriquecedoras en la escuela durante el a\u00f1o escolar tradicional, que var\u00edan seg\u00fan el grado. \u00a1Podr\u00eda haber becas parciales disponibles!        <\/div>\n                    <a class=\"urbi-link urbi-card__cta lhl_button lhl_button_type_solid lhl_button_color_default lhl_button_width_default\" href=\"\/es\/zoo-to-you\/\" target=\"_self\" rel=\"noopener noreferrer\" title=\"Aprende m\u00e1s\" aria-label=\"Aprende m\u00e1s\" >Aprende m\u00e1s<\/a>            <\/div>\n<\/div>                    <\/div>\r\n                <\/div>\r\n                        <div class='three_by_one__item uk-width-1-1 uk-width-1-3@m'>\r\n                    <div class='three_by_one__item-inner'>\r\n\r\n                        \n<div class=\"urbi-card urbi-card--shadow-3 urbi-card--featured urbi-card--has_cta\">\n    <div class=\"uk-card-media-top urbi-card--img\">\n\n        <a class=\"urbi-link\" href=\"\/es\/teacher-resources\/\" target=\"_self\" rel=\"noopener noreferrer\" aria-label=\"Aprende m\u00e1s\" >                            <img loading=\"lazy\" decoding=\"async\" width=\"398\" height=\"239\" src=\"https:\/\/denverzoo.org\/wp-content\/uploads\/2018\/06\/Education_Hero-398x239.jpg\" class=\"urbi-img urbi-featured-homme-img\" alt=\"Girl learning about lizards at Denver Zoo\" \/>                    <\/a>\n    <\/div>\n    <div class=\"urbi-card--txt\">\n        <div class=\"urbi-card__date-meta\">\n                    <\/div>\n        <h3 class=\"urbi-card__title\">\n            Recursos        <\/h3>\n        <div class=\"urbi-card__description\">\n            Preguntas frecuentes sobre actividades cient\u00edficas y carreras profesionales para fan\u00e1ticos de las criaturas curiosas: aprenda con DZCA desde cualquier ubicaci\u00f3n con recursos gratuitos a su alcance.        <\/div>\n                    <a class=\"urbi-link urbi-card__cta lhl_button lhl_button_type_solid lhl_button_color_default lhl_button_width_default\" href=\"\/es\/teacher-resources\/\" target=\"_self\" rel=\"noopener noreferrer\" title=\"Aprende m\u00e1s\" aria-label=\"Aprende m\u00e1s\" >Aprende m\u00e1s<\/a>            <\/div>\n<\/div>                    <\/div>\r\n                <\/div>\r\n            <\/div>\r\n<\/div>\r\n<\/div>\n<\/div>\n\n<\/div>\n<\/div>","protected":false},"excerpt":{"rendered":"","protected":false},"author":100,"featured_media":2265,"parent":0,"menu_order":0,"comment_status":"closed","ping_status":"closed","template":"","meta":{"_acf_changed":false,"_relevanssi_hide_post":"","_relevanssi_hide_content":"","_relevanssi_pin_for_all":"","_relevanssi_pin_keywords":"","_relevanssi_unpin_keywords":"","_relevanssi_related_keywords":"","_relevanssi_related_include_ids":"","_relevanssi_related_exclude_ids":"","_relevanssi_related_no_append":"","_relevanssi_related_not_related":"","_relevanssi_related_posts":"33107,116,121,123,538,1202","_relevanssi_noindex_reason":"","footnotes":""},"class_list":["post-36525","page","type-page","status-publish","has-post-thumbnail","hentry"],"acf":[],"_links":{"self":[{"href":"https:\/\/denverzoo.org\/es\/wp-json\/wp\/v2\/pages\/36525","targetHints":{"allow":["GET"]}}],"collection":[{"href":"https:\/\/denverzoo.org\/es\/wp-json\/wp\/v2\/pages"}],"about":[{"href":"https:\/\/denverzoo.org\/es\/wp-json\/wp\/v2\/types\/page"}],"author":[{"embeddable":true,"href":"https:\/\/denverzoo.org\/es\/wp-json\/wp\/v2\/users\/100"}],"replies":[{"embeddable":true,"href":"https:\/\/denverzoo.org\/es\/wp-json\/wp\/v2\/comments?post=36525"}],"version-history":[{"count":0,"href":"https:\/\/denverzoo.org\/es\/wp-json\/wp\/v2\/pages\/36525\/revisions"}],"wp:featuredmedia":[{"embeddable":true,"href":"https:\/\/denverzoo.org\/es\/wp-json\/wp\/v2\/media\/2265"}],"wp:attachment":[{"href":"https:\/\/denverzoo.org\/es\/wp-json\/wp\/v2\/media?parent=36525"}],"curies":[{"name":"gracias","href":"https:\/\/api.w.org\/{rel}","templated":true}]}}