{"id":36739,"date":"2024-06-24T19:44:13","date_gmt":"2024-06-25T01:44:13","guid":{"rendered":"https:\/\/denverzoo.org\/?page_id=36739"},"modified":"2026-03-30T15:05:44","modified_gmt":"2026-03-30T21:05:44","slug":"zoo-pride","status":"publish","type":"page","link":"https:\/\/denverzoo.org\/es\/zoo-pride\/","title":{"rendered":"Zoo Pride"},"content":{"rendered":"<div  class='lhl-section urbi-component urbi-component front_view lhl_comp_width_inherit lhl_spacing_t_09 lhl_spacing_b_09 lhl_spacing_l_00 lhl_spacing_r_00 section-background-t' ><div class=\"urbi-component-inner\">\n    <div class=\"is-layout-constrained\">\n\n<h2 class=\"wp-block-heading has-text-align-center\">&nbsp;Sociedad de donaci\u00f3n del orgullo del zool\u00f3gico<\/h2>\n\n\n\n<p class=\"has-text-align-center\">Como organizaci\u00f3n de conservaci\u00f3n sin fines de lucro, Denver Zoo Conservation Alliance depende de la generosidad de nuestros donantes para ayudarnos a cuidar de los m\u00e1s de 2500 animales salvajes que viven aqu\u00ed y proteger a sus contrapartes en la naturaleza. Los apasionados fil\u00e1ntropos de Zoo Pride, nuestra sociedad de donantes de \u00e9lite, son esenciales para el trabajo que hacemos en Colorado y en todo el mundo. \u00a1Es por eso que consideramos un privilegio (y un placer) colmarlos de recompensas! Compare los niveles de beneficios a continuaci\u00f3n para ver d\u00f3nde encaja USTED en Zoo Pride.<\/p>\n\n\n    \r\n    \r\n    <div class='urbi_button_link uk-flex uk-flex-center uk-flex-middl'><a class=\"urbi-link lhl_button lhl_button--small lhl_button_color_default lhl_button_width_default lhl_button--block\" href=\"https:\/\/membership.denverzoo.org\/zoo-pride\" target=\"_blank\" rel=\"noopener noreferrer\" >\u00danete ahora<\/a><\/div>\n<\/div>\n\n<\/div>\n<\/div>\n\n\n\n\n<div  class='lhl-section urbi-component urbi-component front_view lhl_comp_width_narrow lhl_spacing_t_10 lhl_spacing_b_10 lhl_spacing_l_00 lhl_spacing_r_00 section-background-12 urbi-component-bg--navy-blue  bg-pattern-option5' ><div class=\"urbi-component-inner\">\n    <div class=\"is-layout-constrained\">\n\n<h2 class=\"wp-block-heading\">Membres\u00edas del orgullo del zool\u00f3gico<\/h2>\n\n\n\n\n\n<div  class='urbi\/pricing-tiles urbi-component urbi-component front_view lhl_spacing_t_09 lhl_spacing_b_05 lhl_spacing_l_00 lhl_spacing_r_00 section-background-t  urbi-card urbi-card--pricing-tiles' >\n<div class=\"urbi-component-inner\">\n    <!-- Admin & Desktop Grid View (hidden on mobile in frontend) -->\n    <div class=\"uk-visible@m\">\n        <div class=\"uk-grid uk-flex-center uk-grid-match uk-child-width-1-4@m\" uk-grid>\n            <div class=\"acf-innerblocks-container\">\n\n\n<div style=\"width: auto\">\n\n        <div  class='urbi\/pricing-tile urbi-component urbi-component front_view  urbi-card urbi-card--shadow-3 urbi-card--pricing-tile' >    <div class=\"urbi-component-inner\" role=\"article\" aria-label=\"Precio de membres\u00eda a partir de $1,200\">\n        <!-- Title and Price side by side with supertitle -->\n        <div class=\"urbi-card__header urbi-card__header--vertical uk-flex uk-flex-between uk-flex-middle\">\n                            <div class=\"urbi-card__supertitle urbi-card__supertitle--empty\" aria-hidden=\"true\"><\/div>\n                        \n            <h2 class=\"urbi-card__title\">A partir de $1,200<\/h2>\n            <div class=\"urbi-card__price\" aria-label=\"Precio: Membres\u00eda Sahara\">Membres\u00eda del S\u00e1hara<\/div>\n        <\/div>\n\n        <!-- Description -->\n        \n        <!-- Features List -->\n        <div class=\"urbi-card--pricing__features no-description\" role=\"list\" aria-label=\"Caracter\u00edsticas de la membres\u00eda\">\n            <div class=\"acf-innerblocks-container\">\n\n<p>Incluye membres\u00eda DZCA<\/p>\n\n\n\n<p>Invitados por visita: 8 <\/p>\n\n\n\n<p>Visitas guiadas entre bastidores en grupo (visita semiprivada para 2 personas): 1<\/p>\n\n\n\n<p>Entrada anticipada de miembros<\/p>\n\n\n\n<p>Eventos exclusivos para miembros de Zoo Pride (incluido el evento Mane)<\/p>\n\n\n\n<p>Entradas con acceso anticipado (incluidas Flock Party VIP + Zoo Lights)<\/p>\n\n\n\n<p>Conserje personal del zool\u00f3gico<\/p>\n\n\n\n<p>Vales Tren + Carrusel: 2<\/p>\n\n\n\n<p>Descuentos en alimentos y mercanc\u00edas<\/p>\n\n<\/div>\n        <\/div>\n\n        <!-- CTA Buttons at bottom -->\n        <div class=\"urbi-card__cta-buttons\">\n                        <div class=\"lhl-text-center\">\n                <a class=\"urbi-link lhl_button urbi-card--pricing-tile__button lhl_button_width--full_width lhl_button_type_solid lhl_button_width_default\" href=\"https:\/\/membership.denverzoo.org\/zoo-pride?f2btn=1%20\" target=\"_self\" rel=\"noopener noreferrer\" >\u00danase anualmente<\/a>            <\/div>\n                            <div class=\"lhl_mt_15 lhl-text-center\">\n                    <a class=\"urbi-link lhl_button urbi-card--pricing-tile__button lhl_button_width--full_width lhl_button_type_solid lhl_button_width_default\" href=\"https:\/\/membership.denverzoo.org\/zoo-pride-recurring-monthly\" target=\"_self\" rel=\"noopener noreferrer\" >\u00danase mensualmente<\/a>                <\/div>\n                    <\/div>\n    <\/div>\n    <\/div><\/div>\n\n\n\n<div style=\"width: auto\">\n\n        <div  class='urbi\/pricing-tile urbi-component urbi-component front_view  urbi-card urbi-card--shadow-3 urbi-card--pricing-tile' >    <div class=\"urbi-component-inner\" role=\"article\" aria-label=\"Precio de membres\u00eda a partir de $2,500\">\n        <!-- Title and Price side by side with supertitle -->\n        <div class=\"urbi-card__header urbi-card__header--vertical uk-flex uk-flex-between uk-flex-middle\">\n                            <div class=\"urbi-card__supertitle urbi-card__supertitle--empty\" aria-hidden=\"true\"><\/div>\n                        \n            <h2 class=\"urbi-card__title\">A partir de $2,500 <\/h2>\n            <div class=\"urbi-card__price\" aria-label=\"Precio: Membres\u00eda Gobi\">Membres\u00eda de Gobi<\/div>\n        <\/div>\n\n        <!-- Description -->\n        \n        <!-- Features List -->\n        <div class=\"urbi-card--pricing__features no-description\" role=\"list\" aria-label=\"Caracter\u00edsticas de la membres\u00eda\">\n            <div class=\"acf-innerblocks-container\">\n\n<p>Incluye membres\u00eda DZCA<\/p>\n\n\n\n<p>Invitados por visita: 8 <\/p>\n\n\n\n<p>Visitas guiadas entre bastidores en grupo (visita semiprivada para 2 personas): 1<\/p>\n\n\n\n<p>Entrada anticipada de miembros<\/p>\n\n\n\n<p>Eventos exclusivos para miembros de Zoo Pride (incluido el evento Mane)<\/p>\n\n\n\n<p>Entradas adicionales para la noche de preestreno de Zoo Lights: 2<\/p>\n\n\n\n<p>Entradas con acceso anticipado (incluidas Flock Party VIP + Zoo Lights)<\/p>\n\n\n\n<p>Conserje personal del zool\u00f3gico<\/p>\n\n\n\n<p>Vales Tren + Carrusel: 2<\/p>\n\n\n\n<p>Descuentos en alimentos y mercanc\u00edas<\/p>\n\n<\/div>\n        <\/div>\n\n        <!-- CTA Buttons at bottom -->\n        <div class=\"urbi-card__cta-buttons\">\n                        <div class=\"lhl-text-center\">\n                <a class=\"urbi-link lhl_button urbi-card--pricing-tile__button lhl_button_width--full_width lhl_button_type_solid lhl_button_width_default\" href=\"https:\/\/membership.denverzoo.org\/zoo-pride?f2btn=2%20\" target=\"_self\" rel=\"noopener noreferrer\" >\u00danase anualmente<\/a>            <\/div>\n                            <div class=\"lhl_mt_15 lhl-text-center\">\n                    <a class=\"urbi-link lhl_button urbi-card--pricing-tile__button lhl_button_width--full_width lhl_button_type_solid lhl_button_width_default\" href=\"https:\/\/membership.denverzoo.org\/zoo-pride-recurring-monthly?f2btn=2%20\" target=\"_self\" rel=\"noopener noreferrer\" >\u00danase mensualmente<\/a>                <\/div>\n                    <\/div>\n    <\/div>\n    <\/div><\/div>\n\n\n\n<div style=\"width: auto\">\n\n        <div  class='urbi\/pricing-tile urbi-component urbi-component front_view  urbi-card urbi-card--shadow-3 urbi-card--pricing-tile' >    <div class=\"urbi-component-inner\" role=\"article\" aria-label=\" Precio de membres\u00eda a partir de $5,000\">\n        <!-- Title and Price side by side with supertitle -->\n        <div class=\"urbi-card__header urbi-card__header--vertical uk-flex uk-flex-between uk-flex-middle\">\n                            <div class=\"urbi-card__supertitle urbi-card__supertitle--empty\" aria-hidden=\"true\"><\/div>\n                        \n            <h2 class=\"urbi-card__title\"> A partir de $5,000 <\/h2>\n            <div class=\"urbi-card__price\" aria-label=\"Precio: Membres\u00eda Kalahari \">Membres\u00eda del Kalahari <\/div>\n        <\/div>\n\n        <!-- Description -->\n        \n        <!-- Features List -->\n        <div class=\"urbi-card--pricing__features no-description\" role=\"list\" aria-label=\"Caracter\u00edsticas de la membres\u00eda\">\n            <div class=\"acf-innerblocks-container\">\n\n<p>Incluye membres\u00eda DZCA<\/p>\n\n\n\n<p>Visitas guiadas entre bastidores en grupo (visita semiprivada para 2 personas): 1<\/p>\n\n\n\n<p>Visitas privadas entre bastidores (para usted + 4 invitados): 2&nbsp;<\/p>\n\n\n\n<p>Aparcamiento exclusivo para el Zoo Pride (por orden de llegada)<\/p>\n\n\n\n<p>Invitados por visita: 8 <\/p>\n\n\n\n<p>Entrada anticipada de miembros<\/p>\n\n\n\n<p>Eventos exclusivos para miembros de Zoo Pride (incluido el evento Mane)<\/p>\n\n\n\n<p>Entradas adicionales para la Noche de Preestreno de Zoo Lights: 4<\/p>\n\n\n\n<p>Entradas con acceso anticipado (incluidas Flock Party VIP + Zoo Lights)<\/p>\n\n\n\n<p>Conserje personal del zool\u00f3gico<\/p>\n\n\n\n<p>Vales Tren + Carrusel: 2<\/p>\n\n\n\n<p>Descuentos en alimentos y mercanc\u00edas<\/p>\n\n<\/div>\n        <\/div>\n\n        <!-- CTA Buttons at bottom -->\n        <div class=\"urbi-card__cta-buttons\">\n                        <div class=\"lhl-text-center\">\n                <a class=\"urbi-link lhl_button urbi-card--pricing-tile__button lhl_button_width--full_width lhl_button_type_solid lhl_button_width_default\" href=\"https:\/\/membership.denverzoo.org\/zoo-pride?f2btn=3%20\" target=\"_self\" rel=\"noopener noreferrer\" >\u00danase o renueve<\/a>            <\/div>\n                    <\/div>\n    <\/div>\n    <\/div><\/div>\n<\/div>\n        <\/div>\n    <\/div>\n\n    <!-- Mobile Slider View (visible only on mobile in frontend, hidden in admin) -->\n        <div class=\"uk-hidden@m pricing-tiles-slider-mobile\">\n        <div class=\"pricing-tiles-header uk-flex uk-flex-between uk-flex-middle\">\n            <h2 class=\"pricing-tiles-title\">Membres\u00edas familiares<\/h2>\n        <\/div>\n        <div class=\"uk-position-relative uk-visible-toggle\" tabindex=\"-1\" uk-slider aria-label=\"Carrusel de opciones de precios\" role=\"region\" aria-roledescription=\"carousel\">\n            <ul class=\"uk-slider-items uk-child-width-4-5 uk-child-width-3-4@s\" aria-live=\"polite\">\n                <div class=\"acf-innerblocks-container\">\n\n\n<div style=\"width: auto\">\n\n        <div  class='urbi\/pricing-tile urbi-component urbi-component front_view  urbi-card urbi-card--shadow-3 urbi-card--pricing-tile' >    <div class=\"urbi-component-inner\" role=\"article\" aria-label=\"Precio de membres\u00eda a partir de $1,200\">\n        <!-- Title and Price side by side with supertitle -->\n        <div class=\"urbi-card__header urbi-card__header--vertical uk-flex uk-flex-between uk-flex-middle\">\n                            <div class=\"urbi-card__supertitle urbi-card__supertitle--empty\" aria-hidden=\"true\"><\/div>\n                        \n            <h2 class=\"urbi-card__title\">A partir de $1,200<\/h2>\n            <div class=\"urbi-card__price\" aria-label=\"Precio: Membres\u00eda Sahara\">Membres\u00eda del S\u00e1hara<\/div>\n        <\/div>\n\n        <!-- Description -->\n        \n        <!-- Features List -->\n        <div class=\"urbi-card--pricing__features no-description\" role=\"list\" aria-label=\"Caracter\u00edsticas de la membres\u00eda\">\n            <div class=\"acf-innerblocks-container\">\n\n<p>Incluye membres\u00eda DZCA<\/p>\n\n\n\n<p>Invitados por visita: 8 <\/p>\n\n\n\n<p>Visitas guiadas entre bastidores en grupo (visita semiprivada para 2 personas): 1<\/p>\n\n\n\n<p>Entrada anticipada de miembros<\/p>\n\n\n\n<p>Eventos exclusivos para miembros de Zoo Pride (incluido el evento Mane)<\/p>\n\n\n\n<p>Entradas con acceso anticipado (incluidas Flock Party VIP + Zoo Lights)<\/p>\n\n\n\n<p>Conserje personal del zool\u00f3gico<\/p>\n\n\n\n<p>Vales Tren + Carrusel: 2<\/p>\n\n\n\n<p>Descuentos en alimentos y mercanc\u00edas<\/p>\n\n<\/div>\n        <\/div>\n\n        <!-- CTA Buttons at bottom -->\n        <div class=\"urbi-card__cta-buttons\">\n                        <div class=\"lhl-text-center\">\n                <a class=\"urbi-link lhl_button urbi-card--pricing-tile__button lhl_button_width--full_width lhl_button_type_solid lhl_button_width_default\" href=\"https:\/\/membership.denverzoo.org\/zoo-pride?f2btn=1%20\" target=\"_self\" rel=\"noopener noreferrer\" >\u00danase anualmente<\/a>            <\/div>\n                            <div class=\"lhl_mt_15 lhl-text-center\">\n                    <a class=\"urbi-link lhl_button urbi-card--pricing-tile__button lhl_button_width--full_width lhl_button_type_solid lhl_button_width_default\" href=\"https:\/\/membership.denverzoo.org\/zoo-pride-recurring-monthly\" target=\"_self\" rel=\"noopener noreferrer\" >\u00danase mensualmente<\/a>                <\/div>\n                    <\/div>\n    <\/div>\n    <\/div><\/div>\n\n\n\n<div style=\"width: auto\">\n\n        <div  class='urbi\/pricing-tile urbi-component urbi-component front_view  urbi-card urbi-card--shadow-3 urbi-card--pricing-tile' >    <div class=\"urbi-component-inner\" role=\"article\" aria-label=\"Precio de membres\u00eda a partir de $2,500\">\n        <!-- Title and Price side by side with supertitle -->\n        <div class=\"urbi-card__header urbi-card__header--vertical uk-flex uk-flex-between uk-flex-middle\">\n                            <div class=\"urbi-card__supertitle urbi-card__supertitle--empty\" aria-hidden=\"true\"><\/div>\n                        \n            <h2 class=\"urbi-card__title\">A partir de $2,500 <\/h2>\n            <div class=\"urbi-card__price\" aria-label=\"Precio: Membres\u00eda Gobi\">Membres\u00eda de Gobi<\/div>\n        <\/div>\n\n        <!-- Description -->\n        \n        <!-- Features List -->\n        <div class=\"urbi-card--pricing__features no-description\" role=\"list\" aria-label=\"Caracter\u00edsticas de la membres\u00eda\">\n            <div class=\"acf-innerblocks-container\">\n\n<p>Incluye membres\u00eda DZCA<\/p>\n\n\n\n<p>Invitados por visita: 8 <\/p>\n\n\n\n<p>Visitas guiadas entre bastidores en grupo (visita semiprivada para 2 personas): 1<\/p>\n\n\n\n<p>Entrada anticipada de miembros<\/p>\n\n\n\n<p>Eventos exclusivos para miembros de Zoo Pride (incluido el evento Mane)<\/p>\n\n\n\n<p>Entradas adicionales para la noche de preestreno de Zoo Lights: 2<\/p>\n\n\n\n<p>Entradas con acceso anticipado (incluidas Flock Party VIP + Zoo Lights)<\/p>\n\n\n\n<p>Conserje personal del zool\u00f3gico<\/p>\n\n\n\n<p>Vales Tren + Carrusel: 2<\/p>\n\n\n\n<p>Descuentos en alimentos y mercanc\u00edas<\/p>\n\n<\/div>\n        <\/div>\n\n        <!-- CTA Buttons at bottom -->\n        <div class=\"urbi-card__cta-buttons\">\n                        <div class=\"lhl-text-center\">\n                <a class=\"urbi-link lhl_button urbi-card--pricing-tile__button lhl_button_width--full_width lhl_button_type_solid lhl_button_width_default\" href=\"https:\/\/membership.denverzoo.org\/zoo-pride?f2btn=2%20\" target=\"_self\" rel=\"noopener noreferrer\" >\u00danase anualmente<\/a>            <\/div>\n                            <div class=\"lhl_mt_15 lhl-text-center\">\n                    <a class=\"urbi-link lhl_button urbi-card--pricing-tile__button lhl_button_width--full_width lhl_button_type_solid lhl_button_width_default\" href=\"https:\/\/membership.denverzoo.org\/zoo-pride-recurring-monthly?f2btn=2%20\" target=\"_self\" rel=\"noopener noreferrer\" >\u00danase mensualmente<\/a>                <\/div>\n                    <\/div>\n    <\/div>\n    <\/div><\/div>\n\n\n\n<div style=\"width: auto\">\n\n        <div  class='urbi\/pricing-tile urbi-component urbi-component front_view  urbi-card urbi-card--shadow-3 urbi-card--pricing-tile' >    <div class=\"urbi-component-inner\" role=\"article\" aria-label=\" Precio de membres\u00eda a partir de $5,000\">\n        <!-- Title and Price side by side with supertitle -->\n        <div class=\"urbi-card__header urbi-card__header--vertical uk-flex uk-flex-between uk-flex-middle\">\n                            <div class=\"urbi-card__supertitle urbi-card__supertitle--empty\" aria-hidden=\"true\"><\/div>\n                        \n            <h2 class=\"urbi-card__title\"> A partir de $5,000 <\/h2>\n            <div class=\"urbi-card__price\" aria-label=\"Precio: Membres\u00eda Kalahari \">Membres\u00eda del Kalahari <\/div>\n        <\/div>\n\n        <!-- Description -->\n        \n        <!-- Features List -->\n        <div class=\"urbi-card--pricing__features no-description\" role=\"list\" aria-label=\"Caracter\u00edsticas de la membres\u00eda\">\n            <div class=\"acf-innerblocks-container\">\n\n<p>Incluye membres\u00eda DZCA<\/p>\n\n\n\n<p>Visitas guiadas entre bastidores en grupo (visita semiprivada para 2 personas): 1<\/p>\n\n\n\n<p>Visitas privadas entre bastidores (para usted + 4 invitados): 2&nbsp;<\/p>\n\n\n\n<p>Aparcamiento exclusivo para el Zoo Pride (por orden de llegada)<\/p>\n\n\n\n<p>Invitados por visita: 8 <\/p>\n\n\n\n<p>Entrada anticipada de miembros<\/p>\n\n\n\n<p>Eventos exclusivos para miembros de Zoo Pride (incluido el evento Mane)<\/p>\n\n\n\n<p>Entradas adicionales para la Noche de Preestreno de Zoo Lights: 4<\/p>\n\n\n\n<p>Entradas con acceso anticipado (incluidas Flock Party VIP + Zoo Lights)<\/p>\n\n\n\n<p>Conserje personal del zool\u00f3gico<\/p>\n\n\n\n<p>Vales Tren + Carrusel: 2<\/p>\n\n\n\n<p>Descuentos en alimentos y mercanc\u00edas<\/p>\n\n<\/div>\n        <\/div>\n\n        <!-- CTA Buttons at bottom -->\n        <div class=\"urbi-card__cta-buttons\">\n                        <div class=\"lhl-text-center\">\n                <a class=\"urbi-link lhl_button urbi-card--pricing-tile__button lhl_button_width--full_width lhl_button_type_solid lhl_button_width_default\" href=\"https:\/\/membership.denverzoo.org\/zoo-pride?f2btn=3%20\" target=\"_self\" rel=\"noopener noreferrer\" >\u00danase o renueve<\/a>            <\/div>\n                    <\/div>\n    <\/div>\n    <\/div><\/div>\n<\/div>\n            <\/ul>\n\n            <a class=\"uk-position-center-left uk-position-small\" href=\"#\" uk-slidenav-previous uk-slider-item=\"previous\" aria-label=\"Opci\u00f3n de precio anterior\"><\/a>\n            <a class=\"uk-position-center-right uk-position-small\" href=\"#\" uk-slidenav-next uk-slider-item=\"next\" aria-label=\"Siguiente opci\u00f3n de precio\"><\/a>\n        <\/div>\n        \n        <script>\n        document.addEventListener('DOMContentLoaded', function() {\n            setTimeout(function() {\n                \/\/ Process ALL pricing tile sliders on the page\n                const sliderContainers = document.querySelectorAll('.pricing-tiles-slider-mobile .uk-slider-items');\n                \n                sliderContainers.forEach((sliderContainer) => {\n                    const outerInnerBlocksContainer = sliderContainer.querySelector(':scope > .acf-innerblocks-container');\n                    \n                    if (outerInnerBlocksContainer && sliderContainer) {\n                        \/\/ Get only the direct children of innerBlocksContainer (the wrapper divs)\n                        const wrapperDivs = Array.from(outerInnerBlocksContainer.querySelectorAll(':scope > div'));\n                        \n                        \/\/ Move each wrapper div to be inside an li element\n                        wrapperDivs.forEach((wrapper) => {\n                            \/\/ Only process if it contains a pricing tile\n                            if (wrapper.querySelector('.urbi-card--pricing-tile')) {\n                                const li = document.createElement('li');\n                                \n                                \/\/ Clone the wrapper to preserve original\n                                const clonedWrapper = wrapper.cloneNode(true);\n                                li.appendChild(clonedWrapper);\n                                sliderContainer.appendChild(li);\n                            }\n                        });\n                        \n                        \/\/ Remove the outer container only\n                        outerInnerBlocksContainer.remove();\n                        \n                        \/\/ Reinitialize UIkit slider for this specific instance\n                        if (typeof UIkit !== 'undefined') {\n                            const sliderElement = sliderContainer.closest('[uk-slider]');\n                            if (sliderElement) {\n                                UIkit.slider(sliderElement).$destroy();\n                                UIkit.slider(sliderElement);\n                            }\n                        }\n                    }\n                });\n            }, 100);\n        });\n        <\/script>\n    <\/div>\n    <\/div>\n<\/div>\n<\/div>\n\n<\/div>\n<\/div>\n\n\n\n\n<div  class='lhl-section urbi-component urbi-component front_view lhl_comp_width_inherit lhl_spacing_t_09 lhl_spacing_b_09 lhl_spacing_l_00 lhl_spacing_r_00 section-background-t' ><div class=\"urbi-component-inner\">\n    <div class=\"is-layout-constrained\">\n\n\n\n<div  class='lhl-section urbi-component urbi-component front_view lhl_spacing_t_00 lhl_spacing_b_00 lhl_spacing_l_00 lhl_spacing_r_00 section-background-t  bg-pattern-' ><div class=\"urbi-component-inner\">\n    <div class=\"is-layout-constrained\">\n\r\n\r\n<div  class='lhl-text-and-image urbi-component urbi-component front_view lhl_spacing_t_00 lhl_spacing_b_00 lhl_spacing_l_00 lhl_spacing_r_00 section-background-t' >\r\n<div class=\"urbi-component-inner\">\r\n\r\n    <div class=\"text_and_image_comp_inner lhl_grid_default lhl_grid uk-grid-match\" uk-grid>\r\n\r\n                <div class=\"lhl_grid_col lhl-text-and-image__col-img lhl_width_1_2@m\">\r\n\r\n            \r\n                \r\n                                    <div class=\"default-image-container\">\r\n                                                    <img decoding=\"async\" width=\"610\" height=\"380\" src=\"https:\/\/denverzoo.org\/wp-content\/uploads\/2024\/09\/TaylorSwiftPromo_Guests_RhinoEncounter_ER_Borellis_004-610x380.png\" class=\"urbi-img img-class\" alt=\"\" loading=\"lazy\" srcset=\"https:\/\/denverzoo.org\/wp-content\/uploads\/2024\/09\/TaylorSwiftPromo_Guests_RhinoEncounter_ER_Borellis_004-610x380.png 610w, https:\/\/denverzoo.org\/wp-content\/uploads\/2024\/09\/TaylorSwiftPromo_Guests_RhinoEncounter_ER_Borellis_004-18x12.png 18w\" sizes=\"auto, (max-width: 610px) 100vw, 610px\" \/>                                            <\/div>\r\n                \r\n                \r\n            \r\n            \r\n                    <\/div>\r\n\r\n                <div class=\"lhl_grid_col lhl-text-and-image__col-text lhl_width_1_2@m\">\r\n            <div class=\"lhl-text-and-image__col-text-inner lhl_spacing_03\" style=\"\">\r\n                <div class=\"acf-innerblocks-container\">\n\n<h3 class=\"wp-block-heading\"><strong>Zoo Pride<\/strong><br><strong>Visitas guiadas tras bastidores<\/strong><\/h3>\n\n\n\n<p>\u00a1La \u00daNICA forma de acceder a lo que ocurre detr\u00e1s de escena con leones, rinocerontes, flamencos y m\u00e1s! \u00bfYa eres miembro?&nbsp;<a href=\"https:\/\/denverzoo.org\/es\/zoo-pride-member\/\" target=\"_blank\" rel=\"noreferrer noopener\">Programe su recorrido ahora.<\/a>&nbsp;<\/p>\n\n\n    \r\n    \r\n    <div class='urbi_button_link'><a class=\"urbi-link lhl_button lhl_button--small lhl_button_color_default lhl_button_width_default lhl_button--block\" href=\"https:\/\/my.denverzoo.org\/m\/membership\/sahara?queueittoken=e_tnew~q_5408db20-76a7-4d5f-9c2f-6c0ee069587a~ts_1726844506~ce_true~rt_safetynet~h_e40a79198cd965e976969d65c2c23167ff8b05c9c0bd31c29d5e0fcfcce5cac7\" target=\"\" rel=\"noopener noreferrer\" >\u00danete ahora<\/a><\/div>\n<\/div>\r\n            <\/div>\r\n        <\/div>\r\n    <\/div>\r\n<\/div>\r\n<\/div>\n<\/div>\n\n<\/div>\n<\/div>\n\n\n<figure class=\"wp-block-embed is-type-video is-provider-youtube wp-block-embed-youtube wp-embed-aspect-16-9 wp-has-aspect-ratio\"><div class=\"wp-block-embed__wrapper\">\n<iframe loading=\"lazy\" title=\"Orgullo del Zool\u00f3gico DZ 2024\" width=\"640\" height=\"360\" src=\"https:\/\/www.youtube.com\/embed\/oJkdCnCTBRM?feature=oembed\" frameborder=\"0\" allow=\"accelerometer; autoplay; clipboard-write; encrypted-media; gyroscope; picture-in-picture; web-share\" referrerpolicy=\"strict-origin-when-cross-origin\" allowfullscreen><\/iframe>\n<\/div><\/figure>\n\n<\/div>\n\n<\/div>\n<\/div>\n\n\n\n\n<div  class='lhl-section urbi-component urbi-component front_view lhl_comp_width_inherit lhl_spacing_t_12 lhl_spacing_b_12 lhl_spacing_l_00 lhl_spacing_r_00 section-background-t urbi-component-bg--light-gray' ><div class=\"urbi-component-inner\">\n    <div class=\"is-layout-constrained\">\n\n<h3 class=\"wp-block-heading has-text-align-center\">\u00bfYa eres miembro de Zoo Pride? <\/h3>\n\n\n\n<p class=\"has-text-align-center\">Acceda al portal para miembros de Zoo Pride para obtener beneficios exclusivos, detalles de eventos y todo lo que necesita saber.<\/p>\n\n\n    \r\n    \r\n    <div class='urbi_button_link center'><a class=\"urbi-link lhl_button lhl_button--small lhl_button_color_default lhl_button_width_default lhl_button--block\" href=\"\/es\/zoo-pride-member\/\" target=\"\" rel=\"noopener noreferrer\" >Visita el portal de miembros<\/a><\/div>\n<\/div>\n\n<\/div>\n<\/div>","protected":false},"excerpt":{"rendered":"","protected":false},"author":100,"featured_media":0,"parent":0,"menu_order":0,"comment_status":"closed","ping_status":"closed","template":"","meta":{"_acf_changed":false,"_relevanssi_hide_post":"","_relevanssi_hide_content":"","_relevanssi_pin_for_all":"","_relevanssi_pin_keywords":"","_relevanssi_unpin_keywords":"","_relevanssi_related_keywords":"","_relevanssi_related_include_ids":"","_relevanssi_related_exclude_ids":"","_relevanssi_related_no_append":"","_relevanssi_related_not_related":"","_relevanssi_related_posts":"121,116,123,538,27218,27235","_relevanssi_noindex_reason":"","footnotes":""},"class_list":["post-36739","page","type-page","status-publish","hentry"],"acf":[],"_links":{"self":[{"href":"https:\/\/denverzoo.org\/es\/wp-json\/wp\/v2\/pages\/36739","targetHints":{"allow":["GET"]}}],"collection":[{"href":"https:\/\/denverzoo.org\/es\/wp-json\/wp\/v2\/pages"}],"about":[{"href":"https:\/\/denverzoo.org\/es\/wp-json\/wp\/v2\/types\/page"}],"author":[{"embeddable":true,"href":"https:\/\/denverzoo.org\/es\/wp-json\/wp\/v2\/users\/100"}],"replies":[{"embeddable":true,"href":"https:\/\/denverzoo.org\/es\/wp-json\/wp\/v2\/comments?post=36739"}],"version-history":[{"count":3,"href":"https:\/\/denverzoo.org\/es\/wp-json\/wp\/v2\/pages\/36739\/revisions"}],"predecessor-version":[{"id":45111,"href":"https:\/\/denverzoo.org\/es\/wp-json\/wp\/v2\/pages\/36739\/revisions\/45111"}],"wp:attachment":[{"href":"https:\/\/denverzoo.org\/es\/wp-json\/wp\/v2\/media?parent=36739"}],"curies":[{"name":"gracias","href":"https:\/\/api.w.org\/{rel}","templated":true}]}}