{"id":36746,"date":"2024-06-24T20:06:40","date_gmt":"2024-06-25T02:06:40","guid":{"rendered":"https:\/\/denverzoo.org\/?page_id=36746"},"modified":"2025-08-05T16:15:47","modified_gmt":"2025-08-05T22:15:47","slug":"corporate-giving","status":"publish","type":"page","link":"https:\/\/denverzoo.org\/es\/corporate-giving\/","title":{"rendered":"Donaciones corporativas"},"content":{"rendered":"<div  class='lhl-section urbi-component urbi-component front_view lhl_comp_width_inherit lhl_spacing_t_09 lhl_spacing_b_09 lhl_spacing_l_00 lhl_spacing_r_00 section-background-t' ><div class=\"urbi-component-inner\">\n    <div class=\"is-layout-constrained\">\n\n<p><\/p>\n\n\n\n<h2 class=\"wp-block-heading has-text-align-center\"><strong>Asociaciones corporativas con D<\/strong>Alianza para la conservaci\u00f3n del zool\u00f3gico de Enver<\/h2>\n\n\n\n<p class=\"has-text-align-center\">Nuestros socios corporativos var\u00edan en tama\u00f1o, sector y nivel de compromiso, pero todos tienen algo en com\u00fan: una inversi\u00f3n entusiasta en la cultura corporativa y la comunidad. Al alinear su empresa con esta querida organizaci\u00f3n sin fines de lucro de Colorado, no solo est\u00e1 reivindicando sus valores corporativos. Le est\u00e1 dando a su empresa una importante ventaja en la contrataci\u00f3n y a sus empleados una merecida recompensa.<\/p>\n\n\n    \r\n    \r\n    <div class='urbi_button_link uk-flex uk-flex-center uk-flex-middl'><a class=\"urbi-link lhl_button lhl_button--small lhl_button_color_default lhl_button_width_default lhl_button--block\" href=\"https:\/\/denverzoo.org\/es\/support\/current-corporate-partners\/\" target=\"\" rel=\"noopener noreferrer\" >Conozca a nuestros socios corporativos<\/a><\/div>\n<\/div>\n\n<\/div>\n<\/div>\n\n\n\n\n<div  class='lhl-section urbi-component urbi-component front_view lhl_comp_width_narrow lhl_spacing_t_07 lhl_spacing_b_07 lhl_spacing_l_00 lhl_spacing_r_00 section-background-t urbi-component-bg--white  bg-pattern-option4' ><div class=\"urbi-component-inner\">\n    <div class=\"is-layout-constrained\">\n\n<h2 class=\"wp-block-heading has-text-align-center\"><strong>Conectemos<\/strong><\/h2>\n\n\n\n<p class=\"has-text-align-center\">Danny Hastings<br>Gerente de Asociaciones Corporativas <br>pag. 720-337-1559<br>dhastings@denverzoo.org<\/p>\n\n\n    \r\n    \r\n    <div class='urbi_button_link uk-flex uk-flex-center uk-flex-middl'><a class=\"urbi-link lhl_button lhl_button--small lhl_button_color_default lhl_button_width_default lhl_button--block\" href=\"mailto:%20dhastings@denverzoo.org\" target=\"\" rel=\"noopener noreferrer\" >Env\u00eda un correo electr\u00f3nico a Danny.<\/a><\/div>\n<\/div>\n\n<\/div>\n<\/div>\n\n\n\n\n<div  class='lhl-section urbi-component urbi-component front_view lhl_comp_width_inherit lhl_spacing_t_09 lhl_spacing_b_09 lhl_spacing_l_00 lhl_spacing_r_00 section-background-t urbi-component-bg--light-gray' ><div class=\"urbi-component-inner\">\n    <div class=\"is-layout-constrained\">\n\n<p><\/p>\n\n\n\n<h2 class=\"wp-block-heading has-text-align-center\"><strong>Alinee su empresa. Recompense a sus empleados.<\/strong><\/h2>\n\n\n\n\n\n<div  class='lhl-section urbi-component urbi-component front_view lhl_spacing_t_02 lhl_spacing_b_09 lhl_spacing_l_00 lhl_spacing_r_00 section-background-t urbi-component-bg--light-gray' ><div class=\"urbi-component-inner\">\n    <div class=\"is-layout-constrained\">\n\n\n\n<div  class='urbi\/tiles urbi-component urbi-component front_view' >\n<div class=\"uk-child-width-1-2@s uk-grid-match\" uk-grid>\n    \n\n\n<div>\n\n        <div  class='urbi\/tile urbi-card urbi-card--tile urbi-card--shadow-3' >\n    <div class=\"urbi-tile-inner\">\n                <div class=\"tile-content padding-none\">\n\n\n\n<div  class='lhl-card urbi-component urbi-component front_view lhl_comp_width_inherit lhl_spacing_t_00 lhl_spacing_b_06 lhl_spacing_l_00 lhl_spacing_r_00 section-background-t  lhl_card  lhl_card_shadow_0 lhl_card_radius_0' ><div class=\"urbi-component-inner\">\n    <div class=\"acf-innerblocks-container\">\n\n<figure class=\"wp-block-image size-large\"><img loading=\"lazy\" decoding=\"async\" width=\"1024\" height=\"576\" src=\"https:\/\/denverzoo.org\/wp-content\/uploads\/2024\/11\/Be-a-Good-Person_Models_Animal-Encounters_MKT_RB_240619-04-edited-1024x576.jpg\" alt=\"\" class=\"wp-image-39372\" srcset=\"https:\/\/denverzoo.org\/wp-content\/uploads\/2024\/11\/Be-a-Good-Person_Models_Animal-Encounters_MKT_RB_240619-04-edited-1024x576.jpg 1024w, https:\/\/denverzoo.org\/wp-content\/uploads\/2024\/11\/Be-a-Good-Person_Models_Animal-Encounters_MKT_RB_240619-04-edited-220x124.jpg 220w, https:\/\/denverzoo.org\/wp-content\/uploads\/2024\/11\/Be-a-Good-Person_Models_Animal-Encounters_MKT_RB_240619-04-edited-768x432.jpg 768w, https:\/\/denverzoo.org\/wp-content\/uploads\/2024\/11\/Be-a-Good-Person_Models_Animal-Encounters_MKT_RB_240619-04-edited-50x28.jpg 50w, https:\/\/denverzoo.org\/wp-content\/uploads\/2024\/11\/Be-a-Good-Person_Models_Animal-Encounters_MKT_RB_240619-04-edited-1600x901.jpg 1600w, https:\/\/denverzoo.org\/wp-content\/uploads\/2024\/11\/Be-a-Good-Person_Models_Animal-Encounters_MKT_RB_240619-04-edited-1536x865.jpg 1536w, https:\/\/denverzoo.org\/wp-content\/uploads\/2024\/11\/Be-a-Good-Person_Models_Animal-Encounters_MKT_RB_240619-04-edited-2048x1153.jpg 2048w, https:\/\/denverzoo.org\/wp-content\/uploads\/2024\/11\/Be-a-Good-Person_Models_Animal-Encounters_MKT_RB_240619-04-edited-18x10.jpg 18w\" sizes=\"auto, (max-width: 1024px) 100vw, 1024px\" \/><\/figure>\n\n\n\n<h3 class=\"wp-block-heading has-text-align-center\"><strong>Las ventajas de<\/strong><br><strong>Asociaci\u00f3n corporativa<\/strong>&nbsp;<\/h3>\n\n\n\n<p class=\"has-text-align-center\" style=\"padding-right:var(--wp--preset--spacing--40);padding-left:var(--wp--preset--spacing--40)\">Cada alianza corporativa, como cada empresa, es \u00fanica. Trabajaremos estrechamente con usted para cocrear una oportunidad que se ajuste a sus objetivos y supere sus expectativas. Estas son solo algunas de las ventajas que nuestros socios disfrutan actualmente:\u00a0<\/p>\n\n\n\n<p class=\"has-text-align-center\" style=\"padding-right:var(--wp--preset--spacing--40);padding-left:var(--wp--preset--spacing--40)\">RECONOCIMIENTO EN EL SITIO \u2022 PATROCINIO DE EVENTOS \u2022 PATROCINIO DE EXPOSICIONES \u2022 DERECHOS DE NOMBRE DE ATRACCIONES \u2022 MUESTRAS EN EL SITIO \u2022 HOSPITALIDAD CORPORATIVA \u2022 MARKETING COLABORATIVO \u00a1+ m\u00e1s!&nbsp;<\/p>\n\n\n    \r\n    \r\n    <div class='urbi_button_link center'><a class=\"urbi-link lhl_button lhl_button--small lhl_button_color_default lhl_button_width_default lhl_button--block\" href=\"mailto:%20dhastings@denverzoo.org\" target=\"\" rel=\"noopener noreferrer\" >Env\u00eda un correo electr\u00f3nico a Danny.<\/a><\/div>\n\n\n<div style=\"height:14px\" aria-hidden=\"true\" class=\"wp-block-spacer\"><\/div>\n\n<\/div>\n<\/div>\n<\/div>\n<\/div>\n    <\/div>\n    <\/div><\/div>\n\n\n\n<div>\n\n        <div  class='urbi\/tile urbi-card urbi-card--tile urbi-card--shadow-3' >\n    <div class=\"urbi-tile-inner\">\n                <div class=\"tile-content padding-none\">\n\n\n\n<div  class='lhl-card urbi-component urbi-component front_view lhl_comp_width_inherit lhl_spacing_t_00 lhl_spacing_b_05 lhl_spacing_l_00 lhl_spacing_r_00 section-background-t  lhl_card  lhl_card_shadow_0 lhl_card_radius_0' ><div class=\"urbi-component-inner\">\n    <div class=\"acf-innerblocks-container\">\n\n<figure class=\"wp-block-image size-large\"><img loading=\"lazy\" decoding=\"async\" width=\"2560\" height=\"1440\" src=\"https:\/\/denverzoo.org\/wp-content\/uploads\/2024\/11\/Gibbon_Briscoe_VOL_Ashton_240919_001-edited-scaled.jpg\" alt=\"\" class=\"wp-image-39375\" srcset=\"https:\/\/denverzoo.org\/wp-content\/uploads\/2024\/11\/Gibbon_Briscoe_VOL_Ashton_240919_001-edited-scaled.jpg 2560w, https:\/\/denverzoo.org\/wp-content\/uploads\/2024\/11\/Gibbon_Briscoe_VOL_Ashton_240919_001-edited-220x124.jpg 220w, https:\/\/denverzoo.org\/wp-content\/uploads\/2024\/11\/Gibbon_Briscoe_VOL_Ashton_240919_001-edited-1024x576.jpg 1024w, https:\/\/denverzoo.org\/wp-content\/uploads\/2024\/11\/Gibbon_Briscoe_VOL_Ashton_240919_001-edited-768x432.jpg 768w, https:\/\/denverzoo.org\/wp-content\/uploads\/2024\/11\/Gibbon_Briscoe_VOL_Ashton_240919_001-edited-50x28.jpg 50w, https:\/\/denverzoo.org\/wp-content\/uploads\/2024\/11\/Gibbon_Briscoe_VOL_Ashton_240919_001-edited-1600x900.jpg 1600w, https:\/\/denverzoo.org\/wp-content\/uploads\/2024\/11\/Gibbon_Briscoe_VOL_Ashton_240919_001-edited-1536x864.jpg 1536w, https:\/\/denverzoo.org\/wp-content\/uploads\/2024\/11\/Gibbon_Briscoe_VOL_Ashton_240919_001-edited-2048x1152.jpg 2048w, https:\/\/denverzoo.org\/wp-content\/uploads\/2024\/11\/Gibbon_Briscoe_VOL_Ashton_240919_001-edited-18x10.jpg 18w\" sizes=\"auto, (max-width: 2560px) 100vw, 2560px\" \/><\/figure>\n\n\n\n<h3 class=\"wp-block-heading has-text-align-center\"><strong>Las empresas pueden <\/strong><br><strong>Sea miembro tambi\u00e9n<\/strong>&nbsp;<\/h3>\n\n\n\n<p class=\"has-text-align-center\" style=\"padding-right:var(--wp--preset--spacing--40);padding-left:var(--wp--preset--spacing--40)\">Las membres\u00edas corporativas ofrecen a las empresas de Colorado una ventaja cultural distintiva, y a los empleadores una forma \u00fanica de mostrar su agradecimiento. Una tarjeta de membres\u00eda transferible le permite compartir las maravillas de la vida silvestre con su equipo casi todos los d\u00edas del a\u00f1o. Sus empleados disfrutar\u00e1n de numerosos beneficios, como:\u00a0<\/p>\n\n\n\n<p class=\"has-text-align-center\" style=\"padding-right:var(--wp--preset--spacing--40);padding-left:var(--wp--preset--spacing--40)\">TARJETA DE MEMBRES\u00cdA TRANSFERIBLE \u2022 DESCUENTOS EN ALIMENTOS, BEBIDAS + MERCANC\u00cdAS \u2022 \u00a1ACCESO A EVENTOS COMO WILD FALL, LUCES DEL ZOO y m\u00e1s!&nbsp;<\/p>\n\n\n    \r\n    \r\n    <div class='urbi_button_link center'><a class=\"urbi-link lhl_button lhl_button--small lhl_button_color_default lhl_button_width_default lhl_button--block\" href=\"https:\/\/denverzoo.org\/wp-content\/uploads\/2024\/07\/DEV-257-Denver-Zoo-Corporate-Membership_Hastings_8.5x11_Final_JC_10.31.23.pdf\" target=\"_blank\" rel=\"noopener noreferrer\" >Membres\u00eda corporativa<\/a><\/div>\n\n\n<div style=\"height:17px\" aria-hidden=\"true\" class=\"wp-block-spacer\"><\/div>\n\n\n    \r\n    \r\n    <div class='urbi_button_link center'><a class=\"urbi-link lhl_button lhl_button--small lhl_button_color_default lhl_button_width_default lhl_button--block\" href=\"https:\/\/denverzoo.org\/wp-content\/uploads\/2024\/07\/DEV-257-Denver-Zoo-Corporate-Membership_PLUS_Hastings_8.5x11_Final_JC_11.08.23.pdf\" target=\"_blank\" rel=\"noopener noreferrer\" >Membres\u00eda Corporativa Plus<\/a><\/div>\n<\/div>\n<\/div>\n<\/div>\n<\/div>\n    <\/div>\n    <\/div><\/div>\n\n\n<\/div>\n<\/div>\n<\/div>\n\n<\/div>\n<\/div>\n<\/div>\n\n<\/div>\n<\/div>\n\n\n\n\n<div  class='lhl-section urbi-component urbi-component front_view lhl_comp_width_inherit lhl_spacing_t_09 lhl_spacing_b_09 lhl_spacing_l_00 lhl_spacing_r_00 section-background-t' ><div class=\"urbi-component-inner\">\n    <div class=\"is-layout-constrained\">\n\n<p><\/p>\n\n\n\n<h2 class=\"wp-block-heading has-text-align-center\"><strong>\u00bfEres nuestra pr\u00f3xima colaboraci\u00f3n genial?<\/strong><\/h2>\n\n\n\n<p class=\"has-text-align-center\">\u00a1DZCA est\u00e1 encantado de trabajar con una variedad de h\u00e9roes locales en la colecci\u00f3n de marca compartida m\u00e1s salvaje de Colorado! Colabore con buena conciencia, sabiendo que los productos que creamos juntos beneficiar\u00e1n la vida silvestre y los lugares salvajes, aqu\u00ed en Denver y en todo el mundo.<\/p>\n\n\n\r\n\r\n\r\n<div  class='lhl-three-card-block urbi-component urbi-component front_view lhl_comp_width_inherit lhl_spacing_t_09 lhl_spacing_b_09 lhl_spacing_l_00 lhl_spacing_r_00 section-background-t' ><div class=\"urbi-component-inner\">\r\n    <div class=\"uk-child-width-expand@s uk-grid-match\" uk-grid>\r\n\r\n                        <div class='three_by_one__item uk-width-1-1 uk-width-1-3@m'>\r\n                    <div class='three_by_one__item-inner'>\r\n\r\n                        \n<div class=\"urbi-card urbi-card--shadow-3 urbi-card--featured urbi-card--has_cta\">\n    <div class=\"uk-card-media-top urbi-card--img\">\n\n        <a class=\"urbi-link\" href=\"#\" target=\"_self\" rel=\"noopener noreferrer\" aria-label=\"Agotado\" >                            <img loading=\"lazy\" decoding=\"async\" width=\"398\" height=\"239\" src=\"https:\/\/denverzoo.org\/wp-content\/uploads\/2023\/05\/Bigsby-398x239.jpg\" class=\"urbi-img urbi-featured-homme-img\" alt=\"\" \/>                    <\/a>\n    <\/div>\n    <div class=\"urbi-card--txt\">\n        <div class=\"urbi-card__date-meta\">\n                    <\/div>\n        <h3 class=\"urbi-card__title\">\n            Bigsby\u2019s Folly        <\/h3>\n        <div class=\"urbi-card__description\">\n            Nos asociamos con nuestros tontos favoritos para crear tres variedades de marca compartida que presentan a nuestros residentes.        <\/div>\n                    <a class=\"urbi-link urbi-card__cta lhl_button lhl_button_type_solid lhl_button_color_default lhl_button_width_default\" href=\"#\" target=\"_self\" rel=\"noopener noreferrer\" title=\"Agotado\" aria-label=\"Agotado\" >Agotado<\/a>            <\/div>\n<\/div>                    <\/div>\r\n                <\/div>\r\n                        <div class='three_by_one__item uk-width-1-1 uk-width-1-3@m'>\r\n                    <div class='three_by_one__item-inner'>\r\n\r\n                        \n<div class=\"urbi-card urbi-card--shadow-3 urbi-card--featured urbi-card--has_cta\">\n    <div class=\"uk-card-media-top urbi-card--img\">\n\n        <a class=\"urbi-link\" href=\"#\" target=\"_self\" rel=\"noopener noreferrer\" aria-label=\"Agotado\" >                            <img loading=\"lazy\" decoding=\"async\" width=\"398\" height=\"239\" src=\"https:\/\/denverzoo.org\/wp-content\/uploads\/2023\/06\/2023-DEV-281-Goodr-Website-launch-slider3-398x239.png\" class=\"urbi-img urbi-featured-homme-img\" alt=\"\" \/>                    <\/a>\n    <\/div>\n    <div class=\"urbi-card--txt\">\n        <div class=\"urbi-card__date-meta\">\n                    <\/div>\n        <h3 class=\"urbi-card__title\">\n            Bueno        <\/h3>\n        <div class=\"urbi-card__description\">\n            Nuestra asociaci\u00f3n con la marca local de anteojos de diversi\u00f3n goodr ha resultado en tres pares de anteojos AGOTADOS.        <\/div>\n                    <a class=\"urbi-link urbi-card__cta lhl_button lhl_button_type_solid lhl_button_color_default lhl_button_width_default\" href=\"#\" target=\"_self\" rel=\"noopener noreferrer\" title=\"Agotado\" aria-label=\"Agotado\" >Agotado<\/a>            <\/div>\n<\/div>                    <\/div>\r\n                <\/div>\r\n                        <div class='three_by_one__item uk-width-1-1 uk-width-1-3@m'>\r\n                    <div class='three_by_one__item-inner'>\r\n\r\n                        \n<div class=\"urbi-card urbi-card--shadow-3 urbi-card--featured urbi-card--has_cta\">\n    <div class=\"uk-card-media-top urbi-card--img\">\n\n        <a class=\"urbi-link\" href=\"https:\/\/www.codacoffee.com\/denverzoo\" target=\"_self\" rel=\"noopener noreferrer\" aria-label=\"Compra ahora\" >                            <img loading=\"lazy\" decoding=\"async\" width=\"398\" height=\"239\" src=\"https:\/\/denverzoo.org\/wp-content\/uploads\/2020\/09\/codacoffee-4pack-398x239.jpg\" class=\"urbi-img urbi-featured-homme-img\" alt=\"Coda Coffee Packages\" \/>                    <\/a>\n    <\/div>\n    <div class=\"urbi-card--txt\">\n        <div class=\"urbi-card__date-meta\">\n                    <\/div>\n        <h3 class=\"urbi-card__title\">\n            Caf\u00e9 Coda        <\/h3>\n        <div class=\"urbi-card__description\">\n            Tu caf\u00e9 diario te recompensa: una taza especial de DZCA y cuatro nuevas y SALVAJES mezclas de caf\u00e9.        <\/div>\n                    <a class=\"urbi-link urbi-card__cta lhl_button lhl_button_type_solid lhl_button_color_default lhl_button_width_default\" href=\"https:\/\/www.codacoffee.com\/denverzoo\" target=\"_self\" rel=\"noopener noreferrer\" title=\"Compra ahora\" aria-label=\"Compra ahora\" >Compra ahora<\/a>            <\/div>\n<\/div>                    <\/div>\r\n                <\/div>\r\n            <\/div>\r\n<\/div>\r\n<\/div>\n<\/div>\n\n<\/div>\n<\/div>","protected":false},"excerpt":{"rendered":"","protected":false},"author":100,"featured_media":0,"parent":0,"menu_order":0,"comment_status":"closed","ping_status":"closed","template":"","meta":{"_acf_changed":false,"_relevanssi_hide_post":"","_relevanssi_hide_content":"","_relevanssi_pin_for_all":"","_relevanssi_pin_keywords":"","_relevanssi_unpin_keywords":"","_relevanssi_related_keywords":"","_relevanssi_related_include_ids":"","_relevanssi_related_exclude_ids":"","_relevanssi_related_no_append":"","_relevanssi_related_not_related":"","_relevanssi_related_posts":"116,121,123,538,1202,1775","_relevanssi_noindex_reason":"","footnotes":""},"class_list":["post-36746","page","type-page","status-publish","hentry"],"acf":[],"_links":{"self":[{"href":"https:\/\/denverzoo.org\/es\/wp-json\/wp\/v2\/pages\/36746","targetHints":{"allow":["GET"]}}],"collection":[{"href":"https:\/\/denverzoo.org\/es\/wp-json\/wp\/v2\/pages"}],"about":[{"href":"https:\/\/denverzoo.org\/es\/wp-json\/wp\/v2\/types\/page"}],"author":[{"embeddable":true,"href":"https:\/\/denverzoo.org\/es\/wp-json\/wp\/v2\/users\/100"}],"replies":[{"embeddable":true,"href":"https:\/\/denverzoo.org\/es\/wp-json\/wp\/v2\/comments?post=36746"}],"version-history":[{"count":0,"href":"https:\/\/denverzoo.org\/es\/wp-json\/wp\/v2\/pages\/36746\/revisions"}],"wp:attachment":[{"href":"https:\/\/denverzoo.org\/es\/wp-json\/wp\/v2\/media?parent=36746"}],"curies":[{"name":"gracias","href":"https:\/\/api.w.org\/{rel}","templated":true}]}}