{"id":37432,"date":"2024-07-09T19:19:47","date_gmt":"2024-07-10T01:19:47","guid":{"rendered":"https:\/\/denverzoo.org\/?page_id=37432"},"modified":"2026-04-13T16:46:05","modified_gmt":"2026-04-13T22:46:05","slug":"support-crypto","status":"publish","type":"page","link":"https:\/\/denverzoo.org\/es\/support-crypto\/","title":{"rendered":"Soporte | Cripto"},"content":{"rendered":"<div  class='lhl-section urbi-component urbi-component front_view lhl_comp_width_inherit lhl_spacing_t_09 lhl_spacing_b_02 lhl_spacing_l_00 lhl_spacing_r_00 section-background-t' ><div class=\"urbi-component-inner\">\n    <div class=\"is-layout-constrained\">\n\n<p><\/p>\n\n\n\n<p class=\"has-text-align-center\">Realizar una donaci\u00f3n en criptomonedas a Denver Zoo Conservation Alliance nos permite inspirar a las comunidades a salvar la vida silvestre para las generaciones futuras. Apoye a DZCA haciendo una donaci\u00f3n ben\u00e9fica en criptomonedas. Aceptamos donaciones en Bitcoin, Ethereum y m\u00e1s de 100 criptomonedas principales adicionales.<\/p>\n\n\n\r\n\r\n<div  class='lhl-text-and-image urbi-component urbi-component front_view lhl_comp_width_inherit lhl_spacing_t_07 lhl_spacing_b_07 lhl_spacing_l_00 lhl_spacing_r_00 section-background-t' >\r\n<div class=\"urbi-component-inner\">\r\n\r\n    <div class=\"text_and_image_comp_inner lhl_grid_default lhl_grid uk-grid-match\" uk-grid>\r\n\r\n                <div class=\"lhl_grid_col lhl-text-and-image__col-img lhl_width_2_5@s\">\r\n\r\n            \r\n                \r\n                                    <div class=\"default-image-container\">\r\n                                                    <img decoding=\"async\" width=\"530\" height=\"340\" src=\"https:\/\/denverzoo.org\/wp-content\/uploads\/2025\/10\/24-PHL-332-Colorado-Gives-Day_Website-Placements_PRIMARY_530x340_v1.0_ZL_9.22.25_Collage.png\" class=\"urbi-img img-class\" alt=\"\" loading=\"lazy\" srcset=\"https:\/\/denverzoo.org\/wp-content\/uploads\/2025\/10\/24-PHL-332-Colorado-Gives-Day_Website-Placements_PRIMARY_530x340_v1.0_ZL_9.22.25_Collage.png 530w, https:\/\/denverzoo.org\/wp-content\/uploads\/2025\/10\/24-PHL-332-Colorado-Gives-Day_Website-Placements_PRIMARY_530x340_v1.0_ZL_9.22.25_Collage-220x141.png 220w, https:\/\/denverzoo.org\/wp-content\/uploads\/2025\/10\/24-PHL-332-Colorado-Gives-Day_Website-Placements_PRIMARY_530x340_v1.0_ZL_9.22.25_Collage-50x32.png 50w, https:\/\/denverzoo.org\/wp-content\/uploads\/2025\/10\/24-PHL-332-Colorado-Gives-Day_Website-Placements_PRIMARY_530x340_v1.0_ZL_9.22.25_Collage-18x12.png 18w\" sizes=\"auto, (max-width: 530px) 100vw, 530px\" \/>                                            <\/div>\r\n                \r\n                \r\n            \r\n            \r\n                    <\/div>\r\n\r\n                <div class=\"lhl_grid_col lhl-text-and-image__col-text lhl_width_3_5@s\">\r\n            <div class=\"lhl-text-and-image__col-text-inner lhl_spacing_03\" style=\"\">\r\n                <div class=\"acf-innerblocks-container\">\n\n<h3 class=\"wp-block-heading has-text-align-center has-forest-shadow-color has-text-color has-link-color wp-elements-16be6e3a8fd7e9fe42e97b12407c5b03\"><strong>APOYAR LA EXCELENCIA VETERINARIA<\/strong><\/h3>\n\n\n\n<p class=\"has-text-align-center has-forest-shadow-color has-text-color has-link-color wp-elements-d78cb68c951068e821cb79260b3e6f73\"><strong>Desde ahora hasta el 9 de diciembre, si donas $500 o m\u00e1s a trav\u00e9s de criptomonedas, tendr\u00e1s la oportunidad de realizar una visita guiada entre bastidores con Rudy el rinoceronte, Viktor el tigre o nuestra fabulosa bandada de flamencos.<\/strong><\/p>\n\n\n    \r\n    \r\n    <div class='urbi_button_link center'><a class=\"urbi-link lhl_button lhl_button--small lhl_button_color_default lhl_button_width_default lhl_button--block\" href=\"https:\/\/www.coloradogives.org\/organization\/Denverzoo\" target=\"_blank\" rel=\"noopener noreferrer\" >Dar ahora<\/a><\/div>\n<\/div>\r\n            <\/div>\r\n        <\/div>\r\n    <\/div>\r\n<\/div>\r\n<\/div>\n\n\n<div class=\"wp-block-columns is-layout-flex wp-container-core-columns-is-layout-28f84493 wp-block-columns-is-layout-flex\">\n<div class=\"wp-block-column is-layout-flow wp-block-column-is-layout-flow\"><\/div>\n\n\n\n<div class=\"wp-block-column is-layout-flow wp-block-column-is-layout-flow\">\n<script id=\"tgb-widget-script\"> !function t(e,i,n,g,r,s,d,a,y,w,c,o){var p=\"tgbWidgetOptions\";e[p]?(e[p]=e[p].length?e[p]:[e[p]], e[p].push({id:r,domain:g,buttonId:d,scriptId:s,uiVersion:a,donationFlow:y,fundraiserId:w})) :e[p]={id:r,domain:g,buttonId:d,scriptId:s,uiVersion:a,donationFlow:y,fundraiserId:w}, (c=i.createElement(n)).src=[g,\"widget\/script.js\"].join(\"\"),c.async=1, (o=i.getElementById(s)).parentNode.insertBefore(c,o) }(window,document,\"script\",\"https:\/\/tgbwidget.com\/\",\"1189133276\",\"tgb-widget-script\",\"tgb-widget-button\", \"2\", \"\", \"\"); <\/script>\n<\/div>\n\n\n\n<div class=\"wp-block-column is-layout-flow wp-block-column-is-layout-flow\"><\/div>\n<\/div>\n\n<\/div>\n\n<\/div>\n<\/div>\n\n\n\n\n<div  class='lhl-section urbi-component urbi-component front_view lhl_comp_width_wide lhl_spacing_t_04 lhl_spacing_b_04 lhl_spacing_l_00 lhl_spacing_r_00 section-background-t' ><div class=\"urbi-component-inner\">\n    <div class=\"is-layout-constrained\">\n\n<h4 class=\"wp-block-heading has-text-align-center\">Aqu\u00ed hay ejemplos de c\u00f3mo su don transformador puede <a href=\"\/es\/open-arms\/\">Los brazos abiertos<\/a>, <a href=\"\/es\/open-hearts\/\">Corazones abiertos<\/a>, y <a href=\"\/es\/open-spaces\/\">Espacios abiertos<\/a>:<\/h4>\n\n\n\n<figure class=\"wp-block-image size-full\"><img loading=\"lazy\" decoding=\"async\" width=\"1512\" height=\"489\" src=\"https:\/\/denverzoo.org\/wp-content\/uploads\/2024\/08\/GreatWildOpen_Stats.png\" alt=\"\" class=\"wp-image-38390\" srcset=\"https:\/\/denverzoo.org\/wp-content\/uploads\/2024\/08\/GreatWildOpen_Stats.png 1512w, https:\/\/denverzoo.org\/wp-content\/uploads\/2024\/08\/GreatWildOpen_Stats-220x71.png 220w, https:\/\/denverzoo.org\/wp-content\/uploads\/2024\/08\/GreatWildOpen_Stats-1024x331.png 1024w, https:\/\/denverzoo.org\/wp-content\/uploads\/2024\/08\/GreatWildOpen_Stats-768x248.png 768w, https:\/\/denverzoo.org\/wp-content\/uploads\/2024\/08\/GreatWildOpen_Stats-50x16.png 50w, https:\/\/denverzoo.org\/wp-content\/uploads\/2024\/08\/GreatWildOpen_Stats-18x6.png 18w\" sizes=\"auto, (max-width: 1512px) 100vw, 1512px\" \/><\/figure>\n\n<\/div>\n\n<\/div>\n<\/div>\n\n\n\n\n<div  class='lhl-section urbi-component urbi-component front_view lhl_comp_width_inherit lhl_spacing_t_04 lhl_spacing_b_03 lhl_spacing_l_00 lhl_spacing_r_00 section-background-t' ><div class=\"urbi-component-inner\">\n    <div class=\"is-layout-constrained\">\n\n<h2 class=\"wp-block-heading\">Preguntas frecuentes (FAQ)<\/h2>\n\n<\/div>\n\n<\/div>\n<\/div>\n\n\n\n<div  class='lhl-accordion urbi-component urbi-component front_view lhl_comp_width_inherit lhl_spacing_t_04 lhl_spacing_b_09 lhl_spacing_l_00 lhl_spacing_r_00 section-background-t' ><div class=\"urbi-component-inner\">\n    <ul id=\"accordion-57bf0\" class=\"uk-accordion lhl-accordion-items\" uk-accordion data-id=\"accordion-57bf0\"><li id=\"accordion-57bf0--how-can-i-donate-cryptocurrency-to-dzca-no\" class=\"lhl-accordion-item lhl_mb_40\" data-id=\"accordion-57bf0--how-can-i-donate-cryptocurrency-to-dzca\"><a class=\"uk-accordion-title lhl-accordion-item-title\" href=\"#\"> \u00bfC\u00f3mo puedo donar criptomonedas a DZCA?<\/a><div class=\"uk-accordion-content lhl-accordion-item-content\"><div>Donar criptomonedas es seguro, f\u00e1cil y r\u00e1pido. Utilizando el formulario de donaci\u00f3n de esta p\u00e1gina, hacer una donaci\u00f3n ben\u00e9fica es un proceso r\u00e1pido de tres pasos:<\/div>\n<div>1. Seleccione su criptomoneda preferida e ingrese el monto de su regalo<br \/>\n2. Escribe tu correo electr\u00f3nico y tus datos b\u00e1sicos (o elige darlos de forma an\u00f3nima)<br \/>\n3. \u00a1Haz tu regalo!<\/div>\n<div>Al realizar una donaci\u00f3n, puede optar por recibir un recibo de impuestos generado autom\u00e1ticamente que se enviar\u00e1 a la direcci\u00f3n de correo electr\u00f3nico que proporcione despu\u00e9s de una cierta cantidad de confirmaciones de la transacci\u00f3n en la cadena de bloques. Esta confirmaci\u00f3n de su donaci\u00f3n lo ayudar\u00e1 a cerrar el c\u00edrculo al calcular sus impuestos. Las donaciones de criptomonedas a organizaciones ben\u00e9ficas se procesan de manera r\u00e1pida y segura con The Giving Block y Gemini Trust Exchange.<\/div>\n<\/div><\/li><li id=\"accordion-57bf0--why-does-dzca-accept-cryptocurrency-no\" class=\"lhl-accordion-item lhl_mb_40\" data-id=\"accordion-57bf0--why-does-dzca-accept-cryptocurrency\"><a class=\"uk-accordion-title lhl-accordion-item-title\" href=\"#\">\u00bfPor qu\u00e9 DZCA acepta criptomonedas?<\/a><div class=\"uk-accordion-content lhl-accordion-item-content\"><p>La filantrop\u00eda criptogr\u00e1fica es una nueva y emocionante v\u00eda de recaudaci\u00f3n de fondos para organizaciones sin fines de lucro como DZCA. Con m\u00e1s de 300 millones de usuarios de criptomonedas en todo el mundo y el valor de muchas criptomonedas en aumento, la comunidad criptogr\u00e1fica est\u00e1 en condiciones de generar un impacto de amplio alcance a trav\u00e9s de la filantrop\u00eda. Donar criptomonedas tambi\u00e9n es una de las formas m\u00e1s eficientes desde el punto de vista fiscal para que las personas apoyen causas que les importan. Estamos entusiasmados con lo que depara el futuro en el espacio de las criptomonedas y la cadena de bloques, y creemos que apenas hemos ara\u00f1ado la superficie de su verdadero potencial de recaudaci\u00f3n de fondos.<\/p>\n<\/div><\/li><li id=\"accordion-57bf0--which-cryptocurrencies-do-you-accept-no\" class=\"lhl-accordion-item lhl_mb_40\" data-id=\"accordion-57bf0--which-cryptocurrencies-do-you-accept\"><a class=\"uk-accordion-title lhl-accordion-item-title\" href=\"#\">\u00bfQu\u00e9 criptomonedas aceptan?<\/a><div class=\"uk-accordion-content lhl-accordion-item-content\"><div>\n<p>Actualmente aceptamos m\u00e1s de 100 criptomonedas, incluidas:<\/p>\n<\/div>\n<div>\n<p>Bitcoin (BTC), Ethereum (ETH), USD Coin (USD), Tether (USDT), XRP (XRP), Avalanche (AVAX), Samoyedcoin (SAMO), Galxe (GAL), STEPN (GMT), Tune.FM (JAM), Chiliz (CHZ), Qredo (QRDO), Polkadot (DOT), Solana (SOL), Dogecoin (DOGE), Shiba Inu (SHIB), Polygon (MATIC), Dai (DAI), Litecoin (LTC), ChainLink (LINK), Uniswap (UNI), Bitcoin Cash (BCH), Decentraland (MANA), Filecoin (FIL), The Sandbox (SAND), ApeCoin (APE), Fantom (FTM), Axie Infinity Shards (AXS), Tezos (XTZ), Aave (AAVE), Zcash (ZEC), Maker (MKR), The Graph (GRT), Gala (GALA), Quant (QNT), Enjin Coin (ENJ), Loopring (LRC), Synthetix (SNX), Basic Attention Token (BAT), Curve Dao Token (CRV), Amp (AMP), Compound (COMP), Skale (SKL), PAX Gold (PAXG), yearn.finance (YFI), Ankr (ANKR), 0x (ZRX), Livepeer (LPT), Render Token (RNDR), Dogelon Mars (ELON), UMA (UMA), SushiSwap (SUSHI), Storj (STORJ), Ren (REN), Lido (LDO), Ethereum Name Service (ENS), Injective (INJ), Fetch.ai (FET), Orchid (OXT), API3 (API3), Mask Network (MASK), Somnium Space (CUBE), Gemini Dollar (GUSD) \u00a1y m\u00e1s!<\/p>\n<\/div>\n<div>\n<p>Estamos continuamente en proceso de agregar soporte para nuevas criptomonedas, as\u00ed que vuelva pronto para conocer m\u00e1s opciones de donaci\u00f3n.<\/p>\n<\/div>\n<div>Si no ve una criptomoneda en la que le gustar\u00eda donar, complete este formulario\u00a0<a href=\"https:\/\/thegivingblock.com\/resources\/donate-other-cryptocurrencies\/?_ga=2.76752982.2141586092.1722971742-354281181.1717607084\" target=\"_blank\" rel=\"noopener noreferrer\">forma<\/a>\u00a0para estar conectado con nuestros socios de Crypto Philanthropy en The Giving Block.<\/div>\n<\/div><\/li><li id=\"accordion-57bf0--are-crypto-donations-tax-deductible-no\" class=\"lhl-accordion-item lhl_mb_40\" data-id=\"accordion-57bf0--are-crypto-donations-tax-deductible\"><a class=\"uk-accordion-title lhl-accordion-item-title\" href=\"#\">\u00bfLas donaciones en criptomonedas son deducibles de impuestos?<\/a><div class=\"uk-accordion-content lhl-accordion-item-content\"><div>\u00a1S\u00ed! Las donaciones en criptomonedas son una de las formas m\u00e1s eficientes desde el punto de vista fiscal de realizar donaciones a organizaciones ben\u00e9ficas. Su donaci\u00f3n en criptomonedas es deducible de impuestos en la medida m\u00e1xima permitida por la ley si paga impuestos en los EE. UU. Al realizar una donaci\u00f3n ben\u00e9fica, tambi\u00e9n puede ser elegible para reducir significativamente lo que de otro modo deber\u00eda pagar en impuestos sobre las ganancias de capital.<\/div>\n<div>Al igual que con cualquier pregunta relacionada con impuestos, aseg\u00farese de consultar con un asesor fiscal calificado y profesional. Obtenga m\u00e1s informaci\u00f3n sobre c\u00f3mo reducir sus impuestos sobre criptomonedas.<\/div>\n<\/div><\/li><li id=\"accordion-57bf0--i-need-assistance-with-my-donation-how-can-i-get-in-touch-no\" class=\"lhl-accordion-item lhl_mb_40\" data-id=\"accordion-57bf0--i-need-assistance-with-my-donation-how-can-i-get-in-touch\"><a class=\"uk-accordion-title lhl-accordion-item-title\" href=\"#\">Necesito ayuda con mi donaci\u00f3n. \u00bfC\u00f3mo puedo ponerme en contacto?<\/a><div class=\"uk-accordion-content lhl-accordion-item-content\"><p>Gracias por su inter\u00e9s en apoyar a DZCA. Para contactarnos y hacer una donaci\u00f3n en criptomonedas, env\u00edenos un correo electr\u00f3nico a\u00a0<a class=\"autolinked\" href=\"mailto:ebrenengen@denverzoo.org\" target=\"_blank\" rel=\"noopener noreferrer\" data-behavior=\"truncate\">ebrenengen@denverzoo.org<\/a>\u00a0con el asunto: \u201cDonaci\u00f3n de criptomonedas\u201d.<\/p>\n<\/div><\/li><\/ul>\n<\/div>\n\n<\/div>","protected":false},"excerpt":{"rendered":"","protected":false},"author":82,"featured_media":38190,"parent":0,"menu_order":0,"comment_status":"closed","ping_status":"closed","template":"","meta":{"_acf_changed":false,"_relevanssi_hide_post":"","_relevanssi_hide_content":"","_relevanssi_pin_for_all":"","_relevanssi_pin_keywords":"","_relevanssi_unpin_keywords":"","_relevanssi_related_keywords":"","_relevanssi_related_include_ids":"","_relevanssi_related_exclude_ids":"","_relevanssi_related_no_append":"","_relevanssi_related_not_related":"","_relevanssi_related_posts":"116,121,123,538,1202,1775","_relevanssi_noindex_reason":"","footnotes":""},"class_list":["post-37432","page","type-page","status-publish","has-post-thumbnail","hentry"],"acf":[],"_links":{"self":[{"href":"https:\/\/denverzoo.org\/es\/wp-json\/wp\/v2\/pages\/37432","targetHints":{"allow":["GET"]}}],"collection":[{"href":"https:\/\/denverzoo.org\/es\/wp-json\/wp\/v2\/pages"}],"about":[{"href":"https:\/\/denverzoo.org\/es\/wp-json\/wp\/v2\/types\/page"}],"author":[{"embeddable":true,"href":"https:\/\/denverzoo.org\/es\/wp-json\/wp\/v2\/users\/82"}],"replies":[{"embeddable":true,"href":"https:\/\/denverzoo.org\/es\/wp-json\/wp\/v2\/comments?post=37432"}],"version-history":[{"count":1,"href":"https:\/\/denverzoo.org\/es\/wp-json\/wp\/v2\/pages\/37432\/revisions"}],"predecessor-version":[{"id":44822,"href":"https:\/\/denverzoo.org\/es\/wp-json\/wp\/v2\/pages\/37432\/revisions\/44822"}],"wp:featuredmedia":[{"embeddable":true,"href":"https:\/\/denverzoo.org\/es\/wp-json\/wp\/v2\/media\/38190"}],"wp:attachment":[{"href":"https:\/\/denverzoo.org\/es\/wp-json\/wp\/v2\/media?parent=37432"}],"curies":[{"name":"gracias","href":"https:\/\/api.w.org\/{rel}","templated":true}]}}