{"id":37654,"date":"2024-07-11T18:04:43","date_gmt":"2024-07-12T00:04:43","guid":{"rendered":"https:\/\/denverzoo.org\/?page_id=37654"},"modified":"2025-07-07T15:24:49","modified_gmt":"2025-07-07T21:24:49","slug":"hot-weather","status":"publish","type":"page","link":"https:\/\/denverzoo.org\/es\/hot-weather\/","title":{"rendered":"Vence el calor: disfruta de la madrugada"},"content":{"rendered":"<div  class='lhl-section urbi-component urbi-component front_view lhl_comp_width_inherit lhl_spacing_t_09 lhl_spacing_b_09 lhl_spacing_l_00 lhl_spacing_r_00 section-background-t' ><div class=\"urbi-component-inner\">\n    <div class=\"is-layout-constrained\">\n\n<p class=\"has-text-align-center\"><br><strong>Mi\u00e9rcoles 9 de julio,<\/strong> Abriremos nuestras puertas temprano a las 7:30 a. m. para todos los invitados y miembros. Las entradas que ya hayan comprado para estas fechas ser\u00e1n v\u00e1lidas para entrar en cualquier momento.<br><\/p>\n\n\n\n<p class=\"has-text-align-center\">Combata el calor y disfrute de una visita m\u00e1s fresca y c\u00f3moda con demostraciones tempranas con animales y aventuras matutinas exclusivas.<\/p>\n\n\n    \r\n    \r\n    <div class='urbi_button_link center'><a class=\"urbi-link lhl_button lhl_button--small lhl_button_color_default lhl_button_width_default lhl_button--block\" href=\"https:\/\/my.denverzoo.org\/events?kid=5&#038;view=calendar\" target=\"\" rel=\"noopener noreferrer\" >Obt\u00e9n Boletos<\/a><\/div>\n<\/div>\n\n<\/div>\n<\/div>\n\n\r\n\r\n<div  class='lhl-text-and-image urbi-component urbi-component front_view lhl_comp_width_inherit lhl_spacing_t_04 lhl_spacing_b_09 lhl_spacing_l_00 lhl_spacing_r_00 section-background-t' >\r\n<div class=\"urbi-component-inner\">\r\n\r\n    <div class=\"text_and_image_comp_inner lhl_grid_default lhl_grid uk-grid-match\" uk-grid>\r\n\r\n                <div class=\"lhl_grid_col lhl-text-and-image__col-img lhl_width_1_2@m\">\r\n\r\n            \r\n                \r\n                \r\n                                                            <div class=\"uk-cover-container\">\r\n                                                            <img loading='lazy' src='' alt='' uk-cover \/>\r\n                            \r\n                                                            <img decoding=\"async\" width=\"570\" height=\"380\" src=\"https:\/\/denverzoo.org\/wp-content\/uploads\/2023\/03\/elephant-billy-small.jpg\" class=\"urbi-img img-class\" alt=\"\" loading=\"lazy\" uk-cover=\"\" srcset=\"https:\/\/denverzoo.org\/wp-content\/uploads\/2023\/03\/elephant-billy-small.jpg 1200w, https:\/\/denverzoo.org\/wp-content\/uploads\/2023\/03\/elephant-billy-small-220x147.jpg 220w, https:\/\/denverzoo.org\/wp-content\/uploads\/2023\/03\/elephant-billy-small-768x512.jpg 768w, https:\/\/denverzoo.org\/wp-content\/uploads\/2023\/03\/elephant-billy-small-1024x683.jpg 1024w, https:\/\/denverzoo.org\/wp-content\/uploads\/2023\/03\/elephant-billy-small-18x12.jpg 18w\" sizes=\"auto, (max-width: 570px) 100vw, 570px\" \/>                            \r\n                        <\/div>\r\n                                    \r\n            \r\n            \r\n                    <\/div>\r\n\r\n                <div class=\"lhl_grid_col lhl-text-and-image__col-text lhl_width_1_2@m\">\r\n            <div class=\"lhl-text-and-image__col-text-inner lhl_spacing_03\" style=\"\">\r\n                <div class=\"acf-innerblocks-container\">\n\n<h2 class=\"wp-block-heading\">\u00a1Ven temprano!<\/h2>\n\n\n\n<p>\u00a1Vence el calor y disfruta de toda la diversi\u00f3n temprano en el d\u00eda! Nuestras demostraciones con animales y experiencias incre\u00edbles, como Stingray Cove y Conservation Carousel, se disfrutar\u00e1n mejor temprano en el d\u00eda. \u00a1Aseg\u00farate de consultar el programa diario para no perderte nada!<\/p>\n\n\n    \r\n    \r\n    <div class='urbi_button_link'><a class=\"urbi-link lhl_button lhl_button--small lhl_button_color_default lhl_button_width_default lhl_button--block\" href=\"\/es\/experience\/daily-schedule\/\" target=\"\" rel=\"noopener noreferrer\" >Horario de hoy<\/a><\/div>\n<\/div>\r\n            <\/div>\r\n        <\/div>\r\n    <\/div>\r\n<\/div>\r\n<\/div>\n\n\r\n\r\n\r\n<div  class='urbi-two-card-block urbi-component urbi-component front_view lhl_comp_width_inherit lhl_spacing_t_04 lhl_spacing_b_04 lhl_spacing_l_00 lhl_spacing_r_00 section-background-t' ><div class=\"urbi-component-inner\">\r\n    <div class=\"uk-child-width-1-2@s uk-grid uk-grid-match\" uk-grid>\r\n\r\n        <div class=\"uk-width-1-2@m\">\n<div class=\"urbi-card urbi-card--shadow-3 urbi-card--with-tags urbi-card--has_cta\">\n    <div class=\"uk-card-media-top urbi-card--img\">\n\n                                    <img loading=\"lazy\" decoding=\"async\" width=\"610\" height=\"360\" src=\"https:\/\/denverzoo.org\/wp-content\/uploads\/2022\/08\/Samburu-610x360.jpg\" class=\"urbi-img urbi-featured-homme-img\" alt=\"\" srcset=\"https:\/\/denverzoo.org\/wp-content\/uploads\/2022\/08\/Samburu-610x360.jpg 610w, https:\/\/denverzoo.org\/wp-content\/uploads\/2022\/08\/Samburu-18x12.jpg 18w\" sizes=\"auto, (max-width: 610px) 100vw, 610px\" \/>                    \n        \n    <\/div>\n    <div class=\"urbi-card--txt uk-text-left\">\n\n                    <h3 class=\"urbi-card__title\">\n                Mantente hidratado            <\/h3>\n        \n        \n                    <div class=\"urbi-card__description\">\n                Combate el calor y mantente hidratado visitando nuestros lugares de comida y bebida que ofrecen bebidas refrescantes para mantenerte fresco durante los calurosos d\u00edas de verano.            <\/div>\n        \n                    <div class=\"urbi-card__cta_container\">\n                <a class=\"urbi-link urbi-card__cta lhl_button lhl_button_type_solid lhl_button_color_default lhl_button_width_default\" href=\"https:\/\/denverzoo.org\/es\/things-to-do\/?_to_do_by_type=food-and-drink\" target=\"_self\" rel=\"noopener noreferrer\" >Aprende m\u00e1s<\/a>            <\/div>\n            <\/div>\n<\/div><\/div><div class=\"uk-width-1-2@m\">\n<div class=\"urbi-card urbi-card--shadow-3 urbi-card--with-tags urbi-card--has_cta\">\n    <div class=\"uk-card-media-top urbi-card--img\">\n\n                                    <img loading=\"lazy\" decoding=\"async\" width=\"600\" height=\"360\" src=\"https:\/\/denverzoo.org\/wp-content\/uploads\/2024\/07\/mister-600x360.png\" class=\"urbi-img urbi-featured-homme-img\" alt=\"\" srcset=\"https:\/\/denverzoo.org\/wp-content\/uploads\/2024\/07\/mister-600x360.png 600w, https:\/\/denverzoo.org\/wp-content\/uploads\/2024\/07\/mister-398x239.png 398w\" sizes=\"auto, (max-width: 600px) 100vw, 600px\" \/>                    \n        \n    <\/div>\n    <div class=\"urbi-card--txt uk-text-left\">\n\n                    <h3 class=\"urbi-card__title\">\n                Consejos para climas c\u00e1lidos            <\/h3>\n        \n        \n                    <div class=\"urbi-card__description\">\n                A medida que aumentan las temperaturas, tenemos muchos consejos y trucos para ayudarle a disfrutar c\u00f3modamente de su visita. Desde aperturas temprano en la ma\u00f1ana hasta \u00e1reas de descanso con sombra y delicias refrescantes, descubra ho...            <\/div>\n        \n                    <div class=\"urbi-card__cta_container\">\n                <a class=\"urbi-link urbi-card__cta lhl_button lhl_button_type_solid lhl_button_color_default lhl_button_width_default\" href=\"\/es\/hot-weather-tips\/\" target=\"_self\" rel=\"noopener noreferrer\" >Obtener consejos<\/a>            <\/div>\n            <\/div>\n<\/div><\/div>\r\n    <\/div>\r\n<\/div>\r\n<\/div>\n\n\n\n\n<div  class='lhl-section urbi-component urbi-component front_view lhl_comp_width_inherit lhl_spacing_t_04 lhl_spacing_b_09 lhl_spacing_l_05 lhl_spacing_r_05 section-background-t' ><div class=\"urbi-component-inner\">\n    <div class=\"is-layout-constrained\">\n\n<p class=\"has-text-align-center\" style=\"font-size:14px\"><em><strong>Aviso a hu\u00e9spedes para animales de servicio<\/strong>: le pedimos que tenga en cuenta el estr\u00e9s potencial que el calor y el pavimento caliente pueden causar a su animal de servicio. Aseg\u00farese de que est\u00e9n frescos, hidratados y seguros durante su visita.<\/em> &nbsp;<\/p>\n\n<\/div>\n\n<\/div>\n<\/div>","protected":false},"excerpt":{"rendered":"","protected":false},"author":11,"featured_media":26345,"parent":0,"menu_order":0,"comment_status":"closed","ping_status":"closed","template":"","meta":{"_acf_changed":false,"_relevanssi_hide_post":"","_relevanssi_hide_content":"","_relevanssi_pin_for_all":"","_relevanssi_pin_keywords":"","_relevanssi_unpin_keywords":"","_relevanssi_related_keywords":"","_relevanssi_related_include_ids":"","_relevanssi_related_exclude_ids":"","_relevanssi_related_no_append":"","_relevanssi_related_not_related":"","_relevanssi_related_posts":"116,121,123,538,1202,1775","_relevanssi_noindex_reason":"","footnotes":""},"class_list":["post-37654","page","type-page","status-publish","has-post-thumbnail","hentry"],"acf":[],"_links":{"self":[{"href":"https:\/\/denverzoo.org\/es\/wp-json\/wp\/v2\/pages\/37654","targetHints":{"allow":["GET"]}}],"collection":[{"href":"https:\/\/denverzoo.org\/es\/wp-json\/wp\/v2\/pages"}],"about":[{"href":"https:\/\/denverzoo.org\/es\/wp-json\/wp\/v2\/types\/page"}],"author":[{"embeddable":true,"href":"https:\/\/denverzoo.org\/es\/wp-json\/wp\/v2\/users\/11"}],"replies":[{"embeddable":true,"href":"https:\/\/denverzoo.org\/es\/wp-json\/wp\/v2\/comments?post=37654"}],"version-history":[{"count":0,"href":"https:\/\/denverzoo.org\/es\/wp-json\/wp\/v2\/pages\/37654\/revisions"}],"wp:featuredmedia":[{"embeddable":true,"href":"https:\/\/denverzoo.org\/es\/wp-json\/wp\/v2\/media\/26345"}],"wp:attachment":[{"href":"https:\/\/denverzoo.org\/es\/wp-json\/wp\/v2\/media?parent=37654"}],"curies":[{"name":"gracias","href":"https:\/\/api.w.org\/{rel}","templated":true}]}}