{"id":38676,"date":"2024-09-16T08:35:25","date_gmt":"2024-09-16T14:35:25","guid":{"rendered":"https:\/\/denverzoo.org\/?page_id=38676"},"modified":"2025-10-01T16:35:37","modified_gmt":"2025-10-01T22:35:37","slug":"wild-fall-guide-book","status":"publish","type":"page","link":"https:\/\/denverzoo.org\/es\/wild-fall-guide-book\/","title":{"rendered":"Gu\u00eda de personajes de Cryptid + Mapa"},"content":{"rendered":"<div  class='lhl-section urbi-component urbi-component front_view lhl_comp_width_inherit lhl_spacing_t_09 lhl_spacing_b_09 lhl_spacing_l_00 lhl_spacing_r_00 section-background-t' ><div class=\"urbi-component-inner\">\n    <div class=\"is-layout-constrained\">\n\n<p class=\"has-text-align-center\">Haga clic a continuaci\u00f3n para ver nuestra gu\u00eda y obtener m\u00e1s informaci\u00f3n sobre estos misteriosos cr\u00edptidos y sus avistamientos en Denver Zoo Conservation Alliance.<\/p>\n\n\n    \r\n    \r\n    <div class='urbi_button_link center'><a class=\"urbi-link lhl_button lhl_button--small lhl_button_color_default lhl_button_width_default lhl_button--block\" href=\"https:\/\/denverzoo.org\/wp-content\/uploads\/2025\/09\/25-MKT-407-Fall-Marketing_Cryptid-Guidebook_v2.0_SR_9.12.25_WEB-Small.pdf\" target=\"\" rel=\"noopener noreferrer\" >Gu\u00eda en ingl\u00e9s<\/a><\/div>\n\n    \r\n    \r\n    <div class='urbi_button_link center'><a class=\"urbi-link lhl_button lhl_button--small lhl_button_color_default lhl_button_width_default lhl_button--block\" href=\"https:\/\/denverzoo.org\/wp-content\/uploads\/2025\/09\/25-MKT-407-Fall-Marketing_Cryptid-Guidebook_Spanish_v2.0_SR_9.12.25_WEB-Small.pdf\" target=\"\" rel=\"noopener noreferrer\" >Gu\u00eda tur\u00edstica en espa\u00f1ol<\/a><\/div>\n\n\n<p class=\"has-text-align-center\">Haga clic a continuaci\u00f3n para ver nuestro mapa de eventos Boo at the Zoo.<\/p>\n\n\n    \r\n    \r\n    <div class='urbi_button_link center'><a class=\"urbi-link lhl_button lhl_button--small lhl_button_color_default lhl_button_width_default lhl_button--block\" href=\"https:\/\/denverzoo.org\/wp-content\/uploads\/2025\/09\/2025-BATZ-Map_11x17_PRESS.png\" target=\"_blank\" rel=\"noopener noreferrer\" >Descargar Mapa<\/a><\/div>\n\n\n<p class=\"has-text-align-center\">Haga clic a continuaci\u00f3n para descargar nuestra Gu\u00eda sensorial y nuestra historia social.<\/p>\n\n\n    \r\n    \r\n    <div class='urbi_button_link center'><a class=\"urbi-link lhl_button lhl_button--small lhl_button_color_default lhl_button_width_default lhl_button--block\" href=\"https:\/\/denverzoo.org\/wp-content\/uploads\/2025\/09\/25-MKT-25FallMarketing_BATZSocialStory_SensoryGuide-WEB.pdf\" target=\"_blank\" rel=\"noopener noreferrer\" >Descargar Gu\u00eda Sensorial<\/a><\/div>\n\n\n<div class=\"wp-block-columns is-layout-flex wp-container-core-columns-is-layout-28f84493 wp-block-columns-is-layout-flex\">\n<div class=\"wp-block-column is-layout-flow wp-block-column-is-layout-flow\"><\/div>\n<\/div>\n\n<\/div>\n\n<\/div>\n<\/div>","protected":false},"excerpt":{"rendered":"","protected":false},"author":82,"featured_media":0,"parent":0,"menu_order":0,"comment_status":"closed","ping_status":"closed","template":"","meta":{"_acf_changed":false,"_relevanssi_hide_post":"","_relevanssi_hide_content":"","_relevanssi_pin_for_all":"","_relevanssi_pin_keywords":"","_relevanssi_unpin_keywords":"","_relevanssi_related_keywords":"","_relevanssi_related_include_ids":"","_relevanssi_related_exclude_ids":"","_relevanssi_related_no_append":"","_relevanssi_related_not_related":"","_relevanssi_related_posts":"27288,123,538,116,121,1202","_relevanssi_noindex_reason":"","footnotes":""},"class_list":["post-38676","page","type-page","status-publish","hentry"],"acf":[],"_links":{"self":[{"href":"https:\/\/denverzoo.org\/es\/wp-json\/wp\/v2\/pages\/38676","targetHints":{"allow":["GET"]}}],"collection":[{"href":"https:\/\/denverzoo.org\/es\/wp-json\/wp\/v2\/pages"}],"about":[{"href":"https:\/\/denverzoo.org\/es\/wp-json\/wp\/v2\/types\/page"}],"author":[{"embeddable":true,"href":"https:\/\/denverzoo.org\/es\/wp-json\/wp\/v2\/users\/82"}],"replies":[{"embeddable":true,"href":"https:\/\/denverzoo.org\/es\/wp-json\/wp\/v2\/comments?post=38676"}],"version-history":[{"count":0,"href":"https:\/\/denverzoo.org\/es\/wp-json\/wp\/v2\/pages\/38676\/revisions"}],"wp:attachment":[{"href":"https:\/\/denverzoo.org\/es\/wp-json\/wp\/v2\/media?parent=38676"}],"curies":[{"name":"gracias","href":"https:\/\/api.w.org\/{rel}","templated":true}]}}