{"id":38914,"date":"2024-10-02T21:43:29","date_gmt":"2024-10-03T03:43:29","guid":{"rendered":"https:\/\/denverzoo.org\/?page_id=38914"},"modified":"2024-11-01T15:52:29","modified_gmt":"2024-11-01T21:52:29","slug":"cgd-thank-you","status":"publish","type":"page","link":"https:\/\/denverzoo.org\/es\/cgd-thank-you\/","title":{"rendered":"CGD Gracias"},"content":{"rendered":"<div  class='lhl-section urbi-component urbi-component front_view lhl_comp_width_inherit lhl_spacing_t_09 lhl_spacing_b_09 lhl_spacing_l_00 lhl_spacing_r_00 section-background-t' ><div class=\"urbi-component-inner\">\n    <div class=\"is-layout-constrained\">\n\n<h2 class=\"wp-block-heading has-text-align-center\"><strong>Vidas bien vividas.<\/strong>&nbsp;<\/h2>\n\n\n\n<p class=\"has-text-align-center\"><strong>En este Colorado Gives Day, usted hizo la diferencia <\/strong><br><strong>para la Alianza para la Conservaci\u00f3n del Zool\u00f3gico de Denver. Gracias.<\/strong>&nbsp;<br>&nbsp;<br>Como organizaci\u00f3n sin fines de lucro, DZCA depende de la generosidad de donantes como usted para ayudarnos a hacer TODO lo que hacemos, tanto en nuestro campus hist\u00f3rico de 80 acres como en h\u00e1bitats silvestres de todo el mundo.&nbsp;<\/p>\n\n\n\n<p class=\"has-text-align-center\"><strong>Para expresar tu apoyo a los cuatro vientos, descarga y publica estas publicaciones en las redes sociales. O, para recordarte algo de tu buena acci\u00f3n, disfruta de nuestros fondos de pantalla GRATUITOS con tus residentes favoritos de DZCA. Solo haz clic en &quot;GUARDAR&quot; para descargar.<\/strong><\/p>\n\n\n\n\n\n<div  class='lhl-section urbi-component urbi-component front_view lhl_comp_width_inherit lhl_spacing_t_09 lhl_spacing_b_04 lhl_spacing_l_00 lhl_spacing_r_00 section-background-t' ><div class=\"urbi-component-inner\">\n    <div class=\"is-layout-constrained\">\n\r\n\r\n\r\n<div  class='lhl-three-card-block urbi-component urbi-component front_view lhl_comp_width_inherit lhl_spacing_t_09 lhl_spacing_b_09 lhl_spacing_l_00 lhl_spacing_r_00 section-background-t' ><div class=\"urbi-component-inner\">\r\n    <div class=\"uk-child-width-expand@s uk-grid-match\" uk-grid>\r\n\r\n                        <div class='three_by_one__item uk-width-1-1 uk-width-1-3@m'>\r\n                    <div class='three_by_one__item-inner'>\r\n\r\n                        \n<div class=\"urbi-card urbi-card--shadow-3 urbi-card--featured urbi-card--has_cta\">\n    <div class=\"uk-card-media-top urbi-card--img\">\n\n        <a class=\"urbi-link\" href=\"https:\/\/brandfolder.com\/s\/fr9f75qm8wcttth7wwqj6fr3\" target=\"_self\" rel=\"noopener noreferrer\" aria-label=\"Salvar el imagen\" >                            <img loading=\"lazy\" decoding=\"async\" width=\"398\" height=\"239\" src=\"https:\/\/denverzoo.org\/wp-content\/uploads\/2024\/11\/CGD-2024_FB-Post_1_1200x630-398x239.jpg\" class=\"urbi-img urbi-featured-homme-img\" alt=\"\" \/>                    <\/a>\n    <\/div>\n    <div class=\"urbi-card--txt\">\n        <div class=\"urbi-card__date-meta\">\n                    <\/div>\n        <h3 class=\"urbi-card__title\">\n            Publicaci\u00f3n de Facebook        <\/h3>\n        <div class=\"urbi-card__description\">\n            Elefantes asi\u00e1ticos.        <\/div>\n                    <a class=\"urbi-link urbi-card__cta lhl_button lhl_button_type_solid lhl_button_color_default lhl_button_width_default\" href=\"https:\/\/brandfolder.com\/s\/fr9f75qm8wcttth7wwqj6fr3\" target=\"_self\" rel=\"noopener noreferrer\" title=\"Salvar el imagen\" aria-label=\"Salvar el imagen\" >Salvar el imagen<\/a>            <\/div>\n<\/div>                    <\/div>\r\n                <\/div>\r\n                        <div class='three_by_one__item uk-width-1-1 uk-width-1-3@m'>\r\n                    <div class='three_by_one__item-inner'>\r\n\r\n                        \n<div class=\"urbi-card urbi-card--shadow-3 urbi-card--featured urbi-card--has_cta\">\n    <div class=\"uk-card-media-top urbi-card--img\">\n\n        <a class=\"urbi-link\" href=\"https:\/\/brandfolder.com\/s\/mkwgrw7brn6gf8gxph5sxkjp\" target=\"_self\" rel=\"noopener noreferrer\" aria-label=\"Salvar el imagen\" >                            <img loading=\"lazy\" decoding=\"async\" width=\"398\" height=\"239\" src=\"https:\/\/denverzoo.org\/wp-content\/uploads\/2024\/11\/CGD-2024_FB-Post_2_1200x630-398x239.jpg\" class=\"urbi-img urbi-featured-homme-img\" alt=\"\" \/>                    <\/a>\n    <\/div>\n    <div class=\"urbi-card--txt\">\n        <div class=\"urbi-card__date-meta\">\n                    <\/div>\n        <h3 class=\"urbi-card__title\">\n            Publicaci\u00f3n de Facebook        <\/h3>\n        <div class=\"urbi-card__description\">\n            Betty el gerenuk.        <\/div>\n                    <a class=\"urbi-link urbi-card__cta lhl_button lhl_button_type_solid lhl_button_color_default lhl_button_width_default\" href=\"https:\/\/brandfolder.com\/s\/mkwgrw7brn6gf8gxph5sxkjp\" target=\"_self\" rel=\"noopener noreferrer\" title=\"Salvar el imagen\" aria-label=\"Salvar el imagen\" >Salvar el imagen<\/a>            <\/div>\n<\/div>                    <\/div>\r\n                <\/div>\r\n                        <div class='three_by_one__item uk-width-1-1 uk-width-1-3@m'>\r\n                    <div class='three_by_one__item-inner'>\r\n\r\n                        \n<div class=\"urbi-card urbi-card--shadow-3 urbi-card--featured urbi-card--has_cta\">\n    <div class=\"uk-card-media-top urbi-card--img\">\n\n        <a class=\"urbi-link\" href=\"https:\/\/brandfolder.com\/s\/whsvx58vt3zsg8b397wtv9t\" target=\"_self\" rel=\"noopener noreferrer\" aria-label=\"Salvar el imagen\" >                            <img loading=\"lazy\" decoding=\"async\" width=\"398\" height=\"239\" src=\"https:\/\/denverzoo.org\/wp-content\/uploads\/2024\/11\/CGD-2024_FB-Post_3_1200x630-398x239.jpg\" class=\"urbi-img urbi-featured-homme-img\" alt=\"\" \/>                    <\/a>\n    <\/div>\n    <div class=\"urbi-card--txt\">\n        <div class=\"urbi-card__date-meta\">\n                    <\/div>\n        <h3 class=\"urbi-card__title\">\n            Publicaci\u00f3n de Facebook        <\/h3>\n        <div class=\"urbi-card__description\">\n            Tundra el oso grizzly.        <\/div>\n                    <a class=\"urbi-link urbi-card__cta lhl_button lhl_button_type_solid lhl_button_color_default lhl_button_width_default\" href=\"https:\/\/brandfolder.com\/s\/whsvx58vt3zsg8b397wtv9t\" target=\"_self\" rel=\"noopener noreferrer\" title=\"Salvar el imagen\" aria-label=\"Salvar el imagen\" >Salvar el imagen<\/a>            <\/div>\n<\/div>                    <\/div>\r\n                <\/div>\r\n                        <div class='three_by_one__item uk-width-1-1 uk-width-1-3@m'>\r\n                    <div class='three_by_one__item-inner'>\r\n\r\n                        \n<div class=\"urbi-card urbi-card--shadow-3 urbi-card--featured urbi-card--has_cta\">\n    <div class=\"uk-card-media-top urbi-card--img\">\n\n        <a class=\"urbi-link\" href=\"https:\/\/brandfolder.com\/s\/pr3ptx5wntp7wj3ghzwr8m8q\" target=\"_self\" rel=\"noopener noreferrer\" aria-label=\"Salvar el imagen\" >                            <img loading=\"lazy\" decoding=\"async\" width=\"398\" height=\"239\" src=\"https:\/\/denverzoo.org\/wp-content\/uploads\/2024\/11\/CGD-2024_IG-Post_1_1080x1080-398x239.jpg\" class=\"urbi-img urbi-featured-homme-img\" alt=\"\" \/>                    <\/a>\n    <\/div>\n    <div class=\"urbi-card--txt\">\n        <div class=\"urbi-card__date-meta\">\n            Alto y delgado        <\/div>\n        <h3 class=\"urbi-card__title\">\n            Historia de Instagram        <\/h3>\n        <div class=\"urbi-card__description\">\n            Elefantes asi\u00e1ticos.        <\/div>\n                    <a class=\"urbi-link urbi-card__cta lhl_button lhl_button_type_solid lhl_button_color_default lhl_button_width_default\" href=\"https:\/\/brandfolder.com\/s\/pr3ptx5wntp7wj3ghzwr8m8q\" target=\"_self\" rel=\"noopener noreferrer\" title=\"Salvar el imagen\" aria-label=\"Salvar el imagen\" >Salvar el imagen<\/a>            <\/div>\n<\/div>                    <\/div>\r\n                <\/div>\r\n                        <div class='three_by_one__item uk-width-1-1 uk-width-1-3@m'>\r\n                    <div class='three_by_one__item-inner'>\r\n\r\n                        \n<div class=\"urbi-card urbi-card--shadow-3 urbi-card--featured urbi-card--has_cta\">\n    <div class=\"uk-card-media-top urbi-card--img\">\n\n        <a class=\"urbi-link\" href=\"https:\/\/brandfolder.com\/s\/333z9j447f77xv4mh5sbjktr\" target=\"_self\" rel=\"noopener noreferrer\" aria-label=\"Salvar el imagen\" >                            <img loading=\"lazy\" decoding=\"async\" width=\"398\" height=\"239\" src=\"https:\/\/denverzoo.org\/wp-content\/uploads\/2024\/11\/CGD-2024_IG-Post_2_1080x1080-copy-398x239.jpg\" class=\"urbi-img urbi-featured-homme-img\" alt=\"\" srcset=\"https:\/\/denverzoo.org\/wp-content\/uploads\/2024\/11\/CGD-2024_IG-Post_2_1080x1080-copy-398x239.jpg 398w, https:\/\/denverzoo.org\/wp-content\/uploads\/2024\/11\/CGD-2024_IG-Post_2_1080x1080-copy-18x12.jpg 18w\" sizes=\"auto, (max-width: 398px) 100vw, 398px\" \/>                    <\/a>\n    <\/div>\n    <div class=\"urbi-card--txt\">\n        <div class=\"urbi-card__date-meta\">\n            Alto y delgado        <\/div>\n        <h3 class=\"urbi-card__title\">\n            Historia de Instagram        <\/h3>\n        <div class=\"urbi-card__description\">\n            Betty el gerenuk.        <\/div>\n                    <a class=\"urbi-link urbi-card__cta lhl_button lhl_button_type_solid lhl_button_color_default lhl_button_width_default\" href=\"https:\/\/brandfolder.com\/s\/333z9j447f77xv4mh5sbjktr\" target=\"_self\" rel=\"noopener noreferrer\" title=\"Salvar el imagen\" aria-label=\"Salvar el imagen\" >Salvar el imagen<\/a>            <\/div>\n<\/div>                    <\/div>\r\n                <\/div>\r\n                        <div class='three_by_one__item uk-width-1-1 uk-width-1-3@m'>\r\n                    <div class='three_by_one__item-inner'>\r\n\r\n                        \n<div class=\"urbi-card urbi-card--shadow-3 urbi-card--featured urbi-card--has_cta\">\n    <div class=\"uk-card-media-top urbi-card--img\">\n\n        <a class=\"urbi-link\" href=\"https:\/\/brandfolder.com\/s\/49cx2hcbvjvjh8c2mkqgf7p\" target=\"_self\" rel=\"noopener noreferrer\" aria-label=\"Salvar el imagen\" >                            <img loading=\"lazy\" decoding=\"async\" width=\"398\" height=\"239\" src=\"https:\/\/denverzoo.org\/wp-content\/uploads\/2024\/11\/CGD-2024_IG-Post_3_1080x1080-1-398x239.jpg\" class=\"urbi-img urbi-featured-homme-img\" alt=\"\" srcset=\"https:\/\/denverzoo.org\/wp-content\/uploads\/2024\/11\/CGD-2024_IG-Post_3_1080x1080-1-398x239.jpg 398w, https:\/\/denverzoo.org\/wp-content\/uploads\/2024\/11\/CGD-2024_IG-Post_3_1080x1080-1-18x12.jpg 18w\" sizes=\"auto, (max-width: 398px) 100vw, 398px\" \/>                    <\/a>\n    <\/div>\n    <div class=\"urbi-card--txt\">\n        <div class=\"urbi-card__date-meta\">\n            Alto y delgado        <\/div>\n        <h3 class=\"urbi-card__title\">\n            Historia de Instagram        <\/h3>\n        <div class=\"urbi-card__description\">\n            Tundra el oso grizzly.        <\/div>\n                    <a class=\"urbi-link urbi-card__cta lhl_button lhl_button_type_solid lhl_button_color_default lhl_button_width_default\" href=\"https:\/\/brandfolder.com\/s\/49cx2hcbvjvjh8c2mkqgf7p\" target=\"_self\" rel=\"noopener noreferrer\" title=\"Salvar el imagen\" aria-label=\"Salvar el imagen\" >Salvar el imagen<\/a>            <\/div>\n<\/div>                    <\/div>\r\n                <\/div>\r\n                        <div class='three_by_one__item uk-width-1-1 uk-width-1-3@m'>\r\n                    <div class='three_by_one__item-inner'>\r\n\r\n                        \n<div class=\"urbi-card urbi-card--shadow-3 urbi-card--featured urbi-card--has_cta\">\n    <div class=\"uk-card-media-top urbi-card--img\">\n\n        <a class=\"urbi-link\" href=\"https:\/\/brandfolder.com\/s\/687zxggbkqjgw3jvsgw36fgw\" target=\"_self\" rel=\"noopener noreferrer\" aria-label=\"Salvar el imagen\" >                            <img loading=\"lazy\" decoding=\"async\" width=\"398\" height=\"239\" src=\"https:\/\/denverzoo.org\/wp-content\/uploads\/2024\/11\/CGD-2024_IG-Post_1_1080x1080-398x239.jpg\" class=\"urbi-img urbi-featured-homme-img\" alt=\"\" \/>                    <\/a>\n    <\/div>\n    <div class=\"urbi-card--txt\">\n        <div class=\"urbi-card__date-meta\">\n            Cuadrado        <\/div>\n        <h3 class=\"urbi-card__title\">\n            Publicaci\u00f3n de Instagram        <\/h3>\n        <div class=\"urbi-card__description\">\n            Elefantes asi\u00e1ticos.        <\/div>\n                    <a class=\"urbi-link urbi-card__cta lhl_button lhl_button_type_solid lhl_button_color_default lhl_button_width_default\" href=\"https:\/\/brandfolder.com\/s\/687zxggbkqjgw3jvsgw36fgw\" target=\"_self\" rel=\"noopener noreferrer\" title=\"Salvar el imagen\" aria-label=\"Salvar el imagen\" >Salvar el imagen<\/a>            <\/div>\n<\/div>                    <\/div>\r\n                <\/div>\r\n                        <div class='three_by_one__item uk-width-1-1 uk-width-1-3@m'>\r\n                    <div class='three_by_one__item-inner'>\r\n\r\n                        \n<div class=\"urbi-card urbi-card--shadow-3 urbi-card--featured urbi-card--has_cta\">\n    <div class=\"uk-card-media-top urbi-card--img\">\n\n        <a class=\"urbi-link\" href=\"https:\/\/brandfolder.com\/s\/m6j4swxrn5z7gzh9kz2zkh\" target=\"_self\" rel=\"noopener noreferrer\" aria-label=\"Salvar el imagen\" >                            <img loading=\"lazy\" decoding=\"async\" width=\"398\" height=\"239\" src=\"https:\/\/denverzoo.org\/wp-content\/uploads\/2024\/11\/CGD-2024_IG-Post_2_1080x1080-copy-398x239.jpg\" class=\"urbi-img urbi-featured-homme-img\" alt=\"\" srcset=\"https:\/\/denverzoo.org\/wp-content\/uploads\/2024\/11\/CGD-2024_IG-Post_2_1080x1080-copy-398x239.jpg 398w, https:\/\/denverzoo.org\/wp-content\/uploads\/2024\/11\/CGD-2024_IG-Post_2_1080x1080-copy-18x12.jpg 18w\" sizes=\"auto, (max-width: 398px) 100vw, 398px\" \/>                    <\/a>\n    <\/div>\n    <div class=\"urbi-card--txt\">\n        <div class=\"urbi-card__date-meta\">\n            Cuadrado        <\/div>\n        <h3 class=\"urbi-card__title\">\n            Publicaci\u00f3n de Instagram        <\/h3>\n        <div class=\"urbi-card__description\">\n            Betty el gerenuk.        <\/div>\n                    <a class=\"urbi-link urbi-card__cta lhl_button lhl_button_type_solid lhl_button_color_default lhl_button_width_default\" href=\"https:\/\/brandfolder.com\/s\/m6j4swxrn5z7gzh9kz2zkh\" target=\"_self\" rel=\"noopener noreferrer\" title=\"Salvar el imagen\" aria-label=\"Salvar el imagen\" >Salvar el imagen<\/a>            <\/div>\n<\/div>                    <\/div>\r\n                <\/div>\r\n                        <div class='three_by_one__item uk-width-1-1 uk-width-1-3@m'>\r\n                    <div class='three_by_one__item-inner'>\r\n\r\n                        \n<div class=\"urbi-card urbi-card--shadow-3 urbi-card--featured urbi-card--has_cta\">\n    <div class=\"uk-card-media-top urbi-card--img\">\n\n        <a class=\"urbi-link\" href=\"https:\/\/brandfolder.com\/s\/gj49w8ksc68wxp6c9nmbvhnb\" target=\"_self\" rel=\"noopener noreferrer\" aria-label=\"Salvar el imagen\" >                            <img loading=\"lazy\" decoding=\"async\" width=\"398\" height=\"239\" src=\"https:\/\/denverzoo.org\/wp-content\/uploads\/2024\/11\/CGD-2024_IG-Post_3_1080x1080-1-398x239.jpg\" class=\"urbi-img urbi-featured-homme-img\" alt=\"\" srcset=\"https:\/\/denverzoo.org\/wp-content\/uploads\/2024\/11\/CGD-2024_IG-Post_3_1080x1080-1-398x239.jpg 398w, https:\/\/denverzoo.org\/wp-content\/uploads\/2024\/11\/CGD-2024_IG-Post_3_1080x1080-1-18x12.jpg 18w\" sizes=\"auto, (max-width: 398px) 100vw, 398px\" \/>                    <\/a>\n    <\/div>\n    <div class=\"urbi-card--txt\">\n        <div class=\"urbi-card__date-meta\">\n            Cuadrado        <\/div>\n        <h3 class=\"urbi-card__title\">\n            Publicaci\u00f3n de Instagram        <\/h3>\n        <div class=\"urbi-card__description\">\n            Tundra el oso grizzly.         <\/div>\n                    <a class=\"urbi-link urbi-card__cta lhl_button lhl_button_type_solid lhl_button_color_default lhl_button_width_default\" href=\"https:\/\/brandfolder.com\/s\/gj49w8ksc68wxp6c9nmbvhnb\" target=\"_self\" rel=\"noopener noreferrer\" title=\"Salvar el imagen\" aria-label=\"Salvar el imagen\" >Salvar el imagen<\/a>            <\/div>\n<\/div>                    <\/div>\r\n                <\/div>\r\n            <\/div>\r\n<\/div>\r\n<\/div>\n<\/div>\n\n<\/div>\n<\/div>\n<\/div>\n\n<\/div>\n<\/div>\n\n\n\n\n<div  class='lhl-section urbi-component urbi-component front_view lhl_spacing_t_04 lhl_spacing_b_09 lhl_spacing_l_00 lhl_spacing_r_00 section-background-t urbi-component-bg--white  bg-pattern-option3' ><div class=\"urbi-component-inner\">\n    <div class=\"is-layout-constrained\">\n\n\n\n<div  class='urbi\/tiles urbi-component urbi-component front_view' >\n<div class=\"uk-child-width-1-2@s uk-grid-match\" uk-grid>\n    \n\n\n<div>\n\n        <div  class='urbi\/tile urbi-card urbi-card--tile urbi-card--shadow-3' >\n    <div class=\"urbi-tile-inner\">\n                    <div class=\"tile-title\" style=\"background-color: #194F91\">\n                <h3 class=\"tile-title__text lhl_mb_0 uk-text-uppercase\" style=\"color: white\">Fondos de pantalla<\/h3>\n            <\/div>\n                <div class=\"tile-content padding-none\">\n\n\n\n<div  class='lhl-card urbi-component urbi-component front_view lhl_comp_width_inherit lhl_spacing_t_05 lhl_spacing_b_05 lhl_spacing_l_07 lhl_spacing_r_07 section-background-t  lhl_card  lhl_card_shadow_0 lhl_card_radius_0' ><div class=\"urbi-component-inner\">\n    <div class=\"acf-innerblocks-container\">\n\n<p>Cada d\u00eda es m\u00e1s c\u00e1lido (y m\u00e1s agradable) con un miembro de nuestra familia animal como fondo de pantalla en tu tel\u00e9fono.<\/p>\n\n\n    \r\n    \r\n    <span class='urbi_button_link'><a class=\"urbi-link lhl_button lhl_button--small lhl_button_color_default lhl_button_width_default lhl_button--inline\" href=\"https:\/\/brandfolder.com\/s\/x7nvqf6nxcgsggff934x3bv\" target=\"\" rel=\"noopener noreferrer\" >Guardar fondos de pantalla<\/a><\/span>\n<\/div>\n<\/div>\n<\/div>\n<\/div>\n    <\/div>\n    <\/div><\/div>\n\n\n\n<div>\n\n        <div  class='urbi\/tile urbi-card urbi-card--tile urbi-card--shadow-3' >\n    <div class=\"urbi-tile-inner\">\n                    <div class=\"tile-title\" style=\"background-color: #006937\">\n                <h3 class=\"tile-title__text lhl_mb_0 uk-text-uppercase\" style=\"color: white\">Bobinas<\/h3>\n            <\/div>\n                <div class=\"tile-content padding-none\">\n\n\n\n<div  class='lhl-card urbi-component urbi-component front_view lhl_comp_width_inherit lhl_spacing_t_05 lhl_spacing_b_05 lhl_spacing_l_07 lhl_spacing_r_07 section-background-t  lhl_card  lhl_card_shadow_0 lhl_card_radius_0' ><div class=\"urbi-component-inner\">\n    <div class=\"acf-innerblocks-container\">\n\n<p>\u00a1Comparte tu historia para mostrar c\u00f3mo apoyaste a DZCA este Colorado Gives Day!<\/p>\n\n\n    \r\n    \r\n    <span class='urbi_button_link'><a class=\"urbi-link lhl_button lhl_button--small lhl_button_color_default lhl_button_width_default lhl_button--inline\" href=\"https:\/\/brandfolder.com\/s\/fgcrtsvc9w7w4m8s8w2zpnsp\" target=\"\" rel=\"noopener noreferrer\" >Guardar carretes<\/a><\/span>\n<\/div>\n<\/div>\n<\/div>\n<\/div>\n    <\/div>\n    <\/div><\/div>\n\n\n<\/div>\n<\/div>\n<\/div>\n\n<\/div>\n<\/div>","protected":false},"excerpt":{"rendered":"","protected":false},"author":82,"featured_media":39269,"parent":0,"menu_order":0,"comment_status":"closed","ping_status":"closed","template":"","meta":{"_acf_changed":false,"_relevanssi_hide_post":"","_relevanssi_hide_content":"","_relevanssi_pin_for_all":"","_relevanssi_pin_keywords":"","_relevanssi_unpin_keywords":"","_relevanssi_related_keywords":"","_relevanssi_related_include_ids":"","_relevanssi_related_exclude_ids":"","_relevanssi_related_no_append":"","_relevanssi_related_not_related":"","_relevanssi_related_posts":"27291,116,121,123,538,1202","_relevanssi_noindex_reason":"","footnotes":""},"class_list":["post-38914","page","type-page","status-publish","has-post-thumbnail","hentry"],"acf":[],"_links":{"self":[{"href":"https:\/\/denverzoo.org\/es\/wp-json\/wp\/v2\/pages\/38914","targetHints":{"allow":["GET"]}}],"collection":[{"href":"https:\/\/denverzoo.org\/es\/wp-json\/wp\/v2\/pages"}],"about":[{"href":"https:\/\/denverzoo.org\/es\/wp-json\/wp\/v2\/types\/page"}],"author":[{"embeddable":true,"href":"https:\/\/denverzoo.org\/es\/wp-json\/wp\/v2\/users\/82"}],"replies":[{"embeddable":true,"href":"https:\/\/denverzoo.org\/es\/wp-json\/wp\/v2\/comments?post=38914"}],"version-history":[{"count":0,"href":"https:\/\/denverzoo.org\/es\/wp-json\/wp\/v2\/pages\/38914\/revisions"}],"wp:featuredmedia":[{"embeddable":true,"href":"https:\/\/denverzoo.org\/es\/wp-json\/wp\/v2\/media\/39269"}],"wp:attachment":[{"href":"https:\/\/denverzoo.org\/es\/wp-json\/wp\/v2\/media?parent=38914"}],"curies":[{"name":"gracias","href":"https:\/\/api.w.org\/{rel}","templated":true}]}}