{"id":39183,"date":"2024-10-28T16:21:39","date_gmt":"2024-10-28T22:21:39","guid":{"rendered":"https:\/\/denverzoo.org\/?page_id=39183"},"modified":"2024-10-31T12:00:56","modified_gmt":"2024-10-31T18:00:56","slug":"cgd-social-toolkit","status":"publish","type":"page","link":"https:\/\/denverzoo.org\/es\/cgd-social-toolkit\/","title":{"rendered":"D\u00eda de donaciones de Colorado | Kit de herramientas para redes sociales"},"content":{"rendered":"<div  class='lhl-section urbi-component urbi-component front_view lhl_comp_width_inherit lhl_spacing_t_09 lhl_spacing_b_09 lhl_spacing_l_00 lhl_spacing_r_00 section-background-t' ><div class=\"urbi-component-inner\">\n    <div class=\"is-layout-constrained\">\n\n<h1 class=\"wp-block-heading has-text-align-center\">Colorado da el d\u00eda<br>Kit de herramientas para redes sociales<\/h1>\n\n\n\n<p class=\"has-text-align-center\">Este kit de herramientas para redes sociales est\u00e1 dise\u00f1ado para ayudarte a difundir f\u00e1cilmente los esfuerzos de Denver Zoo Conservation Alliance para Colorado Gives Day. Al usar estos gr\u00e1ficos, subt\u00edtulos y hashtags listos para compartir, puedes amplificar nuestro mensaje y ayudarnos a llegar a m\u00e1s seguidores para recaudar fondos esenciales para nuestra misi\u00f3n. \u00a1Generemos un impacto juntos en Colorado Gives Day!<\/p>\n\n\n\n<p class=\"has-text-align-center\"><strong><em>Descargue las im\u00e1genes\/reels de los enlaces a continuaci\u00f3n y copie y pegue el texto para su publicaci\u00f3n.<\/em><\/strong><\/p>\n\n<\/div>\n\n<\/div>\n<\/div>\n\n\n\n\n<div  class='lhl-section urbi-component urbi-component front_view lhl_comp_width_inherit lhl_spacing_t_03 lhl_spacing_b_09 lhl_spacing_l_00 lhl_spacing_r_00 section-background-t' ><div class=\"urbi-component-inner\">\n    <div class=\"is-layout-constrained\">\n\n<h2 class=\"wp-block-heading has-text-align-center\">Contenido para Tundra<\/h2>\n\n\n\n<p><\/p>\n\n\n\n<div class=\"wp-block-columns is-layout-flex wp-container-core-columns-is-layout-28f84493 wp-block-columns-is-layout-flex\">\n<div class=\"wp-block-column is-layout-flow wp-block-column-is-layout-flow\" style=\"flex-basis:33.33%\">\n<figure class=\"wp-block-image size-large\"><img loading=\"lazy\" decoding=\"async\" width=\"1024\" height=\"1024\" src=\"https:\/\/denverzoo.org\/wp-content\/uploads\/2024\/10\/CGD-Social_FB-Post_1080x1080_3-1024x1024.jpg\" alt=\"Colorado Gives Day Social Post Tundra the Grizzly Bear\" class=\"wp-image-39209\" srcset=\"https:\/\/denverzoo.org\/wp-content\/uploads\/2024\/10\/CGD-Social_FB-Post_1080x1080_3-1024x1024.jpg 1024w, https:\/\/denverzoo.org\/wp-content\/uploads\/2024\/10\/CGD-Social_FB-Post_1080x1080_3-220x220.jpg 220w, https:\/\/denverzoo.org\/wp-content\/uploads\/2024\/10\/CGD-Social_FB-Post_1080x1080_3-150x150.jpg 150w, https:\/\/denverzoo.org\/wp-content\/uploads\/2024\/10\/CGD-Social_FB-Post_1080x1080_3-768x768.jpg 768w, https:\/\/denverzoo.org\/wp-content\/uploads\/2024\/10\/CGD-Social_FB-Post_1080x1080_3-50x50.jpg 50w, https:\/\/denverzoo.org\/wp-content\/uploads\/2024\/10\/CGD-Social_FB-Post_1080x1080_3-1600x1600.jpg 1600w, https:\/\/denverzoo.org\/wp-content\/uploads\/2024\/10\/CGD-Social_FB-Post_1080x1080_3-1536x1536.jpg 1536w, https:\/\/denverzoo.org\/wp-content\/uploads\/2024\/10\/CGD-Social_FB-Post_1080x1080_3-2048x2048.jpg 2048w, https:\/\/denverzoo.org\/wp-content\/uploads\/2024\/10\/CGD-Social_FB-Post_1080x1080_3-12x12.jpg 12w, https:\/\/denverzoo.org\/wp-content\/uploads\/2024\/10\/CGD-Social_FB-Post_1080x1080_3-300x300.jpg 300w, https:\/\/denverzoo.org\/wp-content\/uploads\/2024\/10\/CGD-Social_FB-Post_1080x1080_3-193x193.jpg 193w\" sizes=\"auto, (max-width: 1024px) 100vw, 1024px\" \/><\/figure>\n<\/div>\n\n\n\n<div class=\"wp-block-column is-layout-flow wp-block-column-is-layout-flow\" style=\"flex-basis:66.7%\">\n<h4 class=\"wp-block-heading\">Facebook y LinkedIn<\/h4>\n\n\n\n<p>\ud83d\udc3b TROUT FOR TUNDRA \ud83d\udc3b Denver Zoo Conservation Alliance se dedica a crear planes de bienestar personalizados para cada miembro de nuestra familia animal, ayud\u00e1ndolos a vivir la MEJOR vida. Este Colorado Gives Day, su apoyo ayuda a Tundra, nuestra osa rescatada, a obtener la nutrici\u00f3n que necesita durante los meses de invierno. Done cualquier monto, desde ahora hasta el 12\/10\/24: https:\/\/www.coloradogives.org\/organization\/Denverzoo<\/p>\n\n\n    \r\n    \r\n    <div class='urbi_button_link'><a class=\"urbi-link lhl_button lhl_button--small lhl_button_color_default lhl_button_width_default lhl_button--block\" href=\"https:\/\/brandfolder.com\/s\/6gb6pwshwk363k48qc4j8\" target=\"_blank\" rel=\"noopener noreferrer\" >Descargar im\u00e1genes de la tundra<\/a><\/div>\n\n\n<h4 class=\"wp-block-heading\">Instagram<\/h4>\n\n\n\n<p>\ud83d\udc3b TRUCHAS PARA LA TUNDRA \ud83d\udc3b La Denver Zoo Conservation Alliance se dedica a crear planes de bienestar personalizados para cada miembro de nuestra familia animal, ayud\u00e1ndolos a vivir la MEJOR vida. Este Colorado Gives Day, tu apoyo ayuda a Tundra, nuestra osa rescatada, a obtener la nutrici\u00f3n que necesita durante los meses de invierno. Dona cualquier monto, desde ahora hasta el 10\/12\/24. \u00a1Visita el sitio web del zool\u00f3gico para donar!<\/p>\n\n\n    \r\n    \r\n    <div class='urbi_button_link'><a class=\"urbi-link lhl_button lhl_button--small lhl_button_color_default lhl_button_width_default lhl_button--block\" href=\"https:\/\/brandfolder.com\/s\/r59hmb8cjcgsw5w8c7mqmnk\" target=\"_blank\" rel=\"noopener noreferrer\" >Descargar im\u00e1genes de la tundra<\/a><\/div><\/div>\n<\/div>\n\n<\/div>\n\n<\/div>\n<\/div>\n\n\n\n\n<div  class='lhl-section urbi-component urbi-component front_view lhl_comp_width_inherit lhl_spacing_t_03 lhl_spacing_b_09 lhl_spacing_l_00 lhl_spacing_r_00 section-background-t' ><div class=\"urbi-component-inner\">\n    <div class=\"is-layout-constrained\">\n\n<h2 class=\"wp-block-heading has-text-align-center\">Contenido para el bienestar de los elefantes asi\u00e1ticos<\/h2>\n\n\n\n<p><\/p>\n\n\n\n<div class=\"wp-block-columns is-layout-flex wp-container-core-columns-is-layout-28f84493 wp-block-columns-is-layout-flex\">\n<div class=\"wp-block-column is-layout-flow wp-block-column-is-layout-flow\" style=\"flex-basis:33.33%\">\n<figure class=\"wp-block-image size-large\"><img loading=\"lazy\" decoding=\"async\" width=\"1024\" height=\"1024\" src=\"https:\/\/denverzoo.org\/wp-content\/uploads\/2024\/10\/CGD-Social_FB-Post_1080x1080_1-1024x1024.jpg\" alt=\"Colorado Gives Day Social Post Asian Elephants\" class=\"wp-image-39214\" srcset=\"https:\/\/denverzoo.org\/wp-content\/uploads\/2024\/10\/CGD-Social_FB-Post_1080x1080_1-1024x1024.jpg 1024w, https:\/\/denverzoo.org\/wp-content\/uploads\/2024\/10\/CGD-Social_FB-Post_1080x1080_1-220x220.jpg 220w, https:\/\/denverzoo.org\/wp-content\/uploads\/2024\/10\/CGD-Social_FB-Post_1080x1080_1-150x150.jpg 150w, https:\/\/denverzoo.org\/wp-content\/uploads\/2024\/10\/CGD-Social_FB-Post_1080x1080_1-768x768.jpg 768w, https:\/\/denverzoo.org\/wp-content\/uploads\/2024\/10\/CGD-Social_FB-Post_1080x1080_1-50x50.jpg 50w, https:\/\/denverzoo.org\/wp-content\/uploads\/2024\/10\/CGD-Social_FB-Post_1080x1080_1-1600x1600.jpg 1600w, https:\/\/denverzoo.org\/wp-content\/uploads\/2024\/10\/CGD-Social_FB-Post_1080x1080_1-1536x1536.jpg 1536w, https:\/\/denverzoo.org\/wp-content\/uploads\/2024\/10\/CGD-Social_FB-Post_1080x1080_1-2048x2048.jpg 2048w, https:\/\/denverzoo.org\/wp-content\/uploads\/2024\/10\/CGD-Social_FB-Post_1080x1080_1-12x12.jpg 12w, https:\/\/denverzoo.org\/wp-content\/uploads\/2024\/10\/CGD-Social_FB-Post_1080x1080_1-300x300.jpg 300w, https:\/\/denverzoo.org\/wp-content\/uploads\/2024\/10\/CGD-Social_FB-Post_1080x1080_1-193x193.jpg 193w\" sizes=\"auto, (max-width: 1024px) 100vw, 1024px\" \/><\/figure>\n<\/div>\n\n\n\n<div class=\"wp-block-column is-layout-flow wp-block-column-is-layout-flow\" style=\"flex-basis:66.66%\">\n<h4 class=\"wp-block-heading\">Facebook y LinkedIn<\/h4>\n\n\n\n<p>\ud83d\udc18 AQU\u00cd PARA TODA LA MANADA \ud83d\udc18 El virus del herpes endoteliotr\u00f3pico del elefante (EEHV) es un virus de acci\u00f3n r\u00e1pida que representa una amenaza para la salud de los elefantes en estado salvaje y bajo el cuidado humano, y que solo se puede tratar mediante una transfusi\u00f3n de sangre de emergencia. Este Colorado Gives Day, su donaci\u00f3n respalda las donaciones de plasma que nuestros solteros de elefantes est\u00e1n capacitados para realizar, que ya han ayudado a salvar vidas. Done cualquier cantidad, desde ahora hasta el 12\/10\/24: https:\/\/www.coloradogives.org\/organization\/Denverzoo<\/p>\n\n\n    \r\n    \r\n    <div class='urbi_button_link'><a class=\"urbi-link lhl_button lhl_button--small lhl_button_color_default lhl_button_width_default lhl_button--block\" href=\"https:\/\/brandfolder.com\/s\/xqtb6hgr5p7w697xg6jcph\" target=\"_blank\" rel=\"noopener noreferrer\" >Descargar im\u00e1genes de elefantes asi\u00e1ticos<\/a><\/div>\n\n\n<h4 class=\"wp-block-heading\">Instagram<\/h4>\n\n\n\n<p>\ud83d\udc18 AQU\u00cd PARA TODA LA MANADA \ud83d\udc18 El virus del herpes endoteliotr\u00f3pico del elefante (EEHV) es un virus de acci\u00f3n r\u00e1pida que representa una amenaza para la salud de los elefantes en estado salvaje y bajo el cuidado humano, y que solo se puede tratar mediante una transfusi\u00f3n de sangre de emergencia. Este Colorado Gives Day, su donaci\u00f3n respalda las donaciones de plasma que nuestros solteros de elefantes est\u00e1n capacitados para realizar, que ya han ayudado a salvar vidas. Done cualquier monto, desde ahora hasta el 12\/10\/24. \u00a1Visite el sitio web del zool\u00f3gico para donar!<\/p>\n\n\n    \r\n    \r\n    <div class='urbi_button_link'><a class=\"urbi-link lhl_button lhl_button--small lhl_button_color_default lhl_button_width_default lhl_button--block\" href=\"https:\/\/brandfolder.com\/s\/2s3h6wk9fq9rgcz7rr98sk\" target=\"_blank\" rel=\"noopener noreferrer\" >Descargar im\u00e1genes de elefantes asi\u00e1ticos<\/a><\/div><\/div>\n<\/div>\n\n<\/div>\n\n<\/div>\n<\/div>\n\n\n\n\n<div  class='lhl-section urbi-component urbi-component front_view lhl_comp_width_inherit lhl_spacing_t_03 lhl_spacing_b_09 lhl_spacing_l_00 lhl_spacing_r_00 section-background-t' ><div class=\"urbi-component-inner\">\n    <div class=\"is-layout-constrained\">\n\n<h2 class=\"wp-block-heading has-text-align-center\">Contenido para Betty<\/h2>\n\n\n\n<p><\/p>\n\n\n\n<div class=\"wp-block-columns is-layout-flex wp-container-core-columns-is-layout-28f84493 wp-block-columns-is-layout-flex\">\n<div class=\"wp-block-column is-layout-flow wp-block-column-is-layout-flow\" style=\"flex-basis:33.33%\">\n<figure class=\"wp-block-image size-large\"><img loading=\"lazy\" decoding=\"async\" width=\"1024\" height=\"1024\" src=\"https:\/\/denverzoo.org\/wp-content\/uploads\/2024\/10\/CGD-Social_FB-Post_1080x1080_2-1024x1024.jpg\" alt=\"Colorado Gives Day Social Post Betty the Gerenuk\" class=\"wp-image-39215\" srcset=\"https:\/\/denverzoo.org\/wp-content\/uploads\/2024\/10\/CGD-Social_FB-Post_1080x1080_2-1024x1024.jpg 1024w, https:\/\/denverzoo.org\/wp-content\/uploads\/2024\/10\/CGD-Social_FB-Post_1080x1080_2-220x220.jpg 220w, https:\/\/denverzoo.org\/wp-content\/uploads\/2024\/10\/CGD-Social_FB-Post_1080x1080_2-150x150.jpg 150w, https:\/\/denverzoo.org\/wp-content\/uploads\/2024\/10\/CGD-Social_FB-Post_1080x1080_2-768x768.jpg 768w, https:\/\/denverzoo.org\/wp-content\/uploads\/2024\/10\/CGD-Social_FB-Post_1080x1080_2-50x50.jpg 50w, https:\/\/denverzoo.org\/wp-content\/uploads\/2024\/10\/CGD-Social_FB-Post_1080x1080_2-1600x1600.jpg 1600w, https:\/\/denverzoo.org\/wp-content\/uploads\/2024\/10\/CGD-Social_FB-Post_1080x1080_2-1536x1536.jpg 1536w, https:\/\/denverzoo.org\/wp-content\/uploads\/2024\/10\/CGD-Social_FB-Post_1080x1080_2-2048x2048.jpg 2048w, https:\/\/denverzoo.org\/wp-content\/uploads\/2024\/10\/CGD-Social_FB-Post_1080x1080_2-12x12.jpg 12w, https:\/\/denverzoo.org\/wp-content\/uploads\/2024\/10\/CGD-Social_FB-Post_1080x1080_2-300x300.jpg 300w, https:\/\/denverzoo.org\/wp-content\/uploads\/2024\/10\/CGD-Social_FB-Post_1080x1080_2-193x193.jpg 193w\" sizes=\"auto, (max-width: 1024px) 100vw, 1024px\" \/><\/figure>\n<\/div>\n\n\n\n<div class=\"wp-block-column is-layout-flow wp-block-column-is-layout-flow\" style=\"flex-basis:66.66%\">\n<h4 class=\"wp-block-heading\">Facebook y LinkedIn<\/h4>\n\n\n\n<p>\ud83e\ude7c SOLO LO MEJOR PARA BETTY \ud83e\ude7c Betty, la gerenuk, se fractur\u00f3 la pata en 2021, pero con un plan de acci\u00f3n de bienestar \u00fanico y l\u00edder en la industria que se implement\u00f3 durante casi dos a\u00f1os, se recuper\u00f3 de manera inspiradora. Este Colorado Gives Day, su donaci\u00f3n ayuda a animales heridos como Betty a recuperarse y vivir sus mejores vidas. Done cualquier monto, desde ahora hasta el 12\/10\/24: https:\/\/www.coloradogives.org\/organization\/Denverzoo<\/p>\n\n\n    \r\n    \r\n    <div class='urbi_button_link'><a class=\"urbi-link lhl_button lhl_button--small lhl_button_color_default lhl_button_width_default lhl_button--block\" href=\"https:\/\/brandfolder.com\/s\/wr865464wnqsg5fwmkqsqf2n\" target=\"_blank\" rel=\"noopener noreferrer\" >Descargar im\u00e1genes de Betty<\/a><\/div>\n\n\n<h4 class=\"wp-block-heading\">Instagram<\/h4>\n\n\n\n<p>\ud83e\ude7c SOLO LO MEJOR PARA BETTY \ud83e\ude7c Betty, la gerenuk, se fractur\u00f3 la pata en 2021, pero con un plan de acci\u00f3n de bienestar \u00fanico y l\u00edder en la industria que se implement\u00f3 durante casi dos a\u00f1os, se recuper\u00f3 de manera inspiradora. Este Colorado Gives Day, su donaci\u00f3n ayuda a animales heridos como Betty a recuperarse y vivir sus mejores vidas. Done cualquier monto, desde ahora hasta el 12\/10\/24. \u00a1Visite el sitio web del zool\u00f3gico para donar!<\/p>\n\n\n    \r\n    \r\n    <div class='urbi_button_link'><a class=\"urbi-link lhl_button lhl_button--small lhl_button_color_default lhl_button_width_default lhl_button--block\" href=\"https:\/\/brandfolder.com\/s\/8hmq3j26vw68tg5zkh9h894p\" target=\"_blank\" rel=\"noopener noreferrer\" >Descargar im\u00e1genes de Betty<\/a><\/div><\/div>\n<\/div>\n\n<\/div>\n\n<\/div>\n<\/div>\n\n\n\n\n<div  class='lhl-section urbi-component urbi-component front_view lhl_comp_width_inherit lhl_spacing_t_03 lhl_spacing_b_09 lhl_spacing_l_00 lhl_spacing_r_00 section-background-t' ><div class=\"urbi-component-inner\">\n    <div class=\"is-layout-constrained\">\n\n<h2 class=\"wp-block-heading has-text-align-center\">Contenido para Sizzle Reels<\/h2>\n\n\n\n<p><\/p>\n\n\n\n<div class=\"wp-block-columns is-layout-flex wp-container-core-columns-is-layout-28f84493 wp-block-columns-is-layout-flex\">\n<div class=\"wp-block-column is-layout-flow wp-block-column-is-layout-flow\" style=\"flex-basis:33.33%\">\n<figure class=\"wp-block-embed is-type-video is-provider-youtube wp-block-embed-youtube wp-embed-aspect-4-3 wp-has-aspect-ratio\"><div class=\"wp-block-embed__wrapper\">\n<iframe loading=\"lazy\" title=\"Colorado da un paseo por el d\u00eda 2024\" width=\"640\" height=\"480\" src=\"https:\/\/www.youtube.com\/embed\/PNX53HLsQk4?feature=oembed\" frameborder=\"0\" allow=\"accelerometer; autoplay; clipboard-write; encrypted-media; gyroscope; picture-in-picture; web-share\" referrerpolicy=\"strict-origin-when-cross-origin\" allowfullscreen><\/iframe>\n<\/div><\/figure>\n<\/div>\n\n\n\n<div class=\"wp-block-column is-layout-flow wp-block-column-is-layout-flow\" style=\"flex-basis:66.66%\">\n<h4 class=\"wp-block-heading\">Facebook<\/h4>\n\n\n\n<p>\ud83d\udc9a APOYA VIDAS BIEN VIVIDAS \ud83d\udc9a La Alianza para la Conservaci\u00f3n del Zool\u00f3gico de Denver (DZCA) se enorgullece de establecer el est\u00e1ndar de oro para la vida silvestre bajo el cuidado humano. Nos dedicamos a la costosa tarea de crear planes de bienestar personalizados para cada miembro de nuestra familia animal. Este Colorado Gives Day, dependemos de tu apoyo para ayudar a nuestros m\u00e1s de 2500 animales a vivir sus MEJORES vidas. Dona cualquier monto, desde ahora hasta el 12\/10\/24: https:\/\/www.coloradogives.org\/organization\/Denverzoo<\/p>\n\n\n\n<h4 class=\"wp-block-heading\">Instagram<\/h4>\n\n\n\n<p>\ud83d\udc9a APOYA VIDAS BIEN VIVIDAS\ud83d\udc9a La Alianza para la Conservaci\u00f3n del Zool\u00f3gico de Denver (DZCA) se enorgullece de establecer el est\u00e1ndar de oro para la vida silvestre bajo el cuidado humano. Nos dedicamos a la costosa tarea de crear planes de bienestar personalizados para cada miembro de nuestra familia animal. Este Colorado Gives Day, dependemos de tu apoyo para ayudar a nuestros m\u00e1s de 2500 animales a vivir sus MEJORES vidas. Dona cualquier monto, desde ahora hasta el 12\/10\/24. \u00a1Visita el sitio web del zool\u00f3gico para donar!<\/p>\n\n\n    \r\n    \r\n    <div class='urbi_button_link'><a class=\"urbi-link lhl_button lhl_button--small lhl_button_color_default lhl_button_width_default lhl_button--block\" href=\"https:\/\/brandfolder.com\/s\/fgcrtsvc9w7w4m8s8w2zpnsp\" target=\"_blank\" rel=\"noopener noreferrer\" >Descargar Sizzle Reels<\/a><\/div><\/div>\n<\/div>\n\n<\/div>\n\n<\/div>\n<\/div>","protected":false},"excerpt":{"rendered":"","protected":false},"author":11,"featured_media":39160,"parent":0,"menu_order":0,"comment_status":"closed","ping_status":"closed","template":"","meta":{"_acf_changed":false,"_relevanssi_hide_post":"","_relevanssi_hide_content":"","_relevanssi_pin_for_all":"","_relevanssi_pin_keywords":"","_relevanssi_unpin_keywords":"","_relevanssi_related_keywords":"","_relevanssi_related_include_ids":"","_relevanssi_related_exclude_ids":"","_relevanssi_related_no_append":"","_relevanssi_related_not_related":"","_relevanssi_related_posts":"33110,33078,27283,33099,116,121","_relevanssi_noindex_reason":"","footnotes":""},"class_list":["post-39183","page","type-page","status-publish","has-post-thumbnail","hentry"],"acf":[],"_links":{"self":[{"href":"https:\/\/denverzoo.org\/es\/wp-json\/wp\/v2\/pages\/39183","targetHints":{"allow":["GET"]}}],"collection":[{"href":"https:\/\/denverzoo.org\/es\/wp-json\/wp\/v2\/pages"}],"about":[{"href":"https:\/\/denverzoo.org\/es\/wp-json\/wp\/v2\/types\/page"}],"author":[{"embeddable":true,"href":"https:\/\/denverzoo.org\/es\/wp-json\/wp\/v2\/users\/11"}],"replies":[{"embeddable":true,"href":"https:\/\/denverzoo.org\/es\/wp-json\/wp\/v2\/comments?post=39183"}],"version-history":[{"count":0,"href":"https:\/\/denverzoo.org\/es\/wp-json\/wp\/v2\/pages\/39183\/revisions"}],"wp:featuredmedia":[{"embeddable":true,"href":"https:\/\/denverzoo.org\/es\/wp-json\/wp\/v2\/media\/39160"}],"wp:attachment":[{"href":"https:\/\/denverzoo.org\/es\/wp-json\/wp\/v2\/media?parent=39183"}],"curies":[{"name":"gracias","href":"https:\/\/api.w.org\/{rel}","templated":true}]}}