{"id":39661,"date":"2024-12-06T09:45:44","date_gmt":"2024-12-06T16:45:44","guid":{"rendered":"https:\/\/denverzoo.org\/?page_id=39661"},"modified":"2025-11-07T14:00:45","modified_gmt":"2025-11-07T21:00:45","slug":"zoo-lights-kbyg","status":"publish","type":"page","link":"https:\/\/denverzoo.org\/es\/zoo-lights-kbyg\/","title":{"rendered":"Luces del zool\u00f3gico | Informaci\u00f3n \u00fatil antes de la visita"},"content":{"rendered":"<div  class='lhl-section urbi-component urbi-component front_view lhl_comp_width_inherit lhl_spacing_t_09 lhl_spacing_b_08 lhl_spacing_l_00 lhl_spacing_r_00 section-background-t' ><div class=\"urbi-component-inner\">\n    <div class=\"is-layout-constrained\">\n\n<h2 class=\"wp-block-heading has-text-align-center has-azure-breeze-color has-text-color has-link-color wp-elements-41aac11ebec066f3c0247c3c7c77e90f\">Saber antes de ir<\/h2>\n\n\n\n<h4 class=\"wp-block-heading has-text-align-center\"><strong>\u00a1Tu noche de magia y maravillas est\u00e1 cerca! \u00a1Esto es lo que necesitas saber!<\/strong><\/h4>\n\n\n\n<div class=\"wp-block-columns is-layout-flex wp-container-core-columns-is-layout-28f84493 wp-block-columns-is-layout-flex\">\n<div class=\"wp-block-column is-layout-flow wp-block-column-is-layout-flow\">\n<figure class=\"wp-block-image aligncenter size-full is-resized\"><img loading=\"lazy\" decoding=\"async\" width=\"550\" height=\"350\" src=\"https:\/\/denverzoo.org\/wp-content\/uploads\/2024\/12\/Sensory2.png\" alt=\"\" class=\"wp-image-39664\" style=\"width:440px\" srcset=\"https:\/\/denverzoo.org\/wp-content\/uploads\/2024\/12\/Sensory2.png 550w, https:\/\/denverzoo.org\/wp-content\/uploads\/2024\/12\/Sensory2-220x140.png 220w, https:\/\/denverzoo.org\/wp-content\/uploads\/2024\/12\/Sensory2-50x32.png 50w, https:\/\/denverzoo.org\/wp-content\/uploads\/2024\/12\/Sensory2-18x12.png 18w\" sizes=\"auto, (max-width: 550px) 100vw, 550px\" \/><\/figure>\n\n\n\n<h4 class=\"wp-block-heading has-text-align-center\">ESTACIONAMIENTO<\/h4>\n\n\n\n<p class=\"has-text-align-center\">Por favor, prep\u00e1rate <strong>tiempo extra<\/strong> \u00a1Aparque para este popular evento! El estacionamiento es gratuito y est\u00e1 sujeto a disponibilidad en nuestro estacionamiento de cuatro niveles y en el lote al este de la entrada principal. En las noches de mayor afluencia, el personal de estacionamiento le indicar\u00e1 los lugares disponibles.<\/p>\n<\/div>\n\n\n\n<div class=\"wp-block-column is-layout-flow wp-block-column-is-layout-flow\">\n<figure class=\"wp-block-image aligncenter size-full is-resized\"><img loading=\"lazy\" decoding=\"async\" width=\"550\" height=\"350\" src=\"https:\/\/denverzoo.org\/wp-content\/uploads\/2024\/11\/24-EVT-210-Zoo-Lights_Member-Promo_Homepage-Primary.png\" alt=\"\" class=\"wp-image-39257\" style=\"width:440px;height:auto\" srcset=\"https:\/\/denverzoo.org\/wp-content\/uploads\/2024\/11\/24-EVT-210-Zoo-Lights_Member-Promo_Homepage-Primary.png 550w, https:\/\/denverzoo.org\/wp-content\/uploads\/2024\/11\/24-EVT-210-Zoo-Lights_Member-Promo_Homepage-Primary-220x140.png 220w, https:\/\/denverzoo.org\/wp-content\/uploads\/2024\/11\/24-EVT-210-Zoo-Lights_Member-Promo_Homepage-Primary-50x32.png 50w, https:\/\/denverzoo.org\/wp-content\/uploads\/2024\/11\/24-EVT-210-Zoo-Lights_Member-Promo_Homepage-Primary-18x12.png 18w\" sizes=\"auto, (max-width: 550px) 100vw, 550px\" \/><\/figure>\n\n\n\n<h4 class=\"wp-block-heading has-text-align-center\">BOLETOS<\/h4>\n\n\n\n<p class=\"has-text-align-center\">Sus entradas* se encuentran en un correo electr\u00f3nico de tickets@denverzoo.org. Tenga su c\u00f3digo QR listo en su dispositivo m\u00f3vil. Todos los visitantes deben tener una entrada con horario asignado. Puede ingresar en cualquier momento despu\u00e9s de la hora de entrada seleccionada. En noches de mayor afluencia, podr\u00eda estar abierta una segunda entrada este. En noches de mayor afluencia, podr\u00eda estar abierta la Entrada Rosa.<\/p>\n<\/div>\n<\/div>\n\n\n\n<div class=\"wp-block-columns is-layout-flex wp-container-core-columns-is-layout-28f84493 wp-block-columns-is-layout-flex\">\n<div class=\"wp-block-column is-layout-flow wp-block-column-is-layout-flow\">\n<figure class=\"wp-block-image aligncenter size-full is-resized\"><img loading=\"lazy\" decoding=\"async\" width=\"550\" height=\"350\" src=\"https:\/\/denverzoo.org\/wp-content\/uploads\/2024\/12\/24-evt-210-zoo-lights-sensoryfriendly-homepage-primary.png\" alt=\"\" class=\"wp-image-39662\" style=\"width:440px;height:auto\" srcset=\"https:\/\/denverzoo.org\/wp-content\/uploads\/2024\/12\/24-evt-210-zoo-lights-sensoryfriendly-homepage-primary.png 550w, https:\/\/denverzoo.org\/wp-content\/uploads\/2024\/12\/24-evt-210-zoo-lights-sensoryfriendly-homepage-primary-220x140.png 220w, https:\/\/denverzoo.org\/wp-content\/uploads\/2024\/12\/24-evt-210-zoo-lights-sensoryfriendly-homepage-primary-50x32.png 50w, https:\/\/denverzoo.org\/wp-content\/uploads\/2024\/12\/24-evt-210-zoo-lights-sensoryfriendly-homepage-primary-18x12.png 18w\" sizes=\"auto, (max-width: 550px) 100vw, 550px\" \/><\/figure>\n\n\n\n<h4 class=\"wp-block-heading has-text-align-center\">ILUMINA TU NOCHE<\/h4>\n\n\n\n<p class=\"has-text-align-center\">\u00a1Aprovecha al m\u00e1ximo Zoo Lights! Compra por adelantado tu vaso de recuerdo con chocolate caliente para ahorrar dinero, y tus atracciones o alquileres para ahorrar tiempo.<\/p>\n\n\n    \r\n    \r\n    <div class='urbi_button_link center'><a class=\"urbi-link lhl_button lhl_button--small lhl_button_color_default lhl_button_width_default lhl_button--block\" href=\"https:\/\/my.denverzoo.org\/account\/upcomingevents\" target=\"_blank\" rel=\"noopener noreferrer\" >\u00a1Compra ahora!<\/a><\/div><\/div>\n\n\n\n<div class=\"wp-block-column is-layout-flow wp-block-column-is-layout-flow\">\n<figure class=\"wp-block-image aligncenter size-full is-resized\"><img loading=\"lazy\" decoding=\"async\" width=\"550\" height=\"350\" src=\"https:\/\/denverzoo.org\/wp-content\/uploads\/2024\/12\/24-evt-210-zoo-lights-gift-a-membership-homepage-primary.png\" alt=\"\" class=\"wp-image-39665\" style=\"width:440px\" srcset=\"https:\/\/denverzoo.org\/wp-content\/uploads\/2024\/12\/24-evt-210-zoo-lights-gift-a-membership-homepage-primary.png 550w, https:\/\/denverzoo.org\/wp-content\/uploads\/2024\/12\/24-evt-210-zoo-lights-gift-a-membership-homepage-primary-220x140.png 220w, https:\/\/denverzoo.org\/wp-content\/uploads\/2024\/12\/24-evt-210-zoo-lights-gift-a-membership-homepage-primary-50x32.png 50w, https:\/\/denverzoo.org\/wp-content\/uploads\/2024\/12\/24-evt-210-zoo-lights-gift-a-membership-homepage-primary-18x12.png 18w\" sizes=\"auto, (max-width: 550px) 100vw, 550px\" \/><\/figure>\n\n\n\n<h4 class=\"wp-block-heading has-text-align-center\">ANIMALES EN REPOSO<\/h4>\n\n\n\n<p class=\"has-text-align-center\">\u00a1Ya es hora de dormir para la mayor\u00eda de nuestros animales! No olvides visitar Elephant House, Village Hall, Pahali Ya Simba y Tropical Discovery para ver a los animales.<\/p>\n<\/div>\n<\/div>\n\n\n\n\n\n<div  class='lhl-section urbi-component urbi-component front_view lhl_comp_width_inherit lhl_spacing_t_09 lhl_spacing_b_09 lhl_spacing_l_00 lhl_spacing_r_00 section-background-t' ><div class=\"urbi-component-inner\">\n    <div class=\"is-layout-constrained\">\n\n<h2 class=\"wp-block-heading has-text-align-center has-navy-blue-color has-text-color has-link-color wp-elements-71eee60deb5c7629404e2dd3d12ce7c4\">MAPA LA MAGIA DE LAS LUCES DEL ZOO<\/h2>\n\n\n\n<figure class=\"wp-block-image aligncenter size-full is-resized\"><img loading=\"lazy\" decoding=\"async\" width=\"2000\" height=\"1173\" src=\"https:\/\/denverzoo.org\/wp-content\/uploads\/2025\/11\/2025-Zoo-Lights-Map_KBYG_Final-WEB.jpg\" alt=\"\" class=\"wp-image-43799\" style=\"width:1225px;height:auto\" srcset=\"https:\/\/denverzoo.org\/wp-content\/uploads\/2025\/11\/2025-Zoo-Lights-Map_KBYG_Final-WEB.jpg 2000w, https:\/\/denverzoo.org\/wp-content\/uploads\/2025\/11\/2025-Zoo-Lights-Map_KBYG_Final-WEB-220x129.jpg 220w, https:\/\/denverzoo.org\/wp-content\/uploads\/2025\/11\/2025-Zoo-Lights-Map_KBYG_Final-WEB-1024x601.jpg 1024w, https:\/\/denverzoo.org\/wp-content\/uploads\/2025\/11\/2025-Zoo-Lights-Map_KBYG_Final-WEB-768x450.jpg 768w, https:\/\/denverzoo.org\/wp-content\/uploads\/2025\/11\/2025-Zoo-Lights-Map_KBYG_Final-WEB-50x29.jpg 50w, https:\/\/denverzoo.org\/wp-content\/uploads\/2025\/11\/2025-Zoo-Lights-Map_KBYG_Final-WEB-1600x938.jpg 1600w, https:\/\/denverzoo.org\/wp-content\/uploads\/2025\/11\/2025-Zoo-Lights-Map_KBYG_Final-WEB-1536x901.jpg 1536w, https:\/\/denverzoo.org\/wp-content\/uploads\/2025\/11\/2025-Zoo-Lights-Map_KBYG_Final-WEB-18x12.jpg 18w\" sizes=\"auto, (max-width: 2000px) 100vw, 2000px\" \/><\/figure>\n\n\n\n<p class=\"has-text-align-center\" style=\"padding-right:0;padding-left:0\">\u00a1Descarga nuestro mapa del evento Zoo Lights y nuestro libro de cuentos para vivir Zoo Lights de una forma nueva y m\u00e1gica, y descubre la historia de cada exhibici\u00f3n a medida que avanzas!<\/p>\n\n\n    \r\n    \r\n    <div class='urbi_button_link center'><a class=\"urbi-link lhl_button lhl_button--small lhl_button_color_default lhl_button_width_default lhl_button--block\" href=\"https:\/\/denverzoo.org\/es\/zoo-lights-storybook-map\/\" target=\"_blank\" rel=\"noopener noreferrer\" >DESCARGAR MAPA<\/a><\/div>\n<\/div>\n\n<\/div>\n<\/div>\n\n\n<p class=\"has-text-align-center\" style=\"font-size:12px\">Patrocinado por:<\/p>\n\n\n\n<div class=\"wp-block-columns is-layout-flex wp-container-core-columns-is-layout-28f84493 wp-block-columns-is-layout-flex\">\n<div class=\"wp-block-column is-layout-flow wp-block-column-is-layout-flow\">\n<figure class=\"wp-block-image alignright size-medium is-resized\"><img loading=\"lazy\" decoding=\"async\" width=\"220\" height=\"121\" src=\"https:\/\/denverzoo.org\/wp-content\/uploads\/2024\/10\/cignahlthcr_logo_color_pos_rgb-1-220x121.png\" alt=\"\" class=\"wp-image-39603\" style=\"width:150px\" srcset=\"https:\/\/denverzoo.org\/wp-content\/uploads\/2024\/10\/cignahlthcr_logo_color_pos_rgb-1-220x121.png 220w, https:\/\/denverzoo.org\/wp-content\/uploads\/2024\/10\/cignahlthcr_logo_color_pos_rgb-1-50x27.png 50w, https:\/\/denverzoo.org\/wp-content\/uploads\/2024\/10\/cignahlthcr_logo_color_pos_rgb-1-18x10.png 18w, https:\/\/denverzoo.org\/wp-content\/uploads\/2024\/10\/cignahlthcr_logo_color_pos_rgb-1.png 407w\" sizes=\"auto, (max-width: 220px) 100vw, 220px\" \/><\/figure>\n<\/div>\n\n\n\n<div class=\"wp-block-column is-layout-flow wp-block-column-is-layout-flow\">\n<figure class=\"wp-block-image alignleft size-medium is-resized\"><img loading=\"lazy\" decoding=\"async\" width=\"220\" height=\"99\" src=\"https:\/\/denverzoo.org\/wp-content\/uploads\/2024\/10\/imh_logo_full-color_rgb_pos-1-220x99.png\" alt=\"\" class=\"wp-image-39602\" style=\"width:200px\" srcset=\"https:\/\/denverzoo.org\/wp-content\/uploads\/2024\/10\/imh_logo_full-color_rgb_pos-1-220x99.png 220w, https:\/\/denverzoo.org\/wp-content\/uploads\/2024\/10\/imh_logo_full-color_rgb_pos-1-1024x462.png 1024w, https:\/\/denverzoo.org\/wp-content\/uploads\/2024\/10\/imh_logo_full-color_rgb_pos-1-768x347.png 768w, https:\/\/denverzoo.org\/wp-content\/uploads\/2024\/10\/imh_logo_full-color_rgb_pos-1-50x23.png 50w, https:\/\/denverzoo.org\/wp-content\/uploads\/2024\/10\/imh_logo_full-color_rgb_pos-1-18x8.png 18w, https:\/\/denverzoo.org\/wp-content\/uploads\/2024\/10\/imh_logo_full-color_rgb_pos-1.png 1485w\" sizes=\"auto, (max-width: 220px) 100vw, 220px\" \/><\/figure>\n<\/div>\n<\/div>\n\n<\/div>\n\n<\/div>\n<\/div>\n\n\n\n\n<div  class='lhl-section urbi-component urbi-component front_view  bg-pattern-' ><div class=\"urbi-component-inner\">\n    <div class=\"is-layout-constrained\">\n\n<p class=\"has-text-align-center\"><em>*No ofrecemos reembolsos ni cambios por ning\u00fan motivo, incluido el mal tiempo. En caso de cierre o cancelaci\u00f3n debido a condiciones clim\u00e1ticas extremas, se contactar\u00e1 a los titulares de las entradas con opciones. Todos los participantes, incluidos los beb\u00e9s, necesitan una entrada con horario.<\/em><\/p>\n\n<\/div>\n\n<\/div>\n<\/div>","protected":false},"excerpt":{"rendered":"","protected":false},"author":11,"featured_media":43695,"parent":0,"menu_order":0,"comment_status":"closed","ping_status":"closed","template":"","meta":{"_acf_changed":false,"_relevanssi_hide_post":"","_relevanssi_hide_content":"","_relevanssi_pin_for_all":"","_relevanssi_pin_keywords":"","_relevanssi_unpin_keywords":"","_relevanssi_related_keywords":"","_relevanssi_related_include_ids":"","_relevanssi_related_exclude_ids":"","_relevanssi_related_no_append":"","_relevanssi_related_not_related":"","_relevanssi_related_posts":"33112,121,116,123,538,27218","_relevanssi_noindex_reason":"","footnotes":""},"class_list":["post-39661","page","type-page","status-publish","has-post-thumbnail","hentry"],"acf":[],"_links":{"self":[{"href":"https:\/\/denverzoo.org\/es\/wp-json\/wp\/v2\/pages\/39661","targetHints":{"allow":["GET"]}}],"collection":[{"href":"https:\/\/denverzoo.org\/es\/wp-json\/wp\/v2\/pages"}],"about":[{"href":"https:\/\/denverzoo.org\/es\/wp-json\/wp\/v2\/types\/page"}],"author":[{"embeddable":true,"href":"https:\/\/denverzoo.org\/es\/wp-json\/wp\/v2\/users\/11"}],"replies":[{"embeddable":true,"href":"https:\/\/denverzoo.org\/es\/wp-json\/wp\/v2\/comments?post=39661"}],"version-history":[{"count":0,"href":"https:\/\/denverzoo.org\/es\/wp-json\/wp\/v2\/pages\/39661\/revisions"}],"wp:featuredmedia":[{"embeddable":true,"href":"https:\/\/denverzoo.org\/es\/wp-json\/wp\/v2\/media\/43695"}],"wp:attachment":[{"href":"https:\/\/denverzoo.org\/es\/wp-json\/wp\/v2\/media?parent=39661"}],"curies":[{"name":"gracias","href":"https:\/\/api.w.org\/{rel}","templated":true}]}}