{"id":40247,"date":"2025-02-08T17:56:28","date_gmt":"2025-02-09T00:56:28","guid":{"rendered":"https:\/\/denverzoo.org\/zoo-lights-2024-know-before-you-go-clone\/"},"modified":"2026-05-01T14:13:28","modified_gmt":"2026-05-01T20:13:28","slug":"glowing-wild-know-before-you-go","status":"publish","type":"page","link":"https:\/\/denverzoo.org\/es\/glowing-wild-know-before-you-go\/","title":{"rendered":"Resplandor salvaje | Lo que debes saber antes de ir"},"content":{"rendered":"<div  class='lhl-section urbi-component urbi-component front_view lhl_comp_width_inherit lhl_spacing_t_09 lhl_spacing_b_02 lhl_spacing_l_00 lhl_spacing_r_00 section-background-t' ><div class=\"urbi-component-inner\">\n    <div class=\"is-layout-constrained\">\n\n<h2 class=\"wp-block-heading has-text-align-center has-turquoise-oasis-color has-text-color has-link-color wp-elements-879fa0477b02b84c221de742ff338831\">Saber antes de ir<\/h2>\n\n\n\n<h4 class=\"wp-block-heading has-text-align-center\" style=\"margin-top:var(--wp--preset--spacing--50);margin-bottom:var(--wp--preset--spacing--50)\"><strong>Todo lo que necesitas saber para celebrar la vida silvestre desde una perspectiva completamente nueva<\/strong>!<\/h4>\n\n\n\n<div class=\"wp-block-columns is-layout-flex wp-container-core-columns-is-layout-28232c24 wp-block-columns-is-layout-flex\" style=\"border-style:none;border-width:0px;border-radius:0px\">\n<div class=\"wp-block-column is-layout-constrained wp-block-column-is-layout-constrained\">\n<figure class=\"wp-block-image aligncenter size-full is-resized\"><img loading=\"lazy\" decoding=\"async\" width=\"530\" height=\"340\" src=\"https:\/\/denverzoo.org\/wp-content\/uploads\/2025\/02\/25-EVT-211-Glowing-Wild_Homepage-PRIMARY_530x340_General-Public-Tix-on-Sale.png\" alt=\"\" class=\"wp-image-40252\" style=\"width:440px;height:auto\" srcset=\"https:\/\/denverzoo.org\/wp-content\/uploads\/2025\/02\/25-EVT-211-Glowing-Wild_Homepage-PRIMARY_530x340_General-Public-Tix-on-Sale.png 530w, https:\/\/denverzoo.org\/wp-content\/uploads\/2025\/02\/25-EVT-211-Glowing-Wild_Homepage-PRIMARY_530x340_General-Public-Tix-on-Sale-220x141.png 220w, https:\/\/denverzoo.org\/wp-content\/uploads\/2025\/02\/25-EVT-211-Glowing-Wild_Homepage-PRIMARY_530x340_General-Public-Tix-on-Sale-50x32.png 50w, https:\/\/denverzoo.org\/wp-content\/uploads\/2025\/02\/25-EVT-211-Glowing-Wild_Homepage-PRIMARY_530x340_General-Public-Tix-on-Sale-18x12.png 18w\" sizes=\"auto, (max-width: 530px) 100vw, 530px\" \/><\/figure>\n\n\n\n<h4 class=\"wp-block-heading has-text-align-center\"><strong>ESTACIONAMIENTO<\/strong><\/h4>\n\n\n\n<p class=\"has-text-align-center\" style=\"padding-right:0;padding-left:0\">Por favor, prep\u00e1rate <strong>tiempo extra para estacionar<\/strong> \u00a1Para este evento! Hay estacionamiento gratuito disponible en nuestro estacionamiento de cuatro niveles en la entrada principal de 23rd Ave, o en nuestro estacionamiento al este de la entrada principal.<\/p>\n<\/div>\n\n\n\n<div class=\"wp-block-column is-layout-flow wp-block-column-is-layout-flow\">\n<figure class=\"wp-block-image aligncenter size-full is-resized\"><img loading=\"lazy\" decoding=\"async\" width=\"530\" height=\"340\" src=\"https:\/\/denverzoo.org\/wp-content\/uploads\/2025\/02\/25-EVT-211-Glowing-Wild_Homepage-PRIMARY_530x340_Member-Tix-on-Sale.png\" alt=\"\" class=\"wp-image-40251\" style=\"width:440px\" srcset=\"https:\/\/denverzoo.org\/wp-content\/uploads\/2025\/02\/25-EVT-211-Glowing-Wild_Homepage-PRIMARY_530x340_Member-Tix-on-Sale.png 530w, https:\/\/denverzoo.org\/wp-content\/uploads\/2025\/02\/25-EVT-211-Glowing-Wild_Homepage-PRIMARY_530x340_Member-Tix-on-Sale-220x141.png 220w, https:\/\/denverzoo.org\/wp-content\/uploads\/2025\/02\/25-EVT-211-Glowing-Wild_Homepage-PRIMARY_530x340_Member-Tix-on-Sale-50x32.png 50w, https:\/\/denverzoo.org\/wp-content\/uploads\/2025\/02\/25-EVT-211-Glowing-Wild_Homepage-PRIMARY_530x340_Member-Tix-on-Sale-18x12.png 18w\" sizes=\"auto, (max-width: 530px) 100vw, 530px\" \/><\/figure>\n\n\n\n<h4 class=\"wp-block-heading has-text-align-center\"><strong>ENTRADAS + ENTRADA<\/strong><\/h4>\n\n\n\n<p class=\"has-text-align-center\" style=\"padding-right:0;padding-left:0\">Las entradas* se adjuntan en el correo electr\u00f3nico de confirmaci\u00f3n. Puede ingresar hasta 30 minutos despu\u00e9s de la hora de su entrada. Tenga el c\u00f3digo QR listo en su dispositivo m\u00f3vil. Se requieren entradas con horario para todos los invitados.<\/p>\n<\/div>\n<\/div>\n\n\n\n<div class=\"wp-block-columns is-layout-flex wp-container-core-columns-is-layout-ef350914 wp-block-columns-is-layout-flex\" style=\"padding-top:var(--wp--preset--spacing--30);padding-bottom:var(--wp--preset--spacing--30)\">\n<div class=\"wp-block-column is-layout-flow wp-block-column-is-layout-flow\">\n<figure class=\"wp-block-image aligncenter size-full is-resized\"><img loading=\"lazy\" decoding=\"async\" width=\"530\" height=\"340\" src=\"https:\/\/denverzoo.org\/wp-content\/uploads\/2025\/02\/25-EVT-211-Glowing-Wild_KBYG-Tile-Cards_530x340_Animal-Viewing.png\" alt=\"\" class=\"wp-image-40354\" style=\"width:440px\" srcset=\"https:\/\/denverzoo.org\/wp-content\/uploads\/2025\/02\/25-EVT-211-Glowing-Wild_KBYG-Tile-Cards_530x340_Animal-Viewing.png 530w, https:\/\/denverzoo.org\/wp-content\/uploads\/2025\/02\/25-EVT-211-Glowing-Wild_KBYG-Tile-Cards_530x340_Animal-Viewing-220x141.png 220w, https:\/\/denverzoo.org\/wp-content\/uploads\/2025\/02\/25-EVT-211-Glowing-Wild_KBYG-Tile-Cards_530x340_Animal-Viewing-50x32.png 50w, https:\/\/denverzoo.org\/wp-content\/uploads\/2025\/02\/25-EVT-211-Glowing-Wild_KBYG-Tile-Cards_530x340_Animal-Viewing-18x12.png 18w\" sizes=\"auto, (max-width: 530px) 100vw, 530px\" \/><\/figure>\n\n\n\n<h4 class=\"wp-block-heading has-text-align-center\"><strong>OBSERVACI\u00d3N DE ANIMALES<\/strong><\/h4>\n\n\n\n<p class=\"has-text-align-center\" style=\"padding-right:0;padding-left:0\">Este evento se realiza despu\u00e9s de la hora de dormir de muchos de nuestros animales, que prefieren quedarse en el interior. Recomendamos visitar la Casa de los Elefantes, el Sal\u00f3n Comunitario, Pahali Ya Simba y el Descubrimiento Tropical.<\/p>\n<\/div>\n\n\n\n<div class=\"wp-block-column is-layout-flow wp-block-column-is-layout-flow\">\n<figure class=\"wp-block-image aligncenter size-full is-resized\"><img loading=\"lazy\" decoding=\"async\" width=\"530\" height=\"340\" src=\"https:\/\/denverzoo.org\/wp-content\/uploads\/2025\/02\/25-EVT-211-Glowing-Wild_KBYG-Tile-Cards_530x340_Rentals.png\" alt=\"\" class=\"wp-image-40357\" style=\"width:440px;height:auto\" srcset=\"https:\/\/denverzoo.org\/wp-content\/uploads\/2025\/02\/25-EVT-211-Glowing-Wild_KBYG-Tile-Cards_530x340_Rentals.png 530w, https:\/\/denverzoo.org\/wp-content\/uploads\/2025\/02\/25-EVT-211-Glowing-Wild_KBYG-Tile-Cards_530x340_Rentals-220x141.png 220w, https:\/\/denverzoo.org\/wp-content\/uploads\/2025\/02\/25-EVT-211-Glowing-Wild_KBYG-Tile-Cards_530x340_Rentals-50x32.png 50w, https:\/\/denverzoo.org\/wp-content\/uploads\/2025\/02\/25-EVT-211-Glowing-Wild_KBYG-Tile-Cards_530x340_Rentals-18x12.png 18w\" sizes=\"auto, (max-width: 530px) 100vw, 530px\" \/><\/figure>\n\n\n\n<h4 class=\"wp-block-heading has-text-align-center\"><strong>ALQUILERES<\/strong><\/h4>\n\n\n\n<p class=\"has-text-align-center\" style=\"padding-right:0;padding-left:0\">Se pueden alquilar sillas de ruedas, cochecitos, scooters el\u00e9ctricos y carritos para su visita. Le recomendamos que los reserve con anticipaci\u00f3n, ya que suelen agotarse. <a href=\"https:\/\/my.denverzoo.org\/account\/upcomingevents\">Haga clic aqu\u00ed para reservar<\/a>.<\/p>\n<\/div>\n<\/div>\n\n\n\n\n\n<div  class='lhl-section urbi-component urbi-component front_view lhl_comp_width_inherit lhl_spacing_t_06 lhl_spacing_b_06 lhl_spacing_l_00 lhl_spacing_r_00 section-background-t urbi-component-bg--black' ><div class=\"urbi-component-inner\">\n    <div class=\"is-layout-constrained\">\n\n<h2 class=\"wp-block-heading has-text-align-center\">MAPA DEL EVENTO<\/h2>\n\n\n\n<figure class=\"wp-block-image aligncenter size-full is-resized\" style=\"margin-top:var(--wp--preset--spacing--60);margin-bottom:var(--wp--preset--spacing--60)\"><img loading=\"lazy\" decoding=\"async\" width=\"2560\" height=\"1245\" src=\"https:\/\/denverzoo.org\/wp-content\/uploads\/2026\/03\/26-EVT-213-Glowing-Wild_Pre-Arrival-Map_v1.1_SR_3.13.26-scaled.jpg\" alt=\"\" class=\"wp-image-45031\" style=\"width:760px;height:auto\" srcset=\"https:\/\/denverzoo.org\/wp-content\/uploads\/2026\/03\/26-EVT-213-Glowing-Wild_Pre-Arrival-Map_v1.1_SR_3.13.26-scaled.jpg 2560w, https:\/\/denverzoo.org\/wp-content\/uploads\/2026\/03\/26-EVT-213-Glowing-Wild_Pre-Arrival-Map_v1.1_SR_3.13.26-220x107.jpg 220w, https:\/\/denverzoo.org\/wp-content\/uploads\/2026\/03\/26-EVT-213-Glowing-Wild_Pre-Arrival-Map_v1.1_SR_3.13.26-1024x498.jpg 1024w, https:\/\/denverzoo.org\/wp-content\/uploads\/2026\/03\/26-EVT-213-Glowing-Wild_Pre-Arrival-Map_v1.1_SR_3.13.26-768x374.jpg 768w, https:\/\/denverzoo.org\/wp-content\/uploads\/2026\/03\/26-EVT-213-Glowing-Wild_Pre-Arrival-Map_v1.1_SR_3.13.26-50x24.jpg 50w, https:\/\/denverzoo.org\/wp-content\/uploads\/2026\/03\/26-EVT-213-Glowing-Wild_Pre-Arrival-Map_v1.1_SR_3.13.26-1600x778.jpg 1600w, https:\/\/denverzoo.org\/wp-content\/uploads\/2026\/03\/26-EVT-213-Glowing-Wild_Pre-Arrival-Map_v1.1_SR_3.13.26-1536x747.jpg 1536w, https:\/\/denverzoo.org\/wp-content\/uploads\/2026\/03\/26-EVT-213-Glowing-Wild_Pre-Arrival-Map_v1.1_SR_3.13.26-2048x996.jpg 2048w, https:\/\/denverzoo.org\/wp-content\/uploads\/2026\/03\/26-EVT-213-Glowing-Wild_Pre-Arrival-Map_v1.1_SR_3.13.26-18x9.jpg 18w\" sizes=\"auto, (max-width: 2560px) 100vw, 2560px\" \/><\/figure>\n\n\n\n<p class=\"has-text-align-center\" style=\"margin-top:0;margin-right:0;margin-bottom:0;margin-left:0;padding-right:var(--wp--preset--spacing--80);padding-left:var(--wp--preset--spacing--80)\">Recorre arrecifes radiantes, disfruta de nuevas oportunidades para tomar fotos a cada paso y marav\u00edllate con un alce imperdible, \u00a1de 6 metros de alto y 18 metros de ancho! Descarga nuestro mapa del evento para ver la ubicaci\u00f3n de nuestras linternas interactivas, avistamiento de animales, entretenimiento y restaurantes.<\/p>\n\n\n    \r\n    \r\n    <div class='urbi_button_link center'><a class=\"urbi-link lhl_button lhl_button--small lhl_button_color_default lhl_button_width_default lhl_button--block\" href=\"https:\/\/denverzoo.org\/es\/glowing-wild-event-map\/\" target=\"_blank\" rel=\"noopener noreferrer\" >DESCARGAR MAPA<\/a><\/div>\n<\/div>\n\n<\/div>\n<\/div>\n\n\r\n\r\n<div  class='lhl-text-and-image urbi-component urbi-component front_view lhl_comp_width_inherit lhl_spacing_t_00 lhl_spacing_b_00 lhl_spacing_l_00 lhl_spacing_r_00 section-background-t' >\r\n<div class=\"urbi-component-inner\">\r\n\r\n    <div class=\"text_and_image_comp_inner lhl_grid_reverse lhl_grid uk-grid-match\" uk-grid>\r\n\r\n                <div class=\"lhl_grid_col lhl-text-and-image__col-img lhl_width_1_2@m\">\r\n\r\n            \r\n                \r\n                                    <div class=\"default-image-container\">\r\n                                                    <img decoding=\"async\" width=\"610\" height=\"380\" src=\"https:\/\/denverzoo.org\/wp-content\/uploads\/2025\/01\/26-EVT-213-Glowing-Wild_Webpage_Passport-Menu-610x380.png\" class=\"urbi-img img-class\" alt=\"\" loading=\"lazy\" srcset=\"https:\/\/denverzoo.org\/wp-content\/uploads\/2025\/01\/26-EVT-213-Glowing-Wild_Webpage_Passport-Menu-610x380.png 610w, https:\/\/denverzoo.org\/wp-content\/uploads\/2025\/01\/26-EVT-213-Glowing-Wild_Webpage_Passport-Menu-18x10.png 18w\" sizes=\"auto, (max-width: 610px) 100vw, 610px\" \/>                                            <\/div>\r\n                \r\n                \r\n            \r\n            \r\n                    <\/div>\r\n\r\n                <div class=\"lhl_grid_col lhl-text-and-image__col-text lhl_width_1_2@m\">\r\n            <div class=\"lhl-text-and-image__col-text-inner lhl_spacing_03\" style=\"\">\r\n                <div class=\"acf-innerblocks-container\">\n\n<h2 class=\"wp-block-heading has-text-align-center has-turquoise-oasis-color has-text-color has-link-color wp-elements-0b62e20254aa00335765600bb6524711\">Pasaporte de comida y bebida<\/h2>\n\n\n\n<h4 class=\"wp-block-heading has-text-align-center\"><strong>Esperando para comprar<\/strong>? <strong>\u00a1Ahorra al comprar online!<\/strong><\/h4>\n\n\n\n<p class=\"has-text-align-center has-turquoise-oasis-color has-text-color has-link-color wp-elements-cc61608b06ceaf13e5c6562e21b72076\"><strong>$54.95 En el sitio | $49.95 En l\u00ednea<\/strong><\/p>\n\n\n\n<p class=\"has-text-align-center\">\u00bfQuieres aprovechar al m\u00e1ximo tu velada? Aprovecha al m\u00e1ximo tu dinero con el Pasaporte de Comida y Bebida, que te ofrece tres comidas y tres bebidas (opciones disponibles en Norteam\u00e9rica) para canjear en Samburu Grille, Scratch y Caf\u00e9 Costa.&nbsp;<a href=\"https:\/\/denverzoo.org\/es\/glowing-wild-menu\/\">\u00a1Mira el men\u00fa aqu\u00ed!<\/a><\/p>\n\n\n    \r\n    \r\n    <div class='urbi_button_link center'><a class=\"urbi-link lhl_button lhl_button--small lhl_button_color_default lhl_button_width_default lhl_button--block\" href=\"https:\/\/my.denverzoo.org\/account\/upcomingevents\" target=\"_blank\" rel=\"noopener noreferrer\" >Compra ahora<\/a><\/div>\n<\/div>\r\n            <\/div>\r\n        <\/div>\r\n    <\/div>\r\n<\/div>\r\n<\/div>\n\n\n\n\n<div  class='lhl-section urbi-component urbi-component front_view lhl_comp_width_inherit lhl_spacing_t_05 lhl_spacing_b_04 lhl_spacing_l_00 lhl_spacing_r_00 section-background-t' ><div class=\"urbi-component-inner\">\n    <div class=\"is-layout-constrained\">\n\n<div class=\"wp-block-columns is-layout-flex wp-container-core-columns-is-layout-ef350914 wp-block-columns-is-layout-flex\" style=\"padding-top:var(--wp--preset--spacing--30);padding-bottom:var(--wp--preset--spacing--30)\">\n<div class=\"wp-block-column is-layout-flow wp-block-column-is-layout-flow\">\n<h4 class=\"wp-block-heading has-text-align-center\"><strong>Recogida de pasaporte<\/strong><\/h4>\n\n\n\n<p class=\"has-text-align-center\">Si ya compraste alg\u00fan Pasaporte de Comida y Bebida, lo recoger\u00e1s justo despu\u00e9s de la Entrada Principal. Ten listo el correo electr\u00f3nico de confirmaci\u00f3n como comprobante de compra.<\/p>\n<\/div>\n\n\n\n<div class=\"wp-block-column is-layout-flow wp-block-column-is-layout-flow\">\n<h4 class=\"wp-block-heading has-text-align-center\"><strong>Canje de pasaporte<\/strong><\/h4>\n\n\n\n<p class=\"has-text-align-center\">Para canjear sus degustaciones, presente su pasaporte en el mostrador de pedidos para que un miembro del personal le haga un agujero en el pasaporte para cada art\u00edculo. Presente su documento de identidad si canjea una degustaci\u00f3n de bebidas alcoh\u00f3licas.<\/p>\n<\/div>\n\n\n\n<div class=\"wp-block-column is-layout-flow wp-block-column-is-layout-flow\">\n<h4 class=\"wp-block-heading has-text-align-center\"><strong>Men\u00fa de pasaporte<\/strong><\/h4>\n\n\n\n<p class=\"has-text-align-center\">\u00a1Obtenga una vista previa de nuestros tres art\u00edculos de comida y bebida, incluidas opciones sin alcohol!<\/p>\n\n\n    \r\n    \r\n    <div class='urbi_button_link center'><a class=\"urbi-link lhl_button lhl_button--small lhl_button_color_default lhl_button_width_default lhl_button--block\" href=\"https:\/\/denverzoo.org\/es\/glowing-wild-menu\/\" target=\"_blank\" rel=\"noopener noreferrer\" >Ver men\u00fa<\/a><\/div><\/div>\n<\/div>\n\n<\/div>\n\n<\/div>\n<\/div>\n<\/div>\n\n<\/div>\n<\/div>\n\n\n\n\n<div  class='lhl-section urbi-component urbi-component front_view lhl_comp_width_inherit lhl_spacing_t_07 lhl_spacing_b_05 lhl_spacing_l_00 lhl_spacing_r_00 section-background-t' ><div class=\"urbi-component-inner\">\n    <div class=\"is-layout-constrained\">\n\n<p class=\"has-text-align-center\" style=\"font-size:12px\">En asociaci\u00f3n con:<\/p>\n\n\n\n<figure class=\"wp-block-image aligncenter size-medium is-resized\"><img loading=\"lazy\" decoding=\"async\" width=\"220\" height=\"63\" src=\"https:\/\/denverzoo.org\/wp-content\/uploads\/2025\/01\/TianyuLogo_Full-Color-220x63.png\" alt=\"\" class=\"wp-image-40075\" style=\"width:176px;height:auto\" srcset=\"https:\/\/denverzoo.org\/wp-content\/uploads\/2025\/01\/TianyuLogo_Full-Color-220x63.png 220w, https:\/\/denverzoo.org\/wp-content\/uploads\/2025\/01\/TianyuLogo_Full-Color-1024x293.png 1024w, https:\/\/denverzoo.org\/wp-content\/uploads\/2025\/01\/TianyuLogo_Full-Color-768x220.png 768w, https:\/\/denverzoo.org\/wp-content\/uploads\/2025\/01\/TianyuLogo_Full-Color-50x14.png 50w, https:\/\/denverzoo.org\/wp-content\/uploads\/2025\/01\/TianyuLogo_Full-Color-1600x457.png 1600w, https:\/\/denverzoo.org\/wp-content\/uploads\/2025\/01\/TianyuLogo_Full-Color-1536x439.png 1536w, https:\/\/denverzoo.org\/wp-content\/uploads\/2025\/01\/TianyuLogo_Full-Color-2048x585.png 2048w, https:\/\/denverzoo.org\/wp-content\/uploads\/2025\/01\/TianyuLogo_Full-Color-18x5.png 18w\" sizes=\"auto, (max-width: 220px) 100vw, 220px\" \/><\/figure>\n\n\n\n<p class=\"has-text-align-center\"><em>*No ofrecemos reembolsos ni cambios por ning\u00fan motivo, incluyendo mal tiempo. En caso de cierre o cancelaci\u00f3n debido a condiciones meteorol\u00f3gicas extremas, se contactar\u00e1 a los titulares de las entradas con opciones. El entretenimiento est\u00e1 sujeto a retrasos o cancelaciones en caso de mal tiempo. Todos los participantes, incluidos los beb\u00e9s, necesitan una entrada con horario.<\/em><\/p>\n\n<\/div>\n\n<\/div>\n<\/div>","protected":false},"excerpt":{"rendered":"","protected":false},"author":101,"featured_media":0,"parent":0,"menu_order":0,"comment_status":"closed","ping_status":"closed","template":"","meta":{"_acf_changed":false,"_relevanssi_hide_post":"","_relevanssi_hide_content":"","_relevanssi_pin_for_all":"","_relevanssi_pin_keywords":"","_relevanssi_unpin_keywords":"","_relevanssi_related_keywords":"","_relevanssi_related_include_ids":"","_relevanssi_related_exclude_ids":"","_relevanssi_related_no_append":"","_relevanssi_related_not_related":"","_relevanssi_related_posts":"33112,121,116,123,538,27218","_relevanssi_noindex_reason":"","footnotes":""},"class_list":["post-40247","page","type-page","status-publish","hentry"],"acf":[],"_links":{"self":[{"href":"https:\/\/denverzoo.org\/es\/wp-json\/wp\/v2\/pages\/40247","targetHints":{"allow":["GET"]}}],"collection":[{"href":"https:\/\/denverzoo.org\/es\/wp-json\/wp\/v2\/pages"}],"about":[{"href":"https:\/\/denverzoo.org\/es\/wp-json\/wp\/v2\/types\/page"}],"author":[{"embeddable":true,"href":"https:\/\/denverzoo.org\/es\/wp-json\/wp\/v2\/users\/101"}],"replies":[{"embeddable":true,"href":"https:\/\/denverzoo.org\/es\/wp-json\/wp\/v2\/comments?post=40247"}],"version-history":[{"count":1,"href":"https:\/\/denverzoo.org\/es\/wp-json\/wp\/v2\/pages\/40247\/revisions"}],"predecessor-version":[{"id":45291,"href":"https:\/\/denverzoo.org\/es\/wp-json\/wp\/v2\/pages\/40247\/revisions\/45291"}],"wp:attachment":[{"href":"https:\/\/denverzoo.org\/es\/wp-json\/wp\/v2\/media?parent=40247"}],"curies":[{"name":"gracias","href":"https:\/\/api.w.org\/{rel}","templated":true}]}}