{"id":4030,"date":"2018-09-14T18:48:23","date_gmt":"2018-09-14T18:48:23","guid":{"rendered":"https:\/\/denverzootemp.org\/?page_id=4030"},"modified":"2025-02-25T08:46:10","modified_gmt":"2025-02-25T15:46:10","slug":"board-of-governors","status":"publish","type":"page","link":"https:\/\/denverzoo.org\/es\/board-of-governors\/","title":{"rendered":"Junta de Gobernadores"},"content":{"rendered":"<div  class='lhl-section urbi-component urbi-component front_view lhl_comp_width_inherit lhl_spacing_t_09 lhl_spacing_b_09 lhl_spacing_l_00 lhl_spacing_r_00 section-background-t' ><div class=\"urbi-component-inner\">\n    <div class=\"is-layout-constrained\">\n\n<div class=\"wp-block-columns is-layout-flex wp-container-core-columns-is-layout-28f84493 wp-block-columns-is-layout-flex\">\n<div class=\"wp-block-column is-layout-flow wp-block-column-is-layout-flow\">\n<p class=\"has-text-align-center\">Charles H. Scoggin, presidente<\/p>\n\n\n\n<p class=\"has-text-align-center\">Bret Bolin, vicepresidente de finanzas<\/p>\n\n\n\n<p class=\"has-text-align-center\">Meredith Coors, Secretaria<\/p>\n\n\n\n<p class=\"has-text-align-center\">Desta Asfaw<\/p>\n\n\n\n<p class=\"has-text-align-center\">Jol\u00f3n Clark**<\/p>\n<\/div>\n\n\n\n<div class=\"wp-block-column is-layout-flow wp-block-column-is-layout-flow\">\n<p class=\"has-text-align-center\">Marcela de la mar<\/p>\n\n\n\n<p class=\"has-text-align-center\">Olga Toro Donahue<\/p>\n\n\n\n<p class=\"has-text-align-center\">Robert Kaufmann<\/p>\n\n\n\n<p class=\"has-text-align-center\">Rebecca Wilson Macsovits &nbsp;<\/p>\n<\/div>\n\n\n\n<div class=\"wp-block-column is-layout-flow wp-block-column-is-layout-flow\">\n<p class=\"has-text-align-center\">Jenn Ridder*<\/p>\n\n\n\n<p class=\"has-text-align-center\">Jason E. Romero<\/p>\n\n\n\n<p class=\"has-text-align-center\">Chris Ross<\/p>\n\n\n\n<p class=\"has-text-align-center\">Ben Valore-Caplan<\/p>\n\n\n\n<p class=\"has-text-align-center\">* Personas designadas por la alcald\u00eda - T\u00e9rminos de 3 a\u00f1os<br>** Director Ejecutivo, Parques y Recreaci\u00f3n \u2013 Sin Vencimiento<\/p>\n<\/div>\n<\/div>\n\n<\/div>\n\n<\/div>\n<\/div>\n\n\n\n\n<div  class='lhl-section urbi-component urbi-component front_view lhl_comp_width_inherit lhl_spacing_t_09 lhl_spacing_b_09 lhl_spacing_l_00 lhl_spacing_r_00 section-background-t' ><div class=\"urbi-component-inner\">\n    <div class=\"is-layout-constrained\">\n\n<h3 class=\"wp-block-heading has-text-align-center\">Consejo de liderazgo<\/h3>\n\n\n\n<div class=\"wp-block-columns is-layout-flex wp-container-core-columns-is-layout-28f84493 wp-block-columns-is-layout-flex\">\n<div class=\"wp-block-column is-layout-flow wp-block-column-is-layout-flow\">\n<p class=\"has-text-align-center\">Al Gardner<\/p>\n\n\n\n<p class=\"has-text-align-center\">Amanda O&#039;Brien<\/p>\n\n\n\n<p class=\"has-text-align-center\">amy kramer<\/p>\n\n\n\n<p class=\"has-text-align-center\">Angelique Salazar<\/p>\n\n\n\n<p class=\"has-text-align-center\">Ariel Steele<\/p>\n\n\n\n<p class=\"has-text-align-center\">Ashly Ligouri<\/p>\n\n\n\n<p class=\"has-text-align-center\">Bethany Cook<\/p>\n\n\n\n<p class=\"has-text-align-center\">Brad Baumgartner<\/p>\n\n\n\n<p class=\"has-text-align-center\">Brett Leonhardt<\/p>\n\n\n\n<p class=\"has-text-align-center\">Brooke Shafner<\/p>\n\n\n\n<p class=\"has-text-align-center\">Carol Frank<\/p>\n\n\n\n<p class=\"has-text-align-center\">casa de agua celia<\/p>\n\n\n\n<p class=\"has-text-align-center\">perseguir bigham<\/p>\n\n\n\n<p class=\"has-text-align-center\">Corey Marr\u00f3n<\/p>\n\n\n\n<p class=\"has-text-align-center\">David Gartenberg<\/p>\n\n\n\n<p class=\"has-text-align-center\">diane avellana<\/p>\n\n\n\n<p class=\"has-text-align-center\"><\/p>\n<\/div>\n\n\n\n<div class=\"wp-block-column is-layout-flow wp-block-column-is-layout-flow\">\n<p class=\"has-text-align-center\">Elaine Torres<\/p>\n\n\n\n<p class=\"has-text-align-center\">erik harr<\/p>\n\n\n\n<p class=\"has-text-align-center\">Gail Koehn<\/p>\n\n\n\n<p class=\"has-text-align-center\">Subvenci\u00f3n McKay<\/p>\n\n\n\n<p class=\"has-text-align-center\">Jake Upwell<\/p>\n\n\n\n<p class=\"has-text-align-center\">Jess Pr\u00e1mov<\/p>\n\n\n\n<p class=\"has-text-align-center\">Jessica Barclay<\/p>\n\n\n\n<p class=\"has-text-align-center\">Juan Kovacs<\/p>\n\n\n\n<p class=\"has-text-align-center\">Juan Waterhouse<\/p>\n\n\n\n<p class=\"has-text-align-center\">Juan Wicburg<\/p>\n\n\n\n<p class=\"has-text-align-center\">&nbsp; Julie Mart\u00ednez<\/p>\n\n\n\n<p class=\"has-text-align-center\">kathy finley<\/p>\n\n\n\n<p class=\"has-text-align-center\">Kevan Thurman<\/p>\n\n\n\n<p class=\"has-text-align-center\">Kevin Fitzgerald<\/p>\n\n\n\n<p class=\"has-text-align-center\">kristin koelbel<\/p>\n\n\n\n<p class=\"has-text-align-center\">Laura Mitzner<\/p>\n<\/div>\n\n\n\n<div class=\"wp-block-column is-layout-flow wp-block-column-is-layout-flow\">\n<p class=\"has-text-align-center\">Laurie Galbreath<\/p>\n\n\n\n<p class=\"has-text-align-center\">lon gal\u00e9s<\/p>\n\n\n\n<p class=\"has-text-align-center\">Makala Hubbell<\/p>\n\n\n\n<p class=\"has-text-align-center\">&nbsp;Marca Casper<\/p>\n\n\n\n<p class=\"has-text-align-center\">Matt Keeney&nbsp;<\/p>\n\n\n\n<p class=\"has-text-align-center\">megan conn<\/p>\n\n\n\n<p class=\"has-text-align-center\">&nbsp;Melinda Quiat<\/p>\n\n\n\n<p class=\"has-text-align-center\">Nadia Gede\u00f3n<\/p>\n\n\n\n<p class=\"has-text-align-center\">pam gatz<\/p>\n\n\n\n<p class=\"has-text-align-center\">Sadie S\u00e1nchez<\/p>\n\n\n\n<p class=\"has-text-align-center\">Scott Beckley<\/p>\n\n\n\n<p class=\"has-text-align-center\">steve preston<\/p>\n\n\n\n<p class=\"has-text-align-center\">Tony Smith<\/p>\n\n\n\n<p class=\"has-text-align-center\">tyler mounsey<\/p>\n\n\n\n<p class=\"has-text-align-center\">Vicente Abrue<\/p>\n\n\n\n<p class=\"has-text-align-center\">evans<\/p>\n<\/div>\n<\/div>\n\n<\/div>\n\n<\/div>\n<\/div>\n\n\n\n\n<div  class='lhl-section urbi-component urbi-component front_view lhl_comp_width_inherit lhl_spacing_t_09 lhl_spacing_b_09 lhl_spacing_l_00 lhl_spacing_r_00 section-background-t' ><div class=\"urbi-component-inner\">\n    <div class=\"is-layout-constrained\">\n\n<h3 class=\"wp-block-heading has-text-align-center\">Fideicomisario vitalicio honorario<\/h3>\n\n\n\n<p class=\"has-text-align-center\">Bruce D. Benson&nbsp;<\/p>\n\n\n\n<p class=\"has-text-align-center\">William H. Kistler&nbsp;<\/p>\n\n\n\n<p class=\"has-text-align-center\">John C. North III&nbsp;<\/p>\n\n\n\n<p class=\"has-text-align-center\">Marynelle C. Philpott&nbsp;<\/p>\n\n\n\n<p class=\"has-text-align-center\">Edward A. Robinson&nbsp;<\/p>\n\n<\/div>\n\n<\/div>\n<\/div>\n\n\n\n\n<div  class='lhl-section urbi-component urbi-component front_view lhl_comp_width_inherit lhl_spacing_t_09 lhl_spacing_b_09 lhl_spacing_l_00 lhl_spacing_r_00 section-background-t' ><div class=\"urbi-component-inner\">\n    <div class=\"is-layout-constrained\">\n\n<h3 class=\"wp-block-heading has-text-align-center\">Fideicomiso Zool\u00f3gico de Colorado<\/h3>\n\n\n\n<p class=\"has-text-align-center\">Shane Delavan<\/p>\n\n\n\n<p class=\"has-text-align-center\">Marianne Marvez<\/p>\n\n\n\n<p class=\"has-text-align-center\">Juan \u201cJT\u201d Trujillo<\/p>\n\n\n\n<p class=\"has-text-align-center\">Kim Patmore<\/p>\n\n\n\n<p class=\"has-text-align-center\">Ariel Steele<\/p>\n\n\n\n<p class=\"has-text-align-center\">David P. Stern<\/p>\n\n<\/div>\n\n<\/div>\n<\/div>","protected":false},"excerpt":{"rendered":"","protected":false},"author":40,"featured_media":0,"parent":0,"menu_order":0,"comment_status":"closed","ping_status":"closed","template":"","meta":{"_acf_changed":false,"_relevanssi_hide_post":"","_relevanssi_hide_content":"","_relevanssi_pin_for_all":"","_relevanssi_pin_keywords":"","_relevanssi_unpin_keywords":"","_relevanssi_related_keywords":"","_relevanssi_related_include_ids":"","_relevanssi_related_exclude_ids":"","_relevanssi_related_no_append":"","_relevanssi_related_not_related":"","_relevanssi_related_posts":"116,121,123,538,1202,1775","_relevanssi_noindex_reason":"","footnotes":""},"class_list":["post-4030","page","type-page","status-publish","hentry"],"acf":[],"_links":{"self":[{"href":"https:\/\/denverzoo.org\/es\/wp-json\/wp\/v2\/pages\/4030","targetHints":{"allow":["GET"]}}],"collection":[{"href":"https:\/\/denverzoo.org\/es\/wp-json\/wp\/v2\/pages"}],"about":[{"href":"https:\/\/denverzoo.org\/es\/wp-json\/wp\/v2\/types\/page"}],"author":[{"embeddable":true,"href":"https:\/\/denverzoo.org\/es\/wp-json\/wp\/v2\/users\/40"}],"replies":[{"embeddable":true,"href":"https:\/\/denverzoo.org\/es\/wp-json\/wp\/v2\/comments?post=4030"}],"version-history":[{"count":0,"href":"https:\/\/denverzoo.org\/es\/wp-json\/wp\/v2\/pages\/4030\/revisions"}],"wp:attachment":[{"href":"https:\/\/denverzoo.org\/es\/wp-json\/wp\/v2\/media?parent=4030"}],"curies":[{"name":"gracias","href":"https:\/\/api.w.org\/{rel}","templated":true}]}}