{"id":40575,"date":"2025-02-28T16:58:14","date_gmt":"2025-02-28T23:58:14","guid":{"rendered":"https:\/\/denverzoo.org\/?page_id=40575"},"modified":"2026-03-04T14:14:15","modified_gmt":"2026-03-04T21:14:15","slug":"denver-citypass","status":"publish","type":"page","link":"https:\/\/denverzoo.org\/es\/denver-citypass\/","title":{"rendered":"Tarjeta de cr\u00e9dito Denver CityPASS"},"content":{"rendered":"<div  class='lhl-section urbi-component urbi-component front_view lhl_comp_width_inherit lhl_spacing_t_09 lhl_spacing_b_09 lhl_spacing_l_00 lhl_spacing_r_00 section-background-t' ><div class=\"urbi-component-inner\">\n    <div class=\"is-layout-constrained\">\n\n<h2 class=\"wp-block-heading has-text-align-center\">\u00bfDesea hacer turismo en Denver?<\/h2>\n\n\n\n<p class=\"has-text-align-center\">Cree su propia experiencia en Denver, incluida la Denver Zoo Conservation Alliance, <br>y ahorra hasta 42% en la entrada con <a href=\"https:\/\/www.citypass.com\/denver?mv_source=denverzoo&amp;campaign=citypass\" target=\"_blank\" rel=\"noreferrer noopener\">Entradas para el CityPASS\u00ae de Denver<\/a>.<\/p>\n\n\n\n<div class=\"wp-block-cover\" style=\"min-height:278px;aspect-ratio:unset;\"><img loading=\"lazy\" decoding=\"async\" width=\"539\" height=\"882\" class=\"wp-block-cover__image-background wp-image-36116\" alt=\"\" src=\"https:\/\/denverzoo.org\/wp-content\/uploads\/2024\/04\/scales-pattern.png\" style=\"object-position:50% 50%\" data-object-fit=\"cover\" data-object-position=\"50% 50%\" srcset=\"https:\/\/denverzoo.org\/wp-content\/uploads\/2024\/04\/scales-pattern.png 539w, https:\/\/denverzoo.org\/wp-content\/uploads\/2024\/04\/scales-pattern-134x220.png 134w, https:\/\/denverzoo.org\/wp-content\/uploads\/2024\/04\/scales-pattern-7x12.png 7w\" sizes=\"auto, (max-width: 539px) 100vw, 539px\" \/><span aria-hidden=\"true\" class=\"wp-block-cover__background has-forest-shadow-background-color has-background-dim-100 has-background-dim\"><\/span><div class=\"wp-block-cover__inner-container is-layout-constrained wp-block-cover-is-layout-constrained\">\n<p class=\"has-text-align-center has-white-color has-text-color has-link-color wp-elements-d917dce2b7f03be10f851ab75248a77c\">Visita 3, 4 o 5 de las 8 atracciones m\u00e1s queridas de Denver durante un per\u00edodo de 7 d\u00edas, en el orden que desees. <br>No es necesario decidir ahora, elige las atracciones sobre la marcha. &nbsp;<\/p>\n<\/div><\/div>\n\n\n\n<h4 class=\"wp-block-heading has-text-align-center\">CityPASS Incluye: (Elige: 3, 4 o 5)<\/h4>\n\n\n\n<p class=\"has-text-align-center\">Alianza para la conservaci\u00f3n del zool\u00f3gico de Denver<br>Acuario del centro de la ciudad<br>Museo de Naturaleza y Ciencia de Denver<br>Jardines Bot\u00e1nicos de Denver<br>Museo de los Ni\u00f1os de Denver en el campus de Marsico<br>Museo del aire y el espacio Wings Over the Rockies\u2122<br>Museo de Arte de Denver<br>Historia del Centro de Colorado<\/p>\n\n\n\n<h4 class=\"wp-block-heading has-text-align-center\">El costo comienza en $54 (adulto); $44 (ni\u00f1o 3-11).<\/h4>\n\n\n\n<p class=\"has-text-align-center\">Una sencilla compra y entrega de billetes a trav\u00e9s de un dispositivo m\u00f3vil le ahorra tiempo y dinero.<\/p>\n\n\n    \r\n    \r\n    <div class='urbi_button_link center'><a class=\"urbi-link lhl_button lhl_button--small lhl_button_color_default lhl_button_width_default lhl_button--block\" href=\"https:\/\/www.citypass.com\/denver?mv_source=denverzoo&#038;campaign=citypass\" target=\"_blank\" rel=\"noopener noreferrer\" >Obtenga m\u00e1s informaci\u00f3n y compre CityPASS<\/a><\/div>\n\n\n<figure class=\"wp-block-image aligncenter size-full\"><a href=\"https:\/\/www.citypass.com\/denver?mv_source=denverzoo&amp;campaign=citypass\" target=\"_blank\" rel=\" noreferrer noopener\"><img loading=\"lazy\" decoding=\"async\" width=\"768\" height=\"576\" src=\"https:\/\/denverzoo.org\/wp-content\/uploads\/2026\/03\/denver-768x576-1.jpg\" alt=\"Sightseeing? Save on admission to 3, 4, or 5 top Denver attractions with Denver CityPASS\u00ae tickets.\" class=\"wp-image-44882\" srcset=\"https:\/\/denverzoo.org\/wp-content\/uploads\/2026\/03\/denver-768x576-1.jpg 768w, https:\/\/denverzoo.org\/wp-content\/uploads\/2026\/03\/denver-768x576-1-220x165.jpg 220w, https:\/\/denverzoo.org\/wp-content\/uploads\/2026\/03\/denver-768x576-1-50x38.jpg 50w, https:\/\/denverzoo.org\/wp-content\/uploads\/2026\/03\/denver-768x576-1-16x12.jpg 16w\" sizes=\"auto, (max-width: 768px) 100vw, 768px\" \/><\/a><\/figure>\n\n<\/div>\n\n<\/div>\n<\/div>","protected":false},"excerpt":{"rendered":"","protected":false},"author":11,"featured_media":40577,"parent":0,"menu_order":0,"comment_status":"closed","ping_status":"closed","template":"","meta":{"_acf_changed":false,"_relevanssi_hide_post":"","_relevanssi_hide_content":"","_relevanssi_pin_for_all":"","_relevanssi_pin_keywords":"","_relevanssi_unpin_keywords":"","_relevanssi_related_keywords":"","_relevanssi_related_include_ids":"","_relevanssi_related_exclude_ids":"","_relevanssi_related_no_append":"","_relevanssi_related_not_related":"","_relevanssi_related_posts":"116,121,123,538,27218,27235","_relevanssi_noindex_reason":"","footnotes":""},"class_list":["post-40575","page","type-page","status-publish","has-post-thumbnail","hentry"],"acf":[],"_links":{"self":[{"href":"https:\/\/denverzoo.org\/es\/wp-json\/wp\/v2\/pages\/40575","targetHints":{"allow":["GET"]}}],"collection":[{"href":"https:\/\/denverzoo.org\/es\/wp-json\/wp\/v2\/pages"}],"about":[{"href":"https:\/\/denverzoo.org\/es\/wp-json\/wp\/v2\/types\/page"}],"author":[{"embeddable":true,"href":"https:\/\/denverzoo.org\/es\/wp-json\/wp\/v2\/users\/11"}],"replies":[{"embeddable":true,"href":"https:\/\/denverzoo.org\/es\/wp-json\/wp\/v2\/comments?post=40575"}],"version-history":[{"count":2,"href":"https:\/\/denverzoo.org\/es\/wp-json\/wp\/v2\/pages\/40575\/revisions"}],"predecessor-version":[{"id":44890,"href":"https:\/\/denverzoo.org\/es\/wp-json\/wp\/v2\/pages\/40575\/revisions\/44890"}],"wp:featuredmedia":[{"embeddable":true,"href":"https:\/\/denverzoo.org\/es\/wp-json\/wp\/v2\/media\/40577"}],"wp:attachment":[{"href":"https:\/\/denverzoo.org\/es\/wp-json\/wp\/v2\/media?parent=40575"}],"curies":[{"name":"gracias","href":"https:\/\/api.w.org\/{rel}","templated":true}]}}