{"id":41258,"date":"2025-05-02T12:37:38","date_gmt":"2025-05-02T18:37:38","guid":{"rendered":"https:\/\/denverzoo.org\/?page_id=41258"},"modified":"2025-05-02T12:40:28","modified_gmt":"2025-05-02T18:40:28","slug":"careers","status":"publish","type":"page","link":"https:\/\/denverzoo.org\/es\/careers\/","title":{"rendered":"Trabaja con nosotros"},"content":{"rendered":"<div  class='lhl-section urbi-component urbi-component front_view lhl_comp_width_inherit lhl_spacing_t_09 lhl_spacing_b_09 lhl_spacing_l_00 lhl_spacing_r_00 section-background-t urbi-component-bg--light-gray' ><div class=\"urbi-component-inner\">\n    <div class=\"is-layout-constrained\">\n\n<h2 class=\"wp-block-heading has-text-align-center\"><strong>Carreras en el Zool\u00f3gico de Denver<\/strong><\/h2>\n\n\n\n<h4 class=\"wp-block-heading has-text-align-center\">\u00bfBusca un entorno de trabajo tan din\u00e1mico y diverso como el mundo natural?<br>\u00a1En el Zool\u00f3gico de Denver, damos la bienvenida a todas las rayas! Echa un vistazo a nuestras ofertas de trabajo actuales a continuaci\u00f3n.<\/h4>\n\n\n    \r\n    \r\n    <div class='urbi_button_link center'><a class=\"urbi-link lhl_button lhl_button--small lhl_button_color_default lhl_button_width_default lhl_button--block\" href=\"https:\/\/recruiting2.ultipro.com\/DEN1007DZOO\/JobBoard\/d1f817ca-ca1f-4c97-8900-359777b7d099\" target=\"\" rel=\"noopener noreferrer\" >Ofertas de trabajo actuales<\/a><\/div>\n\n\n<div style=\"height:16px\" aria-hidden=\"true\" class=\"wp-block-spacer\"><\/div>\n\n\n\n<div>\n  <div style=\"position:relative;padding-top:56.25%;\">\n    <iframe src=\"https:\/\/www.youtube.com\/embed\/29OIhk0BTos\" frameborder=\"0\" allowfullscreen\n style=\"position:absolute;top:0;left:0;width:100%;height:100%;\"><\/iframe>\n  <\/div>\n<\/div>\n\n<\/div>\n\n<\/div>\n<\/div>\n\n\n\n\n<div  class='lhl-section urbi-component urbi-component front_view lhl_spacing_t_06 lhl_spacing_b_09 lhl_spacing_l_00 lhl_spacing_r_00 section-background-t urbi-component-bg--white' ><div class=\"urbi-component-inner\">\n    <div class=\"is-layout-constrained\">\n\n\n\n<div  class='urbi\/tiles urbi-component urbi-component front_view lhl_spacing_t_00 lhl_spacing_b_00 lhl_spacing_l_00 lhl_spacing_r_00 section-background-t' >\n<div class=\"uk-child-width-1-3@s uk-grid-match\" uk-grid>\n    \n\n\n<div>\n\n        <div  class='urbi\/tile urbi-card urbi-card--tile urbi-card--shadow-3' >\n    <div class=\"urbi-tile-inner\">\n                <div class=\"tile-content padding-none\">\n\n\n\n<div  class='lhl-card urbi-component urbi-component front_view lhl_comp_width_inherit lhl_spacing_t_05 lhl_spacing_b_02 lhl_spacing_l_05 lhl_spacing_r_05 section-background-t  lhl_card  lhl_card_shadow_0 lhl_card_radius_0' ><div class=\"urbi-component-inner\">\n    <div class=\"acf-innerblocks-container\">\n\n<h4 class=\"wp-block-heading has-text-align-center\"><strong>Atracci\u00f3n de animales<\/strong><\/h4>\n\n\n\n<p class=\"has-text-align-center\">Con m\u00e1s de 3,000 residentes salvajes bajo nuestro cuidado, el Zool\u00f3gico de Denver siempre est\u00e1 buscando especialistas talentosos en cuidado de animales, incluidos cuidadores, veterinarios, nutricionistas zool\u00f3gicos y otros tipos incre\u00edbles amantes de las criaturas.<\/p>\n\n<\/div>\n<\/div>\n<\/div>\n<\/div>\n    <\/div>\n    <\/div><\/div>\n\n\n\n<div>\n\n        <div  class='urbi\/tile urbi-card urbi-card--tile urbi-card--shadow-3' >\n    <div class=\"urbi-tile-inner\">\n                <div class=\"tile-content padding-none\">\n\n\n\n<div  class='lhl-card urbi-component urbi-component front_view lhl_comp_width_inherit lhl_spacing_t_05 lhl_spacing_b_02 lhl_spacing_l_05 lhl_spacing_r_05 section-background-t  lhl_card  lhl_card_shadow_0 lhl_card_radius_0' ><div class=\"urbi-component-inner\">\n    <div class=\"acf-innerblocks-container\">\n\n<h4 class=\"wp-block-heading has-text-align-center\"><strong>Naci\u00f3n de conservaci\u00f3n<\/strong><\/h4>\n\n\n\n<p class=\"has-text-align-center\">El zool\u00f3gico de Denver ha participado en m\u00e1s de 600 proyectos de conservaci\u00f3n en seis continentes. Salvar la vida silvestre y defender los ecosistemas son fundamentales para nuestra misi\u00f3n, por lo que siempre buscamos conservacionistas y profesionales de la sustentabilidad.<\/p>\n\n<\/div>\n<\/div>\n<\/div>\n<\/div>\n    <\/div>\n    <\/div><\/div>\n\n\n\n<div>\n\n        <div  class='urbi\/tile urbi-card urbi-card--tile urbi-card--shadow-3' >\n    <div class=\"urbi-tile-inner\">\n                <div class=\"tile-content padding-none\">\n\n\n\n<div  class='lhl-card urbi-component urbi-component front_view lhl_comp_width_inherit lhl_spacing_t_05 lhl_spacing_b_02 lhl_spacing_l_05 lhl_spacing_r_05 section-background-t  lhl_card  lhl_card_shadow_0 lhl_card_radius_0' ><div class=\"urbi-component-inner\">\n    <div class=\"acf-innerblocks-container\">\n\n<h4 class=\"wp-block-heading has-text-align-center\"><strong>Expertos en Compromiso<\/strong><\/h4>\n\n\n\n<p class=\"has-text-align-center\">M\u00e1s de dos millones de caras sonrientes pasan por nuestras puertas cada a\u00f1o, y vemos cada una de ellas como una oportunidad para cambiar el mundo. Nuestros entusiastas educadores, especialistas en eventos y expertos en participaci\u00f3n de invitados lo hacen todo posible.<\/p>\n\n<\/div>\n<\/div>\n<\/div>\n<\/div>\n    <\/div>\n    <\/div><\/div>\n\n\n<\/div>\n<\/div>\n\n\n\n\n<div  class='lhl-section urbi-component urbi-component front_view lhl_spacing_t_00 lhl_spacing_b_09 lhl_spacing_l_00 lhl_spacing_r_00 section-background-t urbi-component-bg--white' ><div class=\"urbi-component-inner\">\n    <div class=\"is-layout-constrained\">\n\n<p><\/p>\n\n\n\n\n\n<div  class='urbi\/tiles urbi-component urbi-component front_view' >\n<div class=\"uk-child-width-1-2@s uk-grid-match\" uk-grid>\n    \n\n\n<div>\n\n        <div  class='urbi\/tile urbi-card urbi-card--tile urbi-card--shadow-3' >\n    <div class=\"urbi-tile-inner\">\n                <div class=\"tile-content padding-none\">\n\n\n\n<div  class='lhl-card urbi-component urbi-component front_view lhl_comp_width_inherit lhl_spacing_t_05 lhl_spacing_b_05 lhl_spacing_l_07 lhl_spacing_r_07 section-background-t  lhl_card  lhl_card_shadow_0 lhl_card_radius_0' ><div class=\"urbi-component-inner\">\n    <div class=\"acf-innerblocks-container\">\n\n<h4 class=\"wp-block-heading has-text-align-center\"><strong>Dentro de los gatos<\/strong><\/h4>\n\n\n\n<p class=\"has-text-align-center\">Como una corporaci\u00f3n sin fines de lucro, el Zool\u00f3gico de Denver cuenta con un grupo comprometido de personas que trabajan en interiores para mantener las luces encendidas, incluidos profesionales talentosos con experiencia en desarrollo, marketing, comunicaciones, recursos humanos, TI y m\u00e1s.<\/p>\n\n<\/div>\n<\/div>\n<\/div>\n<\/div>\n    <\/div>\n    <\/div><\/div>\n\n\n\n<div>\n\n        <div  class='urbi\/tile urbi-card urbi-card--tile urbi-card--shadow-3' >\n    <div class=\"urbi-tile-inner\">\n                <div class=\"tile-content padding-none\">\n\n\n\n<div  class='lhl-card urbi-component urbi-component front_view lhl_comp_width_inherit lhl_spacing_t_05 lhl_spacing_b_05 lhl_spacing_l_07 lhl_spacing_r_07 section-background-t  lhl_card  lhl_card_shadow_0 lhl_card_radius_0' ><div class=\"urbi-component-inner\">\n    <div class=\"acf-innerblocks-container\">\n\n<h4 class=\"wp-block-heading has-text-align-center\"><strong>Juego de tierra<\/strong><\/h4>\n\n\n\n<p class=\"has-text-align-center\">Se necesita un equipo especial para mantener nuestro hist\u00f3rico campus de 84 acres funcionando de manera segura y sin problemas los 363 d\u00edas del a\u00f1o, y no podr\u00edamos hacerlo sin nuestros talentosos profesionales en seguridad, instalaciones, mantenimiento, horticultura y otros profesionales.<\/p>\n\n<\/div>\n<\/div>\n<\/div>\n<\/div>\n    <\/div>\n    <\/div><\/div>\n\n\n<\/div>\n<\/div>\n<\/div>\n\n<\/div>\n<\/div>\n\n\n\n\n<div  class='lhl-section urbi-component urbi-component front_view lhl_spacing_t_00 lhl_spacing_b_00 lhl_spacing_l_00 lhl_spacing_r_00 section-background-t  bg-pattern-' ><div class=\"urbi-component-inner\">\n    <div class=\"is-layout-constrained\">\n\r\n\r\n<div  class='lhl-text-and-image urbi-component urbi-component front_view lhl_spacing_t_00 lhl_spacing_b_00 lhl_spacing_l_00 lhl_spacing_r_00 section-background-t' >\r\n<div class=\"urbi-component-inner\">\r\n\r\n    <div class=\"text_and_image_comp_inner lhl_grid_default lhl_grid uk-grid-match\" uk-grid>\r\n\r\n                <div class=\"lhl_grid_col lhl-text-and-image__col-img lhl_width_1_2@m\">\r\n\r\n            \r\n                \r\n                                    <div class=\"default-image-container\">\r\n                                                    <img decoding=\"async\" width=\"403\" height=\"380\" src=\"https:\/\/denverzoo.org\/wp-content\/uploads\/2024\/07\/Ribbon_Orange-403x380.png\" class=\"urbi-img img-class\" alt=\"\" loading=\"lazy\" \/>                                            <\/div>\r\n                \r\n                \r\n            \r\n            \r\n                    <\/div>\r\n\r\n                <div class=\"lhl_grid_col lhl-text-and-image__col-text lhl_width_1_2@m\">\r\n            <div class=\"lhl-text-and-image__col-text-inner lhl_spacing_03\" style=\"\">\r\n                <div class=\"acf-innerblocks-container\">\n\n<h5 class=\"wp-block-heading\">Un lugar de trabajo verdaderamente salvaje<br>con beneficios competitivos<br><strong>Como miembro de nuestro equipo One Zoo, tendr\u00e1 acceso a una gama completa de beneficios competitivos, que incluyen:\u00a0<\/strong><\/h5>\n\n\n\n<ul class=\"wp-block-list\">\n<li><em>Cobertura m\u00e9dica, visi\u00f3n y dental.<\/em><\/li>\n\n\n\n<li><em>Cuentas de gastos flexibles (FSA) +<\/em><br><em>Cuenta de gastos de atenci\u00f3n m\u00e9dica (HSA)<\/em><\/li>\n\n\n\n<li><em>Seguro de vida + invalidez a cargo del empleador<\/em><\/li>\n\n\n\n<li><em>Plan de jubilaci\u00f3n 403b con igualaci\u00f3n del empleador<\/em><br><em>(el empleador paga 2:1 sobre la contribuci\u00f3n 3% del empleado)<\/em><\/li>\n\n\n\n<li><em>Tiempo libre pagado: vacaciones, enfermedad, personal + vacaciones<\/em><\/li>\n\n\n\n<li><em>Acceso al Programa de Asistencia al Empleado (EAP)<\/em><\/li>\n\n\n\n<li><em>Oportunidades para participar en la conservaci\u00f3n<\/em><br><em>proyectos a nivel local e internacional<\/em><\/li>\n\n\n\n<li><em>Membres\u00eda Family-Plus Denver Zoo.<\/em><br><em>y entradas con descuento para eventos especiales<\/em><\/li>\n\n\n\n<li><em>Concesiones y descuentos minoristas m\u00e1s estacionamiento gratuito<\/em><\/li>\n<\/ul>\n\n<\/div>\r\n            <\/div>\r\n        <\/div>\r\n    <\/div>\r\n<\/div>\r\n<\/div>\n<\/div>\n\n<\/div>\n<\/div>\n<\/div>\n\n<\/div>\n<\/div>\n\n\n\n\n<div  class='lhl-section urbi-component urbi-component front_view lhl_comp_width_inherit lhl_spacing_t_09 lhl_spacing_b_09 lhl_spacing_l_00 lhl_spacing_r_00 section-background-t urbi-component-bg--amber-burst' ><div class=\"urbi-component-inner\">\n    <div class=\"is-layout-constrained\">\n\n<h3 class=\"wp-block-heading has-text-align-center\"><strong>Archivos legibles por m\u00e1quina<\/strong><\/h3>\n\n\n\n<p class=\"has-text-align-center\">Este enlace conduce a los archivos legibles por m\u00e1quina que est\u00e1n disponibles en respuesta a la regla federal de transparencia en la cobertura e incluye tarifas de servicio negociadas y montos permitidos fuera de la red entre planes de salud y proveedores de atenci\u00f3n m\u00e9dica. Los archivos legibles por m\u00e1quina est\u00e1n formateados para permitir que los investigadores, reguladores y desarrolladores de aplicaciones accedan y analicen los datos m\u00e1s f\u00e1cilmente.<\/p>\n\n\n    \r\n    \r\n    <div class='urbi_button_link center'><a class=\"urbi-link lhl_button lhl_button--small lhl_button_color_default lhl_button_width_default lhl_button--block\" href=\"https:\/\/www.cigna.com\/legal\/compliance\/machine-readable-files\" target=\"\" rel=\"noopener noreferrer\" >Aprende m\u00e1s<\/a><\/div>\n<\/div>\n\n<\/div>\n<\/div>","protected":false},"excerpt":{"rendered":"","protected":false},"author":98,"featured_media":12860,"parent":0,"menu_order":0,"comment_status":"closed","ping_status":"closed","template":"","meta":{"_acf_changed":false,"_relevanssi_hide_post":"","_relevanssi_hide_content":"","_relevanssi_pin_for_all":"","_relevanssi_pin_keywords":"","_relevanssi_unpin_keywords":"","_relevanssi_related_keywords":"","_relevanssi_related_include_ids":"","_relevanssi_related_exclude_ids":"","_relevanssi_related_no_append":"","_relevanssi_related_not_related":"","_relevanssi_related_posts":"116,121,123,538,1202,1775","_relevanssi_noindex_reason":"","footnotes":""},"class_list":["post-41258","page","type-page","status-publish","has-post-thumbnail","hentry"],"acf":[],"_links":{"self":[{"href":"https:\/\/denverzoo.org\/es\/wp-json\/wp\/v2\/pages\/41258","targetHints":{"allow":["GET"]}}],"collection":[{"href":"https:\/\/denverzoo.org\/es\/wp-json\/wp\/v2\/pages"}],"about":[{"href":"https:\/\/denverzoo.org\/es\/wp-json\/wp\/v2\/types\/page"}],"author":[{"embeddable":true,"href":"https:\/\/denverzoo.org\/es\/wp-json\/wp\/v2\/users\/98"}],"replies":[{"embeddable":true,"href":"https:\/\/denverzoo.org\/es\/wp-json\/wp\/v2\/comments?post=41258"}],"version-history":[{"count":0,"href":"https:\/\/denverzoo.org\/es\/wp-json\/wp\/v2\/pages\/41258\/revisions"}],"wp:featuredmedia":[{"embeddable":true,"href":"https:\/\/denverzoo.org\/es\/wp-json\/wp\/v2\/media\/12860"}],"wp:attachment":[{"href":"https:\/\/denverzoo.org\/es\/wp-json\/wp\/v2\/media?parent=41258"}],"curies":[{"name":"gracias","href":"https:\/\/api.w.org\/{rel}","templated":true}]}}