{"id":4129,"date":"2018-09-14T20:48:20","date_gmt":"2018-09-14T20:48:20","guid":{"rendered":"https:\/\/denverzootemp.org\/?page_id=4129"},"modified":"2026-04-06T10:49:45","modified_gmt":"2026-04-06T16:49:45","slug":"volunteer","status":"publish","type":"page","link":"https:\/\/denverzoo.org\/es\/volunteer\/","title":{"rendered":"Voluntario"},"content":{"rendered":"<div  class='lhl-section urbi-component urbi-component front_view lhl_comp_width_inherit lhl_spacing_t_09 lhl_spacing_b_09 lhl_spacing_l_00 lhl_spacing_r_00 section-background-t' ><div class=\"urbi-component-inner\">\n    <div class=\"is-layout-constrained\">\n\n<p><\/p>\n\n\n\n<p class=\"has-text-align-center\">Cari\u00f1oso. Comprometido. Apasionado. Poderoso. Los miembros de la comunidad de voluntarios del Zool\u00f3gico de Denver son tan din\u00e1micos y diversos como la ciudad misma, y son tan parte de nuestra familia como nuestro maravilloso personal y nuestros 3,000 animales salvajes. De todas las oportunidades de voluntariado en Denver, esta es una de las m\u00e1s emocionantes y gratificantes. \u00bfInteresado? \u00a1Aprenda c\u00f3mo unir fuerzas con el defensor de los animales salvajes m\u00e1s antiguo y dedicado de Colorado, a continuaci\u00f3n!&nbsp;<\/p>\n\n<\/div>\n\n<\/div>\n<\/div>\n\n\n\n\n<div  class='lhl-section urbi-component urbi-component front_view lhl_comp_width_inherit lhl_spacing_t_09 lhl_spacing_b_09 lhl_spacing_l_07 lhl_spacing_r_07 section-background-t urbi-component-bg--light-gray' ><div class=\"urbi-component-inner\">\n    <div class=\"is-layout-constrained\">\n\n<p><strong>1. Conozca nuestro programa de voluntariado<\/strong><\/p>\n\n\n\n<p>\u00a1Hay muchas opciones para voluntarios en el Zool\u00f3gico de Denver! Los voluntarios participan en casi todos los aspectos de nuestras operaciones. Para obtener m\u00e1s informaci\u00f3n sobre el programa de voluntariado, las oportunidades disponibles y m\u00e1s, consulte nuestro documento de datos breves. <a href=\"https:\/\/www.canva.com\/design\/DAGKfWxznPo\/5Xxe4CIchTvWgd99nmLoww\/view?utm_content=DAGKfWxznPo&amp;utm_campaign=designshare&amp;utm_medium=link2&amp;utm_source=uniquelinks&amp;utlId=h7f242d46cd\">AQU\u00cd<\/a>. <\/p>\n\n<\/div>\n\n<\/div>\n<\/div>\n\n\n\n\n<div  class='lhl-section urbi-component urbi-component front_view lhl_comp_width_inherit lhl_spacing_t_09 lhl_spacing_b_09 lhl_spacing_l_07 lhl_spacing_r_07 section-background-t urbi-component-bg--white' ><div class=\"urbi-component-inner\">\n    <div class=\"is-layout-constrained\">\n\n<p><strong>2. \u00bfListo para aplicar?<\/strong>&nbsp;<\/p>\n\n\n\n<p>Actualmente, el plazo de solicitud para el puesto de asistente voluntario en nuestro programa de campamento de safari est\u00e1 CERRADO. Si le interesan futuras oportunidades, puede a\u00f1adir su nombre al formulario de inter\u00e9s que aparece a continuaci\u00f3n para recibir notificaciones sobre futuras convocatorias.<\/p>\n\n\n\n\n\n<p><\/p>\n\n\n\n<p>Ventanas de aplicaci\u00f3n 2026: <\/p>\n\n\n\n<ul class=\"wp-block-list\">\n<li>3 de agosto \u2013 16 de agosto: Se abren las solicitudes para el programa completo de voluntariado<\/li>\n<\/ul>\n\n\n\n<p class=\"has-paragraph-medium-font-size\"><\/p>\n\n\n\n<p class=\"has-text-align-center\">Si desea recibir notificaciones sobre futuras vacantes, agregue su nombre a nuestro formulario de inter\u00e9s. <a href=\"https:\/\/forms.office.com\/Pages\/ResponsePage.aspx?id=nM1RULOe40GAAwUXZukDfEy3ovJQyYVOlrQcljG7lX1UQzVZRFA3T1EzOUVLTVM2RFkwMTMzNUxINy4u\">AQU\u00cd<\/a>.<\/p>\n\n<\/div>\n\n<\/div>\n<\/div>\n\n\n\n\n<div  class='lhl-section urbi-component urbi-component front_view lhl_comp_width_inherit lhl_spacing_t_09 lhl_spacing_b_09 lhl_spacing_l_07 lhl_spacing_r_07 section-background-t urbi-component-bg--light-gray' ><div class=\"urbi-component-inner\">\n    <div class=\"is-layout-constrained\">\n\n<p><strong>3. Aceptaci\u00f3n y pr\u00f3ximos pasos<\/strong>&nbsp;<\/p>\n\n\n\n<p>Todos los voluntarios que sean aceptados en el Programa de Voluntarios Adultos ser\u00e1n notificados de los pr\u00f3ximos pasos por correo electr\u00f3nico. En cada ciclo de solicitud, la cantidad de solicitudes que recibimos supera con creces la cantidad de posiciones abiertas que tenemos. Si no se le ofrece un puesto, se le anima a presentar su solicitud nuevamente.&nbsp;<\/p>\n\n\n\n<p>Antes de la orientaci\u00f3n, todos los voluntarios aceptados deber\u00e1n aprobar una verificaci\u00f3n de antecedentes penales y pagar una tarifa de capacitaci\u00f3n $15. El apoyo a las becas est\u00e1 disponible previa solicitud.&nbsp;<\/p>\n\n<\/div>\n\n<\/div>\n<\/div>\n\n\n\n\n<div  class='lhl-section urbi-component urbi-component front_view lhl_comp_width_inherit lhl_spacing_t_09 lhl_spacing_b_09 lhl_spacing_l_07 lhl_spacing_r_07 section-background-t urbi-component-bg--white' ><div class=\"urbi-component-inner\">\n    <div class=\"is-layout-constrained\">\n\n<p><strong>4. Zoo U (Orientaci\u00f3n)<\/strong>&nbsp;<\/p>\n\n\n\n<p>Todos los voluntarios adultos deben asistir a una orientaci\u00f3n de un d\u00eda llamada Zoo U. Este programa le dar\u00e1 una introducci\u00f3n al Zool\u00f3gico de Denver, nuestra misi\u00f3n, el personal del Programa de Voluntarios Adultos y le brindar\u00e1 las habilidades fundamentales necesarias para brindar el m\u00e1s alto nivel de experiencia a los hu\u00e9spedes.&nbsp;<\/p>\n\n\n\n<p><\/p>\n\n<\/div>\n\n<\/div>\n<\/div>\n\n\n\n<div  class='lhl-accordion urbi-component urbi-component front_view lhl_comp_width_inherit lhl_spacing_t_09 lhl_spacing_b_09 lhl_spacing_l_00 lhl_spacing_r_00 section-background-t' ><div class=\"urbi-component-inner\">\n    <ul id=\"accordion-86709\" class=\"uk-accordion lhl-accordion-items\" uk-accordion data-id=\"accordion-86709\"><li id=\"accordion-86709--volunteer-requirements-no\" class=\"lhl-accordion-item lhl_mb_40\" data-id=\"accordion-86709--volunteer-requirements\"><a class=\"uk-accordion-title lhl-accordion-item-title\" href=\"#\">Requisitos de voluntariado<\/a><div class=\"uk-accordion-content lhl-accordion-item-content\"><p><\/p>\n<p>\u2022 Capaz de comprometerse por un m\u00ednimo de un a\u00f1o y capaz de realizar los 16 a 24 turnos requeridos por a\u00f1o, dependiendo de su puesto.<\/p>\n<p> <\/p>\n<p>\u2022 Tener al menos 18 a\u00f1os de edad<\/p>\n<p> <\/p>\n<p>\u2022 Poder asistir a un d\u00eda completo de orientaci\u00f3n en el campus (Zoo U)<\/p>\n<p> <\/p>\n<p>\u2022 Comprometerse a brindar a nuestros hu\u00e9spedes el m\u00e1s alto nivel de servicio.<\/p>\n<p> <\/p>\n<p>\u2022 Ser apasionado por educar a personas de todas las edades y habilidades sobre la vida silvestre, la conservaci\u00f3n y el mundo natural.<\/p>\n<p> <\/p>\n<p>\u2022 Sea amigable, extrovertido y confiable.<\/p>\n<p> <\/p>\n<p>\u2022 Poder pagar una tarifa de capacitaci\u00f3n $15 que incluye la orientaci\u00f3n del Zoo U y su credencial con el nombre del Zool\u00f3gico de Denver. (Apoyo de becas disponible a pedido).<\/p>\n<p><\/p>\n<\/div><\/li><\/ul>\n<\/div>\n\n<\/div>\n\n\n\n\n<div  class='lhl-section urbi-component urbi-component front_view lhl_spacing_t_00 lhl_spacing_b_00 lhl_spacing_l_00 lhl_spacing_r_00 section-background-t  bg-pattern-' ><div class=\"urbi-component-inner\">\n    <div class=\"is-layout-constrained\">\n\r\n\r\n<div  class='lhl-text-and-image urbi-component urbi-component front_view lhl_spacing_t_00 lhl_spacing_b_00 lhl_spacing_l_00 lhl_spacing_r_00 section-background-t' >\r\n<div class=\"urbi-component-inner\">\r\n\r\n    <div class=\"text_and_image_comp_inner lhl_grid_default lhl_grid uk-grid-match\" uk-grid>\r\n\r\n                <div class=\"lhl_grid_col lhl-text-and-image__col-img lhl_width_1_2@m\">\r\n\r\n            \r\n                \r\n                                    <div class=\"default-image-container\">\r\n                                                    <img decoding=\"async\" width=\"507\" height=\"380\" src=\"https:\/\/denverzoo.org\/wp-content\/uploads\/2022\/10\/20180427_Horticulture-volunteers_img00002-RCBJ-scaled.jpg\" class=\"urbi-img img-class\" alt=\"\" loading=\"lazy\" srcset=\"https:\/\/denverzoo.org\/wp-content\/uploads\/2022\/10\/20180427_Horticulture-volunteers_img00002-RCBJ-scaled.jpg 2560w, https:\/\/denverzoo.org\/wp-content\/uploads\/2022\/10\/20180427_Horticulture-volunteers_img00002-RCBJ-220x165.jpg 220w, https:\/\/denverzoo.org\/wp-content\/uploads\/2022\/10\/20180427_Horticulture-volunteers_img00002-RCBJ-768x576.jpg 768w, https:\/\/denverzoo.org\/wp-content\/uploads\/2022\/10\/20180427_Horticulture-volunteers_img00002-RCBJ-1024x768.jpg 1024w, https:\/\/denverzoo.org\/wp-content\/uploads\/2022\/10\/20180427_Horticulture-volunteers_img00002-RCBJ-1536x1152.jpg 1536w, https:\/\/denverzoo.org\/wp-content\/uploads\/2022\/10\/20180427_Horticulture-volunteers_img00002-RCBJ-2048x1536.jpg 2048w, https:\/\/denverzoo.org\/wp-content\/uploads\/2022\/10\/20180427_Horticulture-volunteers_img00002-RCBJ-16x12.jpg 16w\" sizes=\"auto, (max-width: 507px) 100vw, 507px\" \/>                                            <\/div>\r\n                \r\n                \r\n            \r\n            \r\n                    <\/div>\r\n\r\n                <div class=\"lhl_grid_col lhl-text-and-image__col-text lhl_width_1_2@m\">\r\n            <div class=\"lhl-text-and-image__col-text-inner lhl_spacing_03\" style=\"\">\r\n                <div class=\"acf-innerblocks-container\">\n\n<p><strong>Todos los voluntarios comienzan como Voluntarios Generales y pueden participar en lo siguiente y m\u00e1s:<\/strong>&nbsp;<\/p>\n\n\n\n<p>\u2022 Exploraciones de visibilidad de animales&nbsp;<\/p>\n\n\n\n<p>\u2022 Edificio de Enriquecimiento&nbsp;<\/p>\n\n\n\n<p>\u2022 Mantenimiento de exhibici\u00f3n&nbsp;<\/p>\n\n\n\n<p>\u2022 Asistente de manejo de animales<\/p>\n\n\n\n<p>\u2022 Seguimiento de los voluntarios de horticultura (marzo-octubre)&nbsp;<\/p>\n\n\n\n<p>\u2022 Seguimiento de los voluntarios de la experiencia de los hu\u00e9spedes&nbsp;<\/p>\n\n\n\n<p><strong>Despu\u00e9s de completar los requisitos de Voluntariado General, se invita a los voluntarios a postularse para puestos vacantes y asistir a capacitaci\u00f3n para equipos de voluntarios espec\u00edficos.<\/strong>&nbsp;<\/p>\n\n<\/div>\r\n            <\/div>\r\n        <\/div>\r\n    <\/div>\r\n<\/div>\r\n<\/div>\n<\/div>\n\n<\/div>\n<\/div>","protected":false},"excerpt":{"rendered":"","protected":false},"author":40,"featured_media":0,"parent":0,"menu_order":0,"comment_status":"closed","ping_status":"closed","template":"","meta":{"_acf_changed":false,"_relevanssi_hide_post":"","_relevanssi_hide_content":"","_relevanssi_pin_for_all":"","_relevanssi_pin_keywords":"","_relevanssi_unpin_keywords":"","_relevanssi_related_keywords":"","_relevanssi_related_include_ids":"","_relevanssi_related_exclude_ids":"","_relevanssi_related_no_append":"","_relevanssi_related_not_related":"","_relevanssi_related_posts":"116,121,123,538,1202,1775","_relevanssi_noindex_reason":"","footnotes":""},"class_list":["post-4129","page","type-page","status-publish","hentry"],"acf":[],"_links":{"self":[{"href":"https:\/\/denverzoo.org\/es\/wp-json\/wp\/v2\/pages\/4129","targetHints":{"allow":["GET"]}}],"collection":[{"href":"https:\/\/denverzoo.org\/es\/wp-json\/wp\/v2\/pages"}],"about":[{"href":"https:\/\/denverzoo.org\/es\/wp-json\/wp\/v2\/types\/page"}],"author":[{"embeddable":true,"href":"https:\/\/denverzoo.org\/es\/wp-json\/wp\/v2\/users\/40"}],"replies":[{"embeddable":true,"href":"https:\/\/denverzoo.org\/es\/wp-json\/wp\/v2\/comments?post=4129"}],"version-history":[{"count":2,"href":"https:\/\/denverzoo.org\/es\/wp-json\/wp\/v2\/pages\/4129\/revisions"}],"predecessor-version":[{"id":45162,"href":"https:\/\/denverzoo.org\/es\/wp-json\/wp\/v2\/pages\/4129\/revisions\/45162"}],"wp:attachment":[{"href":"https:\/\/denverzoo.org\/es\/wp-json\/wp\/v2\/media?parent=4129"}],"curies":[{"name":"gracias","href":"https:\/\/api.w.org\/{rel}","templated":true}]}}