{"id":42137,"date":"2025-06-10T09:54:47","date_gmt":"2025-06-10T15:54:47","guid":{"rendered":"https:\/\/denverzoo.org\/zoo-pride-clone\/"},"modified":"2026-02-17T14:26:00","modified_gmt":"2026-02-17T21:26:00","slug":"zoo-pride-member","status":"publish","type":"page","link":"https:\/\/denverzoo.org\/es\/zoo-pride-member\/","title":{"rendered":"Miembro del Orgullo del Zool\u00f3gico"},"content":{"rendered":"<div  class='lhl-section urbi-component urbi-component front_view lhl_comp_width_inherit lhl_spacing_t_09 lhl_spacing_b_09 lhl_spacing_l_00 lhl_spacing_r_00 section-background-t' ><div class=\"urbi-component-inner\">\n    <div class=\"is-layout-constrained\">\n\n<h2 class=\"wp-block-heading has-text-align-center\">&nbsp;Portal de membres\u00eda de Zoo Pride<\/h2>\n\n\n\n<p class=\"has-text-align-center\">Como miembro de Zoo Pride, tienes derecho a todo tipo de ventajas exclusivas, desde visitas guiadas tras bambalinas hasta un conserje personal del zool\u00f3gico y mucho m\u00e1s. \u00a1Aqu\u00ed te explicamos c\u00f3mo conseguir estas recompensas exclusivas!<\/p>\n\n<\/div>\n\n<\/div>\n<\/div>\n\n\n\n\n<div  class='lhl-section urbi-component urbi-component front_view lhl_comp_width_inherit lhl_spacing_t_05 lhl_spacing_b_09 lhl_spacing_l_00 lhl_spacing_r_00 section-background-t urbi-component-bg--white' ><div class=\"urbi-component-inner\">\n    <div class=\"is-layout-constrained\">\n\r\n\r\n\r\n<div  class='urbi-two-card-block urbi-component urbi-component front_view lhl_comp_width_inherit lhl_spacing_t_05 lhl_spacing_b_05 lhl_spacing_l_00 lhl_spacing_r_00 section-background-t urbi-component-bg--white' ><div class=\"urbi-component-inner\">\r\n    <div class=\"uk-child-width-1-2@s uk-grid uk-grid-match\" uk-grid>\r\n\r\n        <div class=\"uk-width-1-2@m\">\n<div class=\"urbi-card urbi-card--shadow-3 urbi-card--with-tags urbi-card--has_cta\">\n    <div class=\"uk-card-media-top urbi-card--img\">\n\n                                    <img loading=\"lazy\" decoding=\"async\" width=\"610\" height=\"360\" src=\"https:\/\/denverzoo.org\/wp-content\/uploads\/2025\/06\/ZooPride_GroupTour-1-610x360.jpg\" class=\"urbi-img urbi-featured-homme-img\" alt=\"\" srcset=\"https:\/\/denverzoo.org\/wp-content\/uploads\/2025\/06\/ZooPride_GroupTour-1-610x360.jpg 610w, https:\/\/denverzoo.org\/wp-content\/uploads\/2025\/06\/ZooPride_GroupTour-1-18x12.jpg 18w\" sizes=\"auto, (max-width: 610px) 100vw, 610px\" \/>                    \n        \n    <\/div>\n    <div class=\"urbi-card--txt uk-text-left\">\n\n                    <h3 class=\"urbi-card__title\">\n                Reserva tu tour en grupo            <\/h3>\n        \n        \n                    <div class=\"urbi-card__description\">\n                \u00a1\u00danete a otros miembros del Zoo Pride y disfruta de un recorrido exclusivo tras bambalinas! Los recorridos est\u00e1n disponibles de marzo a octubre.             <\/div>\n        \n                    <div class=\"urbi-card__cta_container\">\n                <a class=\"urbi-link urbi-card__cta lhl_button lhl_button_type_solid lhl_button_color_default lhl_button_width_default\" href=\"https:\/\/my.denverzoo.org\/account\/login?returnurl=https:\/\/my.denverzoo.org\/events?kid=159\" target=\"_self\" rel=\"noopener noreferrer\" >Reservar ahora<\/a>            <\/div>\n            <\/div>\n<\/div><\/div><div class=\"uk-width-1-2@m\">\n<div class=\"urbi-card urbi-card--shadow-3 urbi-card--with-tags urbi-card--has_cta\">\n    <div class=\"uk-card-media-top urbi-card--img\">\n\n                                    <img loading=\"lazy\" decoding=\"async\" width=\"610\" height=\"360\" src=\"https:\/\/denverzoo.org\/wp-content\/uploads\/2025\/06\/ZooPride_PrivateTour-1-610x360.jpg\" class=\"urbi-img urbi-featured-homme-img\" alt=\"\" srcset=\"https:\/\/denverzoo.org\/wp-content\/uploads\/2025\/06\/ZooPride_PrivateTour-1-610x360.jpg 610w, https:\/\/denverzoo.org\/wp-content\/uploads\/2025\/06\/ZooPride_PrivateTour-1-18x12.jpg 18w\" sizes=\"auto, (max-width: 610px) 100vw, 610px\" \/>                    \n        \n    <\/div>\n    <div class=\"urbi-card--txt uk-text-left\">\n\n                    <h3 class=\"urbi-card__title\">\n                Reserva tu Tour Privado*            <\/h3>\n        \n        \n                    <div class=\"urbi-card__description\">\n                \u00a1Conozca de cerca a los residentes de nuestro zool\u00f3gico durante esta experiencia \u00edntima disponible para usted y su familia!<\/br><\/br><em>*Disponible solo para miembros de Gobi y Kalahari<\/em>\r\n            <\/div>\n        \n                    <div class=\"urbi-card__cta_container\">\n                <a class=\"urbi-link urbi-card__cta lhl_button lhl_button_type_solid lhl_button_color_default lhl_button_width_default\" href=\"https:\/\/my.denverzoo.org\/account\/login?returnurl=https:\/\/my.denverzoo.org\/events?kid=107\" target=\"_self\" rel=\"noopener noreferrer\" >Reservar ahora<\/a>            <\/div>\n            <\/div>\n<\/div><\/div>\r\n    <\/div>\r\n<\/div>\r\n<\/div>\n\n\n\n\n<div  class='lhl-section urbi-component urbi-component front_view lhl_spacing_t_00 lhl_spacing_b_00 lhl_spacing_l_00 lhl_spacing_r_00 section-background-t  bg-pattern-' ><div class=\"urbi-component-inner\">\n    <div class=\"is-layout-constrained\">\n\r\n\r\n<div  class='lhl-text-and-image urbi-component urbi-component front_view lhl_spacing_t_00 lhl_spacing_b_00 lhl_spacing_l_00 lhl_spacing_r_00 section-background-t' >\r\n<div class=\"urbi-component-inner\">\r\n\r\n    <div class=\"text_and_image_comp_inner lhl_grid_default lhl_grid uk-grid-match\" uk-grid>\r\n\r\n                <div class=\"lhl_grid_col lhl-text-and-image__col-img lhl_width_1_2@m\">\r\n\r\n            \r\n                \r\n                                    <div class=\"default-image-container\">\r\n                                                    <img decoding=\"async\" width=\"610\" height=\"380\" src=\"https:\/\/denverzoo.org\/wp-content\/uploads\/2025\/06\/ZooPride_Featured_VisitUs.png\" class=\"urbi-img img-class\" alt=\"\" loading=\"lazy\" srcset=\"https:\/\/denverzoo.org\/wp-content\/uploads\/2025\/06\/ZooPride_Featured_VisitUs.png 610w, https:\/\/denverzoo.org\/wp-content\/uploads\/2025\/06\/ZooPride_Featured_VisitUs-220x137.png 220w, https:\/\/denverzoo.org\/wp-content\/uploads\/2025\/06\/ZooPride_Featured_VisitUs-50x31.png 50w, https:\/\/denverzoo.org\/wp-content\/uploads\/2025\/06\/ZooPride_Featured_VisitUs-18x12.png 18w\" sizes=\"auto, (max-width: 610px) 100vw, 610px\" \/>                                            <\/div>\r\n                \r\n                \r\n            \r\n            \r\n                    <\/div>\r\n\r\n                <div class=\"lhl_grid_col lhl-text-and-image__col-text lhl_width_1_2@m\">\r\n            <div class=\"lhl-text-and-image__col-text-inner lhl_spacing_03\" style=\"\">\r\n                <div class=\"acf-innerblocks-container\">\n\n<h3 class=\"wp-block-heading\">\u00a1Ven a visitarnos!<\/h3>\n\n\n\n<p>Los miembros de Zoo Pride no necesitan reservaci\u00f3n para venir al zool\u00f3gico. Simplemente presente su comprobante de membres\u00eda al llegar de una de estas dos maneras:<\/p>\n\n\n\n<ol class=\"wp-block-list\">\n<li>Inicia sesi\u00f3n en tu cuenta <a href=\"https:\/\/mymembership.denverzoo.org\/Home\/Login?ReturnUrl=%2F&amp;utm_source=wordfly&amp;utm_medium=email&amp;utm_campaign=24-MKT368DEVZooPrideSaharaWelcome_DZCA&amp;utm_content=version_A\" target=\"_blank\" rel=\"noreferrer noopener\">usando este enlace<\/a>.<\/li>\n\n\n\n<li>Descargue la aplicaci\u00f3n del zool\u00f3gico de Denver.<\/li>\n<\/ol>\n\n\n    \r\n    \r\n    <div class='urbi_button_link'><a class=\"urbi-link lhl_button lhl_button--small lhl_button_color_default lhl_button_width_default lhl_button--block\" href=\"https:\/\/e.wordfly.com\/click?sid=MjQ3M184MTI3XzZfNjc3Mg&#038;l=2debcaba-cc16-f011-a83b-0050569d9d1d&#038;utm_source=wordfly&#038;utm_medium=email&#038;utm_campaign=24-MKT368DEVZooPrideSaharaWelcome_DZCA&#038;utm_content=version_A\" target=\"_blank\" rel=\"noopener noreferrer\" >Instrucciones paso a paso<\/a><\/div>\n<\/div>\r\n            <\/div>\r\n        <\/div>\r\n    <\/div>\r\n<\/div>\r\n<\/div>\n<\/div>\n\n<\/div>\n<\/div>\n<\/div>\n\n<\/div>\n<\/div>\n\n\n\n\n<div  class='lhl-section urbi-component urbi-component front_view lhl_spacing_t_10 lhl_spacing_b_09 lhl_spacing_l_00 lhl_spacing_r_00 section-background-t urbi-component-bg--white  bg-pattern-option3' ><div class=\"urbi-component-inner\">\n    <div class=\"is-layout-constrained\">\n\n\n\n<div  class='urbi\/tiles urbi-component urbi-component front_view' >\n<div class=\"uk-child-width-1-2@s uk-grid-match\" uk-grid>\n    \n\n\n<div>\n\n        <div  class='urbi\/tile urbi-card urbi-card--tile urbi-card--shadow-3' >\n    <div class=\"urbi-tile-inner\">\n                    <div class=\"tile-title\" style=\"background-color: #194F91\">\n                <h3 class=\"tile-title__text lhl_mb_0 uk-text-uppercase\" style=\"color: white\">Comprueba tu fecha de caducidad<\/h3>\n            <\/div>\n                <div class=\"tile-content padding-none\">\n\n\n\n<div  class='lhl-card urbi-component urbi-component front_view lhl_comp_width_inherit lhl_spacing_t_05 lhl_spacing_b_05 lhl_spacing_l_07 lhl_spacing_r_07 section-background-t  lhl_card  lhl_card_shadow_0 lhl_card_radius_0' ><div class=\"urbi-component-inner\">\n    <div class=\"acf-innerblocks-container\">\n\n<p>Tu membres\u00eda de Zoo Pride es v\u00e1lida por un a\u00f1o desde el momento de la compra. Si necesitas ayuda para recordar cu\u00e1ndo vence tu membres\u00eda, inicia sesi\u00f3n en tu cuenta. <a href=\"https:\/\/e.wordfly.com\/click?sid=MjQ3M184MTI3XzZfNjc3Mg&amp;l=66ad48a9-c3cd-ef11-a839-0050569d24e3&amp;utm_source=wordfly&amp;utm_medium=email&amp;utm_campaign=24-MKT368DEVZooPrideSaharaWelcome_DZCA&amp;utm_content=version_A\" target=\"_blank\" rel=\"noreferrer noopener\">usando este enlace<\/a>.<\/p>\n\n\n    \r\n    \r\n    <span class='urbi_button_link'><a class=\"urbi-link lhl_button lhl_button--small lhl_button_color_default lhl_button_width_default lhl_button--inline\" href=\"https:\/\/e.wordfly.com\/click?sid=MjQ3M184MTI3XzZfNjc3Mg&#038;l=66ad48a9-c3cd-ef11-a839-0050569d24e3&#038;utm_source=wordfly&#038;utm_medium=email&#038;utm_campaign=24-MKT368DEVZooPrideSaharaWelcome_DZCA&#038;utm_content=version_A\" target=\"_blank\" rel=\"noopener noreferrer\" >Iniciar sesi\u00f3n ahora<\/a><\/span>\n<\/div>\n<\/div>\n<\/div>\n<\/div>\n    <\/div>\n    <\/div><\/div>\n\n\n\n<div>\n\n        <div  class='urbi\/tile urbi-card urbi-card--tile urbi-card--shadow-3' >\n    <div class=\"urbi-tile-inner\">\n                    <div class=\"tile-title\" style=\"background-color: #006937\">\n                <h3 class=\"tile-title__text lhl_mb_0 uk-text-uppercase\" style=\"color: white\">Eventos<\/h3>\n            <\/div>\n                <div class=\"tile-content padding-none\">\n\n\n\n<div  class='lhl-card urbi-component urbi-component front_view lhl_comp_width_inherit lhl_spacing_t_05 lhl_spacing_b_05 lhl_spacing_l_07 lhl_spacing_r_07 section-background-t  lhl_card  lhl_card_shadow_0 lhl_card_radius_0' ><div class=\"urbi-component-inner\">\n    <div class=\"acf-innerblocks-container\">\n\n<p><strong>A continuaci\u00f3n:<\/strong> Evento Mane 2026<\/p>\n\n\n\n<p>\u00a1Todos los miembros de Zoo Pride est\u00e1n invitados a este evento anual y exclusivo de verano! Pr\u00f3ximamente m\u00e1s detalles.<\/p>\n\n\n    \r\n    \r\n    <span class='urbi_button_link'><a class=\"urbi-link lhl_button lhl_button--small lhl_button_color_default lhl_button_width_default lhl_button--inline\" href=\"https:\/\/denverzoo.org\/es\/zoo-pride-member\/\" target=\"_blank\" rel=\"noopener noreferrer\" >\u00a1Pronto habr\u00e1 m\u00e1s detalles!<\/a><\/span>\n\n\n<p><\/p>\n\n<\/div>\n<\/div>\n<\/div>\n<\/div>\n    <\/div>\n    <\/div><\/div>\n\n\n<\/div>\n<\/div>\n<\/div>\n\n<\/div>\n<\/div>\n\n\n\n\n<div  class='lhl-section urbi-component urbi-component front_view lhl_comp_width_inherit lhl_spacing_t_09 lhl_spacing_b_09 lhl_spacing_l_00 lhl_spacing_r_00 section-background-t urbi-component-bg--white' ><div class=\"urbi-component-inner\">\n    <div class=\"is-layout-constrained\">\n\n<h2 class=\"wp-block-heading\" style=\"padding-top:var(--wp--preset--spacing--50);padding-bottom:var(--wp--preset--spacing--50)\">Beneficios de la membres\u00eda de Zoo Pride<\/h2>\n\n\n\n<div class=\"wp-block-columns is-layout-flex wp-container-core-columns-is-layout-28f84493 wp-block-columns-is-layout-flex\">\n<div class=\"wp-block-column is-layout-flow wp-block-column-is-layout-flow\">\n\n\n<div  class='lhl-card urbi-component urbi-component front_view lhl_comp_width_inherit lhl_spacing_t_00 lhl_spacing_b_00 lhl_spacing_l_00 lhl_spacing_r_00 section-background-t urbi-component-bg--turquoise-oasis  lhl_card  lhl_card_shadow_3 lhl_card_radius_0' ><div class=\"urbi-component-inner\">\n    <div class=\"acf-innerblocks-container\">\n\n<div class=\"accordion-wrapper\">\n    <div class=\"accordion has-children closed\">\n        <div class=\"accordion-button accordion-header\">\n            <span>\n                <div>Beneficios de la membres\u00eda de Sahara<\/div>\n            <\/span>\n        <\/div>\n\n        <div class=\"accordion-panel accordion-body\"\n            style=\"display: none;\">\n            <div>\n                <div class=\"acf-innerblocks-container\">\n\n<p class=\"has-text-align-center has-black-color has-light-gray-background-color has-text-color has-background has-link-color wp-elements-9814537cc9d5b30aabeafbe9ca0081ea\">Incluye membres\u00eda DZCA<\/p>\n\n\n\n<p class=\"has-text-align-center has-black-color has-text-color has-link-color wp-elements-4c5ca2b7cecfb17f598a2c43da71a5f9\">Invitados por visita: 8 <\/p>\n\n\n\n<p class=\"has-text-align-center has-black-color has-light-gray-background-color has-text-color has-background has-link-color wp-elements-3e67eb243e8e87f515c3de173e26c808\">Vales Tren + Carrusel: 2<\/p>\n\n\n\n<p class=\"has-text-align-center has-black-color has-text-color has-link-color wp-elements-6768b30848048a04ff9959fb3df9e248\">Tours grupales detr\u00e1s de escena (Tour semiprivado para 2 personas): 1<\/p>\n\n\n\n<p class=\"has-text-align-center has-black-color has-light-gray-background-color has-text-color has-background has-link-color wp-elements-0b5a1389eea915fb83e526ae6508122e\">Horas tempranas solo para miembros<\/p>\n\n\n\n<p class=\"has-text-align-center has-black-color has-text-color has-link-color wp-elements-e9e3375a5ce585e50227d6730592326f\">Descuentos en alimentos y mercanc\u00edas<\/p>\n\n\n\n<p class=\"has-text-align-center has-black-color has-light-gray-background-color has-text-color has-background has-link-color wp-elements-e88c60d9bcbddb67f79080f1f7cd85e8\">Eventos exclusivos para miembros (incluidas noches de vista previa de Zoo Lights, etc.)<\/p>\n\n\n\n<p class=\"has-text-align-center has-black-color has-text-color has-link-color wp-elements-43fe2ce5ca26d0e835e086ffcd09da53\">Entradas con acceso anticipado (incluidas Flock Party VIP + Zoo Lights)<\/p>\n\n\n\n<p class=\"has-text-align-center has-black-color has-light-gray-background-color has-text-color has-background has-link-color wp-elements-16f094a48a8b1853c1f71ea1d7939acf\">Conserje personal del zool\u00f3gico<\/p>\n\n<\/div>\n            <\/div>\n        <\/div>\n    <\/div>\n<\/div>\n\n\n\n<p class=\"has-text-align-center has-black-color has-text-color has-link-color wp-elements-31ef8a46bf82daa30dab4b6adf99fd54\"><\/p>\n\n<\/div>\n<\/div>\n<\/div><\/div>\n\n\n\n<div class=\"wp-block-column is-layout-flow wp-block-column-is-layout-flow\">\n\n\n<div  class='lhl-card urbi-component urbi-component front_view lhl_comp_width_inherit lhl_spacing_t_00 lhl_spacing_b_00 lhl_spacing_l_00 lhl_spacing_r_00 section-background-t urbi-component-bg--turquoise-oasis  lhl_card  lhl_card_shadow_3 lhl_card_radius_0' ><div class=\"urbi-component-inner\">\n    <div class=\"acf-innerblocks-container\">\n\n<div class=\"accordion-wrapper\">\n    <div class=\"accordion has-children closed\">\n        <div class=\"accordion-button accordion-header\">\n            <span>\n                <div>Beneficios de la membres\u00eda de Gobi<\/div>\n            <\/span>\n        <\/div>\n\n        <div class=\"accordion-panel accordion-body\"\n            style=\"display: none;\">\n            <div>\n                <div class=\"acf-innerblocks-container\">\n\n<p class=\"has-text-align-center has-black-color has-light-gray-background-color has-text-color has-background has-link-color wp-elements-9814537cc9d5b30aabeafbe9ca0081ea\">Incluye membres\u00eda DZCA<\/p>\n\n\n\n<p class=\"has-text-align-center has-black-color has-white-background-color has-text-color has-background has-link-color wp-elements-ff766dc4ab2cf606db595772406f51af\">Invitados por visita: 8 <\/p>\n\n\n\n<p class=\"has-text-align-center has-black-color has-light-gray-background-color has-text-color has-background has-link-color wp-elements-3e67eb243e8e87f515c3de173e26c808\">Vales Tren + Carrusel: 2<\/p>\n\n\n\n<p class=\"has-text-align-center has-black-color has-white-background-color has-text-color has-background has-link-color wp-elements-c99ffd89e0065af2d23a2095da1f7e95\">Tours grupales detr\u00e1s de escena (Tour semiprivado para 2 personas): 1<\/p>\n\n\n\n<p class=\"has-text-align-center has-black-color has-light-gray-background-color has-text-color has-background has-link-color wp-elements-1df5a47136b4a1a1fcb695636cec282e\">Tours privados detr\u00e1s de escena (para usted + 4 invitados): 1<\/p>\n\n\n\n<p class=\"has-text-align-center has-black-color has-white-background-color has-text-color has-background has-link-color wp-elements-9c0977ed2cc66d397612ab877d9ad7db\">Horas tempranas solo para miembros<\/p>\n\n\n\n<p class=\"has-text-align-center has-black-color has-light-gray-background-color has-text-color has-background has-link-color wp-elements-3146faf4f229470b1e9c8df0eba43e7a\">Descuentos en alimentos y mercanc\u00edas<\/p>\n\n\n\n<p class=\"has-text-align-center has-black-color has-white-background-color has-text-color has-background has-link-color wp-elements-ce4d601d88013128ad1b928f4c964a8f\">Eventos exclusivos para miembros (incluidas noches de vista previa de Zoo Lights, etc.)<\/p>\n\n\n\n<p class=\"has-text-align-center has-black-color has-light-gray-background-color has-text-color has-background has-link-color wp-elements-1939f9afdc871fd21b3927014276eb2b\">Entradas con acceso anticipado (incluidas Flock Party VIP + Zoo Lights)<\/p>\n\n\n\n<p class=\"has-text-align-center has-black-color has-light-gray-background-color has-text-color has-background has-link-color wp-elements-16f094a48a8b1853c1f71ea1d7939acf\">Conserje personal del zool\u00f3gico<\/p>\n\n<\/div>\n            <\/div>\n        <\/div>\n    <\/div>\n<\/div>\n\n\n\n<p class=\"has-text-align-center has-black-color has-text-color has-link-color wp-elements-31ef8a46bf82daa30dab4b6adf99fd54\"><\/p>\n\n<\/div>\n<\/div>\n<\/div><\/div>\n\n\n\n<div class=\"wp-block-column is-layout-flow wp-block-column-is-layout-flow\">\n\n\n<div  class='lhl-card urbi-component urbi-component front_view lhl_comp_width_inherit lhl_spacing_t_00 lhl_spacing_b_00 lhl_spacing_l_00 lhl_spacing_r_00 section-background-t urbi-component-bg--turquoise-oasis  lhl_card  lhl_card_shadow_3 lhl_card_radius_0' ><div class=\"urbi-component-inner\">\n    <div class=\"acf-innerblocks-container\">\n\n<div class=\"accordion-wrapper\">\n    <div class=\"accordion has-children closed\">\n        <div class=\"accordion-button accordion-header\">\n            <span>\n                <div>Beneficios de la membres\u00eda de Kalahari<\/div>\n            <\/span>\n        <\/div>\n\n        <div class=\"accordion-panel accordion-body\"\n            style=\"display: none;\">\n            <div>\n                <div class=\"acf-innerblocks-container\">\n\n<p class=\"has-text-align-center has-black-color has-light-gray-background-color has-text-color has-background has-link-color wp-elements-9814537cc9d5b30aabeafbe9ca0081ea\">Incluye membres\u00eda DZCA<\/p>\n\n\n\n<p class=\"has-text-align-center has-black-color has-white-background-color has-text-color has-background has-link-color wp-elements-ff766dc4ab2cf606db595772406f51af\">Invitados por visita: 8 <\/p>\n\n\n\n<p class=\"has-text-align-center has-black-color has-light-gray-background-color has-text-color has-background has-link-color wp-elements-3e67eb243e8e87f515c3de173e26c808\">Vales Tren + Carrusel: 2<\/p>\n\n\n\n<p class=\"has-text-align-center has-black-color has-white-background-color has-text-color has-background has-link-color wp-elements-c99ffd89e0065af2d23a2095da1f7e95\">Tours grupales detr\u00e1s de escena (Tour semiprivado para 2 personas): 1<\/p>\n\n\n\n<p class=\"has-text-align-center has-black-color has-light-gray-background-color has-text-color has-background has-link-color wp-elements-d96406a1b032e2d7cae40d60113fdf94\">Estacionamiento exclusivo para el orgullo del zool\u00f3gico<br>(primero en llegar, primero en ser atendido)<\/p>\n\n\n\n<p class=\"has-text-align-center has-black-color has-white-background-color has-text-color has-background has-link-color wp-elements-780b3ef28d8b3c86f1d1a3490dcf97c9\">Tours privados detr\u00e1s de escena (para usted + 4 invitados): 2<\/p>\n\n\n\n<p class=\"has-text-align-center has-black-color has-light-gray-background-color has-text-color has-background has-link-color wp-elements-0b5a1389eea915fb83e526ae6508122e\">Horas tempranas solo para miembros<\/p>\n\n\n\n<p class=\"has-text-align-center has-black-color has-white-background-color has-text-color has-background has-link-color wp-elements-9a2000280feaaf85aa34b26cbf2d4c4c\">Descuentos en alimentos y mercanc\u00edas<\/p>\n\n\n\n<p class=\"has-text-align-center has-black-color has-light-gray-background-color has-text-color has-background has-link-color wp-elements-e88c60d9bcbddb67f79080f1f7cd85e8\">Eventos exclusivos para miembros (incluidas noches de vista previa de Zoo Lights, etc.)<\/p>\n\n\n\n<p class=\"has-text-align-center has-black-color has-white-background-color has-text-color has-background has-link-color wp-elements-cb1c4e46c0b6e673ef9bf2e6be9334d0\">Entradas con acceso anticipado (incluidas Flock Party VIP + Zoo Lights)<\/p>\n\n\n\n<p class=\"has-text-align-center has-black-color has-light-gray-background-color has-text-color has-background has-link-color wp-elements-16f094a48a8b1853c1f71ea1d7939acf\">Conserje personal del zool\u00f3gico<\/p>\n\n<\/div>\n            <\/div>\n        <\/div>\n    <\/div>\n<\/div>\n\n\n\n<p class=\"has-text-align-center has-black-color has-text-color has-link-color wp-elements-31ef8a46bf82daa30dab4b6adf99fd54\"><\/p>\n\n<\/div>\n<\/div>\n<\/div><\/div>\n<\/div>\n\n<\/div>\n\n<\/div>\n<\/div>\n\n\n\n\n<div  class='lhl-section urbi-component urbi-component front_view lhl_comp_width_inherit lhl_spacing_t_12 lhl_spacing_b_12 lhl_spacing_l_00 lhl_spacing_r_00 section-background-t urbi-component-bg--light-gray' ><div class=\"urbi-component-inner\">\n    <div class=\"is-layout-constrained\">\n\n<h3 class=\"wp-block-heading has-text-align-center\">\u00a1Gracias por ser un miembro leal de Zoo Pride! <\/h3>\n\n\n\n<p class=\"has-text-align-center\">Su compromiso filantr\u00f3pico es fundamental para nuestra misi\u00f3n de inspirar a las comunidades a salvar la vida silvestre para las generaciones futuras.<\/p>\n\n<\/div>\n\n<\/div>\n<\/div>","protected":false},"excerpt":{"rendered":"","protected":false},"author":11,"featured_media":0,"parent":0,"menu_order":0,"comment_status":"closed","ping_status":"closed","template":"","meta":{"_acf_changed":false,"_relevanssi_hide_post":"","_relevanssi_hide_content":"","_relevanssi_pin_for_all":"","_relevanssi_pin_keywords":"","_relevanssi_unpin_keywords":"","_relevanssi_related_keywords":"","_relevanssi_related_include_ids":"","_relevanssi_related_exclude_ids":"","_relevanssi_related_no_append":"","_relevanssi_related_not_related":"","_relevanssi_related_posts":"121,116,123,538,27218,27235","_relevanssi_noindex_reason":"Not a PDF Yoast SEO Relevanssi index exclude","footnotes":""},"class_list":["post-42137","page","type-page","status-publish","hentry"],"acf":[],"_links":{"self":[{"href":"https:\/\/denverzoo.org\/es\/wp-json\/wp\/v2\/pages\/42137","targetHints":{"allow":["GET"]}}],"collection":[{"href":"https:\/\/denverzoo.org\/es\/wp-json\/wp\/v2\/pages"}],"about":[{"href":"https:\/\/denverzoo.org\/es\/wp-json\/wp\/v2\/types\/page"}],"author":[{"embeddable":true,"href":"https:\/\/denverzoo.org\/es\/wp-json\/wp\/v2\/users\/11"}],"replies":[{"embeddable":true,"href":"https:\/\/denverzoo.org\/es\/wp-json\/wp\/v2\/comments?post=42137"}],"version-history":[{"count":0,"href":"https:\/\/denverzoo.org\/es\/wp-json\/wp\/v2\/pages\/42137\/revisions"}],"wp:attachment":[{"href":"https:\/\/denverzoo.org\/es\/wp-json\/wp\/v2\/media?parent=42137"}],"curies":[{"name":"gracias","href":"https:\/\/api.w.org\/{rel}","templated":true}]}}